{"id":102,"date":"2014-06-27T14:42:56","date_gmt":"2014-06-27T12:42:56","guid":{"rendered":"https:\/\/www.smartsteuer.de\/relaunch\/?page_id=102"},"modified":"2014-06-27T14:43:01","modified_gmt":"2014-06-27T12:43:01","slug":"aufbewahrungsfristen-fuer-privathaushalte","status":"publish","type":"page","link":"https:\/\/www.smartsteuer.de\/online\/service\/checkliste-zu-deiner-einkommensteuererklaerung\/aufbewahrungsfristen-fuer-privathaushalte\/","title":{"rendered":"Aufbewahrungsfristen f\u00fcr Privathaushalte"},"content":{"rendered":"\n<table id=\"tablepress-12\" class=\"tablepress tablepress-id-12\">\n<thead>\n<tr class=\"row-1\">\n\t<th class=\"column-1\"><strong>Mindestens 2 Jahre aufheben:<strong\/><br \/>\n<\/th><td class=\"column-2\"><\/td>\n<\/tr>\n<\/thead>\n<tbody class=\"row-striping row-hover\">\n<tr class=\"row-2\">\n\t<td class=\"column-1\"><\/td><td class=\"column-2\">Kaufvertr\u00e4ge und Kassenbons<br \/>\n<\/td>\n<\/tr>\n<tr class=\"row-3\">\n\t<td class=\"column-1\"><\/td><td class=\"column-2\">Rechnungen \/ Garantieunterlagen<br \/>\n<\/td>\n<\/tr>\n<tr class=\"row-4\">\n\t<td class=\"column-1\"><\/td><td class=\"column-2\">Handwerkerrechnungen<br \/>\n<\/td>\n<\/tr>\n<tr class=\"row-5\">\n\t<td class=\"column-1\"><\/td><td class=\"column-2\">Rechnungen von \u00c4rzten, Anw\u00e4lten und Notaren<br \/>\n<\/td>\n<\/tr>\n<tr class=\"row-6\">\n\t<td class=\"column-1\"><strong>Mindestens 5 Jahre aufheben:<\/strong><br \/>\n<\/td><td class=\"column-2\">Alle Dokumente die notwendig sind, um eine Reklamation oder einen M\u00e4ngeanspr\u00fcch zu dokumentieren.F\u00fcr M\u00e4ngelanspr\u00fcche bei der Herstellung, Planung oder \u00dcberwachung von Bauwerken<br \/>\n<\/td>\n<\/tr>\n<tr class=\"row-7\">\n\t<td class=\"column-1\"><strong>30 Jahre aufheben:<\/strong><br \/>\n<\/td><td class=\"column-2\">Urteile<br \/>\n<\/td>\n<\/tr>\n<tr class=\"row-8\">\n\t<td class=\"column-1\"><\/td><td class=\"column-2\">Mahnbescheide<br \/>\n<\/td>\n<\/tr>\n<tr class=\"row-9\">\n\t<td class=\"column-1\"><\/td><td class=\"column-2\">Prozessakten<br \/>\n<\/td>\n<\/tr>\n<tr class=\"row-10\">\n\t<td class=\"column-1\"><strong>Lebenslang aufbewahren sollten Sie:<\/strong><br \/>\n<\/td><td class=\"column-2\">\u00c4rztliche Gutachten<br \/>\n<\/td>\n<\/tr>\n<tr class=\"row-11\">\n\t<td class=\"column-1\"><\/td><td class=\"column-2\">Ausbildungsurkunden<br \/>\n<\/td>\n<\/tr>\n<tr class=\"row-12\">\n\t<td class=\"column-1\"><\/td><td class=\"column-2\">Zeugnisse<br \/>\n<\/td>\n<\/tr>\n<tr class=\"row-13\">\n\t<td class=\"column-1\"><\/td><td class=\"column-2\">Taufschein<br \/>\n<\/td>\n<\/tr>\n<tr class=\"row-14\">\n\t<td class=\"column-1\"><\/td><td class=\"column-2\">Geburtsurkunde<br \/>\n<\/td>\n<\/tr>\n<tr class=\"row-15\">\n\t<td class=\"column-1\"><\/td><td class=\"column-2\">Heiratsurkunde<br \/>\n<\/td>\n<\/tr>\n<tr class=\"row-16\">\n\t<td class=\"column-1\"><\/td><td class=\"column-2\">Kopien von Reisepass, Personalausweis und F\u00fchrerschein<br \/>\n<\/td>\n<\/tr>\n<tr class=\"row-17\">\n\t<td class=\"column-1\"><\/td><td class=\"column-2\">Sterbeurkunden von Familienangeh\u00f6rigen<br \/>\n<\/td>\n<\/tr>\n<tr class=\"row-18\">\n\t<td class=\"column-1\"><\/td><td class=\"column-2\">Arbeitsvertr\u00e4ge<br \/>\n<\/td>\n<\/tr>\n<tr class=\"row-19\">\n\t<td class=\"column-1\"><\/td><td class=\"column-2\">Gehaltsabrechnungen<br \/>\n<\/td>\n<\/tr>\n<tr class=\"row-20\">\n\t<td class=\"column-1\"><\/td><td class=\"column-2\">Immatrikulationsbescheinigungen<br \/>\n<\/td>\n<\/tr>\n<tr class=\"row-21\">\n\t<td class=\"column-1\"><\/td><td class=\"column-2\">Nachweis \u00fcber sozialabgabepflichtige T\u00e4tigkeiten w\u00e4hrend der Ausbildung<br \/>\n<\/td>\n<\/tr>\n<tr class=\"row-22\">\n\t<td class=\"column-1\"><\/td><td class=\"column-2\">Sozialversicherungsunterlagen inklusive der j\u00e4hrlichen Sozialversicherungsnachweise<br \/>\n<\/td>\n<\/tr>\n<tr class=\"row-23\">\n\t<td class=\"column-1\"><strong>Bankunterlagen und Kontoausz\u00fcge<\/strong><br \/>\n<\/td><td class=\"column-2\">Vertr\u00e4ge \u00fcber Sparguthaben und Kredite sollten grunds\u00e4tzlich \u00fcber die gesamte Laufzeit. Danach k\u00f6nnen sie vernichtet werden<br \/>\n<\/td>\n<\/tr>\n<tr class=\"row-24\">\n\t<td class=\"column-1\"><\/td><td class=\"column-2\">Andere Bankbelege wie Scheckeinreichungen, \u00dcberweisungen und Kontoausz\u00fcge dienen als Zahlungsnachweise.<br \/>\n<\/td>\n<\/tr>\n<tr class=\"row-25\">\n\t<td class=\"column-1\"><\/td><td class=\"column-2\">- Belege f\u00fcr regelm\u00e4\u00dfige Zahlungen z: B. Miete 4 Jahre<br \/>\n<\/td>\n<\/tr>\n<tr class=\"row-26\">\n\t<td class=\"column-1\"><\/td><td class=\"column-2\">- Einmalige Zahlungen 2 Jahre<br \/>\n<\/td>\n<\/tr>\n<tr class=\"row-27\">\n\t<td class=\"column-1\"><strong>Versicherungsunterlagen:<\/strong><\/td><td class=\"column-2\">S\u00e4mtliche Unterlagen zu diesen Versicherungen (Vertr\u00e4ge, \u00c4nderungen, Statusberichte) grunds\u00e4tzlich so lange aufbewahren wie die jeweilige Versicherung l\u00e4uft.<br \/>\n<\/td>\n<\/tr>\n<tr class=\"row-28\">\n\t<td class=\"column-1\"><strong>Wohnungs- und Mietvertr\u00e4ge 4 Jahre:<\/strong><br \/>\n<\/td><td class=\"column-2\">Mietvertrag<br \/>\n<\/td>\n<\/tr>\n<tr class=\"row-29\">\n\t<td class=\"column-1\"><\/td><td class=\"column-2\">Nebenkostenabrechnung<br \/>\n<\/td>\n<\/tr>\n<tr class=\"row-30\">\n\t<td class=\"column-1\"><\/td><td class=\"column-2\">Rechnungen, die bei Mietende f\u00fcr Kautions-, und Abstandsverhandlungen <br \/>\n<\/td>\n<\/tr>\n<tr class=\"row-31\">\n\t<td class=\"column-1\"><\/td><td class=\"column-2\">\u00dcbergabeprotokoll<br \/>\n<\/td>\n<\/tr>\n<tr class=\"row-32\">\n\t<td class=\"column-1\"><strong>Wohneigentum bis Verkauf f\u00fcr Wertsteigerung:<\/strong><br \/>\n<\/td><td class=\"column-2\">Grundbuchauszug<br \/>\n<\/td>\n<\/tr>\n<tr class=\"row-33\">\n\t<td class=\"column-1\"><\/td><td class=\"column-2\">Baurechnungen<br \/>\n<\/td>\n<\/tr>\n<tr class=\"row-34\">\n\t<td class=\"column-1\"><\/td><td class=\"column-2\">Bauzeichnungen<br \/>\n<\/td>\n<\/tr>\n<tr class=\"row-35\">\n\t<td class=\"column-1\"><\/td><td class=\"column-2\">\u00dcbergabeprotokolle, Bauabnahme<br \/>\n<\/td>\n<\/tr>\n<tr class=\"row-36\">\n\t<td class=\"column-1\"><\/td><td class=\"column-2\">Geb\u00e4udeversicherung<br \/>\n<\/td>\n<\/tr>\n<tr class=\"row-37\">\n\t<td class=\"column-1\"><\/td><td class=\"column-2\">Rechnungen, die bei einem Verkauf f\u00fcr Preisverhandlungen (Wertermittlung)  wichtig sind<br \/>\n<\/td>\n<\/tr>\n<\/tbody>\n<\/table>\n<!-- #tablepress-12 from cache -->\n","protected":false},"excerpt":{"rendered":"","protected":false},"author":5,"featured_media":0,"parent":28,"menu_order":10,"comment_status":"open","ping_status":"open","template":"","meta":{"_acf_changed":false,"footnotes":""},"class_list":["post-102","page","type-page","status-publish","hentry"],"acf":[],"yoast_head":"<!-- This site is optimized with the Yoast SEO Premium plugin v27.1 (Yoast SEO v27.1.1) - https:\/\/yoast.com\/product\/yoast-seo-premium-wordpress\/ -->\n<title>Aufbewahrungsfristen f\u00fcr Privathaushalte<\/title>\n<meta name=\"description\" content=\"Aufbewahrungsfristen f\u00fcr Privathaushalte - smartsteuer\" \/>\n<meta name=\"robots\" content=\"index, follow, max-snippet:-1, max-image-preview:large, max-video-preview:-1\" \/>\n<link rel=\"canonical\" href=\"https:\/\/www.smartsteuer.de\/online\/service\/checkliste-zu-deiner-einkommensteuererklaerung\/aufbewahrungsfristen-fuer-privathaushalte\/\" \/>\n<meta property=\"og:locale\" content=\"de_DE\" \/>\n<meta property=\"og:type\" content=\"article\" \/>\n<meta property=\"og:title\" content=\"Aufbewahrungsfristen f\u00fcr Privathaushalte\" \/>\n<meta property=\"og:description\" content=\"Aufbewahrungsfristen f\u00fcr Privathaushalte - smartsteuer\" \/>\n<meta property=\"og:url\" content=\"https:\/\/www.smartsteuer.de\/online\/service\/checkliste-zu-deiner-einkommensteuererklaerung\/aufbewahrungsfristen-fuer-privathaushalte\/\" \/>\n<meta property=\"og:site_name\" content=\"smartsteuer\" \/>\n<meta property=\"article:publisher\" content=\"https:\/\/de-de.facebook.com\/smartsteuer\/\" \/>\n<meta property=\"article:modified_time\" content=\"2014-06-27T12:43:01+00:00\" \/>\n<meta name=\"twitter:card\" content=\"summary_large_image\" \/>\n<meta name=\"twitter:site\" content=\"@smartsteuer\" \/>\n<meta name=\"twitter:label1\" content=\"Gesch\u00e4tzte Lesezeit\" \/>\n\t<meta name=\"twitter:data1\" content=\"1\u00a0Minute\" \/>\n<script type=\"application\/ld+json\" class=\"yoast-schema-graph\">{\"@context\":\"https:\/\/schema.org\",\"@graph\":[{\"@type\":\"WebPage\",\"@id\":\"https:\/\/www.smartsteuer.de\/online\/service\/checkliste-zu-deiner-einkommensteuererklaerung\/aufbewahrungsfristen-fuer-privathaushalte\/\",\"url\":\"https:\/\/www.smartsteuer.de\/online\/service\/checkliste-zu-deiner-einkommensteuererklaerung\/aufbewahrungsfristen-fuer-privathaushalte\/\",\"name\":\"Aufbewahrungsfristen f\u00fcr Privathaushalte\",\"isPartOf\":{\"@id\":\"https:\/\/www.smartsteuer.de\/online\/#website\"},\"datePublished\":\"2014-06-27T12:42:56+00:00\",\"dateModified\":\"2014-06-27T12:43:01+00:00\",\"description\":\"Aufbewahrungsfristen f\u00fcr Privathaushalte - smartsteuer\",\"breadcrumb\":{\"@id\":\"https:\/\/www.smartsteuer.de\/online\/service\/checkliste-zu-deiner-einkommensteuererklaerung\/aufbewahrungsfristen-fuer-privathaushalte\/#breadcrumb\"},\"inLanguage\":\"de\",\"potentialAction\":[{\"@type\":\"ReadAction\",\"target\":[\"https:\/\/www.smartsteuer.de\/online\/service\/checkliste-zu-deiner-einkommensteuererklaerung\/aufbewahrungsfristen-fuer-privathaushalte\/\"]}]},{\"@type\":\"BreadcrumbList\",\"@id\":\"https:\/\/www.smartsteuer.de\/online\/service\/checkliste-zu-deiner-einkommensteuererklaerung\/aufbewahrungsfristen-fuer-privathaushalte\/#breadcrumb\",\"itemListElement\":[{\"@type\":\"ListItem\",\"position\":1,\"name\":\"Home\",\"item\":\"https:\/\/www.smartsteuer.de\/online\/\"},{\"@type\":\"ListItem\",\"position\":2,\"name\":\"Service\",\"item\":\"https:\/\/www.smartsteuer.de\/online\/service\/\"},{\"@type\":\"ListItem\",\"position\":3,\"name\":\"Checkliste zu Deiner Einkommensteuererkl\u00e4rung\",\"item\":\"https:\/\/www.smartsteuer.de\/online\/service\/checkliste-zu-deiner-einkommensteuererklaerung\/\"},{\"@type\":\"ListItem\",\"position\":4,\"name\":\"Aufbewahrungsfristen f\u00fcr Privathaushalte\"}]},{\"@type\":\"WebSite\",\"@id\":\"https:\/\/www.smartsteuer.de\/online\/#website\",\"url\":\"https:\/\/www.smartsteuer.de\/online\/\",\"name\":\"smartsteuer\",\"description\":\"Steuererkl\u00e4rung 2024 online machen &amp; Steuern sparen\",\"publisher\":{\"@id\":\"https:\/\/www.smartsteuer.de\/online\/#organization\"},\"potentialAction\":[{\"@type\":\"SearchAction\",\"target\":{\"@type\":\"EntryPoint\",\"urlTemplate\":\"https:\/\/www.smartsteuer.de\/online\/?s={search_term_string}\"},\"query-input\":{\"@type\":\"PropertyValueSpecification\",\"valueRequired\":true,\"valueName\":\"search_term_string\"}}],\"inLanguage\":\"de\"},{\"@type\":\"Organization\",\"@id\":\"https:\/\/www.smartsteuer.de\/online\/#organization\",\"name\":\"smartsteuer GmbH\",\"url\":\"https:\/\/www.smartsteuer.de\/online\/\",\"logo\":{\"@type\":\"ImageObject\",\"inLanguage\":\"de\",\"@id\":\"https:\/\/www.smartsteuer.de\/online\/#\/schema\/logo\/image\/\",\"url\":\"https:\/\/www.smartsteuer.de\/online\/wp-content\/uploads\/2024\/11\/Favicon-smartsteuer.png\",\"contentUrl\":\"https:\/\/www.smartsteuer.de\/online\/wp-content\/uploads\/2024\/11\/Favicon-smartsteuer.png\",\"width\":512,\"height\":512,\"caption\":\"smartsteuer GmbH\"},\"image\":{\"@id\":\"https:\/\/www.smartsteuer.de\/online\/#\/schema\/logo\/image\/\"},\"sameAs\":[\"https:\/\/de-de.facebook.com\/smartsteuer\/\",\"https:\/\/x.com\/smartsteuer\",\"https:\/\/www.youtube.com\/channel\/UCu02GkFNrMRzwysT2SEmNrQ\"]}]}<\/script>\n<!-- \/ Yoast SEO Premium plugin. -->","yoast_head_json":{"title":"Aufbewahrungsfristen f\u00fcr Privathaushalte","description":"Aufbewahrungsfristen f\u00fcr Privathaushalte - smartsteuer","robots":{"index":"index","follow":"follow","max-snippet":"max-snippet:-1","max-image-preview":"max-image-preview:large","max-video-preview":"max-video-preview:-1"},"canonical":"https:\/\/www.smartsteuer.de\/online\/service\/checkliste-zu-deiner-einkommensteuererklaerung\/aufbewahrungsfristen-fuer-privathaushalte\/","og_locale":"de_DE","og_type":"article","og_title":"Aufbewahrungsfristen f\u00fcr Privathaushalte","og_description":"Aufbewahrungsfristen f\u00fcr Privathaushalte - smartsteuer","og_url":"https:\/\/www.smartsteuer.de\/online\/service\/checkliste-zu-deiner-einkommensteuererklaerung\/aufbewahrungsfristen-fuer-privathaushalte\/","og_site_name":"smartsteuer","article_publisher":"https:\/\/de-de.facebook.com\/smartsteuer\/","article_modified_time":"2014-06-27T12:43:01+00:00","twitter_card":"summary_large_image","twitter_site":"@smartsteuer","twitter_misc":{"Gesch\u00e4tzte Lesezeit":"1\u00a0Minute"},"schema":{"@context":"https:\/\/schema.org","@graph":[{"@type":"WebPage","@id":"https:\/\/www.smartsteuer.de\/online\/service\/checkliste-zu-deiner-einkommensteuererklaerung\/aufbewahrungsfristen-fuer-privathaushalte\/","url":"https:\/\/www.smartsteuer.de\/online\/service\/checkliste-zu-deiner-einkommensteuererklaerung\/aufbewahrungsfristen-fuer-privathaushalte\/","name":"Aufbewahrungsfristen f\u00fcr Privathaushalte","isPartOf":{"@id":"https:\/\/www.smartsteuer.de\/online\/#website"},"datePublished":"2014-06-27T12:42:56+00:00","dateModified":"2014-06-27T12:43:01+00:00","description":"Aufbewahrungsfristen f\u00fcr Privathaushalte - smartsteuer","breadcrumb":{"@id":"https:\/\/www.smartsteuer.de\/online\/service\/checkliste-zu-deiner-einkommensteuererklaerung\/aufbewahrungsfristen-fuer-privathaushalte\/#breadcrumb"},"inLanguage":"de","potentialAction":[{"@type":"ReadAction","target":["https:\/\/www.smartsteuer.de\/online\/service\/checkliste-zu-deiner-einkommensteuererklaerung\/aufbewahrungsfristen-fuer-privathaushalte\/"]}]},{"@type":"BreadcrumbList","@id":"https:\/\/www.smartsteuer.de\/online\/service\/checkliste-zu-deiner-einkommensteuererklaerung\/aufbewahrungsfristen-fuer-privathaushalte\/#breadcrumb","itemListElement":[{"@type":"ListItem","position":1,"name":"Home","item":"https:\/\/www.smartsteuer.de\/online\/"},{"@type":"ListItem","position":2,"name":"Service","item":"https:\/\/www.smartsteuer.de\/online\/service\/"},{"@type":"ListItem","position":3,"name":"Checkliste zu Deiner Einkommensteuererkl\u00e4rung","item":"https:\/\/www.smartsteuer.de\/online\/service\/checkliste-zu-deiner-einkommensteuererklaerung\/"},{"@type":"ListItem","position":4,"name":"Aufbewahrungsfristen f\u00fcr Privathaushalte"}]},{"@type":"WebSite","@id":"https:\/\/www.smartsteuer.de\/online\/#website","url":"https:\/\/www.smartsteuer.de\/online\/","name":"smartsteuer","description":"Steuererkl\u00e4rung 2024 online machen &amp; Steuern sparen","publisher":{"@id":"https:\/\/www.smartsteuer.de\/online\/#organization"},"potentialAction":[{"@type":"SearchAction","target":{"@type":"EntryPoint","urlTemplate":"https:\/\/www.smartsteuer.de\/online\/?s={search_term_string}"},"query-input":{"@type":"PropertyValueSpecification","valueRequired":true,"valueName":"search_term_string"}}],"inLanguage":"de"},{"@type":"Organization","@id":"https:\/\/www.smartsteuer.de\/online\/#organization","name":"smartsteuer GmbH","url":"https:\/\/www.smartsteuer.de\/online\/","logo":{"@type":"ImageObject","inLanguage":"de","@id":"https:\/\/www.smartsteuer.de\/online\/#\/schema\/logo\/image\/","url":"https:\/\/www.smartsteuer.de\/online\/wp-content\/uploads\/2024\/11\/Favicon-smartsteuer.png","contentUrl":"https:\/\/www.smartsteuer.de\/online\/wp-content\/uploads\/2024\/11\/Favicon-smartsteuer.png","width":512,"height":512,"caption":"smartsteuer GmbH"},"image":{"@id":"https:\/\/www.smartsteuer.de\/online\/#\/schema\/logo\/image\/"},"sameAs":["https:\/\/de-de.facebook.com\/smartsteuer\/","https:\/\/x.com\/smartsteuer","https:\/\/www.youtube.com\/channel\/UCu02GkFNrMRzwysT2SEmNrQ"]}]}},"_links":{"self":[{"href":"https:\/\/www.smartsteuer.de\/online\/wp-json\/wp\/v2\/pages\/102","targetHints":{"allow":["GET"]}}],"collection":[{"href":"https:\/\/www.smartsteuer.de\/online\/wp-json\/wp\/v2\/pages"}],"about":[{"href":"https:\/\/www.smartsteuer.de\/online\/wp-json\/wp\/v2\/types\/page"}],"author":[{"embeddable":true,"href":"https:\/\/www.smartsteuer.de\/online\/wp-json\/wp\/v2\/users\/5"}],"replies":[{"embeddable":true,"href":"https:\/\/www.smartsteuer.de\/online\/wp-json\/wp\/v2\/comments?post=102"}],"version-history":[{"count":2,"href":"https:\/\/www.smartsteuer.de\/online\/wp-json\/wp\/v2\/pages\/102\/revisions"}],"predecessor-version":[{"id":65150,"href":"https:\/\/www.smartsteuer.de\/online\/wp-json\/wp\/v2\/pages\/102\/revisions\/65150"}],"up":[{"embeddable":true,"href":"https:\/\/www.smartsteuer.de\/online\/wp-json\/wp\/v2\/pages\/28"}],"wp:attachment":[{"href":"https:\/\/www.smartsteuer.de\/online\/wp-json\/wp\/v2\/media?parent=102"}],"curies":[{"name":"wp","href":"https:\/\/api.w.org\/{rel}","templated":true}]}}