{"id":11728,"date":"2018-03-13T10:24:50","date_gmt":"2018-03-13T08:24:50","guid":{"rendered":"https:\/\/www.smartsteuer.de\/online\/?page_id=11728"},"modified":"2026-03-17T17:28:17","modified_gmt":"2026-03-17T15:28:17","slug":"zahlungsarten-dienstleistung-und-widerruf","status":"publish","type":"page","link":"https:\/\/www.smartsteuer.de\/online\/zahlungsarten-dienstleistung-und-widerruf\/","title":{"rendered":"Informationen zu Bestellung, Zahlung und Widerruf"},"content":{"rendered":"<p>Auf dieser Seite haben wir alle relevanten Informationen zu Bestellung, Zahlung und Widerruf der bei smartsteuer gekauften Artikel und Dienstleistungen f\u00fcr Sie zusammengefasst.<\/p>\n<div class=\"text-left\">\n<p><strong>1. Zahlung<\/strong><\/p>\n<p>Bei Bestellungen im Shop von smartsteuer stehen Ihnen folgende Zahlungsm\u00f6glichkeiten zur Verf\u00fcgung:<\/p>\n<ul>\n<li>Kreditkarte (Visa oder Mastercard)<\/li>\n<li>Elektronisches Lastschriftverfahren (nur mit deutschem Girokonto)<\/li>\n<li>Paypal<\/li>\n<\/ul>\n<p>In keinem Fall entstehen Ihnen zus\u00e4tzliche Kosten. Ihre Kreditkarte, bzw. Ihr Konto wird sofort nach Bestellabgabe belastet. Eine Zahlung per Kreditkarte ist nur mit Karten m\u00f6glich, die dem 3-D Secure-Verfahren (\u00bbVerified by Visa\u00ab bzw. \u00bbMastercard Securecode\u00ab) angeschlossen sind.<\/p>\n<p>Um die Sicherheit Ihrer Daten zu gew\u00e4hrleisten, beauftragen wir Dienstleister mit der Abwicklung der Zahlung. Die Micropayment GmbH aus Berlin hat sich als Serviceprovider auf die Zahlungsabwicklung spezialisiert und kann somit h\u00f6chste Sicherheitsstandards garantieren. Die Fakturierung (also Rechnungsstellung etc.) wickeln wir \u00fcber die Billwerk+ Germany GmbH, Frankfurt am Main ab. Paypalzahlungen werden direkt von Paypal durchgef\u00fchrt. Bitte beachten Sie dar\u00fcber hinaus unsere <a href=\"https:\/\/www.smartsteuer.de\/online\/datenschutzbedingungen\/\"> Hinweise zum Datenschutz in der Datenschutzerkl\u00e4rung<\/a>.<\/p>\n<p><strong>2. Versand <\/strong><br \/>\nDerzeit bieten wir keine M\u00f6glichkeit physische Produkte im Shop zu bestellen. Versandkosten fallen bei Ihrer Bestellung daher nicht an.Mit dem Kauf einer Steuererkl\u00e4rung wird Ihrem Benutzerkonto (mit dem Sie zum Kauf bei smartsteuer.de angemeldet sind) ein Prepaid-Guthaben zur Abgabe einer Steuererkl\u00e4rung f\u00fcr das gew\u00e4hlte Steuerjahr gutgeschrieben. Dieses Guthaben gilt nur in Verbindung mit Ihrem Konto und gilt f\u00fcr die einmalige Abgabe einer Steuererkl\u00e4rung beim Finanzamt. Das Guthaben wird ihrem Benutzerkonto sofort nach dem Kauf gutgeschrieben, so dass sich Ihre Steuererkl\u00e4rung umgehend nach Kauf abgeben l\u00e4sst.<\/p>\n<p><strong>3. Vertragstext und abgeschlossene Bestellungen<\/strong><br \/>\nWir speichern den Vertragstext und senden Ihnen die Bestelldaten und unsere <a href=\"https:\/\/www.smartsteuer.de\/online\/agb\/\">AGB<\/a> per E-Mail zu. Die AGB k\u00f6nnen Sie jederzeit im Internet einsehen. Ihre vergangenen Bestellungen k\u00f6nnen Sie (nach dem Login mit ihren Benutzerdaten) jederzeit in unserem <a href=\"https:\/\/www.smartsteuer.de\/portal\/profil.html\">Kundenbereich (<i class=\"fa fa-lg fa-user\"><\/i> Benutzerkonto)<\/a> einsehen.<\/p>\n<p><strong>4. Widerruf<\/strong><br \/>\nNach der Bestellung haben Sie das Recht, Ihren Vertrag ohne Angabe von Gr\u00fcnden zu widerrufen. Hierbei gelten die Bedingungen und Fristen, die wir in unseren <a href=\"https:\/\/www.smartsteuer.de\/online\/agb\/\">AGB<\/a> getroffen haben.<\/p>\n<p><strong>5. Fragen oder Probleme?<\/strong><br \/>\nBei Fragen oder Problemen k\u00f6nnen Sie sich jederzeit an unseren Support wenden. Sie erreichen uns ganz einfach per <a href=\"mailto:hilfe@smartsteuer.de\">E-Mail<\/a>. Innerhalb der Online-Steuererkl\u00e4rung k\u00f6nnen Sie oben im Navigationsmen\u00fc den Punkt <a href=\"https:\/\/www.smartsteuer.de\/online\/hilfe\/\">\u00bbHilfe\u00ab<\/a> aufrufen um weitere Hilfe zu erhalten.<\/p>\n<\/div>\n","protected":false},"excerpt":{"rendered":"<p>Auf dieser Seite haben wir alle relevanten Informationen zu Bestellung, Zahlung und Widerruf der bei smartsteuer gekauften Artikel und Dienstleistungen f\u00fcr Sie zusammengefasst. 1. Zahlung Bei Bestellungen im Shop von smartsteuer stehen Ihnen folgende Zahlungsm\u00f6glichkeiten zur Verf\u00fcgung: Kreditkarte (Visa oder Mastercard) Elektronisches Lastschriftverfahren (nur mit deutschem Girokonto) Paypal In keinem Fall entstehen Ihnen zus\u00e4tzliche Kosten. [&hellip;]<\/p>\n","protected":false},"author":20,"featured_media":0,"parent":0,"menu_order":0,"comment_status":"closed","ping_status":"closed","template":"legal.php","meta":{"_acf_changed":false,"footnotes":""},"class_list":["post-11728","page","type-page","status-publish","hentry"],"acf":[],"yoast_head":"<!-- This site is optimized with the Yoast SEO Premium plugin v27.5 (Yoast SEO v27.5) - https:\/\/yoast.com\/product\/yoast-seo-premium-wordpress\/ -->\n<title>Informationen zu Bestellung, Zahlung und Widerruf<\/title>\n<meta name=\"description\" content=\"Informationen zu Bestellung, Zahlung und Widerruf - smartsteuer\" \/>\n<meta name=\"robots\" content=\"index, follow, max-snippet:-1, max-image-preview:large, max-video-preview:-1\" \/>\n<link rel=\"canonical\" href=\"https:\/\/www.smartsteuer.de\/online\/zahlungsarten-dienstleistung-und-widerruf\/\" \/>\n<meta property=\"og:locale\" content=\"de_DE\" \/>\n<meta property=\"og:type\" content=\"article\" \/>\n<meta property=\"og:title\" content=\"Informationen zu Bestellung, Zahlung und Widerruf\" \/>\n<meta property=\"og:description\" content=\"Informationen zu Bestellung, Zahlung und Widerruf - smartsteuer\" \/>\n<meta property=\"og:url\" content=\"https:\/\/www.smartsteuer.de\/online\/zahlungsarten-dienstleistung-und-widerruf\/\" \/>\n<meta property=\"og:site_name\" content=\"smartsteuer\" \/>\n<meta property=\"article:publisher\" content=\"https:\/\/de-de.facebook.com\/smartsteuer\/\" \/>\n<meta property=\"article:modified_time\" content=\"2026-03-17T15:28:17+00:00\" \/>\n<meta name=\"twitter:card\" content=\"summary_large_image\" \/>\n<meta name=\"twitter:site\" content=\"@smartsteuer\" \/>\n<meta name=\"twitter:label1\" content=\"Gesch\u00e4tzte Lesezeit\" \/>\n\t<meta name=\"twitter:data1\" content=\"2\u00a0Minuten\" \/>\n<script type=\"application\/ld+json\" class=\"yoast-schema-graph\">{\"@context\":\"https:\\\/\\\/schema.org\",\"@graph\":[{\"@type\":\"WebPage\",\"@id\":\"https:\\\/\\\/www.smartsteuer.de\\\/online\\\/zahlungsarten-dienstleistung-und-widerruf\\\/\",\"url\":\"https:\\\/\\\/www.smartsteuer.de\\\/online\\\/zahlungsarten-dienstleistung-und-widerruf\\\/\",\"name\":\"Informationen zu Bestellung, Zahlung und Widerruf\",\"isPartOf\":{\"@id\":\"https:\\\/\\\/www.smartsteuer.de\\\/online\\\/#website\"},\"datePublished\":\"2018-03-13T08:24:50+00:00\",\"dateModified\":\"2026-03-17T15:28:17+00:00\",\"description\":\"Informationen zu Bestellung, Zahlung und Widerruf - smartsteuer\",\"breadcrumb\":{\"@id\":\"https:\\\/\\\/www.smartsteuer.de\\\/online\\\/zahlungsarten-dienstleistung-und-widerruf\\\/#breadcrumb\"},\"inLanguage\":\"de\",\"potentialAction\":[{\"@type\":\"ReadAction\",\"target\":[\"https:\\\/\\\/www.smartsteuer.de\\\/online\\\/zahlungsarten-dienstleistung-und-widerruf\\\/\"]}]},{\"@type\":\"BreadcrumbList\",\"@id\":\"https:\\\/\\\/www.smartsteuer.de\\\/online\\\/zahlungsarten-dienstleistung-und-widerruf\\\/#breadcrumb\",\"itemListElement\":[{\"@type\":\"ListItem\",\"position\":1,\"name\":\"Home\",\"item\":\"https:\\\/\\\/www.smartsteuer.de\\\/online\\\/\"},{\"@type\":\"ListItem\",\"position\":2,\"name\":\"Informationen zu Bestellung, Zahlung und Widerruf\"}]},{\"@type\":\"WebSite\",\"@id\":\"https:\\\/\\\/www.smartsteuer.de\\\/online\\\/#website\",\"url\":\"https:\\\/\\\/www.smartsteuer.de\\\/online\\\/\",\"name\":\"smartsteuer\",\"description\":\"Steuererkl\u00e4rung 2024 online machen &amp; Steuern sparen\",\"publisher\":{\"@id\":\"https:\\\/\\\/www.smartsteuer.de\\\/online\\\/#organization\"},\"potentialAction\":[{\"@type\":\"SearchAction\",\"target\":{\"@type\":\"EntryPoint\",\"urlTemplate\":\"https:\\\/\\\/www.smartsteuer.de\\\/online\\\/?s={search_term_string}\"},\"query-input\":{\"@type\":\"PropertyValueSpecification\",\"valueRequired\":true,\"valueName\":\"search_term_string\"}}],\"inLanguage\":\"de\"},{\"@type\":\"Organization\",\"@id\":\"https:\\\/\\\/www.smartsteuer.de\\\/online\\\/#organization\",\"name\":\"smartsteuer GmbH\",\"url\":\"https:\\\/\\\/www.smartsteuer.de\\\/online\\\/\",\"logo\":{\"@type\":\"ImageObject\",\"inLanguage\":\"de\",\"@id\":\"https:\\\/\\\/www.smartsteuer.de\\\/online\\\/#\\\/schema\\\/logo\\\/image\\\/\",\"url\":\"https:\\\/\\\/www.smartsteuer.de\\\/online\\\/wp-content\\\/uploads\\\/2024\\\/11\\\/Favicon-smartsteuer.png\",\"contentUrl\":\"https:\\\/\\\/www.smartsteuer.de\\\/online\\\/wp-content\\\/uploads\\\/2024\\\/11\\\/Favicon-smartsteuer.png\",\"width\":512,\"height\":512,\"caption\":\"smartsteuer GmbH\"},\"image\":{\"@id\":\"https:\\\/\\\/www.smartsteuer.de\\\/online\\\/#\\\/schema\\\/logo\\\/image\\\/\"},\"sameAs\":[\"https:\\\/\\\/de-de.facebook.com\\\/smartsteuer\\\/\",\"https:\\\/\\\/x.com\\\/smartsteuer\",\"https:\\\/\\\/www.youtube.com\\\/channel\\\/UCu02GkFNrMRzwysT2SEmNrQ\"]}]}<\/script>\n<!-- \/ Yoast SEO Premium plugin. -->","yoast_head_json":{"title":"Informationen zu Bestellung, Zahlung und Widerruf","description":"Informationen zu Bestellung, Zahlung und Widerruf - smartsteuer","robots":{"index":"index","follow":"follow","max-snippet":"max-snippet:-1","max-image-preview":"max-image-preview:large","max-video-preview":"max-video-preview:-1"},"canonical":"https:\/\/www.smartsteuer.de\/online\/zahlungsarten-dienstleistung-und-widerruf\/","og_locale":"de_DE","og_type":"article","og_title":"Informationen zu Bestellung, Zahlung und Widerruf","og_description":"Informationen zu Bestellung, Zahlung und Widerruf - smartsteuer","og_url":"https:\/\/www.smartsteuer.de\/online\/zahlungsarten-dienstleistung-und-widerruf\/","og_site_name":"smartsteuer","article_publisher":"https:\/\/de-de.facebook.com\/smartsteuer\/","article_modified_time":"2026-03-17T15:28:17+00:00","twitter_card":"summary_large_image","twitter_site":"@smartsteuer","twitter_misc":{"Gesch\u00e4tzte Lesezeit":"2\u00a0Minuten"},"schema":{"@context":"https:\/\/schema.org","@graph":[{"@type":"WebPage","@id":"https:\/\/www.smartsteuer.de\/online\/zahlungsarten-dienstleistung-und-widerruf\/","url":"https:\/\/www.smartsteuer.de\/online\/zahlungsarten-dienstleistung-und-widerruf\/","name":"Informationen zu Bestellung, Zahlung und Widerruf","isPartOf":{"@id":"https:\/\/www.smartsteuer.de\/online\/#website"},"datePublished":"2018-03-13T08:24:50+00:00","dateModified":"2026-03-17T15:28:17+00:00","description":"Informationen zu Bestellung, Zahlung und Widerruf - smartsteuer","breadcrumb":{"@id":"https:\/\/www.smartsteuer.de\/online\/zahlungsarten-dienstleistung-und-widerruf\/#breadcrumb"},"inLanguage":"de","potentialAction":[{"@type":"ReadAction","target":["https:\/\/www.smartsteuer.de\/online\/zahlungsarten-dienstleistung-und-widerruf\/"]}]},{"@type":"BreadcrumbList","@id":"https:\/\/www.smartsteuer.de\/online\/zahlungsarten-dienstleistung-und-widerruf\/#breadcrumb","itemListElement":[{"@type":"ListItem","position":1,"name":"Home","item":"https:\/\/www.smartsteuer.de\/online\/"},{"@type":"ListItem","position":2,"name":"Informationen zu Bestellung, Zahlung und Widerruf"}]},{"@type":"WebSite","@id":"https:\/\/www.smartsteuer.de\/online\/#website","url":"https:\/\/www.smartsteuer.de\/online\/","name":"smartsteuer","description":"Steuererkl\u00e4rung 2024 online machen &amp; Steuern sparen","publisher":{"@id":"https:\/\/www.smartsteuer.de\/online\/#organization"},"potentialAction":[{"@type":"SearchAction","target":{"@type":"EntryPoint","urlTemplate":"https:\/\/www.smartsteuer.de\/online\/?s={search_term_string}"},"query-input":{"@type":"PropertyValueSpecification","valueRequired":true,"valueName":"search_term_string"}}],"inLanguage":"de"},{"@type":"Organization","@id":"https:\/\/www.smartsteuer.de\/online\/#organization","name":"smartsteuer GmbH","url":"https:\/\/www.smartsteuer.de\/online\/","logo":{"@type":"ImageObject","inLanguage":"de","@id":"https:\/\/www.smartsteuer.de\/online\/#\/schema\/logo\/image\/","url":"https:\/\/www.smartsteuer.de\/online\/wp-content\/uploads\/2024\/11\/Favicon-smartsteuer.png","contentUrl":"https:\/\/www.smartsteuer.de\/online\/wp-content\/uploads\/2024\/11\/Favicon-smartsteuer.png","width":512,"height":512,"caption":"smartsteuer GmbH"},"image":{"@id":"https:\/\/www.smartsteuer.de\/online\/#\/schema\/logo\/image\/"},"sameAs":["https:\/\/de-de.facebook.com\/smartsteuer\/","https:\/\/x.com\/smartsteuer","https:\/\/www.youtube.com\/channel\/UCu02GkFNrMRzwysT2SEmNrQ"]}]}},"_links":{"self":[{"href":"https:\/\/www.smartsteuer.de\/online\/wp-json\/wp\/v2\/pages\/11728","targetHints":{"allow":["GET"]}}],"collection":[{"href":"https:\/\/www.smartsteuer.de\/online\/wp-json\/wp\/v2\/pages"}],"about":[{"href":"https:\/\/www.smartsteuer.de\/online\/wp-json\/wp\/v2\/types\/page"}],"author":[{"embeddable":true,"href":"https:\/\/www.smartsteuer.de\/online\/wp-json\/wp\/v2\/users\/20"}],"replies":[{"embeddable":true,"href":"https:\/\/www.smartsteuer.de\/online\/wp-json\/wp\/v2\/comments?post=11728"}],"version-history":[{"count":64,"href":"https:\/\/www.smartsteuer.de\/online\/wp-json\/wp\/v2\/pages\/11728\/revisions"}],"predecessor-version":[{"id":89290,"href":"https:\/\/www.smartsteuer.de\/online\/wp-json\/wp\/v2\/pages\/11728\/revisions\/89290"}],"wp:attachment":[{"href":"https:\/\/www.smartsteuer.de\/online\/wp-json\/wp\/v2\/media?parent=11728"}],"curies":[{"name":"wp","href":"https:\/\/api.w.org\/{rel}","templated":true}]}}