{"id":13531,"date":"2018-07-16T13:39:18","date_gmt":"2018-07-16T11:39:18","guid":{"rendered":"https:\/\/www.smartsteuer.de\/online\/?page_id=13531"},"modified":"2025-10-16T14:03:46","modified_gmt":"2025-10-16T12:03:46","slug":"hilfe-2","status":"publish","type":"page","link":"https:\/\/www.smartsteuer.de\/online\/hilfe-2\/","title":{"rendered":"Hilfe"},"content":{"rendered":"<div class=\"sui-sheet-wrapper\">\n\t<section class=\"lb-section sui-sheet--up-flat sui-sheet-padding-flat sui-theme-bright\">\n\t\t<div class=\"sui-container \">\n\t\t\t<\/p>\n<h1>Du hast eine Frage?<\/h1>\n<p class=\"lead\">Auf dieser Seite findest Du eine \u00dcbersicht unserer Hilfeangebote.<br \/>\nSo bleibt garantiert keine Frage unbeantwortet.<\/p>\n<p>\n\t\t<\/div>\n\t<\/section>\n<\/div>\n<div class=\"sui-sheet-wrapper\"><section class=\"sui-sheet--up-flat\"><div class=\"d-flex flex-column flex-md-row m-0\"><\/p>\n<p><div class=\"sui-split-half sui-theme-bright\"><div class=\"sui-split-inner\"><\/p>\n<p><div class=\"lb-features-list\"><\/p>\n<p><div class=\"lb-features-item\">\n\t<div class=\"lb-features-icon pb-2 pb-sm-3 pb-md-4\">\n\t<i class=\"fa-solid fa-question\" style=\"color: var(--sui-color-electric-600)\" aria-hidden=\"true\"><\/i>\n<\/div>\n\t<div>\n\t\t<div class=\"h3 lb-features-title\">\n\tH\u00e4ufig gestellte Fragen\n<\/div>\n\t\t<div class=\"lb-features-text\">\n\t\t\t<\/p>\n<p>Du hast eine Frage zur Online-Steuererkl\u00e4rung von smartsteuer? In unseren FAQs haben wir die wichtigsten Antworten f\u00fcr Dich zusammengestellt.<\/p>\n<p>\n\t\t<\/div>\n\t\t<div class=\"lb-features-link mt-1\">\n\t<a class=\"lb-link sui-button-ghost sui-button-align-text\" href=\"https:\/\/www.smartsteuer.de\/online\/service\/faq\/\">\n\t Zur FAQ \n\t <i class=\"fa-solid fa-chevron-right\" aria-hidden=\"true\"><\/i>\n\t<\/a>\n<\/div>\n\t<\/div>\n<\/div><\/p>\n<p><div class=\"lb-features-item\">\n\t<div class=\"lb-features-icon pb-2 pb-sm-3 pb-md-4\">\n\t<i class=\"fa-solid fa-lightbulb\" style=\"color: var(--sui-color-electric-600)\" aria-hidden=\"true\"><\/i>\n<\/div>\n\t<div>\n\t\t<div class=\"h3 lb-features-title\">\n\tSteuerwissen\n<\/div>\n\t\t<div class=\"lb-features-text\">\n\t\t\t<\/p>\n<p>Du m\u00f6chtest noch mehr Steuern sparen? In unserer Steuerwissen-Rubrik findest Du aktuelle Tipps &amp; Tricks f\u00fcr jede Lebenssituation zusammengefasst.<\/p>\n<p>\n\t\t<\/div>\n\t\t<div class=\"lb-features-link mt-1\">\n\t<a class=\"lb-link sui-button-ghost sui-button-align-text\" href=\"https:\/\/www.smartsteuer.de\/online\/steuerwissen\/\">\n\t Zum Steuerwissen\n\t <i class=\"fa-solid fa-chevron-right\" aria-hidden=\"true\"><\/i>\n\t<\/a>\n<\/div>\n\t<\/div>\n<\/div><\/p>\n<p><div class=\"lb-features-item\">\n\t<div class=\"lb-features-icon pb-2 pb-sm-3 pb-md-4\">\n\t<i class=\"fa-solid fa-paperclip\" style=\"color: var(--sui-color-electric-600)\" aria-hidden=\"true\"><\/i>\n<\/div>\n\t<div>\n\t\t<div class=\"h3 lb-features-title\">\n\tKann man das absetzen?\n<\/div>\n\t\t<div class=\"lb-features-text\">\n\t\t\t<\/p>\n<p>Du m\u00f6chtest Deine Steuererstattung maximieren? Erfahre auf Kann-man-das-absetzen.de, was Du noch bei der Steuer geltend machen kannst.<\/p>\n<p>\n\t\t<\/div>\n\t\t<div class=\"lb-features-link mt-1\">\n\t<a class=\"lb-link sui-button-ghost sui-button-align-text\" href=\"https:\/\/www.kann-man-das-absetzen.de\/\">\n\t Zu Kann-man-das-absetzen.de\n\t <i class=\"fa-solid fa-chevron-right\" aria-hidden=\"true\"><\/i>\n\t<\/a>\n<\/div>\n\t<\/div>\n<\/div><\/p>\n<p><\/div><\/p>\n<p><\/div><\/div><\/p>\n<p><div class=\"sui-split-half sui-theme-bright\"><div class=\"sui-split-inner\"><\/p>\n<p><div class=\"lb-features-list\"><\/p>\n<p><div class=\"lb-features-item\">\n\t<div class=\"lb-features-icon pb-2 pb-sm-3 pb-md-4\">\n\t<i class=\"fa-solid fa-book-open\" style=\"color: var(--sui-color-electric-600)\" aria-hidden=\"true\"><\/i>\n<\/div>\n\t<div>\n\t\t<div class=\"h3 lb-features-title\">\n\tLexikon\n<\/div>\n\t\t<div class=\"lb-features-text\">\n\t\t\t<\/p>\n<p>Du h\u00f6rst immer wieder Fachbegriffe und m\u00f6chtest wissen, was sich dahinter verbirgt? Dann schlag doch kurz in unserem Lexikon nach.<\/p>\n<p>\n\t\t<\/div>\n\t\t<div class=\"lb-features-link mt-1\">\n\t<a class=\"lb-link sui-button-ghost sui-button-align-text\" href=\"https:\/\/www.smartsteuer.de\/online\/lexikon\/\">\n\t Zum Lexikon\n\t <i class=\"fa-solid fa-chevron-right\" aria-hidden=\"true\"><\/i>\n\t<\/a>\n<\/div>\n\t<\/div>\n<\/div><\/p>\n<p><div class=\"lb-features-item\">\n\t<div class=\"lb-features-icon pb-2 pb-sm-3 pb-md-4\">\n\t<i class=\"fa-solid fa-video\" style=\"color: var(--sui-color-electric-600)\" aria-hidden=\"true\"><\/i>\n<\/div>\n\t<div>\n\t\t<div class=\"h3 lb-features-title\">\n\tYouTube\n<\/div>\n\t\t<div class=\"lb-features-text\">\n\t\t\t<\/p>\n<p>In unserem YouTube-Kanal erkl\u00e4ren wir mit Erkl\u00e4rvideos und Praxisbeispielen, wie Du die Steuererkl\u00e4rung einfach erledigst.<\/p>\n<p>\n\t\t<\/div>\n\t\t<div class=\"lb-features-link mt-1\">\n\t<a class=\"lb-link sui-button-ghost sui-button-align-text\" href=\"https:\/\/www.youtube.com\/user\/smartsteuerde\">\n\t Zum YouTube-Kanal\n\t <i class=\"fa-solid fa-chevron-right\" aria-hidden=\"true\"><\/i>\n\t<\/a>\n<\/div>\n\t<\/div>\n<\/div><\/p>\n<p><div class=\"lb-features-item\">\n\t<div class=\"lb-features-icon pb-2 pb-sm-3 pb-md-4\">\n\t<i class=\"fa-solid fa-clipboard-check\" style=\"color: var(--sui-color-electric-600)\" aria-hidden=\"true\"><\/i>\n<\/div>\n\t<div>\n\t\t<div class=\"h3 lb-features-title\">\n\tsteuern.de\n<\/div>\n\t\t<div class=\"lb-features-text\">\n\t\t\t<\/p>\n<p>Hier findest Du allgemeine Tipps f\u00fcr die Steuererkl\u00e4rung als Arbeitnehmer, Rentner, Gewerbetreibender und Selbstst\u00e4ndiger.<\/p>\n<p>\n\t\t<\/div>\n\t\t<div class=\"lb-features-link mt-1\">\n\t<a class=\"lb-link sui-button-ghost sui-button-align-text\" href=\"https:\/\/www.steuern.de\/start.html\">\n\t Zu steuern.de\n\t <i class=\"fa-solid fa-chevron-right\" aria-hidden=\"true\"><\/i>\n\t<\/a>\n<\/div>\n\t<\/div>\n<\/div><\/p>\n<p><\/div><\/p>\n<p><\/div><\/div><\/p>\n<p><\/div><\/section><\/div>\n<div class=\"sui-sheet-wrapper\"><section class=\"sui-sheet--up-flat\"><div class=\"d-flex flex-column flex-md-row m-0\"><\/p>\n<p><div class=\"sui-split-half sui-theme-electric sui-theme-box-2\"><div class=\"sui-split-inner\"><\/p>\n<h2>smartsteuer auf YouTube<\/h2>\n<p>Du willst lieber direkt sehen, wo etwas in der Steuererkl\u00e4rung eingetragen werden muss oder wie Du noch besser Steuern sparen kannst?\u00a0 Dann schau auf unserem YouTube-Kanal vorbei! Dort erwarten Dich viele Erkl\u00e4rvideos und Praxisbeispiele.<\/p>\n<p><a class='sui-button-secondary sui-button-large mt-2 mt-lg-3' href='https:\/\/www.youtube.com\/user\/smartsteuerde' role='button'>\n\tZum YouTube-Kanal\n<\/a><\/p>\n<p><\/div><\/div><\/p>\n<p><div class=\"sui-split-half sui-theme-electric sui-theme-box-2\"><div class=\"sui-split-inner\"><\/p>\n<p><img loading=\"lazy\" decoding=\"async\" class=\"alignnone wp-image-26963 size-full\" src=\"https:\/\/www.smartsteuer.de\/online\/wp-content\/uploads\/2020\/03\/youtube-smartsteuer.jpg\" alt=\"smartsteuer Hilfe &amp; Support\" width=\"900\" height=\"507\" srcset=\"https:\/\/www.smartsteuer.de\/online\/wp-content\/uploads\/2020\/03\/youtube-smartsteuer.jpg 900w, https:\/\/www.smartsteuer.de\/online\/wp-content\/uploads\/2020\/03\/youtube-smartsteuer-300x169.jpg 300w, https:\/\/www.smartsteuer.de\/online\/wp-content\/uploads\/2020\/03\/youtube-smartsteuer-768x433.jpg 768w\" sizes=\"auto, (max-width: 900px) 100vw, 900px\" \/><\/p>\n<p><\/div><\/div><\/p>\n<p><\/div><\/section><\/div>\n\n<div class=\"sui-sheet-wrapper\">\n\t<section class=\"lb-section lb-support sui-sheet--up-flat sui-sheet-padding-flat sui-theme-bright\">\n\t\t<div class=\"sui-container\">\n\t\t\t<h2>Hilfe & Technischer Support<\/h2>\n\n\t\t\t\t\t\t\t<p>\n\t\t\t\t\tSchau vorab in unserem Hilfebereich nach, ob Du hier bereits eine Antwort findest! Ansonsten\n\t\t\t\t\tbeantworten wir Deine Fragen auch per Mail.\n\t\t\t\t<\/p>\n\t\t\t\t<a href=\"https:\/\/www.smartsteuer.de\/online\/service\/faq\/\" title=\"FAQ\"\n\t\t\t\t\tclass=\"sui-button-primary mt-2 mb-5\">\n\t\t\t\t\tZur FAQ\n\t\t\t\t<\/a>\n\t\t\t\n\t\t\t<div>\n\t\t\t\t<p>\n\t\t\t\t\tSende uns eine E-Mail mit Deinem Anliegen an<br>\n\t\t\t\t\t<strong>\n\t\t\t\t\t\t<a href=\"mailto:hilfe@smartsteuer.de\">hilfe@smartsteuer.de<\/a>\n\t\t\t\t\t<\/strong>\n\t\t\t\t<\/p>\n\t\t\t\t<div>\n\t\t\t\t\t<img decoding=\"async\" src=\"https:\/\/www.smartsteuer.de\/online\/wp-content\/plugins\/plugin-landingpagebuilder\/src\/elements\/support\/img\/germany.svg\" width=\"35px\" height=\"35\"\n\t\t\t\t\t\talt=\"Email support in German\" title=\"Email-Support auf Deutsch\"\/>\n\t\t\t\t\t<img decoding=\"async\" src=\"https:\/\/www.smartsteuer.de\/online\/wp-content\/plugins\/plugin-landingpagebuilder\/src\/elements\/support\/img\/uk.svg\" width=\"35px\" height=\"35\"\n\t\t\t\t\t\talt=\"Email support in English\" title=\"Email support in English\"\/>\n\t\t\t\t<\/div>\n\t\t\t<\/div>\n\t\t<\/div>\n\t<\/section>\n<\/div>\n\n<div class=\"sui-sheet-wrapper\">\n\t<section class=\"lb-section sui-sheet--up-flat sui-sheet-padding-flat sui-theme-bright\">\n\t\t<div class=\"sui-container \">\n\t\t\t<\/p>\n<h2>Unsere E-Books<\/h2>\n<p>Welche Steuervorteile bringen Haus, Kind oder Studium? Und was kannst Du in Deiner Lebenssituation eigentlich von der Steuer absetzen? Diese und viele andere Fragen beantworten wir Dir in unseren umfangreichen, aber trotzdem leicht verst\u00e4ndlich geschriebenen E-Books.<\/p>\n<div class=\"d-flex flex-column flex-md-row justify-content-center align-items-center my-4\" style=\"gap: 16px;\">\n<p><a href=\"https:\/\/www.smartsteuer.de\/online\/wp-content\/uploads\/2022\/08\/smartsteuer-eBook-Kinder_thumb.jpg\"><img loading=\"lazy\" decoding=\"async\" class=\"alignnone wp-image-43662 size-medium\" src=\"https:\/\/www.smartsteuer.de\/online\/wp-content\/uploads\/2022\/08\/smartsteuer-eBook-Kinder_thumb-300x300.jpg\" alt=\"eBook Kinder\" width=\"300\" height=\"300\" srcset=\"https:\/\/www.smartsteuer.de\/online\/wp-content\/uploads\/2022\/08\/smartsteuer-eBook-Kinder_thumb-300x300.jpg 300w, https:\/\/www.smartsteuer.de\/online\/wp-content\/uploads\/2022\/08\/smartsteuer-eBook-Kinder_thumb-150x150.jpg 150w, https:\/\/www.smartsteuer.de\/online\/wp-content\/uploads\/2022\/08\/smartsteuer-eBook-Kinder_thumb-120x120.jpg 120w, https:\/\/www.smartsteuer.de\/online\/wp-content\/uploads\/2022\/08\/smartsteuer-eBook-Kinder_thumb.jpg 400w\" sizes=\"auto, (max-width: 300px) 100vw, 300px\" \/><\/a><\/p>\n<p><a href=\"https:\/\/www.smartsteuer.de\/online\/wp-content\/uploads\/2022\/08\/smartsteuer-eBook-Immobilien_thumb.jpg\"><img loading=\"lazy\" decoding=\"async\" class=\"alignnone wp-image-43661 size-medium\" src=\"https:\/\/www.smartsteuer.de\/online\/wp-content\/uploads\/2022\/08\/smartsteuer-eBook-Immobilien_thumb-300x300.jpg\" alt=\"eBook immobilien\" width=\"300\" height=\"300\" srcset=\"https:\/\/www.smartsteuer.de\/online\/wp-content\/uploads\/2022\/08\/smartsteuer-eBook-Immobilien_thumb-300x300.jpg 300w, https:\/\/www.smartsteuer.de\/online\/wp-content\/uploads\/2022\/08\/smartsteuer-eBook-Immobilien_thumb-150x150.jpg 150w, https:\/\/www.smartsteuer.de\/online\/wp-content\/uploads\/2022\/08\/smartsteuer-eBook-Immobilien_thumb-120x120.jpg 120w, https:\/\/www.smartsteuer.de\/online\/wp-content\/uploads\/2022\/08\/smartsteuer-eBook-Immobilien_thumb.jpg 400w\" sizes=\"auto, (max-width: 300px) 100vw, 300px\" \/><\/a><\/p>\n<p><a href=\"https:\/\/www.smartsteuer.de\/online\/wp-content\/uploads\/2023\/02\/das-smartse-steuerhandbuch-thumbnail.png\"><img loading=\"lazy\" decoding=\"async\" class=\"alignnone wp-image-47673 size-medium\" src=\"https:\/\/www.smartsteuer.de\/online\/wp-content\/uploads\/2023\/02\/das-smartse-steuerhandbuch-thumbnail-300x300.png\" alt=\"eBook Steuerhandbuch\" width=\"300\" height=\"300\" srcset=\"https:\/\/www.smartsteuer.de\/online\/wp-content\/uploads\/2023\/02\/das-smartse-steuerhandbuch-thumbnail-300x300.png 300w, https:\/\/www.smartsteuer.de\/online\/wp-content\/uploads\/2023\/02\/das-smartse-steuerhandbuch-thumbnail-150x150.png 150w, https:\/\/www.smartsteuer.de\/online\/wp-content\/uploads\/2023\/02\/das-smartse-steuerhandbuch-thumbnail-120x120.png 120w, https:\/\/www.smartsteuer.de\/online\/wp-content\/uploads\/2023\/02\/das-smartse-steuerhandbuch-thumbnail.png 400w\" sizes=\"auto, (max-width: 300px) 100vw, 300px\" \/><\/a><\/p>\n<\/div>\n<p><a class='sui-button-secondary sui-button-xlarge mt-2 mt-lg-3' href='https:\/\/www.smartsteuer.de\/online\/anmeldung-newsletter\/' role='button'>\n\tZu den eBooks\n<\/a><\/p>\n<p>\n\t\t<\/div>\n\t<\/section>\n<\/div>\n","protected":false},"excerpt":{"rendered":"","protected":false},"author":27,"featured_media":0,"parent":0,"menu_order":0,"comment_status":"closed","ping_status":"closed","template":"landingpage-template.php","meta":{"_acf_changed":false,"footnotes":""},"class_list":["post-13531","page","type-page","status-publish","hentry"],"acf":[],"yoast_head":"<!-- This site is optimized with the Yoast SEO Premium plugin v27.5 (Yoast SEO v27.5) - https:\/\/yoast.com\/product\/yoast-seo-premium-wordpress\/ -->\n<title>Hilfe<\/title>\n<meta name=\"description\" content=\"Hilfe - smartsteuer\" \/>\n<meta name=\"robots\" content=\"index, follow, max-snippet:-1, max-image-preview:large, max-video-preview:-1\" \/>\n<link rel=\"canonical\" href=\"https:\/\/www.smartsteuer.de\/online\/hilfe-2\/\" \/>\n<meta property=\"og:locale\" content=\"de_DE\" \/>\n<meta property=\"og:type\" content=\"article\" \/>\n<meta property=\"og:title\" content=\"Hilfe\" \/>\n<meta property=\"og:description\" content=\"Hilfe - smartsteuer\" \/>\n<meta property=\"og:url\" content=\"https:\/\/www.smartsteuer.de\/online\/hilfe-2\/\" \/>\n<meta property=\"og:site_name\" content=\"smartsteuer\" \/>\n<meta property=\"article:publisher\" content=\"https:\/\/de-de.facebook.com\/smartsteuer\/\" \/>\n<meta property=\"article:modified_time\" content=\"2025-10-16T12:03:46+00:00\" \/>\n<meta property=\"og:image\" content=\"https:\/\/www.smartsteuer.de\/online\/wp-content\/uploads\/2020\/03\/youtube-smartsteuer.jpg\" \/>\n<meta name=\"twitter:card\" content=\"summary_large_image\" \/>\n<meta name=\"twitter:site\" content=\"@smartsteuer\" \/>\n<meta name=\"twitter:label1\" content=\"Gesch\u00e4tzte Lesezeit\" \/>\n\t<meta name=\"twitter:data1\" content=\"3\u00a0Minuten\" \/>\n<script type=\"application\/ld+json\" class=\"yoast-schema-graph\">{\"@context\":\"https:\\\/\\\/schema.org\",\"@graph\":[{\"@type\":\"WebPage\",\"@id\":\"https:\\\/\\\/www.smartsteuer.de\\\/online\\\/hilfe-2\\\/\",\"url\":\"https:\\\/\\\/www.smartsteuer.de\\\/online\\\/hilfe-2\\\/\",\"name\":\"Hilfe\",\"isPartOf\":{\"@id\":\"https:\\\/\\\/www.smartsteuer.de\\\/online\\\/#website\"},\"primaryImageOfPage\":{\"@id\":\"https:\\\/\\\/www.smartsteuer.de\\\/online\\\/hilfe-2\\\/#primaryimage\"},\"image\":{\"@id\":\"https:\\\/\\\/www.smartsteuer.de\\\/online\\\/hilfe-2\\\/#primaryimage\"},\"thumbnailUrl\":\"https:\\\/\\\/www.smartsteuer.de\\\/online\\\/wp-content\\\/uploads\\\/2020\\\/03\\\/youtube-smartsteuer.jpg\",\"datePublished\":\"2018-07-16T11:39:18+00:00\",\"dateModified\":\"2025-10-16T12:03:46+00:00\",\"description\":\"Hilfe - smartsteuer\",\"breadcrumb\":{\"@id\":\"https:\\\/\\\/www.smartsteuer.de\\\/online\\\/hilfe-2\\\/#breadcrumb\"},\"inLanguage\":\"de\",\"potentialAction\":[{\"@type\":\"ReadAction\",\"target\":[\"https:\\\/\\\/www.smartsteuer.de\\\/online\\\/hilfe-2\\\/\"]}]},{\"@type\":\"ImageObject\",\"inLanguage\":\"de\",\"@id\":\"https:\\\/\\\/www.smartsteuer.de\\\/online\\\/hilfe-2\\\/#primaryimage\",\"url\":\"https:\\\/\\\/www.smartsteuer.de\\\/online\\\/wp-content\\\/uploads\\\/2020\\\/03\\\/youtube-smartsteuer.jpg\",\"contentUrl\":\"https:\\\/\\\/www.smartsteuer.de\\\/online\\\/wp-content\\\/uploads\\\/2020\\\/03\\\/youtube-smartsteuer.jpg\",\"width\":900,\"height\":507},{\"@type\":\"BreadcrumbList\",\"@id\":\"https:\\\/\\\/www.smartsteuer.de\\\/online\\\/hilfe-2\\\/#breadcrumb\",\"itemListElement\":[{\"@type\":\"ListItem\",\"position\":1,\"name\":\"Home\",\"item\":\"https:\\\/\\\/www.smartsteuer.de\\\/online\\\/\"},{\"@type\":\"ListItem\",\"position\":2,\"name\":\"Hilfe\"}]},{\"@type\":\"WebSite\",\"@id\":\"https:\\\/\\\/www.smartsteuer.de\\\/online\\\/#website\",\"url\":\"https:\\\/\\\/www.smartsteuer.de\\\/online\\\/\",\"name\":\"smartsteuer\",\"description\":\"Steuererkl\u00e4rung 2024 online machen &amp; Steuern sparen\",\"publisher\":{\"@id\":\"https:\\\/\\\/www.smartsteuer.de\\\/online\\\/#organization\"},\"potentialAction\":[{\"@type\":\"SearchAction\",\"target\":{\"@type\":\"EntryPoint\",\"urlTemplate\":\"https:\\\/\\\/www.smartsteuer.de\\\/online\\\/?s={search_term_string}\"},\"query-input\":{\"@type\":\"PropertyValueSpecification\",\"valueRequired\":true,\"valueName\":\"search_term_string\"}}],\"inLanguage\":\"de\"},{\"@type\":\"Organization\",\"@id\":\"https:\\\/\\\/www.smartsteuer.de\\\/online\\\/#organization\",\"name\":\"smartsteuer GmbH\",\"url\":\"https:\\\/\\\/www.smartsteuer.de\\\/online\\\/\",\"logo\":{\"@type\":\"ImageObject\",\"inLanguage\":\"de\",\"@id\":\"https:\\\/\\\/www.smartsteuer.de\\\/online\\\/#\\\/schema\\\/logo\\\/image\\\/\",\"url\":\"https:\\\/\\\/www.smartsteuer.de\\\/online\\\/wp-content\\\/uploads\\\/2024\\\/11\\\/Favicon-smartsteuer.png\",\"contentUrl\":\"https:\\\/\\\/www.smartsteuer.de\\\/online\\\/wp-content\\\/uploads\\\/2024\\\/11\\\/Favicon-smartsteuer.png\",\"width\":512,\"height\":512,\"caption\":\"smartsteuer GmbH\"},\"image\":{\"@id\":\"https:\\\/\\\/www.smartsteuer.de\\\/online\\\/#\\\/schema\\\/logo\\\/image\\\/\"},\"sameAs\":[\"https:\\\/\\\/de-de.facebook.com\\\/smartsteuer\\\/\",\"https:\\\/\\\/x.com\\\/smartsteuer\",\"https:\\\/\\\/www.youtube.com\\\/channel\\\/UCu02GkFNrMRzwysT2SEmNrQ\"]}]}<\/script>\n<!-- \/ Yoast SEO Premium plugin. -->","yoast_head_json":{"title":"Hilfe","description":"Hilfe - smartsteuer","robots":{"index":"index","follow":"follow","max-snippet":"max-snippet:-1","max-image-preview":"max-image-preview:large","max-video-preview":"max-video-preview:-1"},"canonical":"https:\/\/www.smartsteuer.de\/online\/hilfe-2\/","og_locale":"de_DE","og_type":"article","og_title":"Hilfe","og_description":"Hilfe - smartsteuer","og_url":"https:\/\/www.smartsteuer.de\/online\/hilfe-2\/","og_site_name":"smartsteuer","article_publisher":"https:\/\/de-de.facebook.com\/smartsteuer\/","article_modified_time":"2025-10-16T12:03:46+00:00","og_image":[{"url":"https:\/\/www.smartsteuer.de\/online\/wp-content\/uploads\/2020\/03\/youtube-smartsteuer.jpg","type":"","width":"","height":""}],"twitter_card":"summary_large_image","twitter_site":"@smartsteuer","twitter_misc":{"Gesch\u00e4tzte Lesezeit":"3\u00a0Minuten"},"schema":{"@context":"https:\/\/schema.org","@graph":[{"@type":"WebPage","@id":"https:\/\/www.smartsteuer.de\/online\/hilfe-2\/","url":"https:\/\/www.smartsteuer.de\/online\/hilfe-2\/","name":"Hilfe","isPartOf":{"@id":"https:\/\/www.smartsteuer.de\/online\/#website"},"primaryImageOfPage":{"@id":"https:\/\/www.smartsteuer.de\/online\/hilfe-2\/#primaryimage"},"image":{"@id":"https:\/\/www.smartsteuer.de\/online\/hilfe-2\/#primaryimage"},"thumbnailUrl":"https:\/\/www.smartsteuer.de\/online\/wp-content\/uploads\/2020\/03\/youtube-smartsteuer.jpg","datePublished":"2018-07-16T11:39:18+00:00","dateModified":"2025-10-16T12:03:46+00:00","description":"Hilfe - smartsteuer","breadcrumb":{"@id":"https:\/\/www.smartsteuer.de\/online\/hilfe-2\/#breadcrumb"},"inLanguage":"de","potentialAction":[{"@type":"ReadAction","target":["https:\/\/www.smartsteuer.de\/online\/hilfe-2\/"]}]},{"@type":"ImageObject","inLanguage":"de","@id":"https:\/\/www.smartsteuer.de\/online\/hilfe-2\/#primaryimage","url":"https:\/\/www.smartsteuer.de\/online\/wp-content\/uploads\/2020\/03\/youtube-smartsteuer.jpg","contentUrl":"https:\/\/www.smartsteuer.de\/online\/wp-content\/uploads\/2020\/03\/youtube-smartsteuer.jpg","width":900,"height":507},{"@type":"BreadcrumbList","@id":"https:\/\/www.smartsteuer.de\/online\/hilfe-2\/#breadcrumb","itemListElement":[{"@type":"ListItem","position":1,"name":"Home","item":"https:\/\/www.smartsteuer.de\/online\/"},{"@type":"ListItem","position":2,"name":"Hilfe"}]},{"@type":"WebSite","@id":"https:\/\/www.smartsteuer.de\/online\/#website","url":"https:\/\/www.smartsteuer.de\/online\/","name":"smartsteuer","description":"Steuererkl\u00e4rung 2024 online machen &amp; Steuern sparen","publisher":{"@id":"https:\/\/www.smartsteuer.de\/online\/#organization"},"potentialAction":[{"@type":"SearchAction","target":{"@type":"EntryPoint","urlTemplate":"https:\/\/www.smartsteuer.de\/online\/?s={search_term_string}"},"query-input":{"@type":"PropertyValueSpecification","valueRequired":true,"valueName":"search_term_string"}}],"inLanguage":"de"},{"@type":"Organization","@id":"https:\/\/www.smartsteuer.de\/online\/#organization","name":"smartsteuer GmbH","url":"https:\/\/www.smartsteuer.de\/online\/","logo":{"@type":"ImageObject","inLanguage":"de","@id":"https:\/\/www.smartsteuer.de\/online\/#\/schema\/logo\/image\/","url":"https:\/\/www.smartsteuer.de\/online\/wp-content\/uploads\/2024\/11\/Favicon-smartsteuer.png","contentUrl":"https:\/\/www.smartsteuer.de\/online\/wp-content\/uploads\/2024\/11\/Favicon-smartsteuer.png","width":512,"height":512,"caption":"smartsteuer GmbH"},"image":{"@id":"https:\/\/www.smartsteuer.de\/online\/#\/schema\/logo\/image\/"},"sameAs":["https:\/\/de-de.facebook.com\/smartsteuer\/","https:\/\/x.com\/smartsteuer","https:\/\/www.youtube.com\/channel\/UCu02GkFNrMRzwysT2SEmNrQ"]}]}},"_links":{"self":[{"href":"https:\/\/www.smartsteuer.de\/online\/wp-json\/wp\/v2\/pages\/13531","targetHints":{"allow":["GET"]}}],"collection":[{"href":"https:\/\/www.smartsteuer.de\/online\/wp-json\/wp\/v2\/pages"}],"about":[{"href":"https:\/\/www.smartsteuer.de\/online\/wp-json\/wp\/v2\/types\/page"}],"author":[{"embeddable":true,"href":"https:\/\/www.smartsteuer.de\/online\/wp-json\/wp\/v2\/users\/27"}],"replies":[{"embeddable":true,"href":"https:\/\/www.smartsteuer.de\/online\/wp-json\/wp\/v2\/comments?post=13531"}],"version-history":[{"count":76,"href":"https:\/\/www.smartsteuer.de\/online\/wp-json\/wp\/v2\/pages\/13531\/revisions"}],"predecessor-version":[{"id":83245,"href":"https:\/\/www.smartsteuer.de\/online\/wp-json\/wp\/v2\/pages\/13531\/revisions\/83245"}],"wp:attachment":[{"href":"https:\/\/www.smartsteuer.de\/online\/wp-json\/wp\/v2\/media?parent=13531"}],"curies":[{"name":"wp","href":"https:\/\/api.w.org\/{rel}","templated":true}]}}