{"id":14863,"date":"2018-10-15T13:01:26","date_gmt":"2018-10-15T11:01:26","guid":{"rendered":"https:\/\/www.smartsteuer.de\/online\/?page_id=14863"},"modified":"2026-04-29T16:05:51","modified_gmt":"2026-04-29T14:05:51","slug":"steuerrechner","status":"publish","type":"page","link":"https:\/\/www.smartsteuer.de\/online\/steuerrechner\/","title":{"rendered":"Einkommensteuer Rechner \/ Steuerrechner &#8211; gratis Steuer berechnen"},"content":{"rendered":"<div class=\"sui-sheet-wrapper\">\n\t<section class=\"lb-section sui-sheet--up-flat sui-sheet-padding-flat sui-theme-bright\">\n\t\t<div class=\"sui-container \">\n\t\t\t<\/p>\n<div style=\"text-align: left;\">\n<h2><strong>Zeigt der Steuerrechner meine genaue Steuerr\u00fcckzahlung an?<\/strong><\/h2>\n<p>Die errechneten Ergebnisse sind Richtwerte. Sie helfen Dir einzusch\u00e4tzen, ob sich Deine Steuer lohnt. Einen genauen Erstattungsbetrag erh\u00e4ltst Du, wenn Du Deine Steuererkl\u00e4rung auf <a href=\"https:\/\/www.smartsteuer.de\/online\/\" target=\"_blank\" rel=\"noopener noreferrer\">smartsteuer.de<\/a> erstellst!<\/p>\n<h2><strong>Einkommensteuer berechnen?<\/strong><\/h2>\n<p>In die Berechnung Deiner Steuer flie\u00dfen viele Faktoren ein. Der wichtigste ist Dein j\u00e4hrliches Bruttoeinkommen. Aus diesem berechnet sich Dein Nettolohn, indem die\u00a0 Steuer- und Sozialabgaben abgezogen werden. Wir sch\u00e4tzen hier nur Dein zu versteuerndes Einkommen (zve), da dieser einfache Rechner nicht alle Informationen verarbeitet, die f\u00fcr eine umfangreiche Steuererkl\u00e4rung m\u00f6glich sind.<\/p>\n<p>Wie hoch Deine Steuern und Abgaben ausfallen, h\u00e4ngt von Deiner Lebenssituation ab. Singles zahlen zum Beispiel andere Betr\u00e4ge als verheiratete Paare mit Kindern. Dies h\u00e4ngt unter anderem vom Grundfreibetrag ab, der mit Kindern h\u00f6her ausf\u00e4llt.<\/p>\n<p>Von dem Bruttolohn werden steuerlich relevanten Ausgaben abgezogen. Dazu geh\u00f6ren beispielsweise Kosten f\u00fcr Deinen<\/p>\n<ul>\n<li>Weg zur Arbeit<\/li>\n<li>ein <a href=\"https:\/\/www.smartsteuer.de\/online\/steuerwissen\/arbeitszimmer-absetzen\/\" target=\"_blank\" rel=\"noopener noreferrer\">Arbeitszimmer<\/a><\/li>\n<li>Homeofficepauschale<\/li>\n<li>Handwerkerkosten und vieles mehr<\/li>\n<\/ul>\n<p>Sie wirken sich positiv aus und k\u00f6nnen dazu f\u00fchren, dass Du Geld vom Finanzamt zur\u00fcckbekommst.<\/p>\n<p>Unser Steuerrechner fragt einige der genannten Punkte ab und erstellt so eine ungef\u00e4hre Prognose ihrer Steuer. In unserer vereinfachten Rechnung werden z.B. weitere Eink\u00fcnfte nicht ber\u00fccksichtigt. Wir beziehen uns auf aktuelle Angaben f\u00fcr das Steuerjahr 2024.<\/p>\n<h3>Beispielberechnungen Einkommensteuer<\/h3>\n<p>Damit Du siehst, wie unterschiedlich Steuererstattungen in verschiedenen Lebenssituationen ausfallen, haben wir zwei Beispiele f\u00fcr Dich bereitgestellt. Du kannst die Ergebnisse mit unserem Einkommensteuer Rechner nachempfinden.<\/p>\n<\/div>\n<p><div class=\"lb-inline-box p-4 p-lg-5 my-4 my-sm-5 sui-rounded-corners lb-bg-lightblue\"><\/p>\n<div class=\"sui-split\">\n<div class=\"sui-split-half fill\">\n<div class=\"sui-split-inner\"><img loading=\"lazy\" decoding=\"async\" width=\"1254\" height=\"836\" class=\"wp-image-37150\" title=\"Einkommensteuer Rechner\" src=\"https:\/\/www.smartsteuer.de\/online\/wp-content\/uploads\/2021\/06\/sophie-steuerrechner.jpg\" alt=\"Beispiel Steuer berechnen mit dem Einkommensteuer Rechner\" srcset=\"https:\/\/www.smartsteuer.de\/online\/wp-content\/uploads\/2021\/06\/sophie-steuerrechner.jpg 1254w, https:\/\/www.smartsteuer.de\/online\/wp-content\/uploads\/2021\/06\/sophie-steuerrechner-300x200.jpg 300w, https:\/\/www.smartsteuer.de\/online\/wp-content\/uploads\/2021\/06\/sophie-steuerrechner-1024x683.jpg 1024w, https:\/\/www.smartsteuer.de\/online\/wp-content\/uploads\/2021\/06\/sophie-steuerrechner-768x512.jpg 768w\" sizes=\"auto, (max-width: 1254px) 100vw, 1254px\" \/> Einkommensteuer Rechner 2026<\/div>\n<\/div>\n<div class=\"sui-split-half\">\n<div class=\"sui-split-inner\">\n<h3 style=\"text-align: left; padding-left: 8px;\">Beispiel 1: Single Sophie<\/h3>\n<ul style=\"text-align: left; list-style-position: outside; padding-left: 20px;\">\n<li>Sophie verdient 50.000 \u20ac brutto im Jahr und ist Single.<\/li>\n<li>Sie arbeitet im h\u00e4uslichen Arbeitszimmer und hat 600 \u20ac f\u00fcr haushaltsnahe Dienstleistungen bezahlt (laut Nebenkostenabrechnung).<\/li>\n<li>Kinder hat Sophie nicht.<\/li>\n<\/ul>\n<p class=\"mt-5\"><strong>Ihre voraussichtliche Steuererstattung betr\u00e4gt:<\/strong><div class=\"lb-numberbox lb-numberbox-green\"> 346 \u20ac<\/div><\/p>\n<\/div>\n<\/div>\n<\/div>\n<p><\/div><\/p>\n<p><div class=\"lb-inline-box p-4 p-lg-5 my-4 my-sm-5 sui-rounded-corners lb-bg-lightblue\"><\/p>\n<div class=\"sui-split\">\n<div class=\"sui-split-half fill\">\n<div class=\"sui-split-inner\"><img loading=\"lazy\" decoding=\"async\" width=\"1254\" height=\"836\" class=\"wp-image-37151\" src=\"https:\/\/www.smartsteuer.de\/online\/wp-content\/uploads\/2021\/06\/familie-steuerrechner.jpg\" alt=\"Beispiel Steuerrechner Ehepaar\" srcset=\"https:\/\/www.smartsteuer.de\/online\/wp-content\/uploads\/2021\/06\/familie-steuerrechner.jpg 1254w, https:\/\/www.smartsteuer.de\/online\/wp-content\/uploads\/2021\/06\/familie-steuerrechner-300x200.jpg 300w, https:\/\/www.smartsteuer.de\/online\/wp-content\/uploads\/2021\/06\/familie-steuerrechner-1024x683.jpg 1024w, https:\/\/www.smartsteuer.de\/online\/wp-content\/uploads\/2021\/06\/familie-steuerrechner-768x512.jpg 768w\" sizes=\"auto, (max-width: 1254px) 100vw, 1254px\" \/> F\u00fcr Ehepaar Steuern berechnen<\/div>\n<\/div>\n<div class=\"sui-split-half\">\n<div class=\"sui-split-inner\">\n<h3 style=\"text-align: left; padding-left: 8px;\">Beispiel 2: Ehepaar Christiane und Max<\/h3>\n<ul style=\"text-align: left; list-style-position: outside; padding-left: 20px;\">\n<li>Christiane und Max sind verheiratet und haben zwei Kinder.<\/li>\n<li>Max verdient 45.000 \u20ac, f\u00e4hrt 13 Kilometer zur Arbeit und hat die Kinderbetreuungskosten von 2.000 \u20ac \u00fcbernommen.<\/li>\n<li>Sie haben zudem 500 \u20ac f\u00fcr Reparaturarbeiten an Ihrem Haus (Dienstleistungen im Haushalt) ausgegeben.<\/li>\n<li>Da Christiane nur auf 538 \u20ac Basis arbeitet, muss sie Ihren Lohn nicht bei der Steuer angeben.<\/li>\n<\/ul>\n<p class=\"mt-5\"><strong>Ihre voraussichtliche Steuererstattung betr\u00e4gt:<\/strong><div class=\"lb-numberbox lb-numberbox-green\"> 571 \u20ac<\/div><\/p>\n<\/div>\n<\/div>\n<\/div>\n<p><\/div><\/p>\n<div style=\"text-align: left;\">\n<h3><strong>Wie hole ich noch mehr Erstattung raus?<\/strong><\/h3>\n<p>Dieser Steuerrechner beinhaltet einige wesentliche vereinfachte Aspekte der Steuer. Durch mehr Positionen die Du absetzen kannst, verringerst Du Dein versteuerndes Einkommen. Das sind z. B.:<\/p>\n<ul>\n<li>Ausgaben f\u00fcr Weiterbildungen<\/li>\n<li>Arbeitsmittel<\/li>\n<li>beruflich bedingte Umzugskosten<\/li>\n<li>Medikamente<\/li>\n<\/ul>\n<p>Durch Berechnung der Einkommensteuer mithilfe der Online Steuererkl\u00e4rung von smartsteuer holst Du mehr Erstattung raus! Das ist zurzeit im Durchschnitt 1.432 \u20ac. Warum?<\/p>\n<p>Smartsteuer f\u00fchrt Dich Schritt f\u00fcr Schritt durch Deinen Fall. Wir geben Dir n\u00fctzliche Steuertipps. Au\u00dferdem pr\u00fcfen wir Deine Steuererkl\u00e4rung, bevor Du sie ans Finanzamt sendest. Wir achten auf Vollst\u00e4ndigkeit und Plausibilit\u00e4t. Du siehst bereits vor der Abgabe, ob es sich f\u00fcr Dich lohnt. So kannst Du schnell und einfach die maximale Steuererstattung bekommen.<\/p>\n<p>Du kannst selbst entscheiden, ob Du Deine Steuererkl\u00e4rung ans Finanzamt abschicken m\u00f6chtest. smartsteuer ist bis zur Abgabe komplett kostenlos.<\/p>\n<\/div>\n<p><div class=\"lb-inline-tipp p-4 my-4 my-sm-5\">\n\t<div class=\"lb-inline-tipp-title\">\n\t\t<i class=\"fa-solid fa-lightbulb\" aria-hidden=\"true\"><\/i>Hinweis\n\t<\/div>\n\t<div class=\"lb-inline-tipp-content\">\n\t\t<\/p>\n<div style=\"text-align: left;\">\n<p>Der Est Rechner unterst\u00fctzt Dich mit einem Richtwert zur Orientierung. Er ersetzt nicht die Erstellung einer Steuererkl\u00e4rung. Wir beziehen uns bei der Berechnung der Steuer mit unserem Einkommensteuer Rechner auf aktuelle Informationen des <a href=\"https:\/\/www.bundesfinanzministerium.de\/Web\/DE\/Themen\/Steuern\/steuern.html\" target=\"_blank\" rel=\"noopener noreferrer\">Bundesfinanzministeriums<\/a> (BMF). Die Daten sind Ende 2025 aktualisiert worden.<\/p>\n<\/div>\n<p>\n\t<\/div>\n<\/div>\t       <\/p>\n<p>\n\t\t<\/div>\n\t<\/section>\n<\/div>\n<div class=\"sui-sheet-wrapper\">\n\t<section class=\"lb-section sui-sheet--up-flat sui-sheet-padding-flat sui-theme-electric sui-theme-box-2\">\n\t\t<div class=\"sui-container \">\n\t\t\t<\/p>\n<h2>Der Steuerrechner hat Dich neugierig gemacht?<\/h2>\n<p>Dann sicher Dir jetzt Deine Steuererstattung!<\/p>\n<p><a class='sui-button-cta mt-2 sui-button-xlarge' href='https:\/\/profil.smartsteuer.de\/service-redirect.html?myExternal=steuerrechner' role='button'>\n\tErstattung sichern\t\n<\/a><\/p>\n<p>\n\t\t<\/div>\n\t<\/section>\n<\/div>\n<div class=\"sui-sheet-wrapper\">\n\t<section class=\"lb-section sui-sheet--up-flat sui-sheet-padding-flat sui-theme-bright\">\n\t\t<div class=\"sui-container \">\n\t\t\t<\/p>\n<p><div class=\"lb-features\"><div class=\"sui-grid\" style=\"padding:0 !important;\"><div class=\"sui-row\"><div class=\"sui-col-third\"><div class=\"lb-features-item\">\n\t<div class=\"lb-features-icon pb-2 pb-sm-3 pb-md-4\">\n\t<i class=\"fa-solid fa-calculator\" style=\"color: var(--sui-color-electric-600)\" aria-hidden=\"true\"><\/i>\n<\/div>\n\t<div>\n\t\t<div class=\"h3 lb-features-title\">\n\tKurzarbeitergeld Rechner\n<\/div>\n\t\t<div class=\"lb-features-text\">\n\t\t\t<\/p>\n<p>Du beziehst Kurzarbeitergeld? Hier einfach Deine Steuererstattung berechnen.<\/p>\n<p>\n\t\t<\/div>\n\t\t<div class=\"lb-features-link mt-1\">\n\t<a class=\"lb-link sui-button-ghost sui-button-align-text\" href=\"https:\/\/www.smartsteuer.de\/online\/steuerwissen\/kurzarbeit\/#Kurzarbeitergeld-Rechner\">\n\t Kurzarbeitergeld Rechner\n\t <i class=\"fa-solid fa-chevron-right\" aria-hidden=\"true\"><\/i>\n\t<\/a>\n<\/div>\n\t<\/div>\n<\/div><\/div><div class=\"sui-col-third\"><div class=\"lb-features-item\">\n\t<div class=\"lb-features-icon pb-2 pb-sm-3 pb-md-4\">\n\t<i class=\"fa-solid fa-money-bill-wave\" style=\"color: var(--sui-color-electric-600)\" aria-hidden=\"true\"><\/i>\n<\/div>\n\t<div>\n\t\t<div class=\"h3 lb-features-title\">\n\tLohnrechner\n<\/div>\n\t\t<div class=\"lb-features-text\">\n\t\t\t<\/p>\n<p>Mit dem Gehaltsrechner kannst Du kinderleicht berechnen, was am Ende des Monats von Deinem Lohn \u00fcbrig bleibt.<\/p>\n<p>\n\t\t<\/div>\n\t\t<div class=\"lb-features-link mt-1\">\n\t<a class=\"lb-link sui-button-ghost sui-button-align-text\" href=\"https:\/\/www.smartsteuer.de\/online\/lohnrechner\/\">\n\t Brutto Netto Rechner\n\t <i class=\"fa-solid fa-chevron-right\" aria-hidden=\"true\"><\/i>\n\t<\/a>\n<\/div>\n\t<\/div>\n<\/div><\/div><div class=\"sui-col-third\"><div class=\"lb-features-item\">\n\t<div class=\"lb-features-icon pb-2 pb-sm-3 pb-md-4\">\n\t<i class=\"fa-solid fa-building\" style=\"color: var(--sui-color-electric-600)\" aria-hidden=\"true\"><\/i>\n<\/div>\n\t<div>\n\t\t<div class=\"h3 lb-features-title\">\n\tAu\u00dfergew\u00f6hnliche Belastungen\n<\/div>\n\t\t<div class=\"lb-features-text\">\n\t\t\t<\/p>\n<p>Berechne Deine au\u00dfergew\u00f6hnlichen Belastungen mit diesem Rechner.<\/p>\n<p>\n\t\t<\/div>\n\t\t<div class=\"lb-features-link mt-1\">\n\t<a class=\"lb-link sui-button-ghost sui-button-align-text\" href=\"https:\/\/www.smartsteuer.de\/online\/steuerrechner\/steuerrechner-aussergewoehnliche-belastung\/\">\n\t Au\u00dfergew\u00f6hnliche Belastungen Rechner\n\t <i class=\"fa-solid fa-chevron-right\" aria-hidden=\"true\"><\/i>\n\t<\/a>\n<\/div>\n\t<\/div>\n<\/div><\/div><\/div><\/div><\/div><\/p>\n<p>\n\t\t<\/div>\n\t<\/section>\n<\/div>\n","protected":false},"excerpt":{"rendered":"","protected":false},"author":20,"featured_media":0,"parent":0,"menu_order":0,"comment_status":"closed","ping_status":"closed","template":"steuerrechner.php","meta":{"_acf_changed":false,"footnotes":""},"class_list":["post-14863","page","type-page","status-publish","hentry"],"acf":[],"yoast_head":"<!-- This site is optimized with the Yoast SEO Premium plugin v27.5 (Yoast SEO v27.5) - https:\/\/yoast.com\/product\/yoast-seo-premium-wordpress\/ -->\n<title>Einkommensteuer Rechner \/ Steuerrechner \u2013 Steuer berechnen gratis<\/title>\n<meta name=\"description\" content=\"Mit dem Einkommensteuer Rechner von smartsteuer kostenlos ihre Steuern berechnen \u2705 Steuerr\u00fcckzahlung ermitteln.\" \/>\n<meta name=\"robots\" content=\"index, follow, max-snippet:-1, max-image-preview:large, max-video-preview:-1\" \/>\n<link rel=\"canonical\" href=\"https:\/\/www.smartsteuer.de\/online\/steuerrechner\/\" \/>\n<meta property=\"og:locale\" content=\"de_DE\" \/>\n<meta property=\"og:type\" content=\"article\" \/>\n<meta property=\"og:title\" content=\"Einkommensteuer Rechner \/ Steuerrechner - gratis Steuer berechnen\" \/>\n<meta property=\"og:description\" content=\"Mit dem Einkommensteuer Rechner von smartsteuer kostenlos ihre Steuern berechnen \u2705 Steuerr\u00fcckzahlung ermitteln.\" \/>\n<meta property=\"og:url\" content=\"https:\/\/www.smartsteuer.de\/online\/steuerrechner\/\" \/>\n<meta property=\"og:site_name\" content=\"smartsteuer\" \/>\n<meta property=\"article:publisher\" content=\"https:\/\/de-de.facebook.com\/smartsteuer\/\" \/>\n<meta property=\"article:modified_time\" content=\"2026-04-29T14:05:51+00:00\" \/>\n<meta property=\"og:image\" content=\"https:\/\/www.smartsteuer.de\/online\/wp-content\/uploads\/2021\/06\/sophie-steuerrechner.jpg\" \/>\n\t<meta property=\"og:image:width\" content=\"1254\" \/>\n\t<meta property=\"og:image:height\" content=\"836\" \/>\n\t<meta property=\"og:image:type\" content=\"image\/jpeg\" \/>\n<meta name=\"twitter:card\" content=\"summary_large_image\" \/>\n<meta name=\"twitter:site\" content=\"@smartsteuer\" \/>\n<meta name=\"twitter:label1\" content=\"Gesch\u00e4tzte Lesezeit\" \/>\n\t<meta name=\"twitter:data1\" content=\"4\u00a0Minuten\" \/>\n<script type=\"application\/ld+json\" class=\"yoast-schema-graph\">{\"@context\":\"https:\\\/\\\/schema.org\",\"@graph\":[{\"@type\":\"WebPage\",\"@id\":\"https:\\\/\\\/www.smartsteuer.de\\\/online\\\/steuerrechner\\\/\",\"url\":\"https:\\\/\\\/www.smartsteuer.de\\\/online\\\/steuerrechner\\\/\",\"name\":\"Einkommensteuer Rechner \\\/ Steuerrechner \u2013 Steuer berechnen gratis\",\"isPartOf\":{\"@id\":\"https:\\\/\\\/www.smartsteuer.de\\\/online\\\/#website\"},\"primaryImageOfPage\":{\"@id\":\"https:\\\/\\\/www.smartsteuer.de\\\/online\\\/steuerrechner\\\/#primaryimage\"},\"image\":{\"@id\":\"https:\\\/\\\/www.smartsteuer.de\\\/online\\\/steuerrechner\\\/#primaryimage\"},\"thumbnailUrl\":\"https:\\\/\\\/www.smartsteuer.de\\\/online\\\/wp-content\\\/uploads\\\/2021\\\/06\\\/sophie-steuerrechner.jpg\",\"datePublished\":\"2018-10-15T11:01:26+00:00\",\"dateModified\":\"2026-04-29T14:05:51+00:00\",\"description\":\"Mit dem Einkommensteuer Rechner von smartsteuer kostenlos ihre Steuern berechnen \u2705 Steuerr\u00fcckzahlung ermitteln.\",\"breadcrumb\":{\"@id\":\"https:\\\/\\\/www.smartsteuer.de\\\/online\\\/steuerrechner\\\/#breadcrumb\"},\"inLanguage\":\"de\",\"potentialAction\":[{\"@type\":\"ReadAction\",\"target\":[\"https:\\\/\\\/www.smartsteuer.de\\\/online\\\/steuerrechner\\\/\"]}]},{\"@type\":\"ImageObject\",\"inLanguage\":\"de\",\"@id\":\"https:\\\/\\\/www.smartsteuer.de\\\/online\\\/steuerrechner\\\/#primaryimage\",\"url\":\"https:\\\/\\\/www.smartsteuer.de\\\/online\\\/wp-content\\\/uploads\\\/2021\\\/06\\\/sophie-steuerrechner.jpg\",\"contentUrl\":\"https:\\\/\\\/www.smartsteuer.de\\\/online\\\/wp-content\\\/uploads\\\/2021\\\/06\\\/sophie-steuerrechner.jpg\",\"width\":1254,\"height\":836},{\"@type\":\"BreadcrumbList\",\"@id\":\"https:\\\/\\\/www.smartsteuer.de\\\/online\\\/steuerrechner\\\/#breadcrumb\",\"itemListElement\":[{\"@type\":\"ListItem\",\"position\":1,\"name\":\"Home\",\"item\":\"https:\\\/\\\/www.smartsteuer.de\\\/online\\\/\"},{\"@type\":\"ListItem\",\"position\":2,\"name\":\"Einkommensteuer Rechner \\\/ Steuerrechner &#8211; gratis Steuer berechnen\"}]},{\"@type\":\"WebSite\",\"@id\":\"https:\\\/\\\/www.smartsteuer.de\\\/online\\\/#website\",\"url\":\"https:\\\/\\\/www.smartsteuer.de\\\/online\\\/\",\"name\":\"smartsteuer\",\"description\":\"Steuererkl\u00e4rung 2024 online machen &amp; Steuern sparen\",\"publisher\":{\"@id\":\"https:\\\/\\\/www.smartsteuer.de\\\/online\\\/#organization\"},\"potentialAction\":[{\"@type\":\"SearchAction\",\"target\":{\"@type\":\"EntryPoint\",\"urlTemplate\":\"https:\\\/\\\/www.smartsteuer.de\\\/online\\\/?s={search_term_string}\"},\"query-input\":{\"@type\":\"PropertyValueSpecification\",\"valueRequired\":true,\"valueName\":\"search_term_string\"}}],\"inLanguage\":\"de\"},{\"@type\":\"Organization\",\"@id\":\"https:\\\/\\\/www.smartsteuer.de\\\/online\\\/#organization\",\"name\":\"smartsteuer GmbH\",\"url\":\"https:\\\/\\\/www.smartsteuer.de\\\/online\\\/\",\"logo\":{\"@type\":\"ImageObject\",\"inLanguage\":\"de\",\"@id\":\"https:\\\/\\\/www.smartsteuer.de\\\/online\\\/#\\\/schema\\\/logo\\\/image\\\/\",\"url\":\"https:\\\/\\\/www.smartsteuer.de\\\/online\\\/wp-content\\\/uploads\\\/2024\\\/11\\\/Favicon-smartsteuer.png\",\"contentUrl\":\"https:\\\/\\\/www.smartsteuer.de\\\/online\\\/wp-content\\\/uploads\\\/2024\\\/11\\\/Favicon-smartsteuer.png\",\"width\":512,\"height\":512,\"caption\":\"smartsteuer GmbH\"},\"image\":{\"@id\":\"https:\\\/\\\/www.smartsteuer.de\\\/online\\\/#\\\/schema\\\/logo\\\/image\\\/\"},\"sameAs\":[\"https:\\\/\\\/de-de.facebook.com\\\/smartsteuer\\\/\",\"https:\\\/\\\/x.com\\\/smartsteuer\",\"https:\\\/\\\/www.youtube.com\\\/channel\\\/UCu02GkFNrMRzwysT2SEmNrQ\"]}]}<\/script>\n<!-- \/ Yoast SEO Premium plugin. -->","yoast_head_json":{"title":"Einkommensteuer Rechner \/ Steuerrechner \u2013 Steuer berechnen gratis","description":"Mit dem Einkommensteuer Rechner von smartsteuer kostenlos ihre Steuern berechnen \u2705 Steuerr\u00fcckzahlung ermitteln.","robots":{"index":"index","follow":"follow","max-snippet":"max-snippet:-1","max-image-preview":"max-image-preview:large","max-video-preview":"max-video-preview:-1"},"canonical":"https:\/\/www.smartsteuer.de\/online\/steuerrechner\/","og_locale":"de_DE","og_type":"article","og_title":"Einkommensteuer Rechner \/ Steuerrechner - gratis Steuer berechnen","og_description":"Mit dem Einkommensteuer Rechner von smartsteuer kostenlos ihre Steuern berechnen \u2705 Steuerr\u00fcckzahlung ermitteln.","og_url":"https:\/\/www.smartsteuer.de\/online\/steuerrechner\/","og_site_name":"smartsteuer","article_publisher":"https:\/\/de-de.facebook.com\/smartsteuer\/","article_modified_time":"2026-04-29T14:05:51+00:00","og_image":[{"width":1254,"height":836,"url":"https:\/\/www.smartsteuer.de\/online\/wp-content\/uploads\/2021\/06\/sophie-steuerrechner.jpg","type":"image\/jpeg"}],"twitter_card":"summary_large_image","twitter_site":"@smartsteuer","twitter_misc":{"Gesch\u00e4tzte Lesezeit":"4\u00a0Minuten"},"schema":{"@context":"https:\/\/schema.org","@graph":[{"@type":"WebPage","@id":"https:\/\/www.smartsteuer.de\/online\/steuerrechner\/","url":"https:\/\/www.smartsteuer.de\/online\/steuerrechner\/","name":"Einkommensteuer Rechner \/ Steuerrechner \u2013 Steuer berechnen gratis","isPartOf":{"@id":"https:\/\/www.smartsteuer.de\/online\/#website"},"primaryImageOfPage":{"@id":"https:\/\/www.smartsteuer.de\/online\/steuerrechner\/#primaryimage"},"image":{"@id":"https:\/\/www.smartsteuer.de\/online\/steuerrechner\/#primaryimage"},"thumbnailUrl":"https:\/\/www.smartsteuer.de\/online\/wp-content\/uploads\/2021\/06\/sophie-steuerrechner.jpg","datePublished":"2018-10-15T11:01:26+00:00","dateModified":"2026-04-29T14:05:51+00:00","description":"Mit dem Einkommensteuer Rechner von smartsteuer kostenlos ihre Steuern berechnen \u2705 Steuerr\u00fcckzahlung ermitteln.","breadcrumb":{"@id":"https:\/\/www.smartsteuer.de\/online\/steuerrechner\/#breadcrumb"},"inLanguage":"de","potentialAction":[{"@type":"ReadAction","target":["https:\/\/www.smartsteuer.de\/online\/steuerrechner\/"]}]},{"@type":"ImageObject","inLanguage":"de","@id":"https:\/\/www.smartsteuer.de\/online\/steuerrechner\/#primaryimage","url":"https:\/\/www.smartsteuer.de\/online\/wp-content\/uploads\/2021\/06\/sophie-steuerrechner.jpg","contentUrl":"https:\/\/www.smartsteuer.de\/online\/wp-content\/uploads\/2021\/06\/sophie-steuerrechner.jpg","width":1254,"height":836},{"@type":"BreadcrumbList","@id":"https:\/\/www.smartsteuer.de\/online\/steuerrechner\/#breadcrumb","itemListElement":[{"@type":"ListItem","position":1,"name":"Home","item":"https:\/\/www.smartsteuer.de\/online\/"},{"@type":"ListItem","position":2,"name":"Einkommensteuer Rechner \/ Steuerrechner &#8211; gratis Steuer berechnen"}]},{"@type":"WebSite","@id":"https:\/\/www.smartsteuer.de\/online\/#website","url":"https:\/\/www.smartsteuer.de\/online\/","name":"smartsteuer","description":"Steuererkl\u00e4rung 2024 online machen &amp; Steuern sparen","publisher":{"@id":"https:\/\/www.smartsteuer.de\/online\/#organization"},"potentialAction":[{"@type":"SearchAction","target":{"@type":"EntryPoint","urlTemplate":"https:\/\/www.smartsteuer.de\/online\/?s={search_term_string}"},"query-input":{"@type":"PropertyValueSpecification","valueRequired":true,"valueName":"search_term_string"}}],"inLanguage":"de"},{"@type":"Organization","@id":"https:\/\/www.smartsteuer.de\/online\/#organization","name":"smartsteuer GmbH","url":"https:\/\/www.smartsteuer.de\/online\/","logo":{"@type":"ImageObject","inLanguage":"de","@id":"https:\/\/www.smartsteuer.de\/online\/#\/schema\/logo\/image\/","url":"https:\/\/www.smartsteuer.de\/online\/wp-content\/uploads\/2024\/11\/Favicon-smartsteuer.png","contentUrl":"https:\/\/www.smartsteuer.de\/online\/wp-content\/uploads\/2024\/11\/Favicon-smartsteuer.png","width":512,"height":512,"caption":"smartsteuer GmbH"},"image":{"@id":"https:\/\/www.smartsteuer.de\/online\/#\/schema\/logo\/image\/"},"sameAs":["https:\/\/de-de.facebook.com\/smartsteuer\/","https:\/\/x.com\/smartsteuer","https:\/\/www.youtube.com\/channel\/UCu02GkFNrMRzwysT2SEmNrQ"]}]}},"_links":{"self":[{"href":"https:\/\/www.smartsteuer.de\/online\/wp-json\/wp\/v2\/pages\/14863","targetHints":{"allow":["GET"]}}],"collection":[{"href":"https:\/\/www.smartsteuer.de\/online\/wp-json\/wp\/v2\/pages"}],"about":[{"href":"https:\/\/www.smartsteuer.de\/online\/wp-json\/wp\/v2\/types\/page"}],"author":[{"embeddable":true,"href":"https:\/\/www.smartsteuer.de\/online\/wp-json\/wp\/v2\/users\/20"}],"replies":[{"embeddable":true,"href":"https:\/\/www.smartsteuer.de\/online\/wp-json\/wp\/v2\/comments?post=14863"}],"version-history":[{"count":83,"href":"https:\/\/www.smartsteuer.de\/online\/wp-json\/wp\/v2\/pages\/14863\/revisions"}],"predecessor-version":[{"id":91054,"href":"https:\/\/www.smartsteuer.de\/online\/wp-json\/wp\/v2\/pages\/14863\/revisions\/91054"}],"wp:attachment":[{"href":"https:\/\/www.smartsteuer.de\/online\/wp-json\/wp\/v2\/media?parent=14863"}],"curies":[{"name":"wp","href":"https:\/\/api.w.org\/{rel}","templated":true}]}}