{"id":16076,"date":"2019-03-11T09:12:02","date_gmt":"2019-03-11T07:12:02","guid":{"rendered":"https:\/\/www.smartsteuer.de\/online\/?page_id=16076"},"modified":"2024-09-10T14:59:28","modified_gmt":"2024-09-10T12:59:28","slug":"smartsteuer-sicherheit","status":"publish","type":"page","link":"https:\/\/www.smartsteuer.de\/online\/smartsteuer-sicherheit\/","title":{"rendered":"smartsteuer Sicherheit"},"content":{"rendered":"<div class=\"sui-sheet-wrapper\">\n\t<section class=\"lb-section sui-sheet--up-flat sui-sheet-padding-flat sui-theme-bright\">\n\t\t<div class=\"sui-container \">\n\t\t\t<\/p>\n<h2>Das tun wir f\u00fcr die Sicherheit Ihrer Daten:<\/h2>\n<p><div class=\"lb-features\"><div class=\"sui-grid\" style=\"padding:0 !important;\"><div class=\"sui-row\"><div class=\"sui-col-third\"><div class=\"lb-features-item\">\n\t\n\t<div>\n\t\t\n\t\t<div class=\"lb-features-text\">\n\t\t\t<\/p>\n<p><img decoding=\"async\" class=\"alignnone wp-image-30551\" src=\"https:\/\/www.smartsteuer.de\/online\/wp-content\/uploads\/2020\/07\/map_2.svg\" alt=\"Karte\" width=\"100\" \/><\/p>\n<h3>Internationale Standards<\/h3>\n<p>Wir speichern alle Daten nach internationalen Sicherheitsstandards wie PCIDSS und SAS70 Typ IIb<\/p>\n<p>\n\t\t<\/div>\n\t\t\n\t<\/div>\n<\/div><\/div><div class=\"sui-col-third\"><div class=\"lb-features-item\">\n\t\n\t<div>\n\t\t\n\t\t<div class=\"lb-features-text\">\n\t\t\t<\/p>\n<p><img decoding=\"async\" class=\"alignnone wp-image-30554\" src=\"https:\/\/www.smartsteuer.de\/online\/wp-content\/uploads\/2020\/07\/\/ssl-sicherheit-mit-smartsteuer_2.svg\" alt=\"Schloss\" width=\"100\" \/><\/p>\n<h3>SSL<\/h3>\n<p>Wir verschl\u00fcsseln Ihre Daten und \u00fcbermitteln sie sicher via ELSTER an Ihr Finanzamt (gem\u00e4\u00df \u00a7 3 StD\u00dcV)<\/p>\n<p>\n\t\t<\/div>\n\t\t\n\t<\/div>\n<\/div><\/div><div class=\"sui-col-third\"><div class=\"lb-features-item\">\n\t\n\t<div>\n\t\t\n\t\t<div class=\"lb-features-text\">\n\t\t\t<\/p>\n<p><img decoding=\"async\" class=\"alignnone wp-image-30552\" src=\"https:\/\/www.smartsteuer.de\/online\/wp-content\/uploads\/2020\/07\/passwort_2.svg\" alt=\"Schl\u00fcssel\" width=\"100\" \/><\/p>\n<h3>Passwortgesch\u00fctzt<\/h3>\n<p>Wir sorgen f\u00fcr die zus\u00e4tzliche Sicherheit Ihrer Steuerf\u00e4lle<\/p>\n<p>\n\t\t<\/div>\n\t\t\n\t<\/div>\n<\/div><\/div><div class=\"sui-col-third\"><div class=\"lb-features-item\">\n\t\n\t<div>\n\t\t\n\t\t<div class=\"lb-features-text\">\n\t\t\t<\/p>\n<p><img decoding=\"async\" class=\"alignnone wp-image-30550\" src=\"https:\/\/www.smartsteuer.de\/online\/wp-content\/uploads\/2020\/07\/here_2.svg\" alt=\"Standort Deutschland\" width=\"100\" \/><\/p>\n<h3>Server-Standort Deutschland<\/h3>\n<p>Wir garantieren Ihnen h\u00f6chste Sicherheitsstandards durch die Speicherung Ihrer und unserer Daten in deutschen Rechenzentren<\/p>\n<p>\n\t\t<\/div>\n\t\t\n\t<\/div>\n<\/div><\/div><div class=\"sui-col-third\"><div class=\"lb-features-item\">\n\t\n\t<div>\n\t\t\n\t\t<div class=\"lb-features-text\">\n\t\t\t<\/p>\n<p><img decoding=\"async\" class=\"alignnone wp-image-30553\" src=\"https:\/\/www.smartsteuer.de\/online\/wp-content\/uploads\/2020\/07\/smartcheck_sst_2.svg\" alt=\"smartCheck\" width=\"100\" \/><\/p>\n<h3>smartCheck<\/h3>\n<p>Wir \u00fcberpr\u00fcfen Ihren Steuerfall und geben Ihnen Tipps zur Optimierung<\/p>\n<p>\n\t\t<\/div>\n\t\t\n\t<\/div>\n<\/div><\/div><\/div><\/div><\/div><\/p>\n<p><a class='sui-button-cta mt-2 sui-button-xlarge' href='https:\/\/profil.smartsteuer.de\/service-redirect.html?myExternal=sicherheit' role='button'>\n\tJetzt Steuererkl\u00e4rung starten!\t\n<\/a><\/p>\n<p>\n\t\t<\/div>\n\t<\/section>\n<\/div>\n<div class=\"sui-sheet-wrapper\">\n\t<section class=\"lb-section sui-sheet--up-flat sui-sheet-padding-flat sui-theme-bright\">\n\t\t<div class=\"sui-container \">\n\t\t\t<\/p>\n<h2>Auch Sie k\u00f6nnen etwas f\u00fcr Ihre Datensicherheit tun<\/h2>\n<h4>Nutzen Sie sichere Passw\u00f6rter! Hier gilt:<\/h4>\n<p><div class=\"sui-sheet-wrapper\"><section class=\"sui-sheet--up-flat\"><div class=\"d-flex flex-column flex-md-row m-0\"><\/p>\n<p><div class=\"sui-split-half sui-theme-bright\"><div class=\"sui-split-inner\"><\/p>\n<p><div class=\"lb-features-list\"><\/p>\n<p><div class=\"lb-features-item\">\n\t<div class=\"lb-features-icon pb-2 pb-sm-3 pb-md-4\">\n\t<i class=\"fas fa-check\" style=\"color: var(--sui-color-electric-600)\" aria-hidden=\"true\"><\/i>\n<\/div>\n\t<div>\n\t\t<div class=\"h3 lb-features-title\">\n\tJe l\u00e4nger desto besser\n<\/div>\n\t\t<div class=\"lb-features-text\">\n\t\t\t<\/p>\n<p>Sichere Passw\u00f6rter sollten mindestens 12 Zeichen lang sein.<\/p>\n<p>\n\t\t<\/div>\n\t\t\n\t<\/div>\n<\/div><\/p>\n<p><div class=\"lb-features-item\">\n\t<div class=\"lb-features-icon pb-2 pb-sm-3 pb-md-4\">\n\t<i class=\"fas fa-check\" style=\"color: var(--sui-color-electric-600)\" aria-hidden=\"true\"><\/i>\n<\/div>\n\t<div>\n\t\t<div class=\"h3 lb-features-title\">\n\tNutzen Sie alle verf\u00fcgbaren Zeichen\n<\/div>\n\t\t<div class=\"lb-features-text\">\n\t\t\t<\/p>\n<p>Ihr Passwort sollte aus Gro\u00df- und Kleinbuchstaben, Ziffern und Sonderzeichen bestehen.<\/p>\n<p>\n\t\t<\/div>\n\t\t\n\t<\/div>\n<\/div><\/p>\n<p><div class=\"lb-features-item\">\n\t<div class=\"lb-features-icon pb-2 pb-sm-3 pb-md-4\">\n\t<i class=\"fas fa-check\" style=\"color: var(--sui-color-electric-600)\" aria-hidden=\"true\"><\/i>\n<\/div>\n\t<div>\n\t\t<div class=\"h3 lb-features-title\">\n\tKeine Namen oder W\u00f6rter\n<\/div>\n\t\t<div class=\"lb-features-text\">\n\t\t\t<\/p>\n<p>Ein gutes Passwort sollte keine Namen von Familienmitgliedern oder Haustieren, Geburtsdaten oder W\u00f6rter aus dem W\u00f6rterbuch enthalten.<\/p>\n<p>\n\t\t<\/div>\n\t\t\n\t<\/div>\n<\/div><\/p>\n<p><\/div><\/p>\n<p><\/div><\/div><\/p>\n<p><div class=\"sui-split-half sui-theme-bright\"><div class=\"sui-split-inner\"><\/p>\n<p><div class=\"lb-features-list\"><\/p>\n<p><div class=\"lb-features-item\">\n\t<div class=\"lb-features-icon pb-2 pb-sm-3 pb-md-4\">\n\t<i class=\"fas fa-check\" style=\"color: var(--sui-color-electric-600)\" aria-hidden=\"true\"><\/i>\n<\/div>\n\t<div>\n\t\t<div class=\"h3 lb-features-title\">\n\tBewahren Sie Passw\u00f6rter sicher auf\n<\/div>\n\t\t<div class=\"lb-features-text\">\n\t\t\t<\/p>\n<p>Nicht an den Monitor kleben, stattdessen lieber in den Rollcontainer einschlie\u00dfen.<\/p>\n<p>\n\t\t<\/div>\n\t\t\n\t<\/div>\n<\/div><\/p>\n<p><div class=\"lb-features-item\">\n\t<div class=\"lb-features-icon pb-2 pb-sm-3 pb-md-4\">\n\t<i class=\"fas fa-check\" style=\"color: var(--sui-color-electric-600)\" aria-hidden=\"true\"><\/i>\n<\/div>\n\t<div>\n\t\t<div class=\"h3 lb-features-title\">\n\tNutzen Sie einen Passwort-Manager\n<\/div>\n\t\t<div class=\"lb-features-text\">\n\t\t\t<\/p>\n<p>Damit verwalten Sie Ihre Passw\u00f6rter sicher. Au\u00dferdem helfen die Programme Ihnen beim Finden eines sicheren Passwortes.<\/p>\n<p>\n\t\t<\/div>\n\t\t\n\t<\/div>\n<\/div><\/p>\n<p><div class=\"lb-features-item\">\n\t<div class=\"lb-features-icon pb-2 pb-sm-3 pb-md-4\">\n\t<i class=\"fas fa-check\" style=\"color: var(--sui-color-electric-600)\" aria-hidden=\"true\"><\/i>\n<\/div>\n\t<div>\n\t\t<div class=\"h3 lb-features-title\">\n\tVergeben Sie je Seite ein eigenes Passwort\n<\/div>\n\t\t<div class=\"lb-features-text\">\n\t\t\t<\/p>\n<p>Nutzen Sie f\u00fcr jede Webseite ein eigenes Passwort.<\/p>\n<p>\n\t\t<\/div>\n\t\t\n\t<\/div>\n<\/div><\/p>\n<p><\/div><\/p>\n<p><\/div><\/div><\/p>\n<p><\/div><\/section><\/div><\/p>\n<p>\n\t\t<\/div>\n\t<\/section>\n<\/div>\n<div class=\"sui-sheet-wrapper\">\n\t<section class=\"lb-section sui-sheet--up-flat sui-sheet-padding-flat sui-theme-bright\">\n\t\t<div class=\"sui-container \">\n\t\t\t<\/p>\n<p><a class=\"lb-link sui-button-ghost\" href=\"https:\/\/www.bsi.bund.de\/dok\/6596574\">Weitere Informationen zu sicheren Passw\u00f6rtern finden Sie auf der Seite des BSI<i class=\"fa-solid fa-chevron-right\" aria-hidden=\"true\"><\/i><\/a><\/p>\n<p>\n\t\t<\/div>\n\t<\/section>\n<\/div>\n<div class=\"sui-sheet-wrapper\">\n\t<section class=\"lb-section sui-sheet--up-flat sui-sheet-padding-flat sui-theme-bright\">\n\t\t<div class=\"sui-container \">\n\t\t\t<\/p>\n<h2>Wie kommen Betr\u00fcger an Ihre Daten?<\/h2>\n<p><a class=\"lb-link sui-button-ghost\" href=\"https:\/\/www.smartsteuer.de\/online\/vorsicht-phishing\/\">Informationen zum Thema Phishing erhalten Sie hier.<i class=\"fa-solid fa-chevron-right\" aria-hidden=\"true\"><\/i><\/a><\/p>\n<p>\n\t\t<\/div>\n\t<\/section>\n<\/div>\n<div class=\"sui-sheet-wrapper\">\n\t<section class=\"lb-section sui-sheet--up-flat sui-sheet-padding-flat sui-theme-bright\">\n\t\t<div class=\"sui-container \">\n\t\t\t<\/p>\n<h2>smartsteuer ist<\/h2>\n<p><div class=\"lb-features\"><div class=\"sui-grid\" style=\"padding:0 !important;\"><div class=\"sui-row\"><div class=\"sui-col-third\"><div class=\"lb-features-item\">\n\t<div class=\"lb-features-icon pb-2 pb-sm-3 pb-md-4\">\n\t<i class=\"fas fa-home\" style=\"color: var(--sui-color-electric-600)\" aria-hidden=\"true\"><\/i>\n<\/div>\n\t<div>\n\t\t<div class=\"h3 lb-features-title\">\n\tHosted in Germany\n<\/div>\n\t\t<div class=\"lb-features-text\">\n\t\t\t<\/p>\n<p>\n\t\t<\/div>\n\t\t\n\t<\/div>\n<\/div><\/div><div class=\"sui-col-third\"><div class=\"lb-features-item\">\n\t<div class=\"lb-features-icon pb-2 pb-sm-3 pb-md-4\">\n\t<i class=\"fas fa-thumbs-up\" style=\"color: var(--sui-color-electric-600)\" aria-hidden=\"true\"><\/i>\n<\/div>\n\t<div>\n\t\t<div class=\"h3 lb-features-title\">\n\tVom Finanzamt anerkannt\n<\/div>\n\t\t<div class=\"lb-features-text\">\n\t\t\t<\/p>\n<p>\n\t\t<\/div>\n\t\t\n\t<\/div>\n<\/div><\/div><div class=\"sui-col-third\"><div class=\"lb-features-item\">\n\t<div class=\"lb-features-icon pb-2 pb-sm-3 pb-md-4\">\n\t<i class=\"fas fa-shield-alt\" style=\"color: var(--sui-color-electric-600)\" aria-hidden=\"true\"><\/i>\n<\/div>\n\t<div>\n\t\t<div class=\"h3 lb-features-title\">\n\tSicher dank<br \/>\nBanken-Standards\n<\/div>\n\t\t<div class=\"lb-features-text\">\n\t\t\t<\/p>\n<p>\n\t\t<\/div>\n\t\t\n\t<\/div>\n<\/div><\/div><\/div><\/div><\/div><\/p>\n<p>\n\t\t<\/div>\n\t<\/section>\n<\/div>\n\n<!-- Desktop -->\n<div class=\"sui-sheet-wrapper\">\n\t<section class=\"lb-section lb-seals sui-sheet--up-flat sui-sheet-padding-flat sui-theme-bright\">\n\n\t\t<div>\n\n\t\t\t<div class=\"sui-container\">\n\t\t\t\t<h2>\n\t\t\t\t\tMehrfach getestet<br>und f\u00fcr \n\t\t\t\t\t<strong style=\"color:var(--sui-color-electric-600); font-weight: inherit\">\u00bbsehr gut\u00ab<\/strong>\n\t\t\t\t\tbefunden.\n\t\t\t\t<\/h2>\n\t\t\t<\/div>\n\n\t\t\t<div class=\"sui-container px-lg-6 d-none d-md-block\">\n\n\t\t\t\t<div class=\"row align-items-center px-6 mt-5\">\n\n\t\t\t\t\t<div class=\"col-sm px-2 px-xl-5\">\n\t\t\t\t\t\t<a href=\"https:\/\/smartsteuer-mrk.objectstorage.fes.cloud.syseleven.net\/zertifikate\/Zertifikat_SHiG_digital_smartsteuer_GmbH.PDF\"\n\t\t\t\t\t\t\ttitle=\"Made (and hosted) in Germany\"\n\t\t\t\t\t\t\ttarget=\"_blank\">\n\t\t\t\t\t\t\t<img decoding=\"async\" src=\"\n\t\t\t\t\t\t\thttps:\/\/www.smartsteuer.de\/online\/wp-content\/plugins\/plugin-landingpagebuilder\/src\/elements\/seals\/\t\t\t\t\t\t\timg\/logo-shig.webp\" style=\"width:90%;\"\n\t\t\t\t\t\t\t\talt=\"Hosted in germany\">\n\t\t\t\t\t\t<\/a>\n\t\t\t\t\t<\/div>\n\n\t\t\t\t\t<div class=\"col-sm px-2 px-xl-4\">\n\t\t\t\t\t\t<a href=\"https:\/\/finanzwissen.de\/erfahrungen\/smartsteuer\/\"\n\t\t\t\t\t\t\ttitle=\"Erfahrungen & Bewertungen zu smartsteuer GmbH anzeigen\" target=\"_blank\"\n\t\t\t\t\t\t\tstyle=\"text-decoration:none;\">\n\t\t\t\t\t\t\t<img decoding=\"async\" src=\"\n\t\t\t\t\t\t\thttps:\/\/www.smartsteuer.de\/online\/wp-content\/plugins\/plugin-landingpagebuilder\/src\/elements\/seals\/\t\t\t\t\t\t\timg\/seal-finanzwissen.webp\"\n\t\t\t\t\t\t\t\talt=\"Finanzwissen\"\/>\n\t\t\t\t\t\t<\/a>\n\t\t\t\t\t<\/div>\n\n\t\t\t\t\t<div class=\"col-sm px-2 px-xl-5\">\n\t\t\t\t\t\t<a href=\"https:\/\/www.tuv-saar.com\/certificates\/46535\" target=\"_blank\">\n\t\t\t\t\t\t\t<img decoding=\"async\" src=\"\n\t\t\t\t\t\t\thttps:\/\/www.smartsteuer.de\/online\/wp-content\/plugins\/plugin-landingpagebuilder\/src\/elements\/seals\/\t\t\t\t\t\t\timg\/tuev-saarland-datenschutz.svg\"\n\t\t\t\t\t\t\t\talt=\"T\u00dcV Saarland Datenschutz\"\/>\n\t\t\t\t\t\t<\/a>\n\t\t\t\t\t<\/div>\n\n\t\t\t\t<\/div>\n\t\t\t<\/div>\n\n\t\t\t<!-- Mobile -->\n\n\t\t\t<div class=\"sui-container px-0 d-block d-md-none\">\n\n\t\t\t\t<div class=\"sui-swiper\">\n\n\t\t\t\t\t<div class=\"sui-swiper-slide\" style=\"height: 200px;\">\n\t\t\t\t\t\t<div class=\"d-flex align-items-center\">\n\t\t\t\t\t\t\t<div class=\"flex-1 px-1 pr-sm-2 pl-sm-4\">\n\t\t\t\t\t\t\t\t<a target=\"_blank\" href=\"https:\/\/www.tuv-saar.com\/certificates\/46535\">\n\t\t\t\t\t\t\t\t\t<img\n\t\t\t\t\t\t\t\t\t\tsrc=\"https:\/\/www.smartsteuer.de\/online\/wp-content\/plugins\/plugin-landingpagebuilder\/src\/elements\/seals\/img\/tuev-saarland-datenschutz.svg\"\n\t\t\t\t\t\t\t\t\t\talt=\"T\u00dcV Saarland Datenschutz\" style=\"width: 100%;\"\/>\n\t\t\t\t\t\t\t\t<\/a>\n\t\t\t\t\t\t\t<\/div>\n\t\t\t\t\t\t\t<div class=\"flex-1 px-1 pr-sm-4 pl-sm-4\">\n\t\t\t\t\t\t\t\t<a href=\"https:\/\/finanzwissen.de\/erfahrungen\/smartsteuer\/\"\n\t\t\t\t\t\t\t\t\ttitle=\"Erfahrungen & Bewertungen zu smartsteuer GmbH anzeigen\" target=\"_blank\"\n\t\t\t\t\t\t\t\t\tstyle=\"text-decoration:none;\">\n\t\t\t\t\t\t\t\t\t<img decoding=\"async\" src=\"\n\t\t\t\t\t\t\t\t\thttps:\/\/www.smartsteuer.de\/online\/wp-content\/plugins\/plugin-landingpagebuilder\/src\/elements\/seals\/\t\t\t\t\t\t\t\t\timg\/seal-finanzwissen.webp\"\n\t\t\t\t\t\t\t\t\t\talt=\"Finanzwissen\"\/>\n\t\t\t\t\t\t\t\t<\/a>\n\t\t\t\t\t\t\t<\/div>\n\t\t\t\t\t\t<\/div>\n\t\t\t\t\t<\/div>\n\n\t\t\t\t\t<div class=\"sui-swiper-slide\" style=\"height: 200px;\">\n\t\t\t\t\t\t<div class=\"d-flex flex-1 justify-content-center px-2 px-sm-5\">\n\t\t\t\t\t\t\t<a target=\"_blank\" href=\"https:\/\/smartsteuer-mrk.objectstorage.fes.cloud.syseleven.net\/zertifikate\/Zertifikat_SHiG_digital_smartsteuer_GmbH.PDF\">\n\t\t\t\t\t\t\t\t<img decoding=\"async\" src=\"\n\t\t\t\t\t\t\t\t\thttps:\/\/www.smartsteuer.de\/online\/wp-content\/plugins\/plugin-landingpagebuilder\/src\/elements\/seals\/\t\t\t\t\t\t\t\t\timg\/logo-shig.webp\"\n\t\t\t\t\t\t\t\t\talt=\"Hosted in Germany\"\n\t\t\t\t\t\t\t\t\tstyle=\"max-height: 200px;\"\/>\n\t\t\t\t\t\t\t<\/a>\n\t\t\t\t\t\t<\/div>\n\t\t\t\t\t<\/div>\n\n\t\t\t\t<\/div>\n\t\t\t<\/div>\n\n\t\t<\/div>\n\n\t<\/section>\n<\/div>\n\n<div class=\"sui-sheet-wrapper\">\n\t<section class=\"lb-section lb-support sui-sheet--up-flat sui-sheet-padding-flat sui-theme-bright\">\n\t\t<div class=\"sui-container\">\n\t\t\t<h2>Hilfe & Technischer Support<\/h2>\n\n\t\t\t\t\t\t\t<p>\n\t\t\t\t\tSchau vorab in unserem Hilfebereich nach, ob Du hier bereits eine Antwort findest! Ansonsten\n\t\t\t\t\tbeantworten wir Deine Fragen auch per Mail.\n\t\t\t\t<\/p>\n\t\t\t\t<a href=\"https:\/\/www.smartsteuer.de\/online\/service\/faq\/\" title=\"FAQ\"\n\t\t\t\t\tclass=\"sui-button-primary mt-2 mb-5\">\n\t\t\t\t\tZur FAQ\n\t\t\t\t<\/a>\n\t\t\t\n\t\t\t<div>\n\t\t\t\t<p>\n\t\t\t\t\tSende uns eine E-Mail mit Deinem Anliegen an<br>\n\t\t\t\t\t<strong>\n\t\t\t\t\t\t<a href=\"mailto:hilfe@smartsteuer.de\">hilfe@smartsteuer.de<\/a>\n\t\t\t\t\t<\/strong>\n\t\t\t\t<\/p>\n\t\t\t\t<div>\n\t\t\t\t\t<img decoding=\"async\" src=\"https:\/\/www.smartsteuer.de\/online\/wp-content\/plugins\/plugin-landingpagebuilder\/src\/elements\/support\/img\/germany.svg\" width=\"35px\" height=\"35\"\n\t\t\t\t\t\talt=\"Email support in German\" title=\"Email-Support auf Deutsch\"\/>\n\t\t\t\t\t<img decoding=\"async\" src=\"https:\/\/www.smartsteuer.de\/online\/wp-content\/plugins\/plugin-landingpagebuilder\/src\/elements\/support\/img\/uk.svg\" width=\"35px\" height=\"35\"\n\t\t\t\t\t\talt=\"Email support in English\" title=\"Email support in English\"\/>\n\t\t\t\t<\/div>\n\t\t\t<\/div>\n\t\t<\/div>\n\t<\/section>\n<\/div>\n\n","protected":false},"excerpt":{"rendered":"","protected":false},"author":20,"featured_media":0,"parent":0,"menu_order":0,"comment_status":"closed","ping_status":"closed","template":"landingpage-template.php","meta":{"_acf_changed":false,"footnotes":""},"class_list":["post-16076","page","type-page","status-publish","hentry"],"acf":[],"yoast_head":"<!-- This site is optimized with the Yoast SEO Premium plugin v27.5 (Yoast SEO v27.5) - https:\/\/yoast.com\/product\/yoast-seo-premium-wordpress\/ -->\n<title>smartsteuer Sicherheit<\/title>\n<meta name=\"description\" content=\"smartsteuer Sicherheit - smartsteuer\" \/>\n<meta name=\"robots\" content=\"index, follow, max-snippet:-1, max-image-preview:large, max-video-preview:-1\" \/>\n<link rel=\"canonical\" href=\"https:\/\/www.smartsteuer.de\/online\/smartsteuer-sicherheit\/\" \/>\n<meta property=\"og:locale\" content=\"de_DE\" \/>\n<meta property=\"og:type\" content=\"article\" \/>\n<meta property=\"og:title\" content=\"smartsteuer Sicherheit\" \/>\n<meta property=\"og:description\" content=\"smartsteuer Sicherheit - smartsteuer\" \/>\n<meta property=\"og:url\" content=\"https:\/\/www.smartsteuer.de\/online\/smartsteuer-sicherheit\/\" \/>\n<meta property=\"og:site_name\" content=\"smartsteuer\" \/>\n<meta property=\"article:publisher\" content=\"https:\/\/de-de.facebook.com\/smartsteuer\/\" \/>\n<meta property=\"article:modified_time\" content=\"2024-09-10T12:59:28+00:00\" \/>\n<meta property=\"og:image\" content=\"https:\/\/www.smartsteuer.de\/online\/wp-content\/uploads\/2020\/07\/map_2.svg\" \/>\n<meta name=\"twitter:card\" content=\"summary_large_image\" \/>\n<meta name=\"twitter:site\" content=\"@smartsteuer\" \/>\n<meta name=\"twitter:label1\" content=\"Gesch\u00e4tzte Lesezeit\" \/>\n\t<meta name=\"twitter:data1\" content=\"3\u00a0Minuten\" \/>\n<script type=\"application\/ld+json\" class=\"yoast-schema-graph\">{\"@context\":\"https:\\\/\\\/schema.org\",\"@graph\":[{\"@type\":\"WebPage\",\"@id\":\"https:\\\/\\\/www.smartsteuer.de\\\/online\\\/smartsteuer-sicherheit\\\/\",\"url\":\"https:\\\/\\\/www.smartsteuer.de\\\/online\\\/smartsteuer-sicherheit\\\/\",\"name\":\"smartsteuer Sicherheit\",\"isPartOf\":{\"@id\":\"https:\\\/\\\/www.smartsteuer.de\\\/online\\\/#website\"},\"primaryImageOfPage\":{\"@id\":\"https:\\\/\\\/www.smartsteuer.de\\\/online\\\/smartsteuer-sicherheit\\\/#primaryimage\"},\"image\":{\"@id\":\"https:\\\/\\\/www.smartsteuer.de\\\/online\\\/smartsteuer-sicherheit\\\/#primaryimage\"},\"thumbnailUrl\":\"https:\\\/\\\/www.smartsteuer.de\\\/online\\\/wp-content\\\/uploads\\\/2020\\\/07\\\/map_2.svg\",\"datePublished\":\"2019-03-11T07:12:02+00:00\",\"dateModified\":\"2024-09-10T12:59:28+00:00\",\"description\":\"smartsteuer Sicherheit - smartsteuer\",\"breadcrumb\":{\"@id\":\"https:\\\/\\\/www.smartsteuer.de\\\/online\\\/smartsteuer-sicherheit\\\/#breadcrumb\"},\"inLanguage\":\"de\",\"potentialAction\":[{\"@type\":\"ReadAction\",\"target\":[\"https:\\\/\\\/www.smartsteuer.de\\\/online\\\/smartsteuer-sicherheit\\\/\"]}]},{\"@type\":\"ImageObject\",\"inLanguage\":\"de\",\"@id\":\"https:\\\/\\\/www.smartsteuer.de\\\/online\\\/smartsteuer-sicherheit\\\/#primaryimage\",\"url\":\"https:\\\/\\\/www.smartsteuer.de\\\/online\\\/wp-content\\\/uploads\\\/2020\\\/07\\\/map_2.svg\",\"contentUrl\":\"https:\\\/\\\/www.smartsteuer.de\\\/online\\\/wp-content\\\/uploads\\\/2020\\\/07\\\/map_2.svg\",\"caption\":\"Karte\"},{\"@type\":\"BreadcrumbList\",\"@id\":\"https:\\\/\\\/www.smartsteuer.de\\\/online\\\/smartsteuer-sicherheit\\\/#breadcrumb\",\"itemListElement\":[{\"@type\":\"ListItem\",\"position\":1,\"name\":\"Home\",\"item\":\"https:\\\/\\\/www.smartsteuer.de\\\/online\\\/\"},{\"@type\":\"ListItem\",\"position\":2,\"name\":\"smartsteuer Sicherheit\"}]},{\"@type\":\"WebSite\",\"@id\":\"https:\\\/\\\/www.smartsteuer.de\\\/online\\\/#website\",\"url\":\"https:\\\/\\\/www.smartsteuer.de\\\/online\\\/\",\"name\":\"smartsteuer\",\"description\":\"Steuererkl\u00e4rung 2024 online machen &amp; Steuern sparen\",\"publisher\":{\"@id\":\"https:\\\/\\\/www.smartsteuer.de\\\/online\\\/#organization\"},\"potentialAction\":[{\"@type\":\"SearchAction\",\"target\":{\"@type\":\"EntryPoint\",\"urlTemplate\":\"https:\\\/\\\/www.smartsteuer.de\\\/online\\\/?s={search_term_string}\"},\"query-input\":{\"@type\":\"PropertyValueSpecification\",\"valueRequired\":true,\"valueName\":\"search_term_string\"}}],\"inLanguage\":\"de\"},{\"@type\":\"Organization\",\"@id\":\"https:\\\/\\\/www.smartsteuer.de\\\/online\\\/#organization\",\"name\":\"smartsteuer GmbH\",\"url\":\"https:\\\/\\\/www.smartsteuer.de\\\/online\\\/\",\"logo\":{\"@type\":\"ImageObject\",\"inLanguage\":\"de\",\"@id\":\"https:\\\/\\\/www.smartsteuer.de\\\/online\\\/#\\\/schema\\\/logo\\\/image\\\/\",\"url\":\"https:\\\/\\\/www.smartsteuer.de\\\/online\\\/wp-content\\\/uploads\\\/2024\\\/11\\\/Favicon-smartsteuer.png\",\"contentUrl\":\"https:\\\/\\\/www.smartsteuer.de\\\/online\\\/wp-content\\\/uploads\\\/2024\\\/11\\\/Favicon-smartsteuer.png\",\"width\":512,\"height\":512,\"caption\":\"smartsteuer GmbH\"},\"image\":{\"@id\":\"https:\\\/\\\/www.smartsteuer.de\\\/online\\\/#\\\/schema\\\/logo\\\/image\\\/\"},\"sameAs\":[\"https:\\\/\\\/de-de.facebook.com\\\/smartsteuer\\\/\",\"https:\\\/\\\/x.com\\\/smartsteuer\",\"https:\\\/\\\/www.youtube.com\\\/channel\\\/UCu02GkFNrMRzwysT2SEmNrQ\"]}]}<\/script>\n<!-- \/ Yoast SEO Premium plugin. -->","yoast_head_json":{"title":"smartsteuer Sicherheit","description":"smartsteuer Sicherheit - smartsteuer","robots":{"index":"index","follow":"follow","max-snippet":"max-snippet:-1","max-image-preview":"max-image-preview:large","max-video-preview":"max-video-preview:-1"},"canonical":"https:\/\/www.smartsteuer.de\/online\/smartsteuer-sicherheit\/","og_locale":"de_DE","og_type":"article","og_title":"smartsteuer Sicherheit","og_description":"smartsteuer Sicherheit - smartsteuer","og_url":"https:\/\/www.smartsteuer.de\/online\/smartsteuer-sicherheit\/","og_site_name":"smartsteuer","article_publisher":"https:\/\/de-de.facebook.com\/smartsteuer\/","article_modified_time":"2024-09-10T12:59:28+00:00","og_image":[{"url":"https:\/\/www.smartsteuer.de\/online\/wp-content\/uploads\/2020\/07\/map_2.svg","type":"","width":"","height":""}],"twitter_card":"summary_large_image","twitter_site":"@smartsteuer","twitter_misc":{"Gesch\u00e4tzte Lesezeit":"3\u00a0Minuten"},"schema":{"@context":"https:\/\/schema.org","@graph":[{"@type":"WebPage","@id":"https:\/\/www.smartsteuer.de\/online\/smartsteuer-sicherheit\/","url":"https:\/\/www.smartsteuer.de\/online\/smartsteuer-sicherheit\/","name":"smartsteuer Sicherheit","isPartOf":{"@id":"https:\/\/www.smartsteuer.de\/online\/#website"},"primaryImageOfPage":{"@id":"https:\/\/www.smartsteuer.de\/online\/smartsteuer-sicherheit\/#primaryimage"},"image":{"@id":"https:\/\/www.smartsteuer.de\/online\/smartsteuer-sicherheit\/#primaryimage"},"thumbnailUrl":"https:\/\/www.smartsteuer.de\/online\/wp-content\/uploads\/2020\/07\/map_2.svg","datePublished":"2019-03-11T07:12:02+00:00","dateModified":"2024-09-10T12:59:28+00:00","description":"smartsteuer Sicherheit - smartsteuer","breadcrumb":{"@id":"https:\/\/www.smartsteuer.de\/online\/smartsteuer-sicherheit\/#breadcrumb"},"inLanguage":"de","potentialAction":[{"@type":"ReadAction","target":["https:\/\/www.smartsteuer.de\/online\/smartsteuer-sicherheit\/"]}]},{"@type":"ImageObject","inLanguage":"de","@id":"https:\/\/www.smartsteuer.de\/online\/smartsteuer-sicherheit\/#primaryimage","url":"https:\/\/www.smartsteuer.de\/online\/wp-content\/uploads\/2020\/07\/map_2.svg","contentUrl":"https:\/\/www.smartsteuer.de\/online\/wp-content\/uploads\/2020\/07\/map_2.svg","caption":"Karte"},{"@type":"BreadcrumbList","@id":"https:\/\/www.smartsteuer.de\/online\/smartsteuer-sicherheit\/#breadcrumb","itemListElement":[{"@type":"ListItem","position":1,"name":"Home","item":"https:\/\/www.smartsteuer.de\/online\/"},{"@type":"ListItem","position":2,"name":"smartsteuer Sicherheit"}]},{"@type":"WebSite","@id":"https:\/\/www.smartsteuer.de\/online\/#website","url":"https:\/\/www.smartsteuer.de\/online\/","name":"smartsteuer","description":"Steuererkl\u00e4rung 2024 online machen &amp; Steuern sparen","publisher":{"@id":"https:\/\/www.smartsteuer.de\/online\/#organization"},"potentialAction":[{"@type":"SearchAction","target":{"@type":"EntryPoint","urlTemplate":"https:\/\/www.smartsteuer.de\/online\/?s={search_term_string}"},"query-input":{"@type":"PropertyValueSpecification","valueRequired":true,"valueName":"search_term_string"}}],"inLanguage":"de"},{"@type":"Organization","@id":"https:\/\/www.smartsteuer.de\/online\/#organization","name":"smartsteuer GmbH","url":"https:\/\/www.smartsteuer.de\/online\/","logo":{"@type":"ImageObject","inLanguage":"de","@id":"https:\/\/www.smartsteuer.de\/online\/#\/schema\/logo\/image\/","url":"https:\/\/www.smartsteuer.de\/online\/wp-content\/uploads\/2024\/11\/Favicon-smartsteuer.png","contentUrl":"https:\/\/www.smartsteuer.de\/online\/wp-content\/uploads\/2024\/11\/Favicon-smartsteuer.png","width":512,"height":512,"caption":"smartsteuer GmbH"},"image":{"@id":"https:\/\/www.smartsteuer.de\/online\/#\/schema\/logo\/image\/"},"sameAs":["https:\/\/de-de.facebook.com\/smartsteuer\/","https:\/\/x.com\/smartsteuer","https:\/\/www.youtube.com\/channel\/UCu02GkFNrMRzwysT2SEmNrQ"]}]}},"_links":{"self":[{"href":"https:\/\/www.smartsteuer.de\/online\/wp-json\/wp\/v2\/pages\/16076","targetHints":{"allow":["GET"]}}],"collection":[{"href":"https:\/\/www.smartsteuer.de\/online\/wp-json\/wp\/v2\/pages"}],"about":[{"href":"https:\/\/www.smartsteuer.de\/online\/wp-json\/wp\/v2\/types\/page"}],"author":[{"embeddable":true,"href":"https:\/\/www.smartsteuer.de\/online\/wp-json\/wp\/v2\/users\/20"}],"replies":[{"embeddable":true,"href":"https:\/\/www.smartsteuer.de\/online\/wp-json\/wp\/v2\/comments?post=16076"}],"version-history":[{"count":65,"href":"https:\/\/www.smartsteuer.de\/online\/wp-json\/wp\/v2\/pages\/16076\/revisions"}],"predecessor-version":[{"id":67007,"href":"https:\/\/www.smartsteuer.de\/online\/wp-json\/wp\/v2\/pages\/16076\/revisions\/67007"}],"wp:attachment":[{"href":"https:\/\/www.smartsteuer.de\/online\/wp-json\/wp\/v2\/media?parent=16076"}],"curies":[{"name":"wp","href":"https:\/\/api.w.org\/{rel}","templated":true}]}}