{"id":1731,"date":"2015-06-23T09:24:48","date_gmt":"2015-06-23T07:24:48","guid":{"rendered":"https:\/\/www.smartsteuer.de\/online\/?page_id=1731"},"modified":"2025-10-16T13:59:17","modified_gmt":"2025-10-16T11:59:17","slug":"kostenloses-ebook-ihre-kinder","status":"publish","type":"page","link":"https:\/\/www.smartsteuer.de\/online\/kostenloses-ebook-ihre-kinder\/","title":{"rendered":"Kostenloses eBook: Ihre Kinder"},"content":{"rendered":"<div class=\"sui-sheet-wrapper\">\n\t<section class=\"lb-section sui-sheet--up-flat sui-sheet-padding-flat sui-theme-bright\">\n\t\t<div class=\"sui-container \">\n\t\t\t<\/p>\n<h1>Ihre Kinder \u2013 Ihre Vorteile bei der Steuererkl\u00e4rung<\/h1>\n<p>\n\t\t<\/div>\n\t<\/section>\n<\/div>\n<div class=\"sui-sheet-wrapper\"><section class=\"sui-sheet--up-flat\"><div class=\"d-flex flex-column flex-md-row m-0\"><\/p>\n<p><div class=\"sui-split-half sui-theme-bright\"><div class=\"sui-split-inner\"><\/p>\n<p>Sie haben Kinder oder werden bald Eltern? Herzlichen Gl\u00fcckwunsch! Ihnen stehen aufregende Jahre bevor. So viel Freude Kinder bringen, sie sind manchmal auch anstrengend \u2013 und teuer. Im kostenlosen eBook erhalten Sie einen \u00dcberblick, welche Kosten Sie f\u00fcr Ihre Kinder steuerlich geltend machen k\u00f6nnen und von welchen staatlichen F\u00f6rderungen Sie profitieren.<\/p>\n<p>&nbsp;<\/p>\n<p><strong>Inhalt:<\/strong><\/p>\n<ul class=\"pt-3\">\n<li>Kindergeld und Kinderfreibetr\u00e4ge<\/li>\n<li>Elterngeld und weitere F\u00f6rderungen<\/li>\n<li>Unterhaltszahlungen f\u00fcr Kinder<\/li>\n<li>Kinderbetreuungskosten<\/li>\n<li>Legale Steuervorteile f\u00fcr Eltern<\/li>\n<\/ul>\n<p>&nbsp;<\/p>\n<p><a class='sui-button-secondary sui-button-xlarge mt-2 mt-lg-3' href='https:\/\/www.smartsteuer.de\/online\/wp-content\/uploads\/2024\/11\/241111_Smartsteuer_eBooks_Kinder.pdf' role='button'>\n\teBook herunterladen\n<\/a><\/p>\n<p>(Dateigr\u00f6\u00dfe: 546 KB)<\/p>\n<p><\/div><\/div><\/p>\n<p><div class=\"sui-split-half sui-theme-bright\"><div class=\"sui-split-inner\"><\/p>\n<p><img loading=\"lazy\" decoding=\"async\" class=\"alignnone wp-image-68300 size-large\" src=\"https:\/\/www.smartsteuer.de\/online\/wp-content\/uploads\/2024\/11\/smartsteuer_ebook_kinder_thumb-684x1024.webp\" alt=\"eBook Cover\" width=\"684\" height=\"1024\" srcset=\"https:\/\/www.smartsteuer.de\/online\/wp-content\/uploads\/2024\/11\/smartsteuer_ebook_kinder_thumb-684x1024.webp 684w, https:\/\/www.smartsteuer.de\/online\/wp-content\/uploads\/2024\/11\/smartsteuer_ebook_kinder_thumb-200x300.webp 200w, https:\/\/www.smartsteuer.de\/online\/wp-content\/uploads\/2024\/11\/smartsteuer_ebook_kinder_thumb-768x1151.webp 768w, https:\/\/www.smartsteuer.de\/online\/wp-content\/uploads\/2024\/11\/smartsteuer_ebook_kinder_thumb.webp 801w\" sizes=\"auto, (max-width: 684px) 100vw, 684px\" \/><\/p>\n<p><\/div><\/div><\/p>\n<p><\/div><\/section><\/div>\n<div class=\"sui-sheet-wrapper\">\n\t<section class=\"lb-section sui-sheet--up-flat sui-sheet-padding-flat sui-theme-bright\">\n\t\t<div class=\"sui-container \">\n\t\t\t<\/p>\n<h2>Newsletter abonnieren.<\/h2>\n<p>Sie m\u00f6chten mehr zum Thema Geld und Steuern sparen erfahren? Melden Sie sich jetzt f\u00fcr den smartsteuer Newsletter an und Sie erhalten wichtige Informationen und Steuerspartipps.<\/p>\n<p><a class='sui-button-secondary sui-button-xlarge mt-2 mt-lg-3' href='https:\/\/www.smartsteuer.de\/online\/anmeldung-newsletter\/' role='button'>\n\tJetzt anmelden\n<\/a><\/p>\n<p>\n\t\t<\/div>\n\t<\/section>\n<\/div>\n<div class=\"sui-sheet-wrapper\">\n\t<section class=\"lb-section sui-sheet--up-flat sui-sheet-padding-flat sui-theme-electric sui-theme-box-2\">\n\t\t<div class=\"sui-container \">\n\t\t\t<\/p>\n<h2>Steuererkl\u00e4rung online machen.<\/h2>\n<p><a class='sui-button-cta mt-2 sui-button-xlarge' href='https:\/\/profil.smartsteuer.de\/service-redirect.html?myExternal=lb_ebook_steuerhandbuch' role='button'>\n\tJetzt loslegen\t\n<\/a><\/p>\n<p>\n\t\t<\/div>\n\t<\/section>\n<\/div>\n","protected":false},"excerpt":{"rendered":"","protected":false},"author":6,"featured_media":0,"parent":0,"menu_order":0,"comment_status":"open","ping_status":"open","template":"landingpage-template.php","meta":{"_acf_changed":false,"footnotes":""},"class_list":["post-1731","page","type-page","status-publish","hentry"],"acf":[],"yoast_head":"<!-- This site is optimized with the Yoast SEO Premium plugin v27.5 (Yoast SEO v27.5) - https:\/\/yoast.com\/product\/yoast-seo-premium-wordpress\/ -->\n<title>Kostenloses eBook: Ihre Kinder<\/title>\n<meta name=\"description\" content=\"Kostenloses eBook: Ihre Kinder - smartsteuer\" \/>\n<meta name=\"robots\" content=\"noindex, nofollow\" \/>\n<meta property=\"og:locale\" content=\"de_DE\" \/>\n<meta property=\"og:type\" content=\"article\" \/>\n<meta property=\"og:title\" content=\"Kostenloses eBook: Ihre Kinder\" \/>\n<meta property=\"og:description\" content=\"Kostenloses eBook: Ihre Kinder - smartsteuer\" \/>\n<meta property=\"og:url\" content=\"https:\/\/www.smartsteuer.de\/online\/kostenloses-ebook-ihre-kinder\/\" \/>\n<meta property=\"og:site_name\" content=\"smartsteuer\" \/>\n<meta property=\"article:publisher\" content=\"https:\/\/de-de.facebook.com\/smartsteuer\/\" \/>\n<meta property=\"article:modified_time\" content=\"2025-10-16T11:59:17+00:00\" \/>\n<meta property=\"og:image\" content=\"https:\/\/www.smartsteuer.de\/online\/wp-content\/uploads\/2024\/11\/smartsteuer_ebook_kinder_thumb-684x1024.webp\" \/>\n<meta name=\"twitter:card\" content=\"summary_large_image\" \/>\n<meta name=\"twitter:site\" content=\"@smartsteuer\" \/>\n<meta name=\"twitter:label1\" content=\"Gesch\u00e4tzte Lesezeit\" \/>\n\t<meta name=\"twitter:data1\" content=\"1\u00a0Minute\" \/>\n<script type=\"application\/ld+json\" class=\"yoast-schema-graph\">{\"@context\":\"https:\\\/\\\/schema.org\",\"@graph\":[{\"@type\":\"WebPage\",\"@id\":\"https:\\\/\\\/www.smartsteuer.de\\\/online\\\/kostenloses-ebook-ihre-kinder\\\/\",\"url\":\"https:\\\/\\\/www.smartsteuer.de\\\/online\\\/kostenloses-ebook-ihre-kinder\\\/\",\"name\":\"Kostenloses eBook: Ihre Kinder\",\"isPartOf\":{\"@id\":\"https:\\\/\\\/www.smartsteuer.de\\\/online\\\/#website\"},\"primaryImageOfPage\":{\"@id\":\"https:\\\/\\\/www.smartsteuer.de\\\/online\\\/kostenloses-ebook-ihre-kinder\\\/#primaryimage\"},\"image\":{\"@id\":\"https:\\\/\\\/www.smartsteuer.de\\\/online\\\/kostenloses-ebook-ihre-kinder\\\/#primaryimage\"},\"thumbnailUrl\":\"https:\\\/\\\/www.smartsteuer.de\\\/online\\\/wp-content\\\/uploads\\\/2024\\\/11\\\/smartsteuer_ebook_kinder_thumb-684x1024.webp\",\"datePublished\":\"2015-06-23T07:24:48+00:00\",\"dateModified\":\"2025-10-16T11:59:17+00:00\",\"description\":\"Kostenloses eBook: Ihre Kinder - smartsteuer\",\"breadcrumb\":{\"@id\":\"https:\\\/\\\/www.smartsteuer.de\\\/online\\\/kostenloses-ebook-ihre-kinder\\\/#breadcrumb\"},\"inLanguage\":\"de\",\"potentialAction\":[{\"@type\":\"ReadAction\",\"target\":[\"https:\\\/\\\/www.smartsteuer.de\\\/online\\\/kostenloses-ebook-ihre-kinder\\\/\"]}]},{\"@type\":\"ImageObject\",\"inLanguage\":\"de\",\"@id\":\"https:\\\/\\\/www.smartsteuer.de\\\/online\\\/kostenloses-ebook-ihre-kinder\\\/#primaryimage\",\"url\":\"https:\\\/\\\/www.smartsteuer.de\\\/online\\\/wp-content\\\/uploads\\\/2024\\\/11\\\/smartsteuer_ebook_kinder_thumb.webp\",\"contentUrl\":\"https:\\\/\\\/www.smartsteuer.de\\\/online\\\/wp-content\\\/uploads\\\/2024\\\/11\\\/smartsteuer_ebook_kinder_thumb.webp\",\"width\":801,\"height\":1200},{\"@type\":\"BreadcrumbList\",\"@id\":\"https:\\\/\\\/www.smartsteuer.de\\\/online\\\/kostenloses-ebook-ihre-kinder\\\/#breadcrumb\",\"itemListElement\":[{\"@type\":\"ListItem\",\"position\":1,\"name\":\"Home\",\"item\":\"https:\\\/\\\/www.smartsteuer.de\\\/online\\\/\"},{\"@type\":\"ListItem\",\"position\":2,\"name\":\"Kostenloses eBook: Ihre Kinder\"}]},{\"@type\":\"WebSite\",\"@id\":\"https:\\\/\\\/www.smartsteuer.de\\\/online\\\/#website\",\"url\":\"https:\\\/\\\/www.smartsteuer.de\\\/online\\\/\",\"name\":\"smartsteuer\",\"description\":\"Steuererkl\u00e4rung 2024 online machen &amp; Steuern sparen\",\"publisher\":{\"@id\":\"https:\\\/\\\/www.smartsteuer.de\\\/online\\\/#organization\"},\"potentialAction\":[{\"@type\":\"SearchAction\",\"target\":{\"@type\":\"EntryPoint\",\"urlTemplate\":\"https:\\\/\\\/www.smartsteuer.de\\\/online\\\/?s={search_term_string}\"},\"query-input\":{\"@type\":\"PropertyValueSpecification\",\"valueRequired\":true,\"valueName\":\"search_term_string\"}}],\"inLanguage\":\"de\"},{\"@type\":\"Organization\",\"@id\":\"https:\\\/\\\/www.smartsteuer.de\\\/online\\\/#organization\",\"name\":\"smartsteuer GmbH\",\"url\":\"https:\\\/\\\/www.smartsteuer.de\\\/online\\\/\",\"logo\":{\"@type\":\"ImageObject\",\"inLanguage\":\"de\",\"@id\":\"https:\\\/\\\/www.smartsteuer.de\\\/online\\\/#\\\/schema\\\/logo\\\/image\\\/\",\"url\":\"https:\\\/\\\/www.smartsteuer.de\\\/online\\\/wp-content\\\/uploads\\\/2024\\\/11\\\/Favicon-smartsteuer.png\",\"contentUrl\":\"https:\\\/\\\/www.smartsteuer.de\\\/online\\\/wp-content\\\/uploads\\\/2024\\\/11\\\/Favicon-smartsteuer.png\",\"width\":512,\"height\":512,\"caption\":\"smartsteuer GmbH\"},\"image\":{\"@id\":\"https:\\\/\\\/www.smartsteuer.de\\\/online\\\/#\\\/schema\\\/logo\\\/image\\\/\"},\"sameAs\":[\"https:\\\/\\\/de-de.facebook.com\\\/smartsteuer\\\/\",\"https:\\\/\\\/x.com\\\/smartsteuer\",\"https:\\\/\\\/www.youtube.com\\\/channel\\\/UCu02GkFNrMRzwysT2SEmNrQ\"]}]}<\/script>\n<!-- \/ Yoast SEO Premium plugin. -->","yoast_head_json":{"title":"Kostenloses eBook: Ihre Kinder","description":"Kostenloses eBook: Ihre Kinder - smartsteuer","robots":{"index":"noindex","follow":"nofollow"},"og_locale":"de_DE","og_type":"article","og_title":"Kostenloses eBook: Ihre Kinder","og_description":"Kostenloses eBook: Ihre Kinder - smartsteuer","og_url":"https:\/\/www.smartsteuer.de\/online\/kostenloses-ebook-ihre-kinder\/","og_site_name":"smartsteuer","article_publisher":"https:\/\/de-de.facebook.com\/smartsteuer\/","article_modified_time":"2025-10-16T11:59:17+00:00","og_image":[{"url":"https:\/\/www.smartsteuer.de\/online\/wp-content\/uploads\/2024\/11\/smartsteuer_ebook_kinder_thumb-684x1024.webp","type":"","width":"","height":""}],"twitter_card":"summary_large_image","twitter_site":"@smartsteuer","twitter_misc":{"Gesch\u00e4tzte Lesezeit":"1\u00a0Minute"},"schema":{"@context":"https:\/\/schema.org","@graph":[{"@type":"WebPage","@id":"https:\/\/www.smartsteuer.de\/online\/kostenloses-ebook-ihre-kinder\/","url":"https:\/\/www.smartsteuer.de\/online\/kostenloses-ebook-ihre-kinder\/","name":"Kostenloses eBook: Ihre Kinder","isPartOf":{"@id":"https:\/\/www.smartsteuer.de\/online\/#website"},"primaryImageOfPage":{"@id":"https:\/\/www.smartsteuer.de\/online\/kostenloses-ebook-ihre-kinder\/#primaryimage"},"image":{"@id":"https:\/\/www.smartsteuer.de\/online\/kostenloses-ebook-ihre-kinder\/#primaryimage"},"thumbnailUrl":"https:\/\/www.smartsteuer.de\/online\/wp-content\/uploads\/2024\/11\/smartsteuer_ebook_kinder_thumb-684x1024.webp","datePublished":"2015-06-23T07:24:48+00:00","dateModified":"2025-10-16T11:59:17+00:00","description":"Kostenloses eBook: Ihre Kinder - smartsteuer","breadcrumb":{"@id":"https:\/\/www.smartsteuer.de\/online\/kostenloses-ebook-ihre-kinder\/#breadcrumb"},"inLanguage":"de","potentialAction":[{"@type":"ReadAction","target":["https:\/\/www.smartsteuer.de\/online\/kostenloses-ebook-ihre-kinder\/"]}]},{"@type":"ImageObject","inLanguage":"de","@id":"https:\/\/www.smartsteuer.de\/online\/kostenloses-ebook-ihre-kinder\/#primaryimage","url":"https:\/\/www.smartsteuer.de\/online\/wp-content\/uploads\/2024\/11\/smartsteuer_ebook_kinder_thumb.webp","contentUrl":"https:\/\/www.smartsteuer.de\/online\/wp-content\/uploads\/2024\/11\/smartsteuer_ebook_kinder_thumb.webp","width":801,"height":1200},{"@type":"BreadcrumbList","@id":"https:\/\/www.smartsteuer.de\/online\/kostenloses-ebook-ihre-kinder\/#breadcrumb","itemListElement":[{"@type":"ListItem","position":1,"name":"Home","item":"https:\/\/www.smartsteuer.de\/online\/"},{"@type":"ListItem","position":2,"name":"Kostenloses eBook: Ihre Kinder"}]},{"@type":"WebSite","@id":"https:\/\/www.smartsteuer.de\/online\/#website","url":"https:\/\/www.smartsteuer.de\/online\/","name":"smartsteuer","description":"Steuererkl\u00e4rung 2024 online machen &amp; Steuern sparen","publisher":{"@id":"https:\/\/www.smartsteuer.de\/online\/#organization"},"potentialAction":[{"@type":"SearchAction","target":{"@type":"EntryPoint","urlTemplate":"https:\/\/www.smartsteuer.de\/online\/?s={search_term_string}"},"query-input":{"@type":"PropertyValueSpecification","valueRequired":true,"valueName":"search_term_string"}}],"inLanguage":"de"},{"@type":"Organization","@id":"https:\/\/www.smartsteuer.de\/online\/#organization","name":"smartsteuer GmbH","url":"https:\/\/www.smartsteuer.de\/online\/","logo":{"@type":"ImageObject","inLanguage":"de","@id":"https:\/\/www.smartsteuer.de\/online\/#\/schema\/logo\/image\/","url":"https:\/\/www.smartsteuer.de\/online\/wp-content\/uploads\/2024\/11\/Favicon-smartsteuer.png","contentUrl":"https:\/\/www.smartsteuer.de\/online\/wp-content\/uploads\/2024\/11\/Favicon-smartsteuer.png","width":512,"height":512,"caption":"smartsteuer GmbH"},"image":{"@id":"https:\/\/www.smartsteuer.de\/online\/#\/schema\/logo\/image\/"},"sameAs":["https:\/\/de-de.facebook.com\/smartsteuer\/","https:\/\/x.com\/smartsteuer","https:\/\/www.youtube.com\/channel\/UCu02GkFNrMRzwysT2SEmNrQ"]}]}},"_links":{"self":[{"href":"https:\/\/www.smartsteuer.de\/online\/wp-json\/wp\/v2\/pages\/1731","targetHints":{"allow":["GET"]}}],"collection":[{"href":"https:\/\/www.smartsteuer.de\/online\/wp-json\/wp\/v2\/pages"}],"about":[{"href":"https:\/\/www.smartsteuer.de\/online\/wp-json\/wp\/v2\/types\/page"}],"author":[{"embeddable":true,"href":"https:\/\/www.smartsteuer.de\/online\/wp-json\/wp\/v2\/users\/6"}],"replies":[{"embeddable":true,"href":"https:\/\/www.smartsteuer.de\/online\/wp-json\/wp\/v2\/comments?post=1731"}],"version-history":[{"count":45,"href":"https:\/\/www.smartsteuer.de\/online\/wp-json\/wp\/v2\/pages\/1731\/revisions"}],"predecessor-version":[{"id":79778,"href":"https:\/\/www.smartsteuer.de\/online\/wp-json\/wp\/v2\/pages\/1731\/revisions\/79778"}],"wp:attachment":[{"href":"https:\/\/www.smartsteuer.de\/online\/wp-json\/wp\/v2\/media?parent=1731"}],"curies":[{"name":"wp","href":"https:\/\/api.w.org\/{rel}","templated":true}]}}