{"id":1822,"date":"2015-10-09T10:36:16","date_gmt":"2015-10-09T08:36:16","guid":{"rendered":"https:\/\/www.smartsteuer.de\/online\/?page_id=1822"},"modified":"2026-01-29T11:24:02","modified_gmt":"2026-01-29T09:24:02","slug":"ueber-uns","status":"publish","type":"page","link":"https:\/\/www.smartsteuer.de\/online\/service\/ueber-uns\/","title":{"rendered":"\u00dcber uns"},"content":{"rendered":"<div class=\"sui-sheet-wrapper\">\n\t<section class=\"lb-section sui-sheet--up-flat sui-sheet-padding-flat sui-theme-bright\">\n\t\t<div class=\"sui-container \">\n\t\t\t<\/p>\n<h1 class=\"pt-4\">Mehr als Software: Wir sind smartsteuer<\/h1>\n<p class=\"lead\"><strong>Unsere Mission: Deine Steuer.<\/strong><\/p>\n<p>Wir wissen, Steuern k\u00f6nnen anstrengend, nervenaufreibend und komplex sein.<br \/>\nDeshalb denken und machen wir Steuern anders: einfach, verst\u00e4ndlich und f\u00fcr Dich.<\/p>\n<p>Daf\u00fcr braucht es eine funktionierende, sichere Software, eine Menge Fachwissen, viele kluge K\u00f6pfe, Spa\u00df und Kreativit\u00e4t.<br \/>\nBei smartsteuer bringen alle ihre Pers\u00f6nlichkeit und Ideen mit ein. So schaffen wir Innovation, Motivation und Zusammenhalt.<\/p>\n<p>\n\t\t<\/div>\n\t<\/section>\n<\/div>\n<div class=\"sui-sheet-wrapper\">\n\t<section class=\"lb-section sui-sheet--up-flat sui-sheet-padding-flat sui-theme-bright\">\n\t\t<div class=\"sui-container \">\n\t\t\t<\/p>\n<p><div class=\"sui-accordion\" id=\"sui-accordion-169f8068942f2f\"><\/p>\n<p><h3 class=\"sui-accordion-title\">smartsteuer - Deine Steuer f\u00fcr Dein Leben.<\/h3><div class=\"sui-accordion-item \"><\/p>\n<p>Willkommen in der neuen Welt von smartsteuer. Wir m\u00f6chten Euch hier den Wandel unserer Marke vorstellen. Denn smartsteuer erscheint ab sofort mit einem modernen, einpr\u00e4gsamen Logo, einer lebendigen, frischen Bildsprache und einer Kommunikation auf Augenh\u00f6he.<\/p>\n<p>smartsteuer ist Deine Online-Steuererkl\u00e4rung f\u00fcr jede Lebenslage. Seit 2014 erm\u00f6glichen wir unseren Kunden jedes Jahr, ihre Steuererkl\u00e4rung einfach zu erledigen und die maximale Erstattung zu erzielen. Dabei setzen wir auf eine einfache, verst\u00e4ndliche Sprache und Steuertipps, die wirklich weiterhelfen. Mit smartsteuer erledigst Du Deine Steuer f\u00fcr Dein Leben, egal ob Du studierst, angestellt oder selbstst\u00e4ndig oder schon die Rente bist. Wir holen f\u00fcr Dich das Beste aus Deiner Steuer.<\/p>\n<p>Unser Leitbild, die Steuererkl\u00e4rung f\u00fcr jeden einfach und verst\u00e4ndlich zu gestalten, bringt unser neues Design vollumf\u00e4nglich zum Ausdruck. Die abgestimmte Bildkomposition und klare Sprache setzen Dich in den Fokus und vermitteln Leichtigkeit und ermutigen Dich das ungeliebte Thema Steuern erfolgreich zu meistern.<\/p>\n<p>Die Farben sind erfrischend und zur\u00fcckhaltend zugleich, sie pr\u00e4sentieren das neue Logo und das Design f\u00fcr eine Online-Steuererkl\u00e4rung von smartsteuer, wie sie in Zukunft sein wird: einfach, klar und flexibel an Dein Leben anpassbar!<\/p>\n<p><\/div><\/p>\n<p><h3 class=\"sui-accordion-title\">Steuern: einfach, erkl\u00e4rt und erledigt.<\/h3><div class=\"sui-accordion-item \"><\/p>\n<p>Die eigene Steuererkl\u00e4rung soll so einfach wie m\u00f6glich sein, wenig Zeit und Nerven kosten und im besten Fall eine Erstattung bringen. Daf\u00fcr musst Du nur ein paar Fragen in unserem Interview beantworten, erh\u00e4ltst wertvolle Tipps, die individuell auf Deine Situation angepasst sind. smartsteuer berechnet dabei live, wie viel Du zur\u00fcckbekommst und sichert Deine Daten nur auf Servern in Deutschland.<\/p>\n<p>Wir holen das Maximum aus Deiner Steuer: Durchschnittlich erhalten smartsteuer-Nutzer eine <strong>Erstattung in H\u00f6he von 1.328 \u20ac<\/strong>. Bezahlen musst Du erst bei der Abgabe an das Finanzamt.<\/p>\n<p><\/div><\/p>\n<p><h3 class=\"sui-accordion-title\">\u00dcber smartsteuer<\/h3><div class=\"sui-accordion-item \"><br \/>\nDie Anf\u00e4nge: 2006 erhielt smartsteuer den Auftrag, eine bekannte Marke der Steuerliteratur, den \u00bbGro\u00dfen Konz\u00ab des Droemer-Knaur-Verlages, in ein digitales Produkt zu verwandeln. Das Ziel war, jeder Steuerzahler in Deutschland sollte seine Steuererkl\u00e4rung einfach und sicher \u00fcber das Internet abgeben k\u00f6nnen. Schnell wurde uns von smartsteuer klar, was wir wollen: Unseren Kunden die M\u00f6glichkeit geben, ihre Steuererkl\u00e4rung einfach zu verstehen und zu erledigen. An dieser Stelle gehen wir als Unternehmen bis heute keine Kompromisse ein. Deshalb entwickelte unser Team ein komplett neues Konzept, um den Nutzer intuitiv durch seine Online-Steuererkl\u00e4rung zu f\u00fchren und das Maximum aus der Steuer zu holen.<\/p>\n<p>Seit 2010 z\u00e4hlt smartsteuer zu den Pionieren im Bereich der Online-Steuererkl\u00e4rungen. Seit August 2012 geh\u00f6rt smartsteuer als Mehrheitsbeteiligung zur Haufe-Lexware GmbH &amp; Co. KG, einem Unternehmen der Haufe Group. Im September 2013 entschied sich Haufe-Lexware, die restlichen Anteile der smartsteuer GmbH zu \u00fcbernehmen.<\/p>\n<p>Unser B\u00fcro befindet sich im Herzen von Hannover. Inzwischen ist unser Team auf 46 Smarties gewachsen. Vom Entwickler bis zum Azubi ist bei uns ein Miteinander auf Augenh\u00f6he wichtig. Wir arbeiten remote oder im B\u00fcro t\u00e4glich daran, Deine Steuer so einfach wie m\u00f6glich zu gestalten.<\/div><\/p>\n<p><\/div><\/p>\n<p>\n\t\t<\/div>\n\t<\/section>\n<\/div>\n<p data-wp-editing=\"1\"><div class=\"sui-sheet-wrapper\">\n\t<section class=\"lb-section sui-sheet--up-flat sui-sheet-padding-flat sui-theme-bright\">\n\t\t<div class=\"sui-container \">\n\t\t\t<\/p>\n<h1 class=\"pt-4\">Das Team<\/h1>\n<p><a href=\"https:\/\/www.smartsteuer.de\/online\/wp-content\/uploads\/2026\/01\/2026-smartsteuer-team.webp\"><img loading=\"lazy\" decoding=\"async\" class=\"alignnone wp-image-86940 size-large\" src=\"https:\/\/www.smartsteuer.de\/online\/wp-content\/uploads\/2026\/01\/2026-smartsteuer-team-1024x348.webp\" alt=\"Gruppenfoto vom smartsteuer Team\" width=\"1024\" height=\"348\" srcset=\"https:\/\/www.smartsteuer.de\/online\/wp-content\/uploads\/2026\/01\/2026-smartsteuer-team-1024x348.webp 1024w, https:\/\/www.smartsteuer.de\/online\/wp-content\/uploads\/2026\/01\/2026-smartsteuer-team-300x102.webp 300w, https:\/\/www.smartsteuer.de\/online\/wp-content\/uploads\/2026\/01\/2026-smartsteuer-team-768x261.webp 768w, https:\/\/www.smartsteuer.de\/online\/wp-content\/uploads\/2026\/01\/2026-smartsteuer-team.webp 1116w\" sizes=\"auto, (max-width: 1024px) 100vw, 1024px\" \/><\/a><\/p>\n<p>\n\t\t<\/div>\n\t<\/section>\n<\/div><\/p>\n<p><div class=\"sui-sheet-wrapper\"><section class=\"sui-sheet--up-flat\"><div class=\"d-flex flex-column flex-md-row m-0\"><br \/>\n<div class=\"sui-split-half sui-theme-bright\"><div class=\"sui-split-inner\"><\/p>\n<h2>New Work Award<\/h2>\n<p>Holokratie statt Hierarchie ist bei smartsteuer gelebter Alltag. Die Verantwortung verteilt sich bei uns auf jedes Team und erm\u00f6glicht so eine agile, mobile und moderne Arbeitsweise.<br \/>\nIn unserem Strategiekreis wird der Networking-Arbeitsstil gelebt und immer wieder Impulse f\u00fcr neue Ideen gegeben. Durch unseren Fokus auf die OKRs verlieren wir zudem nie unsere Mission aus den Augen.<br \/>\nWir wissen, es gibt nicht nur einen Weg, um ans Ziel zu kommen.<br \/>\nDaf\u00fcr haben wir 2019 den New Work Award erhalten.<\/p>\n<p><\/div><\/div><\/p>\n<div class=\"sui-split-half sui-theme-bright\"><div class=\"sui-split-inner\"><\/p>\n<p><a href=\"https:\/\/nwx.new-work.se\/award20\/gewinner-finalisten-2020#panel_6\"><img decoding=\"async\" src=\"https:\/\/www.smartsteuer.de\/online\/wp-content\/uploads\/2020\/12\/nwa20-gewinnersiegel-explorer-2.png\" alt=\"New Work Siegel\" \/><\/a><\/p>\n<p><\/div><\/div>\n<p><\/div><\/section><\/div><br \/>\n<div class=\"sui-sheet-wrapper\">\n\t<section class=\"lb-section sui-sheet--up-flat sui-sheet-padding-flat sui-theme-bright\">\n\t\t<div class=\"sui-container \">\n\t\t\t<\/p>\n<h2>Wissenswertes rund um Steuern<\/h2>\n<div class=\"lb-features\"><div class=\"sui-grid\" style=\"padding:0 !important;\"><div class=\"sui-row\"><div class=\"sui-col-third\"><div class=\"lb-features-item\">\n\t<div class=\"lb-features-icon pb-2 pb-sm-3 pb-md-4\">\n\t<i class=\"fa-solid fa-pizza-slice\" style=\"color: var(--sui-color-electric-600)\" aria-hidden=\"true\"><\/i>\n<\/div>\n\t<div>\n\t\t<div class=\"h3 lb-features-title\">\n\tKann man das absetzen?\n<\/div>\n\t\t<div class=\"lb-features-text\">\n\t\t\t<\/p>\n<p>Finde es hier heraus.<br \/>\n\n\t\t<\/div>\n\t\t<div class=\"lb-features-link mt-1\">\n\t<a class=\"lb-link sui-button-ghost sui-button-align-text\" href=\"https:\/\/www.kann-man-das-absetzen.de\/\">\n\t Mehr erfahren\n\t <i class=\"fa-solid fa-chevron-right\" aria-hidden=\"true\"><\/i>\n\t<\/a>\n<\/div>\n\t<\/div>\n<\/div><\/div><div class=\"sui-col-third\"><div class=\"lb-features-item\">\n\t<div class=\"lb-features-icon pb-2 pb-sm-3 pb-md-4\">\n\t<i class=\"fa-solid fa-heart\" style=\"color: var(--sui-color-electric-600)\" aria-hidden=\"true\"><\/i>\n<\/div>\n\t<div>\n\t\t<div class=\"h3 lb-features-title\">\n\tsteuern.de\n<\/div>\n\t\t<div class=\"lb-features-text\">\n\t\t\t<\/p>\n<p>Steuern endlich verstehen.<\/p>\n<p>\n\t\t<\/div>\n\t\t<div class=\"lb-features-link mt-1\">\n\t<a class=\"lb-link sui-button-ghost sui-button-align-text\" href=\"https:\/\/www.steuern.de\/start.html\">\n\t Mehr erfahren\n\t <i class=\"fa-solid fa-chevron-right\" aria-hidden=\"true\"><\/i>\n\t<\/a>\n<\/div>\n\t<\/div>\n<\/div><\/div><div class=\"sui-col-third\"><div class=\"lb-features-item\">\n\t<div class=\"lb-features-icon pb-2 pb-sm-3 pb-md-4\">\n\t<i class=\"fa-solid fa-money-bill-alt\" style=\"color: var(--sui-color-electric-600)\" aria-hidden=\"true\"><\/i>\n<\/div>\n\t<div>\n\t\t<div class=\"h3 lb-features-title\">\n\tSteuerwissen\n<\/div>\n\t\t<div class=\"lb-features-text\">\n\t\t\t<\/p>\n<p>Steuerwissen, das Du wirklich brauchst.<\/p>\n<p>\n\t\t<\/div>\n\t\t<div class=\"lb-features-link mt-1\">\n\t<a class=\"lb-link sui-button-ghost sui-button-align-text\" href=\"https:\/\/www.smartsteuer.de\/online\/steuerwissen\/\">\n\t Mehr erfahren\n\t <i class=\"fa-solid fa-chevron-right\" aria-hidden=\"true\"><\/i>\n\t<\/a>\n<\/div>\n\t<\/div>\n<\/div><\/div><\/div><\/div><\/div><br \/>\n\n\t\t<\/div>\n\t<\/section>\n<\/div><\/p>\n","protected":false},"excerpt":{"rendered":"","protected":false},"author":5,"featured_media":0,"parent":64,"menu_order":13,"comment_status":"open","ping_status":"open","template":"landingpage-template.php","meta":{"_acf_changed":false,"footnotes":""},"class_list":["post-1822","page","type-page","status-publish","hentry"],"acf":[],"yoast_head":"<!-- This site is optimized with the Yoast SEO Premium plugin v27.5 (Yoast SEO v27.5) - https:\/\/yoast.com\/product\/yoast-seo-premium-wordpress\/ -->\n<title>\u00dcber uns<\/title>\n<meta name=\"description\" content=\"\u00dcber uns - smartsteuer\" \/>\n<meta name=\"robots\" content=\"index, follow, max-snippet:-1, max-image-preview:large, max-video-preview:-1\" \/>\n<link rel=\"canonical\" href=\"https:\/\/www.smartsteuer.de\/online\/service\/ueber-uns\/\" \/>\n<meta property=\"og:locale\" content=\"de_DE\" \/>\n<meta property=\"og:type\" content=\"article\" \/>\n<meta property=\"og:title\" content=\"\u00dcber uns\" \/>\n<meta property=\"og:description\" content=\"\u00dcber uns - smartsteuer\" \/>\n<meta property=\"og:url\" content=\"https:\/\/www.smartsteuer.de\/online\/service\/ueber-uns\/\" \/>\n<meta property=\"og:site_name\" content=\"smartsteuer\" \/>\n<meta property=\"article:publisher\" content=\"https:\/\/de-de.facebook.com\/smartsteuer\/\" \/>\n<meta property=\"article:modified_time\" content=\"2026-01-29T09:24:02+00:00\" \/>\n<meta property=\"og:image\" content=\"https:\/\/www.smartsteuer.de\/online\/wp-content\/uploads\/2026\/01\/2026-smartsteuer-team-1024x348.webp\" \/>\n<meta name=\"twitter:card\" content=\"summary_large_image\" \/>\n<meta name=\"twitter:site\" content=\"@smartsteuer\" \/>\n<meta name=\"twitter:label1\" content=\"Gesch\u00e4tzte Lesezeit\" \/>\n\t<meta name=\"twitter:data1\" content=\"5\u00a0Minuten\" \/>\n<script type=\"application\/ld+json\" class=\"yoast-schema-graph\">{\"@context\":\"https:\\\/\\\/schema.org\",\"@graph\":[{\"@type\":\"WebPage\",\"@id\":\"https:\\\/\\\/www.smartsteuer.de\\\/online\\\/service\\\/ueber-uns\\\/\",\"url\":\"https:\\\/\\\/www.smartsteuer.de\\\/online\\\/service\\\/ueber-uns\\\/\",\"name\":\"\u00dcber uns\",\"isPartOf\":{\"@id\":\"https:\\\/\\\/www.smartsteuer.de\\\/online\\\/#website\"},\"primaryImageOfPage\":{\"@id\":\"https:\\\/\\\/www.smartsteuer.de\\\/online\\\/service\\\/ueber-uns\\\/#primaryimage\"},\"image\":{\"@id\":\"https:\\\/\\\/www.smartsteuer.de\\\/online\\\/service\\\/ueber-uns\\\/#primaryimage\"},\"thumbnailUrl\":\"https:\\\/\\\/www.smartsteuer.de\\\/online\\\/wp-content\\\/uploads\\\/2026\\\/01\\\/2026-smartsteuer-team-1024x348.webp\",\"datePublished\":\"2015-10-09T08:36:16+00:00\",\"dateModified\":\"2026-01-29T09:24:02+00:00\",\"description\":\"\u00dcber uns - smartsteuer\",\"breadcrumb\":{\"@id\":\"https:\\\/\\\/www.smartsteuer.de\\\/online\\\/service\\\/ueber-uns\\\/#breadcrumb\"},\"inLanguage\":\"de\",\"potentialAction\":[{\"@type\":\"ReadAction\",\"target\":[\"https:\\\/\\\/www.smartsteuer.de\\\/online\\\/service\\\/ueber-uns\\\/\"]}]},{\"@type\":\"ImageObject\",\"inLanguage\":\"de\",\"@id\":\"https:\\\/\\\/www.smartsteuer.de\\\/online\\\/service\\\/ueber-uns\\\/#primaryimage\",\"url\":\"https:\\\/\\\/www.smartsteuer.de\\\/online\\\/wp-content\\\/uploads\\\/2026\\\/01\\\/2026-smartsteuer-team.webp\",\"contentUrl\":\"https:\\\/\\\/www.smartsteuer.de\\\/online\\\/wp-content\\\/uploads\\\/2026\\\/01\\\/2026-smartsteuer-team.webp\",\"width\":1116,\"height\":379,\"caption\":\"Gruppenfoto vom smartsteuer Team\"},{\"@type\":\"BreadcrumbList\",\"@id\":\"https:\\\/\\\/www.smartsteuer.de\\\/online\\\/service\\\/ueber-uns\\\/#breadcrumb\",\"itemListElement\":[{\"@type\":\"ListItem\",\"position\":1,\"name\":\"Home\",\"item\":\"https:\\\/\\\/www.smartsteuer.de\\\/online\\\/\"},{\"@type\":\"ListItem\",\"position\":2,\"name\":\"Service\",\"item\":\"https:\\\/\\\/www.smartsteuer.de\\\/online\\\/service\\\/\"},{\"@type\":\"ListItem\",\"position\":3,\"name\":\"\u00dcber uns\"}]},{\"@type\":\"WebSite\",\"@id\":\"https:\\\/\\\/www.smartsteuer.de\\\/online\\\/#website\",\"url\":\"https:\\\/\\\/www.smartsteuer.de\\\/online\\\/\",\"name\":\"smartsteuer\",\"description\":\"Steuererkl\u00e4rung 2024 online machen &amp; Steuern sparen\",\"publisher\":{\"@id\":\"https:\\\/\\\/www.smartsteuer.de\\\/online\\\/#organization\"},\"potentialAction\":[{\"@type\":\"SearchAction\",\"target\":{\"@type\":\"EntryPoint\",\"urlTemplate\":\"https:\\\/\\\/www.smartsteuer.de\\\/online\\\/?s={search_term_string}\"},\"query-input\":{\"@type\":\"PropertyValueSpecification\",\"valueRequired\":true,\"valueName\":\"search_term_string\"}}],\"inLanguage\":\"de\"},{\"@type\":\"Organization\",\"@id\":\"https:\\\/\\\/www.smartsteuer.de\\\/online\\\/#organization\",\"name\":\"smartsteuer GmbH\",\"url\":\"https:\\\/\\\/www.smartsteuer.de\\\/online\\\/\",\"logo\":{\"@type\":\"ImageObject\",\"inLanguage\":\"de\",\"@id\":\"https:\\\/\\\/www.smartsteuer.de\\\/online\\\/#\\\/schema\\\/logo\\\/image\\\/\",\"url\":\"https:\\\/\\\/www.smartsteuer.de\\\/online\\\/wp-content\\\/uploads\\\/2024\\\/11\\\/Favicon-smartsteuer.png\",\"contentUrl\":\"https:\\\/\\\/www.smartsteuer.de\\\/online\\\/wp-content\\\/uploads\\\/2024\\\/11\\\/Favicon-smartsteuer.png\",\"width\":512,\"height\":512,\"caption\":\"smartsteuer GmbH\"},\"image\":{\"@id\":\"https:\\\/\\\/www.smartsteuer.de\\\/online\\\/#\\\/schema\\\/logo\\\/image\\\/\"},\"sameAs\":[\"https:\\\/\\\/de-de.facebook.com\\\/smartsteuer\\\/\",\"https:\\\/\\\/x.com\\\/smartsteuer\",\"https:\\\/\\\/www.youtube.com\\\/channel\\\/UCu02GkFNrMRzwysT2SEmNrQ\"]}]}<\/script>\n<!-- \/ Yoast SEO Premium plugin. -->","yoast_head_json":{"title":"\u00dcber uns","description":"\u00dcber uns - smartsteuer","robots":{"index":"index","follow":"follow","max-snippet":"max-snippet:-1","max-image-preview":"max-image-preview:large","max-video-preview":"max-video-preview:-1"},"canonical":"https:\/\/www.smartsteuer.de\/online\/service\/ueber-uns\/","og_locale":"de_DE","og_type":"article","og_title":"\u00dcber uns","og_description":"\u00dcber uns - smartsteuer","og_url":"https:\/\/www.smartsteuer.de\/online\/service\/ueber-uns\/","og_site_name":"smartsteuer","article_publisher":"https:\/\/de-de.facebook.com\/smartsteuer\/","article_modified_time":"2026-01-29T09:24:02+00:00","og_image":[{"url":"https:\/\/www.smartsteuer.de\/online\/wp-content\/uploads\/2026\/01\/2026-smartsteuer-team-1024x348.webp","type":"","width":"","height":""}],"twitter_card":"summary_large_image","twitter_site":"@smartsteuer","twitter_misc":{"Gesch\u00e4tzte Lesezeit":"5\u00a0Minuten"},"schema":{"@context":"https:\/\/schema.org","@graph":[{"@type":"WebPage","@id":"https:\/\/www.smartsteuer.de\/online\/service\/ueber-uns\/","url":"https:\/\/www.smartsteuer.de\/online\/service\/ueber-uns\/","name":"\u00dcber uns","isPartOf":{"@id":"https:\/\/www.smartsteuer.de\/online\/#website"},"primaryImageOfPage":{"@id":"https:\/\/www.smartsteuer.de\/online\/service\/ueber-uns\/#primaryimage"},"image":{"@id":"https:\/\/www.smartsteuer.de\/online\/service\/ueber-uns\/#primaryimage"},"thumbnailUrl":"https:\/\/www.smartsteuer.de\/online\/wp-content\/uploads\/2026\/01\/2026-smartsteuer-team-1024x348.webp","datePublished":"2015-10-09T08:36:16+00:00","dateModified":"2026-01-29T09:24:02+00:00","description":"\u00dcber uns - smartsteuer","breadcrumb":{"@id":"https:\/\/www.smartsteuer.de\/online\/service\/ueber-uns\/#breadcrumb"},"inLanguage":"de","potentialAction":[{"@type":"ReadAction","target":["https:\/\/www.smartsteuer.de\/online\/service\/ueber-uns\/"]}]},{"@type":"ImageObject","inLanguage":"de","@id":"https:\/\/www.smartsteuer.de\/online\/service\/ueber-uns\/#primaryimage","url":"https:\/\/www.smartsteuer.de\/online\/wp-content\/uploads\/2026\/01\/2026-smartsteuer-team.webp","contentUrl":"https:\/\/www.smartsteuer.de\/online\/wp-content\/uploads\/2026\/01\/2026-smartsteuer-team.webp","width":1116,"height":379,"caption":"Gruppenfoto vom smartsteuer Team"},{"@type":"BreadcrumbList","@id":"https:\/\/www.smartsteuer.de\/online\/service\/ueber-uns\/#breadcrumb","itemListElement":[{"@type":"ListItem","position":1,"name":"Home","item":"https:\/\/www.smartsteuer.de\/online\/"},{"@type":"ListItem","position":2,"name":"Service","item":"https:\/\/www.smartsteuer.de\/online\/service\/"},{"@type":"ListItem","position":3,"name":"\u00dcber uns"}]},{"@type":"WebSite","@id":"https:\/\/www.smartsteuer.de\/online\/#website","url":"https:\/\/www.smartsteuer.de\/online\/","name":"smartsteuer","description":"Steuererkl\u00e4rung 2024 online machen &amp; Steuern sparen","publisher":{"@id":"https:\/\/www.smartsteuer.de\/online\/#organization"},"potentialAction":[{"@type":"SearchAction","target":{"@type":"EntryPoint","urlTemplate":"https:\/\/www.smartsteuer.de\/online\/?s={search_term_string}"},"query-input":{"@type":"PropertyValueSpecification","valueRequired":true,"valueName":"search_term_string"}}],"inLanguage":"de"},{"@type":"Organization","@id":"https:\/\/www.smartsteuer.de\/online\/#organization","name":"smartsteuer GmbH","url":"https:\/\/www.smartsteuer.de\/online\/","logo":{"@type":"ImageObject","inLanguage":"de","@id":"https:\/\/www.smartsteuer.de\/online\/#\/schema\/logo\/image\/","url":"https:\/\/www.smartsteuer.de\/online\/wp-content\/uploads\/2024\/11\/Favicon-smartsteuer.png","contentUrl":"https:\/\/www.smartsteuer.de\/online\/wp-content\/uploads\/2024\/11\/Favicon-smartsteuer.png","width":512,"height":512,"caption":"smartsteuer GmbH"},"image":{"@id":"https:\/\/www.smartsteuer.de\/online\/#\/schema\/logo\/image\/"},"sameAs":["https:\/\/de-de.facebook.com\/smartsteuer\/","https:\/\/x.com\/smartsteuer","https:\/\/www.youtube.com\/channel\/UCu02GkFNrMRzwysT2SEmNrQ"]}]}},"_links":{"self":[{"href":"https:\/\/www.smartsteuer.de\/online\/wp-json\/wp\/v2\/pages\/1822","targetHints":{"allow":["GET"]}}],"collection":[{"href":"https:\/\/www.smartsteuer.de\/online\/wp-json\/wp\/v2\/pages"}],"about":[{"href":"https:\/\/www.smartsteuer.de\/online\/wp-json\/wp\/v2\/types\/page"}],"author":[{"embeddable":true,"href":"https:\/\/www.smartsteuer.de\/online\/wp-json\/wp\/v2\/users\/5"}],"replies":[{"embeddable":true,"href":"https:\/\/www.smartsteuer.de\/online\/wp-json\/wp\/v2\/comments?post=1822"}],"version-history":[{"count":73,"href":"https:\/\/www.smartsteuer.de\/online\/wp-json\/wp\/v2\/pages\/1822\/revisions"}],"predecessor-version":[{"id":86946,"href":"https:\/\/www.smartsteuer.de\/online\/wp-json\/wp\/v2\/pages\/1822\/revisions\/86946"}],"up":[{"embeddable":true,"href":"https:\/\/www.smartsteuer.de\/online\/wp-json\/wp\/v2\/pages\/64"}],"wp:attachment":[{"href":"https:\/\/www.smartsteuer.de\/online\/wp-json\/wp\/v2\/media?parent=1822"}],"curies":[{"name":"wp","href":"https:\/\/api.w.org\/{rel}","templated":true}]}}