{"id":1999,"date":"2016-07-07T15:52:36","date_gmt":"2016-07-07T13:52:36","guid":{"rendered":"https:\/\/www.smartsteuer.de\/online\/?page_id=1999"},"modified":"2025-08-29T14:52:14","modified_gmt":"2025-08-29T12:52:14","slug":"partnerprogramm","status":"publish","type":"page","link":"https:\/\/www.smartsteuer.de\/online\/partnerprogramm\/","title":{"rendered":"Partnerprogramm"},"content":{"rendered":"<div class=\"sui-sheet-wrapper\">\n\t<section class=\"lb-section sui-sheet--up-flat sui-sheet-padding-flat sui-theme-bright\">\n\t\t<div class=\"sui-container \">\n\t\t\t<\/p>\n<div class=\"sui-container\">\n<h1>smartsteuer Partnerprogramm<\/h1>\n<p>Hier findest Du unser Affiliate Partnerprogramm, sowie unsere Business-\u00a0 und Sponsoringpartner.<br \/>\nWerde auch Du Teil unserer Erfolgsgeschichte.<\/p>\n<\/div>\n<p>\n\t\t<\/div>\n\t<\/section>\n<\/div>\n<div class=\"sui-sheet-wrapper\"><section class=\"sui-sheet--up-flat\"><div class=\"d-flex flex-column flex-md-row m-0\"><\/p>\n<p><div class=\"sui-split-half sui-theme-bright\"><div class=\"sui-split-inner\"><\/p>\n<p><img loading=\"lazy\" decoding=\"async\" class=\"size-full wp-image-35197 alignnone\" src=\"https:\/\/www.smartsteuer.de\/online\/wp-content\/uploads\/2021\/12\/smartsteuer-onse-arbeitnehmer-1024x877.png\" alt=\"Beispiel Partnerprogramm\" width=\"731\" height=\"580\" \/><\/p>\n<p><\/div><\/div><\/p>\n<p><div class=\"sui-split-half sui-theme-bright\"><div class=\"sui-split-inner\"><\/p>\n<h4>Ihre Vorteile:<\/h4>\n<p>Als smartsteuer Affiliate Partner vermittelst Du die Online-Steuererkl\u00e4rung von smartsteuer auf Deiner Webpr\u00e4senz. Die Teilnahme am Partnerprogramm ist f\u00fcr Dich dabei v\u00f6llig kostenlos.<\/p>\n<p>F\u00fcr jeden erfolgreich vermittelten und g\u00fcltigen Sale der Einkommensteuererkl\u00e4rung eines Neukunden erh\u00e4ltst Du 20 \u20ac. Bei einer konstanten Lieferung erh\u00f6hen wir auch gerne bis auf 23 \u20ac! F\u00fcr Bestandskunden zahlen wir eine Provision von 1,50 \u20ac.<\/p>\n<p style=\"text-align: center;\"><a class='sui-button-primary sui-button-large mt-2 mt-lg-3' href='https:\/\/ui.awin.com\/express-signup\/en\/awin\/15043\/920baabb-90c1-4b64-aaad-bba9b34e3994?t=N0wyrJJ-ipEEea45h-3e9H3V1QzTSH0qxOzp1xlcgEo' role='button'>\n\tZu AWIN\n<\/a><\/p>\n<p><\/div><\/div><\/p>\n<p><\/div><\/section><\/div>\n<div class=\"sui-sheet-wrapper\"><section class=\"sui-sheet--up-flat\"><div class=\"d-flex flex-column flex-md-row m-0\"><\/p>\n<p><div class=\"sui-split-half \"><div class=\"sui-split-inner\"><\/p>\n<h2>Business Partner:<\/h2>\n<p><a href=\"https:\/\/www.smartsteuer.de\/online\/produkt-kombi-lexware-office-smartsteuer\/\"><img loading=\"lazy\" decoding=\"async\" class=\"alignnone wp-image-67625 size-medium\" src=\"https:\/\/www.smartsteuer.de\/online\/wp-content\/uploads\/2024\/10\/Lexware-Office-Logo_rgbRZ-300x85.png\" alt=\"Lexware Office smartsteuer Kombi Angebot\" width=\"300\" height=\"85\" srcset=\"https:\/\/www.smartsteuer.de\/online\/wp-content\/uploads\/2024\/10\/Lexware-Office-Logo_rgbRZ-300x85.png 300w, https:\/\/www.smartsteuer.de\/online\/wp-content\/uploads\/2024\/10\/Lexware-Office-Logo_rgbRZ-1024x291.png 1024w, https:\/\/www.smartsteuer.de\/online\/wp-content\/uploads\/2024\/10\/Lexware-Office-Logo_rgbRZ-768x218.png 768w, https:\/\/www.smartsteuer.de\/online\/wp-content\/uploads\/2024\/10\/Lexware-Office-Logo_rgbRZ-1536x436.png 1536w, https:\/\/www.smartsteuer.de\/online\/wp-content\/uploads\/2024\/10\/Lexware-Office-Logo_rgbRZ-2048x582.png 2048w\" sizes=\"auto, (max-width: 300px) 100vw, 300px\" \/><\/a><\/p>\n<p><\/div><\/div><\/p>\n<p><div class=\"sui-split-half \"><div class=\"sui-split-inner\"><\/p>\n<h2>Sponsoring Partner:<\/h2>\n<p><img loading=\"lazy\" decoding=\"async\" class=\"alignnone wp-image-68729 size-medium\" src=\"https:\/\/www.smartsteuer.de\/online\/wp-content\/uploads\/2024\/11\/Frauen_PP_RGB-300x107.png\" alt=\"Logo BVB Frauen\" width=\"300\" height=\"107\" srcset=\"https:\/\/www.smartsteuer.de\/online\/wp-content\/uploads\/2024\/11\/Frauen_PP_RGB-300x107.png 300w, https:\/\/www.smartsteuer.de\/online\/wp-content\/uploads\/2024\/11\/Frauen_PP_RGB-1024x366.png 1024w, https:\/\/www.smartsteuer.de\/online\/wp-content\/uploads\/2024\/11\/Frauen_PP_RGB-768x274.png 768w, https:\/\/www.smartsteuer.de\/online\/wp-content\/uploads\/2024\/11\/Frauen_PP_RGB-1536x548.png 1536w, https:\/\/www.smartsteuer.de\/online\/wp-content\/uploads\/2024\/11\/Frauen_PP_RGB-2048x731.png 2048w\" sizes=\"auto, (max-width: 300px) 100vw, 300px\" \/><\/p>\n<p><\/div><\/div><\/p>\n<p><\/div><\/section><\/div>\n<div class=\"sui-sheet-wrapper\">\n\t<section class=\"lb-section sui-sheet--up-flat sui-sheet-padding-flat sui-theme-electric sui-theme-box-2\">\n\t\t<div class=\"sui-container \">\n\t\t\t<\/p>\n<h2>Jetzt Affiliate-Partner werden<\/h2>\n<p><a href=\"https:\/\/ui.awin.com\/express-signup\/en\/awin\/15043\/920baabb-90c1-4b64-aaad-bba9b34e3994?t=N0wyrJJ-ipEEea45h-3e9H3V1QzTSH0qxOzp1xlcgEo\" target=\"_blank\" rel=\"noopener\"><img loading=\"lazy\" decoding=\"async\" class=\"wp-image-35368 size-full aligncenter\" src=\"https:\/\/www.smartsteuer.de\/online\/wp-content\/uploads\/2021\/03\/awin-40.png\" alt=\"\" width=\"300\" height=\"102\" \/><\/a>\n\t\t<\/div>\n\t<\/section>\n<\/div>\n<div class=\"sui-sheet-wrapper\"><section class=\"sui-sheet--up-flat\"><div class=\"d-flex flex-column flex-md-row m-0\"><\/p>\n<p><div class=\"sui-split-half sui-theme-bright\"><div class=\"sui-split-inner\"><\/p>\n<h4>\u00dcber smartsteuer<\/h4>\n<p>Mit smartsteuer sparst Du Dir teure Berater \u2013 und machst Deine Steuererkl\u00e4rung einfach selbst: Schritt f\u00fcr Schritt per Interview. Und dank Live-Berechnung siehst Du sofort, wie viel Geld Du sp\u00e4ter vom Staat zur\u00fcckbekommst.<\/p>\n<p><\/div><\/div><\/p>\n<p><div class=\"sui-split-half sui-theme-bright\"><div class=\"sui-split-inner\"><\/p>\n<h4>Dein Kontakt:<\/h4>\n<p><strong>Sophie, Dirk und Can<\/strong><br \/>\n<a href=\"mailto:affiliate@smartsteuer.de\">Kontakt<\/a><\/p>\n<p>Sprich uns gerne auf individuelle Incentive-Angebote f\u00fcr Dein Unternehmen an!<\/p>\n<p><\/div><\/div><\/p>\n<p><\/div><\/section><\/div>\n","protected":false},"excerpt":{"rendered":"","protected":false},"author":27,"featured_media":0,"parent":0,"menu_order":0,"comment_status":"closed","ping_status":"closed","template":"landingpage-template.php","meta":{"_acf_changed":false,"footnotes":""},"class_list":["post-1999","page","type-page","status-publish","hentry"],"acf":[],"yoast_head":"<!-- This site is optimized with the Yoast SEO Premium plugin v27.5 (Yoast SEO v27.5) - https:\/\/yoast.com\/product\/yoast-seo-premium-wordpress\/ -->\n<title>Partnerprogramm<\/title>\n<meta name=\"description\" content=\"Partnerprogramm - smartsteuer\" \/>\n<meta name=\"robots\" content=\"index, follow, max-snippet:-1, max-image-preview:large, max-video-preview:-1\" \/>\n<link rel=\"canonical\" href=\"https:\/\/www.smartsteuer.de\/online\/partnerprogramm\/\" \/>\n<meta property=\"og:locale\" content=\"de_DE\" \/>\n<meta property=\"og:type\" content=\"article\" \/>\n<meta property=\"og:title\" content=\"Partnerprogramm\" \/>\n<meta property=\"og:description\" content=\"Partnerprogramm - smartsteuer\" \/>\n<meta property=\"og:url\" content=\"https:\/\/www.smartsteuer.de\/online\/partnerprogramm\/\" \/>\n<meta property=\"og:site_name\" content=\"smartsteuer\" \/>\n<meta property=\"article:publisher\" content=\"https:\/\/de-de.facebook.com\/smartsteuer\/\" \/>\n<meta property=\"article:modified_time\" content=\"2025-08-29T12:52:14+00:00\" \/>\n<meta property=\"og:image\" content=\"https:\/\/www.smartsteuer.de\/online\/wp-content\/uploads\/2021\/12\/smartsteuer-onse-arbeitnehmer-1024x877.png\" \/>\n<meta name=\"twitter:card\" content=\"summary_large_image\" \/>\n<meta name=\"twitter:site\" content=\"@smartsteuer\" \/>\n<meta name=\"twitter:label1\" content=\"Gesch\u00e4tzte Lesezeit\" \/>\n\t<meta name=\"twitter:data1\" content=\"2\u00a0Minuten\" \/>\n<script type=\"application\/ld+json\" class=\"yoast-schema-graph\">{\"@context\":\"https:\\\/\\\/schema.org\",\"@graph\":[{\"@type\":\"WebPage\",\"@id\":\"https:\\\/\\\/www.smartsteuer.de\\\/online\\\/partnerprogramm\\\/\",\"url\":\"https:\\\/\\\/www.smartsteuer.de\\\/online\\\/partnerprogramm\\\/\",\"name\":\"Partnerprogramm\",\"isPartOf\":{\"@id\":\"https:\\\/\\\/www.smartsteuer.de\\\/online\\\/#website\"},\"primaryImageOfPage\":{\"@id\":\"https:\\\/\\\/www.smartsteuer.de\\\/online\\\/partnerprogramm\\\/#primaryimage\"},\"image\":{\"@id\":\"https:\\\/\\\/www.smartsteuer.de\\\/online\\\/partnerprogramm\\\/#primaryimage\"},\"thumbnailUrl\":\"https:\\\/\\\/www.smartsteuer.de\\\/online\\\/wp-content\\\/uploads\\\/2021\\\/12\\\/smartsteuer-onse-arbeitnehmer-1024x877.png\",\"datePublished\":\"2016-07-07T13:52:36+00:00\",\"dateModified\":\"2025-08-29T12:52:14+00:00\",\"description\":\"Partnerprogramm - smartsteuer\",\"breadcrumb\":{\"@id\":\"https:\\\/\\\/www.smartsteuer.de\\\/online\\\/partnerprogramm\\\/#breadcrumb\"},\"inLanguage\":\"de\",\"potentialAction\":[{\"@type\":\"ReadAction\",\"target\":[\"https:\\\/\\\/www.smartsteuer.de\\\/online\\\/partnerprogramm\\\/\"]}]},{\"@type\":\"ImageObject\",\"inLanguage\":\"de\",\"@id\":\"https:\\\/\\\/www.smartsteuer.de\\\/online\\\/partnerprogramm\\\/#primaryimage\",\"url\":\"https:\\\/\\\/www.smartsteuer.de\\\/online\\\/wp-content\\\/uploads\\\/2021\\\/12\\\/smartsteuer-onse-arbeitnehmer.png\",\"contentUrl\":\"https:\\\/\\\/www.smartsteuer.de\\\/online\\\/wp-content\\\/uploads\\\/2021\\\/12\\\/smartsteuer-onse-arbeitnehmer.png\",\"width\":2222,\"height\":1902},{\"@type\":\"BreadcrumbList\",\"@id\":\"https:\\\/\\\/www.smartsteuer.de\\\/online\\\/partnerprogramm\\\/#breadcrumb\",\"itemListElement\":[{\"@type\":\"ListItem\",\"position\":1,\"name\":\"Home\",\"item\":\"https:\\\/\\\/www.smartsteuer.de\\\/online\\\/\"},{\"@type\":\"ListItem\",\"position\":2,\"name\":\"Partnerprogramm\"}]},{\"@type\":\"WebSite\",\"@id\":\"https:\\\/\\\/www.smartsteuer.de\\\/online\\\/#website\",\"url\":\"https:\\\/\\\/www.smartsteuer.de\\\/online\\\/\",\"name\":\"smartsteuer\",\"description\":\"Steuererkl\u00e4rung 2024 online machen &amp; Steuern sparen\",\"publisher\":{\"@id\":\"https:\\\/\\\/www.smartsteuer.de\\\/online\\\/#organization\"},\"potentialAction\":[{\"@type\":\"SearchAction\",\"target\":{\"@type\":\"EntryPoint\",\"urlTemplate\":\"https:\\\/\\\/www.smartsteuer.de\\\/online\\\/?s={search_term_string}\"},\"query-input\":{\"@type\":\"PropertyValueSpecification\",\"valueRequired\":true,\"valueName\":\"search_term_string\"}}],\"inLanguage\":\"de\"},{\"@type\":\"Organization\",\"@id\":\"https:\\\/\\\/www.smartsteuer.de\\\/online\\\/#organization\",\"name\":\"smartsteuer GmbH\",\"url\":\"https:\\\/\\\/www.smartsteuer.de\\\/online\\\/\",\"logo\":{\"@type\":\"ImageObject\",\"inLanguage\":\"de\",\"@id\":\"https:\\\/\\\/www.smartsteuer.de\\\/online\\\/#\\\/schema\\\/logo\\\/image\\\/\",\"url\":\"https:\\\/\\\/www.smartsteuer.de\\\/online\\\/wp-content\\\/uploads\\\/2024\\\/11\\\/Favicon-smartsteuer.png\",\"contentUrl\":\"https:\\\/\\\/www.smartsteuer.de\\\/online\\\/wp-content\\\/uploads\\\/2024\\\/11\\\/Favicon-smartsteuer.png\",\"width\":512,\"height\":512,\"caption\":\"smartsteuer GmbH\"},\"image\":{\"@id\":\"https:\\\/\\\/www.smartsteuer.de\\\/online\\\/#\\\/schema\\\/logo\\\/image\\\/\"},\"sameAs\":[\"https:\\\/\\\/de-de.facebook.com\\\/smartsteuer\\\/\",\"https:\\\/\\\/x.com\\\/smartsteuer\",\"https:\\\/\\\/www.youtube.com\\\/channel\\\/UCu02GkFNrMRzwysT2SEmNrQ\"]}]}<\/script>\n<!-- \/ Yoast SEO Premium plugin. -->","yoast_head_json":{"title":"Partnerprogramm","description":"Partnerprogramm - smartsteuer","robots":{"index":"index","follow":"follow","max-snippet":"max-snippet:-1","max-image-preview":"max-image-preview:large","max-video-preview":"max-video-preview:-1"},"canonical":"https:\/\/www.smartsteuer.de\/online\/partnerprogramm\/","og_locale":"de_DE","og_type":"article","og_title":"Partnerprogramm","og_description":"Partnerprogramm - smartsteuer","og_url":"https:\/\/www.smartsteuer.de\/online\/partnerprogramm\/","og_site_name":"smartsteuer","article_publisher":"https:\/\/de-de.facebook.com\/smartsteuer\/","article_modified_time":"2025-08-29T12:52:14+00:00","og_image":[{"url":"https:\/\/www.smartsteuer.de\/online\/wp-content\/uploads\/2021\/12\/smartsteuer-onse-arbeitnehmer-1024x877.png","type":"","width":"","height":""}],"twitter_card":"summary_large_image","twitter_site":"@smartsteuer","twitter_misc":{"Gesch\u00e4tzte Lesezeit":"2\u00a0Minuten"},"schema":{"@context":"https:\/\/schema.org","@graph":[{"@type":"WebPage","@id":"https:\/\/www.smartsteuer.de\/online\/partnerprogramm\/","url":"https:\/\/www.smartsteuer.de\/online\/partnerprogramm\/","name":"Partnerprogramm","isPartOf":{"@id":"https:\/\/www.smartsteuer.de\/online\/#website"},"primaryImageOfPage":{"@id":"https:\/\/www.smartsteuer.de\/online\/partnerprogramm\/#primaryimage"},"image":{"@id":"https:\/\/www.smartsteuer.de\/online\/partnerprogramm\/#primaryimage"},"thumbnailUrl":"https:\/\/www.smartsteuer.de\/online\/wp-content\/uploads\/2021\/12\/smartsteuer-onse-arbeitnehmer-1024x877.png","datePublished":"2016-07-07T13:52:36+00:00","dateModified":"2025-08-29T12:52:14+00:00","description":"Partnerprogramm - smartsteuer","breadcrumb":{"@id":"https:\/\/www.smartsteuer.de\/online\/partnerprogramm\/#breadcrumb"},"inLanguage":"de","potentialAction":[{"@type":"ReadAction","target":["https:\/\/www.smartsteuer.de\/online\/partnerprogramm\/"]}]},{"@type":"ImageObject","inLanguage":"de","@id":"https:\/\/www.smartsteuer.de\/online\/partnerprogramm\/#primaryimage","url":"https:\/\/www.smartsteuer.de\/online\/wp-content\/uploads\/2021\/12\/smartsteuer-onse-arbeitnehmer.png","contentUrl":"https:\/\/www.smartsteuer.de\/online\/wp-content\/uploads\/2021\/12\/smartsteuer-onse-arbeitnehmer.png","width":2222,"height":1902},{"@type":"BreadcrumbList","@id":"https:\/\/www.smartsteuer.de\/online\/partnerprogramm\/#breadcrumb","itemListElement":[{"@type":"ListItem","position":1,"name":"Home","item":"https:\/\/www.smartsteuer.de\/online\/"},{"@type":"ListItem","position":2,"name":"Partnerprogramm"}]},{"@type":"WebSite","@id":"https:\/\/www.smartsteuer.de\/online\/#website","url":"https:\/\/www.smartsteuer.de\/online\/","name":"smartsteuer","description":"Steuererkl\u00e4rung 2024 online machen &amp; Steuern sparen","publisher":{"@id":"https:\/\/www.smartsteuer.de\/online\/#organization"},"potentialAction":[{"@type":"SearchAction","target":{"@type":"EntryPoint","urlTemplate":"https:\/\/www.smartsteuer.de\/online\/?s={search_term_string}"},"query-input":{"@type":"PropertyValueSpecification","valueRequired":true,"valueName":"search_term_string"}}],"inLanguage":"de"},{"@type":"Organization","@id":"https:\/\/www.smartsteuer.de\/online\/#organization","name":"smartsteuer GmbH","url":"https:\/\/www.smartsteuer.de\/online\/","logo":{"@type":"ImageObject","inLanguage":"de","@id":"https:\/\/www.smartsteuer.de\/online\/#\/schema\/logo\/image\/","url":"https:\/\/www.smartsteuer.de\/online\/wp-content\/uploads\/2024\/11\/Favicon-smartsteuer.png","contentUrl":"https:\/\/www.smartsteuer.de\/online\/wp-content\/uploads\/2024\/11\/Favicon-smartsteuer.png","width":512,"height":512,"caption":"smartsteuer GmbH"},"image":{"@id":"https:\/\/www.smartsteuer.de\/online\/#\/schema\/logo\/image\/"},"sameAs":["https:\/\/de-de.facebook.com\/smartsteuer\/","https:\/\/x.com\/smartsteuer","https:\/\/www.youtube.com\/channel\/UCu02GkFNrMRzwysT2SEmNrQ"]}]}},"_links":{"self":[{"href":"https:\/\/www.smartsteuer.de\/online\/wp-json\/wp\/v2\/pages\/1999","targetHints":{"allow":["GET"]}}],"collection":[{"href":"https:\/\/www.smartsteuer.de\/online\/wp-json\/wp\/v2\/pages"}],"about":[{"href":"https:\/\/www.smartsteuer.de\/online\/wp-json\/wp\/v2\/types\/page"}],"author":[{"embeddable":true,"href":"https:\/\/www.smartsteuer.de\/online\/wp-json\/wp\/v2\/users\/27"}],"replies":[{"embeddable":true,"href":"https:\/\/www.smartsteuer.de\/online\/wp-json\/wp\/v2\/comments?post=1999"}],"version-history":[{"count":23,"href":"https:\/\/www.smartsteuer.de\/online\/wp-json\/wp\/v2\/pages\/1999\/revisions"}],"predecessor-version":[{"id":82709,"href":"https:\/\/www.smartsteuer.de\/online\/wp-json\/wp\/v2\/pages\/1999\/revisions\/82709"}],"wp:attachment":[{"href":"https:\/\/www.smartsteuer.de\/online\/wp-json\/wp\/v2\/media?parent=1999"}],"curies":[{"name":"wp","href":"https:\/\/api.w.org\/{rel}","templated":true}]}}