{"id":30862,"date":"2020-07-31T12:25:15","date_gmt":"2020-07-31T10:25:15","guid":{"rendered":"https:\/\/www.smartsteuer.de\/online\/?page_id=30862"},"modified":"2025-12-15T17:33:08","modified_gmt":"2025-12-15T15:33:08","slug":"gutschein","status":"publish","type":"page","link":"https:\/\/www.smartsteuer.de\/online\/gutschein\/","title":{"rendered":"smartsteuer Gutschein: empfehlen &#038; kassieren"},"content":{"rendered":"<div class=\"sui-sheet-wrapper\">\n\t<section class=\"lb-section sui-sheet--up-flat sui-sheet-padding-flat sui-theme-bright\">\n\t\t<div class=\"sui-container \">\n\t\t\t<\/p>\n<h1><strong>Jetzt smartsteuer Gutschein 2026 sichern!<\/strong><\/h1>\n<p>Mit dem smartsteuer Gutschein 2026 sparst Du <strong>10 %<\/strong> auf Deine erste Steuererkl\u00e4rung* mit smartsteuer.<\/p>\n<p>Einfach Rabattcode\u00a0herunterladen und direkt einl\u00f6sen.<\/p>\n<p>\n\t<script>\n\t\tdocument.addEventListener(\"DOMContentLoaded\", () => {\n\t\t\t\t\t\t\tsmdeInitVoucherElementRedeem('169f7cccdce933');\n\t\t\t\t\t})\n\t<\/script>\n\n\n\n\t<div id=\"lb-voucher-container-169f7cccdce933\" class=\"lb-voucher-container sui-rounded-corners sui-theme-bright mb-4\">\n\t\t    <label for=\"lb-voucher-input-169f7cccdce933\" class=\"sr-only\">Gutscheincode<\/label>\n    <input type=\"text\" id=\"lb-voucher-input-169f7cccdce933\" value=\"GSSPT026639379\" placeholder=\"Hier Code eingeben\"\/>\t<\/div>\n\n\t<p id=\"lb-voucher-content-169f7cccdce933\">\n\t\t*g\u00fcltig bis 31.12.2026, nur f\u00fcr Neukunden, nicht kombinierbar\t<\/p>\n\n\t<button\n\t\tid=\"lb-download-button-169f7cccdce933\"\n\t\tclass=\"sui-button-cta sui-button-xlarge\">\n\t\tGutschein herunterladen\t<\/button>\n\n<\/p>\n<p>\n\t\t<\/div>\n\t<\/section>\n<\/div>\n\n<!-- Desktop -->\n<div class=\"sui-sheet-wrapper\">\n\t<section class=\"lb-section lb-seals sui-sheet--up-flat sui-sheet-padding-flat sui-theme-bright\">\n\n\t\t<div>\n\n\t\t\t<div class=\"sui-container\">\n\t\t\t\t<h2>\n\t\t\t\t\tMehrfach getestet<br>und f\u00fcr \n\t\t\t\t\t<strong style=\"color:var(--sui-color-electric-600); font-weight: inherit\">\u00bbsehr gut\u00ab<\/strong>\n\t\t\t\t\tbefunden.\n\t\t\t\t<\/h2>\n\t\t\t<\/div>\n\n\t\t\t<div class=\"sui-container px-lg-6 d-none d-md-block\">\n\n\t\t\t\t<div class=\"row align-items-center px-6 mt-5\">\n\n\t\t\t\t\t<div class=\"col-sm px-2 px-xl-5\">\n\t\t\t\t\t\t<a href=\"https:\/\/smartsteuer-mrk.objectstorage.fes.cloud.syseleven.net\/zertifikate\/Zertifikat_SHiG_digital_smartsteuer_GmbH.PDF\"\n\t\t\t\t\t\t\ttitle=\"Made (and hosted) in Germany\"\n\t\t\t\t\t\t\ttarget=\"_blank\">\n\t\t\t\t\t\t\t<img decoding=\"async\" src=\"\n\t\t\t\t\t\t\thttps:\/\/www.smartsteuer.de\/online\/wp-content\/plugins\/plugin-landingpagebuilder\/src\/elements\/seals\/\t\t\t\t\t\t\timg\/logo-shig.webp\" style=\"width:90%;\"\n\t\t\t\t\t\t\t\talt=\"Hosted in germany\">\n\t\t\t\t\t\t<\/a>\n\t\t\t\t\t<\/div>\n\n\t\t\t\t\t<div class=\"col-sm px-2 px-xl-4\">\n\t\t\t\t\t\t<a href=\"https:\/\/finanzwissen.de\/erfahrungen\/smartsteuer\/\"\n\t\t\t\t\t\t\ttitle=\"Erfahrungen & Bewertungen zu smartsteuer GmbH anzeigen\" target=\"_blank\"\n\t\t\t\t\t\t\tstyle=\"text-decoration:none;\">\n\t\t\t\t\t\t\t<img decoding=\"async\" src=\"\n\t\t\t\t\t\t\thttps:\/\/www.smartsteuer.de\/online\/wp-content\/plugins\/plugin-landingpagebuilder\/src\/elements\/seals\/\t\t\t\t\t\t\timg\/seal-finanzwissen.webp\"\n\t\t\t\t\t\t\t\talt=\"Finanzwissen\"\/>\n\t\t\t\t\t\t<\/a>\n\t\t\t\t\t<\/div>\n\n\t\t\t\t\t<div class=\"col-sm px-2 px-xl-5\">\n\t\t\t\t\t\t<a href=\"https:\/\/www.tuv-saar.com\/certificates\/46535\" target=\"_blank\">\n\t\t\t\t\t\t\t<img decoding=\"async\" src=\"\n\t\t\t\t\t\t\thttps:\/\/www.smartsteuer.de\/online\/wp-content\/plugins\/plugin-landingpagebuilder\/src\/elements\/seals\/\t\t\t\t\t\t\timg\/tuev-saarland-datenschutz.svg\"\n\t\t\t\t\t\t\t\talt=\"T\u00dcV Saarland Datenschutz\"\/>\n\t\t\t\t\t\t<\/a>\n\t\t\t\t\t<\/div>\n\n\t\t\t\t<\/div>\n\t\t\t<\/div>\n\n\t\t\t<!-- Mobile -->\n\n\t\t\t<div class=\"sui-container px-0 d-block d-md-none\">\n\n\t\t\t\t<div class=\"sui-swiper\">\n\n\t\t\t\t\t<div class=\"sui-swiper-slide\" style=\"height: 200px;\">\n\t\t\t\t\t\t<div class=\"d-flex align-items-center\">\n\t\t\t\t\t\t\t<div class=\"flex-1 px-1 pr-sm-2 pl-sm-4\">\n\t\t\t\t\t\t\t\t<a target=\"_blank\" href=\"https:\/\/www.tuv-saar.com\/certificates\/46535\">\n\t\t\t\t\t\t\t\t\t<img\n\t\t\t\t\t\t\t\t\t\tsrc=\"https:\/\/www.smartsteuer.de\/online\/wp-content\/plugins\/plugin-landingpagebuilder\/src\/elements\/seals\/img\/tuev-saarland-datenschutz.svg\"\n\t\t\t\t\t\t\t\t\t\talt=\"T\u00dcV Saarland Datenschutz\" style=\"width: 100%;\"\/>\n\t\t\t\t\t\t\t\t<\/a>\n\t\t\t\t\t\t\t<\/div>\n\t\t\t\t\t\t\t<div class=\"flex-1 px-1 pr-sm-4 pl-sm-4\">\n\t\t\t\t\t\t\t\t<a href=\"https:\/\/finanzwissen.de\/erfahrungen\/smartsteuer\/\"\n\t\t\t\t\t\t\t\t\ttitle=\"Erfahrungen & Bewertungen zu smartsteuer GmbH anzeigen\" target=\"_blank\"\n\t\t\t\t\t\t\t\t\tstyle=\"text-decoration:none;\">\n\t\t\t\t\t\t\t\t\t<img decoding=\"async\" src=\"\n\t\t\t\t\t\t\t\t\thttps:\/\/www.smartsteuer.de\/online\/wp-content\/plugins\/plugin-landingpagebuilder\/src\/elements\/seals\/\t\t\t\t\t\t\t\t\timg\/seal-finanzwissen.webp\"\n\t\t\t\t\t\t\t\t\t\talt=\"Finanzwissen\"\/>\n\t\t\t\t\t\t\t\t<\/a>\n\t\t\t\t\t\t\t<\/div>\n\t\t\t\t\t\t<\/div>\n\t\t\t\t\t<\/div>\n\n\t\t\t\t\t<div class=\"sui-swiper-slide\" style=\"height: 200px;\">\n\t\t\t\t\t\t<div class=\"d-flex flex-1 justify-content-center px-2 px-sm-5\">\n\t\t\t\t\t\t\t<a target=\"_blank\" href=\"https:\/\/smartsteuer-mrk.objectstorage.fes.cloud.syseleven.net\/zertifikate\/Zertifikat_SHiG_digital_smartsteuer_GmbH.PDF\">\n\t\t\t\t\t\t\t\t<img decoding=\"async\" src=\"\n\t\t\t\t\t\t\t\t\thttps:\/\/www.smartsteuer.de\/online\/wp-content\/plugins\/plugin-landingpagebuilder\/src\/elements\/seals\/\t\t\t\t\t\t\t\t\timg\/logo-shig.webp\"\n\t\t\t\t\t\t\t\t\talt=\"Hosted in Germany\"\n\t\t\t\t\t\t\t\t\tstyle=\"max-height: 200px;\"\/>\n\t\t\t\t\t\t\t<\/a>\n\t\t\t\t\t\t<\/div>\n\t\t\t\t\t<\/div>\n\n\t\t\t\t<\/div>\n\t\t\t<\/div>\n\n\t\t<\/div>\n\n\t<\/section>\n<\/div>\n<div class=\"sui-sheet-wrapper\">\n\t<section class=\"lb-section sui-sheet--up-flat sui-sheet-padding-flat sui-theme-bright\">\n\t\t<div class=\"sui-container \">\n\t\t\t<\/p>\n<p><div class=\"lb-features\"><div class=\"sui-grid\" style=\"padding:0 !important;\"><div class=\"sui-row\"><div class=\"sui-col-third\"><div class=\"lb-features-item\">\n\t<div class=\"lb-features-icon pb-2 pb-sm-3 pb-md-4\">\n\t<i class=\"fa-regular fa-pen-to-square\" style=\"color: var(--sui-color-electric-600)\" aria-hidden=\"true\"><\/i>\n<\/div>\n\t<div>\n\t\t<div class=\"h3 lb-features-title\">\n\tDirekt kostenlos mit Deiner Steuererkl\u00e4rung starten\n<\/div>\n\t\t<div class=\"lb-features-text\">\n\t\t\t<\/p>\n<p>\n\t\t<\/div>\n\t\t\n\t<\/div>\n<\/div><\/div><div class=\"sui-col-third\"><div class=\"lb-features-item\">\n\t<div class=\"lb-features-icon pb-2 pb-sm-3 pb-md-4\">\n\t<i class=\"fa-regular fa-money-bill-wave\" style=\"color: var(--sui-color-electric-600)\" aria-hidden=\"true\"><\/i>\n<\/div>\n\t<div>\n\t\t<div class=\"h3 lb-features-title\">\n\tLive Erstattung berechnen lassen\n<\/div>\n\t\t<div class=\"lb-features-text\">\n\t\t\t<\/p>\n<p>\n\t\t<\/div>\n\t\t\n\t<\/div>\n<\/div><\/div><div class=\"sui-col-third\"><div class=\"lb-features-item\">\n\t<div class=\"lb-features-icon pb-2 pb-sm-3 pb-md-4\">\n\t<i class=\"fa-regular fa-badge-percent\" style=\"color: var(--sui-color-electric-600)\" aria-hidden=\"true\"><\/i>\n<\/div>\n\t<div>\n\t\t<div class=\"h3 lb-features-title\">\n\tsmartsteuer Gutschein einl\u00f6sen und bei Abgabe 10 %* sparen\n<\/div>\n\t\t<div class=\"lb-features-text\">\n\t\t\t<\/p>\n<p>\n\t\t<\/div>\n\t\t\n\t<\/div>\n<\/div><\/div><\/div><\/div><\/div><\/p>\n<p><a class='sui-button-cta mt-2 sui-button-xlarge' href='https:\/\/profil.smartsteuer.de\/service-redirect.html?myExternal=lb_default' role='button'>\n\tkostenlos testen\t\n<\/a><\/p>\n<p>\n\t\t<\/div>\n\t<\/section>\n<\/div>\n<div class=\"sui-sheet-wrapper\">\n\t<section class=\"lb-section sui-sheet--up-flat sui-sheet-padding-flat sui-theme-bright\">\n\t\t<div class=\"sui-container \">\n\t\t\t<\/p>\n<p style=\"text-align: center;\"><div class=\"lb-inline-video sui-theme-electric sui-pattern sui-rounded-corners my-4 my-sm-5\"><div class=\"h4 mb-4\">Mehr zur Steuererkl\u00e4rung mit smartsteuer im Video:<\/div>\n<div data-mode=\"normal\" data-oembed=\"1\" data-provider=\"youtube\" id=\"arve-youtube-o8nzvk5uy_8\" style=\"max-width:900px;\" class=\"arve\">\n\t<div class=\"arve-inner\">\n\t\t<div style=\"aspect-ratio:500\/281\" class=\"arve-embed arve-embed--has-aspect-ratio\">\n\t\t\t<div class=\"arve-ar\" style=\"padding-top:56.200000%\"><\/div>\n\t\t\t<iframe allow=\"accelerometer &apos;none&apos;;autoplay &apos;none&apos;;bluetooth &apos;none&apos;;browsing-topics &apos;none&apos;;camera &apos;none&apos;;clipboard-read &apos;none&apos;;clipboard-write;display-capture &apos;none&apos;;encrypted-media &apos;none&apos;;gamepad &apos;none&apos;;geolocation &apos;none&apos;;gyroscope &apos;none&apos;;hid &apos;none&apos;;identity-credentials-get &apos;none&apos;;idle-detection &apos;none&apos;;keyboard-map &apos;none&apos;;local-fonts;magnetometer &apos;none&apos;;microphone &apos;none&apos;;midi &apos;none&apos;;otp-credentials &apos;none&apos;;payment &apos;none&apos;;picture-in-picture;publickey-credentials-create &apos;none&apos;;publickey-credentials-get &apos;none&apos;;screen-wake-lock &apos;none&apos;;serial &apos;none&apos;;summarizer &apos;none&apos;;sync-xhr;usb &apos;none&apos;;web-share;window-management &apos;none&apos;;xr-spatial-tracking &apos;none&apos;;\" allowfullscreen=\"\" class=\"arve-iframe fitvidsignore\" credentialless data-arve=\"arve-youtube-o8nzvk5uy_8\" data-lenis-prevent=\"\" data-src-no-ap=\"https:\/\/www.youtube-nocookie.com\/embed\/o8NzVK5Uy_8?feature=oembed&amp;iv_load_policy=3&amp;modestbranding=1&amp;rel=0&amp;autohide=1&amp;playsinline=0&amp;autoplay=0\" frameborder=\"0\" height=\"505.8\" loading=\"lazy\" name=\"\" referrerpolicy=\"strict-origin-when-cross-origin\" sandbox=\"allow-scripts allow-same-origin allow-presentation allow-popups allow-popups-to-escape-sandbox\" scrolling=\"no\" src=\"https:\/\/www.youtube-nocookie.com\/embed\/o8NzVK5Uy_8?feature=oembed&#038;iv_load_policy=3&#038;modestbranding=1&#038;rel=0&#038;autohide=1&#038;playsinline=0&#038;autoplay=0\" title=\"\" width=\"900\"><\/iframe>\n\t\t\t\n\t\t<\/div>\n\t\t\n\t<\/div>\n\t\n\t\n\t<script type=\"application\/ld+json\">{\"@context\":\"http:\\\/\\\/schema.org\\\/\",\"@id\":\"https:\\\/\\\/www.smartsteuer.de\\\/online\\\/gutschein\\\/#arve-youtube-o8nzvk5uy_8\",\"type\":\"VideoObject\",\"embedURL\":\"https:\\\/\\\/www.youtube-nocookie.com\\\/embed\\\/o8NzVK5Uy_8?feature=oembed&iv_load_policy=3&modestbranding=1&rel=0&autohide=1&playsinline=0&autoplay=0\"}<\/script>\n\t\n<\/div><\/div><\/p>\n<p>\n\t\t<\/div>\n\t<\/section>\n<\/div>\n<div class=\"sui-sheet-wrapper\">\n\t<section class=\"lb-section sui-sheet--up-flat sui-sheet-padding-flat sui-theme-bright\">\n\t\t<div class=\"sui-container \">\n\t\t\t<\/p>\n<p><div class=\"lb-inline-box p-4 p-lg-5 my-4 my-sm-5 sui-rounded-corners lb-bg-lightblue\"><\/p>\n<h2 style=\"text-align: center;\">Info: Gutscheine und Rabattcodes anderer Websites<\/h2>\n<ul>\n<li>Es gibt einige Websites, die Gutscheine von smartsteuer anbieten, obwohl sie von uns nicht autorisiert wurden. Wir geben daher keine Garantie f\u00fcr die Echtheit solcher Gutscheine.<\/li>\n<li><strong>Gutscheine auf dieser Website sind 100 % echt und garantieren Deinen Rabatt.<\/strong><\/li>\n<\/ul>\n<p><\/div><\/p>\n<p>\n\t\t<\/div>\n\t<\/section>\n<\/div>\n<div class=\"sui-sheet-wrapper\">\n\t<section class=\"lb-section sui-sheet--up-flat sui-sheet-padding-flat sui-theme-bright\">\n\t\t<div class=\"sui-container \">\n\t\t\t<\/p>\n<p><h3 class=\"sui-accordion-title\">Wie kann ich einen Rabattcode \u00fcberpr\u00fcfen?<\/h3><div class=\"sui-accordion-item show\"><\/p>\n<p>&nbsp;<\/p>\n<p style=\"text-align: left;\">Melden Dich kostenfrei auf unserer Website an und gehe zur Kasse. Im Bezahlvorgang kannst Du den Rabattcode einl\u00f6sen.<\/p>\n<p style=\"text-align: left;\">Bei einer Fehlermeldung oder nicht reduziertem Preis ist der Code nicht g\u00fcltig. Unser regul\u00e4rer Preis ist 39,99 \u20ac und beinhaltet 5 Abgaben pro Steuerjahr. Es k\u00f6nnen von 5 verschiedenen Personen im gekauften Steuerjahr die Steuererkl\u00e4rungen abgegeben werden. Voraussetzung ist allerdings, dass diese verschiedenen Personen denselben Account nutzen. Unsere Kunden erhalten im Schnitt eine Erstattung in H\u00f6he von 1.328 \u20ac. Vor der Abgabe pr\u00fcfen wir mit dem smartCheck Deine Angaben, so holst Du das Maximum heraus.<\/p>\n<p><\/div>\n\t\t<\/div>\n\t<\/section>\n<\/div>\n<div class=\"sui-sheet-wrapper\"><section class=\"sui-sheet--up-flat\"><div class=\"d-flex flex-column flex-md-row m-0\"><\/p>\n<p><div class=\"sui-split-half sui-theme-bright\"><div class=\"sui-split-inner\"><\/p>\n<p><a href=\"https:\/\/www.smartsteuer.de\/online\/wp-content\/uploads\/2020\/07\/Sie-haben-Fragen.jpg\"><img loading=\"lazy\" decoding=\"async\" class=\"alignleft wp-image-30879 size-large\" src=\"https:\/\/www.smartsteuer.de\/online\/wp-content\/uploads\/2020\/07\/Sie-haben-Fragen-1024x683.jpg\" alt=\"Sie haben Sie Fragen zum smartsteuer Gutschein?\" width=\"1024\" height=\"683\" srcset=\"https:\/\/www.smartsteuer.de\/online\/wp-content\/uploads\/2020\/07\/Sie-haben-Fragen-1024x683.jpg 1024w, https:\/\/www.smartsteuer.de\/online\/wp-content\/uploads\/2020\/07\/Sie-haben-Fragen-300x200.jpg 300w, https:\/\/www.smartsteuer.de\/online\/wp-content\/uploads\/2020\/07\/Sie-haben-Fragen-768x512.jpg 768w, https:\/\/www.smartsteuer.de\/online\/wp-content\/uploads\/2020\/07\/Sie-haben-Fragen-1536x1025.jpg 1536w, https:\/\/www.smartsteuer.de\/online\/wp-content\/uploads\/2020\/07\/Sie-haben-Fragen-2048x1367.jpg 2048w\" sizes=\"auto, (max-width: 1024px) 100vw, 1024px\" \/><\/a><\/p>\n<p><\/div><\/div><\/p>\n<p><div class=\"sui-split-half sui-theme-bright\"><div class=\"sui-split-inner\"><\/p>\n<p>&nbsp;<\/p>\n<p>&nbsp;<\/p>\n<p><div class=\"lb-features-list\"><\/p>\n<p><div class=\"lb-features-item\">\n\t<div class=\"lb-features-icon pb-2 pb-sm-3 pb-md-4\">\n\t<i class=\"fas fa-envelope-open-text\" style=\"color: var(--sui-color-electric-600)\" aria-hidden=\"true\"><\/i>\n<\/div>\n\t<div>\n\t\t<div class=\"h3 lb-features-title\">\n\tHast Du noch Fragen zur smartsteuer Gutschein Aktion?\n<\/div>\n\t\t<div class=\"lb-features-text\">\n\t\t\t<\/p>\n<p>Schreib uns eine Mail. Wir helfen Dir gerne!<\/p>\n<p>\n\t\t<\/div>\n\t\t<div class=\"lb-features-link mt-1\">\n\t<a class=\"lb-link sui-button-ghost sui-button-align-text\" href=\"mailto:hilfe@smartsteuer.de\">\n\t hilfe@smartsteuer.de\n\t <i class=\"fa-solid fa-chevron-right\" aria-hidden=\"true\"><\/i>\n\t<\/a>\n<\/div>\n\t<\/div>\n<\/div><\/p>\n<p><\/div><\/p>\n<p><\/div><\/div><\/p>\n<p><\/div><\/section><\/div>\n","protected":false},"excerpt":{"rendered":"","protected":false},"author":16,"featured_media":0,"parent":0,"menu_order":0,"comment_status":"closed","ping_status":"closed","template":"landingpage-template.php","meta":{"_acf_changed":false,"footnotes":""},"class_list":["post-30862","page","type-page","status-publish","hentry"],"acf":[],"yoast_head":"<!-- This site is optimized with the Yoast SEO Premium plugin v27.5 (Yoast SEO v27.5) - https:\/\/yoast.com\/product\/yoast-seo-premium-wordpress\/ -->\n<title>smartsteuer Gutschein 2026 -10 % Rabatt sichern<\/title>\n<meta name=\"description\" content=\"lll\u27a4 Steuererkl\u00e4rung kostenfrei testen und anschlie\u00dfend 10 % smartsteuer Gutschein bis zum Jahresende einl\u00f6sen \u2705\" \/>\n<meta name=\"robots\" content=\"index, follow, max-snippet:-1, max-image-preview:large, max-video-preview:-1\" \/>\n<link rel=\"canonical\" href=\"https:\/\/www.smartsteuer.de\/online\/gutschein\/\" \/>\n<meta property=\"og:locale\" content=\"de_DE\" \/>\n<meta property=\"og:type\" content=\"article\" \/>\n<meta property=\"og:title\" content=\"smartsteuer Gutschein: empfehlen &amp; kassieren\" \/>\n<meta property=\"og:description\" content=\"lll\u27a4 Steuererkl\u00e4rung kostenfrei testen und anschlie\u00dfend 10 % smartsteuer Gutschein bis zum Jahresende einl\u00f6sen \u2705\" \/>\n<meta property=\"og:url\" content=\"https:\/\/www.smartsteuer.de\/online\/gutschein\/\" \/>\n<meta property=\"og:site_name\" content=\"smartsteuer\" \/>\n<meta property=\"article:publisher\" content=\"https:\/\/de-de.facebook.com\/smartsteuer\/\" \/>\n<meta property=\"article:modified_time\" content=\"2025-12-15T15:33:08+00:00\" \/>\n<meta property=\"og:image\" content=\"https:\/\/www.smartsteuer.de\/online\/wp-content\/uploads\/2020\/07\/Sie-haben-Fragen-1024x683.jpg\" \/>\n<meta name=\"twitter:card\" content=\"summary_large_image\" \/>\n<meta name=\"twitter:site\" content=\"@smartsteuer\" \/>\n<meta name=\"twitter:label1\" content=\"Gesch\u00e4tzte Lesezeit\" \/>\n\t<meta name=\"twitter:data1\" content=\"2\u00a0Minuten\" \/>\n<script type=\"application\/ld+json\" class=\"yoast-schema-graph\">{\"@context\":\"https:\\\/\\\/schema.org\",\"@graph\":[{\"@type\":\"WebPage\",\"@id\":\"https:\\\/\\\/www.smartsteuer.de\\\/online\\\/gutschein\\\/\",\"url\":\"https:\\\/\\\/www.smartsteuer.de\\\/online\\\/gutschein\\\/\",\"name\":\"smartsteuer Gutschein 2026 -10 % Rabatt sichern\",\"isPartOf\":{\"@id\":\"https:\\\/\\\/www.smartsteuer.de\\\/online\\\/#website\"},\"primaryImageOfPage\":{\"@id\":\"https:\\\/\\\/www.smartsteuer.de\\\/online\\\/gutschein\\\/#primaryimage\"},\"image\":{\"@id\":\"https:\\\/\\\/www.smartsteuer.de\\\/online\\\/gutschein\\\/#primaryimage\"},\"thumbnailUrl\":\"https:\\\/\\\/www.smartsteuer.de\\\/online\\\/wp-content\\\/uploads\\\/2020\\\/07\\\/Sie-haben-Fragen-1024x683.jpg\",\"datePublished\":\"2020-07-31T10:25:15+00:00\",\"dateModified\":\"2025-12-15T15:33:08+00:00\",\"description\":\"lll\u27a4 Steuererkl\u00e4rung kostenfrei testen und anschlie\u00dfend 10 % smartsteuer Gutschein bis zum Jahresende einl\u00f6sen \u2705\",\"breadcrumb\":{\"@id\":\"https:\\\/\\\/www.smartsteuer.de\\\/online\\\/gutschein\\\/#breadcrumb\"},\"inLanguage\":\"de\",\"potentialAction\":[{\"@type\":\"ReadAction\",\"target\":[\"https:\\\/\\\/www.smartsteuer.de\\\/online\\\/gutschein\\\/\"]}]},{\"@type\":\"ImageObject\",\"inLanguage\":\"de\",\"@id\":\"https:\\\/\\\/www.smartsteuer.de\\\/online\\\/gutschein\\\/#primaryimage\",\"url\":\"https:\\\/\\\/www.smartsteuer.de\\\/online\\\/wp-content\\\/uploads\\\/2020\\\/07\\\/Sie-haben-Fragen.jpg\",\"contentUrl\":\"https:\\\/\\\/www.smartsteuer.de\\\/online\\\/wp-content\\\/uploads\\\/2020\\\/07\\\/Sie-haben-Fragen.jpg\",\"width\":2119,\"height\":1414,\"caption\":\"Steuer noch nicht abgegeben? Jetzt aber schnell!\"},{\"@type\":\"BreadcrumbList\",\"@id\":\"https:\\\/\\\/www.smartsteuer.de\\\/online\\\/gutschein\\\/#breadcrumb\",\"itemListElement\":[{\"@type\":\"ListItem\",\"position\":1,\"name\":\"Home\",\"item\":\"https:\\\/\\\/www.smartsteuer.de\\\/online\\\/\"},{\"@type\":\"ListItem\",\"position\":2,\"name\":\"smartsteuer Gutschein: empfehlen &#038; kassieren\"}]},{\"@type\":\"WebSite\",\"@id\":\"https:\\\/\\\/www.smartsteuer.de\\\/online\\\/#website\",\"url\":\"https:\\\/\\\/www.smartsteuer.de\\\/online\\\/\",\"name\":\"smartsteuer\",\"description\":\"Steuererkl\u00e4rung 2024 online machen &amp; Steuern sparen\",\"publisher\":{\"@id\":\"https:\\\/\\\/www.smartsteuer.de\\\/online\\\/#organization\"},\"potentialAction\":[{\"@type\":\"SearchAction\",\"target\":{\"@type\":\"EntryPoint\",\"urlTemplate\":\"https:\\\/\\\/www.smartsteuer.de\\\/online\\\/?s={search_term_string}\"},\"query-input\":{\"@type\":\"PropertyValueSpecification\",\"valueRequired\":true,\"valueName\":\"search_term_string\"}}],\"inLanguage\":\"de\"},{\"@type\":\"Organization\",\"@id\":\"https:\\\/\\\/www.smartsteuer.de\\\/online\\\/#organization\",\"name\":\"smartsteuer GmbH\",\"url\":\"https:\\\/\\\/www.smartsteuer.de\\\/online\\\/\",\"logo\":{\"@type\":\"ImageObject\",\"inLanguage\":\"de\",\"@id\":\"https:\\\/\\\/www.smartsteuer.de\\\/online\\\/#\\\/schema\\\/logo\\\/image\\\/\",\"url\":\"https:\\\/\\\/www.smartsteuer.de\\\/online\\\/wp-content\\\/uploads\\\/2024\\\/11\\\/Favicon-smartsteuer.png\",\"contentUrl\":\"https:\\\/\\\/www.smartsteuer.de\\\/online\\\/wp-content\\\/uploads\\\/2024\\\/11\\\/Favicon-smartsteuer.png\",\"width\":512,\"height\":512,\"caption\":\"smartsteuer GmbH\"},\"image\":{\"@id\":\"https:\\\/\\\/www.smartsteuer.de\\\/online\\\/#\\\/schema\\\/logo\\\/image\\\/\"},\"sameAs\":[\"https:\\\/\\\/de-de.facebook.com\\\/smartsteuer\\\/\",\"https:\\\/\\\/x.com\\\/smartsteuer\",\"https:\\\/\\\/www.youtube.com\\\/channel\\\/UCu02GkFNrMRzwysT2SEmNrQ\"]}]}<\/script>\n<!-- \/ Yoast SEO Premium plugin. -->","yoast_head_json":{"title":"smartsteuer Gutschein 2026 -10 % Rabatt sichern","description":"lll\u27a4 Steuererkl\u00e4rung kostenfrei testen und anschlie\u00dfend 10 % smartsteuer Gutschein bis zum Jahresende einl\u00f6sen \u2705","robots":{"index":"index","follow":"follow","max-snippet":"max-snippet:-1","max-image-preview":"max-image-preview:large","max-video-preview":"max-video-preview:-1"},"canonical":"https:\/\/www.smartsteuer.de\/online\/gutschein\/","og_locale":"de_DE","og_type":"article","og_title":"smartsteuer Gutschein: empfehlen & kassieren","og_description":"lll\u27a4 Steuererkl\u00e4rung kostenfrei testen und anschlie\u00dfend 10 % smartsteuer Gutschein bis zum Jahresende einl\u00f6sen \u2705","og_url":"https:\/\/www.smartsteuer.de\/online\/gutschein\/","og_site_name":"smartsteuer","article_publisher":"https:\/\/de-de.facebook.com\/smartsteuer\/","article_modified_time":"2025-12-15T15:33:08+00:00","og_image":[{"url":"https:\/\/www.smartsteuer.de\/online\/wp-content\/uploads\/2020\/07\/Sie-haben-Fragen-1024x683.jpg","type":"","width":"","height":""}],"twitter_card":"summary_large_image","twitter_site":"@smartsteuer","twitter_misc":{"Gesch\u00e4tzte Lesezeit":"2\u00a0Minuten"},"schema":{"@context":"https:\/\/schema.org","@graph":[{"@type":"WebPage","@id":"https:\/\/www.smartsteuer.de\/online\/gutschein\/","url":"https:\/\/www.smartsteuer.de\/online\/gutschein\/","name":"smartsteuer Gutschein 2026 -10 % Rabatt sichern","isPartOf":{"@id":"https:\/\/www.smartsteuer.de\/online\/#website"},"primaryImageOfPage":{"@id":"https:\/\/www.smartsteuer.de\/online\/gutschein\/#primaryimage"},"image":{"@id":"https:\/\/www.smartsteuer.de\/online\/gutschein\/#primaryimage"},"thumbnailUrl":"https:\/\/www.smartsteuer.de\/online\/wp-content\/uploads\/2020\/07\/Sie-haben-Fragen-1024x683.jpg","datePublished":"2020-07-31T10:25:15+00:00","dateModified":"2025-12-15T15:33:08+00:00","description":"lll\u27a4 Steuererkl\u00e4rung kostenfrei testen und anschlie\u00dfend 10 % smartsteuer Gutschein bis zum Jahresende einl\u00f6sen \u2705","breadcrumb":{"@id":"https:\/\/www.smartsteuer.de\/online\/gutschein\/#breadcrumb"},"inLanguage":"de","potentialAction":[{"@type":"ReadAction","target":["https:\/\/www.smartsteuer.de\/online\/gutschein\/"]}]},{"@type":"ImageObject","inLanguage":"de","@id":"https:\/\/www.smartsteuer.de\/online\/gutschein\/#primaryimage","url":"https:\/\/www.smartsteuer.de\/online\/wp-content\/uploads\/2020\/07\/Sie-haben-Fragen.jpg","contentUrl":"https:\/\/www.smartsteuer.de\/online\/wp-content\/uploads\/2020\/07\/Sie-haben-Fragen.jpg","width":2119,"height":1414,"caption":"Steuer noch nicht abgegeben? Jetzt aber schnell!"},{"@type":"BreadcrumbList","@id":"https:\/\/www.smartsteuer.de\/online\/gutschein\/#breadcrumb","itemListElement":[{"@type":"ListItem","position":1,"name":"Home","item":"https:\/\/www.smartsteuer.de\/online\/"},{"@type":"ListItem","position":2,"name":"smartsteuer Gutschein: empfehlen &#038; kassieren"}]},{"@type":"WebSite","@id":"https:\/\/www.smartsteuer.de\/online\/#website","url":"https:\/\/www.smartsteuer.de\/online\/","name":"smartsteuer","description":"Steuererkl\u00e4rung 2024 online machen &amp; Steuern sparen","publisher":{"@id":"https:\/\/www.smartsteuer.de\/online\/#organization"},"potentialAction":[{"@type":"SearchAction","target":{"@type":"EntryPoint","urlTemplate":"https:\/\/www.smartsteuer.de\/online\/?s={search_term_string}"},"query-input":{"@type":"PropertyValueSpecification","valueRequired":true,"valueName":"search_term_string"}}],"inLanguage":"de"},{"@type":"Organization","@id":"https:\/\/www.smartsteuer.de\/online\/#organization","name":"smartsteuer GmbH","url":"https:\/\/www.smartsteuer.de\/online\/","logo":{"@type":"ImageObject","inLanguage":"de","@id":"https:\/\/www.smartsteuer.de\/online\/#\/schema\/logo\/image\/","url":"https:\/\/www.smartsteuer.de\/online\/wp-content\/uploads\/2024\/11\/Favicon-smartsteuer.png","contentUrl":"https:\/\/www.smartsteuer.de\/online\/wp-content\/uploads\/2024\/11\/Favicon-smartsteuer.png","width":512,"height":512,"caption":"smartsteuer GmbH"},"image":{"@id":"https:\/\/www.smartsteuer.de\/online\/#\/schema\/logo\/image\/"},"sameAs":["https:\/\/de-de.facebook.com\/smartsteuer\/","https:\/\/x.com\/smartsteuer","https:\/\/www.youtube.com\/channel\/UCu02GkFNrMRzwysT2SEmNrQ"]}]}},"_links":{"self":[{"href":"https:\/\/www.smartsteuer.de\/online\/wp-json\/wp\/v2\/pages\/30862","targetHints":{"allow":["GET"]}}],"collection":[{"href":"https:\/\/www.smartsteuer.de\/online\/wp-json\/wp\/v2\/pages"}],"about":[{"href":"https:\/\/www.smartsteuer.de\/online\/wp-json\/wp\/v2\/types\/page"}],"author":[{"embeddable":true,"href":"https:\/\/www.smartsteuer.de\/online\/wp-json\/wp\/v2\/users\/16"}],"replies":[{"embeddable":true,"href":"https:\/\/www.smartsteuer.de\/online\/wp-json\/wp\/v2\/comments?post=30862"}],"version-history":[{"count":85,"href":"https:\/\/www.smartsteuer.de\/online\/wp-json\/wp\/v2\/pages\/30862\/revisions"}],"predecessor-version":[{"id":85638,"href":"https:\/\/www.smartsteuer.de\/online\/wp-json\/wp\/v2\/pages\/30862\/revisions\/85638"}],"wp:attachment":[{"href":"https:\/\/www.smartsteuer.de\/online\/wp-json\/wp\/v2\/media?parent=30862"}],"curies":[{"name":"wp","href":"https:\/\/api.w.org\/{rel}","templated":true}]}}