{"id":35163,"date":"2021-02-23T13:29:30","date_gmt":"2021-02-23T11:29:30","guid":{"rendered":"https:\/\/www.smartsteuer.de\/online\/?page_id=35163"},"modified":"2024-11-14T17:53:08","modified_gmt":"2024-11-14T15:53:08","slug":"smartsteuer-partnerprogramm","status":"publish","type":"page","link":"https:\/\/www.smartsteuer.de\/online\/smartsteuer-partnerprogramm\/","title":{"rendered":"smartsteuer Partnerprogramm"},"content":{"rendered":"<div class=\"sui-sheet-wrapper\">\n\t<section class=\"lb-section sui-sheet--up-flat sui-sheet-padding-flat sui-theme-bright\">\n\t\t<div class=\"sui-container \">\n\t\t\t<\/p>\n<h1>smartsteuer Partnerprogramm<\/h1>\n<p>Sie haben eine Website, ein Forum, einen Blog oder kennen einfach eine Menge Leute, die an einer Steuersoftware interessiert sein k\u00f6nnten? Dann werden Sie Partner im smartsteuer Affiliate-Programm!<\/p>\n<p><a class='sui-button-primary sui-button-large mt-2 mt-lg-3' href='https:\/\/ui.awin.com\/merchant-profile\/15043' role='button'>\n\tZum Partnerprogramm\n<\/a><\/p>\n<p>\n\t\t<\/div>\n\t<\/section>\n<\/div>\n<div class=\"sui-sheet-wrapper\"><section class=\"sui-sheet--up-flat\"><div class=\"d-flex flex-column flex-md-row m-0\"><\/p>\n<p><div class=\"sui-split-half sui-theme-bright\"><div class=\"sui-split-inner\"><\/p>\n<p><img loading=\"lazy\" decoding=\"async\" class=\"size-full wp-image-35197 alignnone\" style=\"margin-top: -35px;\" src=\"https:\/\/www.smartsteuer.de\/online\/wp-content\/uploads\/2023\/09\/affiliate-example.png\" alt=\"Beispiel Partnerprogramm\" width=\"731\" height=\"580\" \/><\/p>\n<p><\/div><\/div><\/p>\n<p><div class=\"sui-split-half sui-theme-bright\"><div class=\"sui-split-inner\"><\/p>\n<h4 style=\"text-align: left;\">Ihre Vorteile:<\/h4>\n<p style=\"text-align: left;\">Als smartsteuer Affiliate Partner vermitteln Sie die Online-Steuererkl\u00e4rung von smartsteuer auf Ihrer Webpr\u00e4senz. Die Teilnahme am Partnerprogramm ist f\u00fcr Sie dabei v\u00f6llig kostenlos.<\/p>\n<p style=\"text-align: left;\">F\u00fcr jeden erfolgreich vermittelten und g\u00fcltigen Sale der Einkommensteuererkl\u00e4rung eines Neukunden erhalten Sie<strong> 20 \u20ac. <\/strong>Ab 100 erfolgreichen Vermittlungen steigt Ihre Provision auf 23 \u20ac pro Sale. F\u00fcr Bestandskunden zahlen wir eine Provision von 1,50 \u20ac.<\/p>\n<p><\/div><\/div><\/p>\n<p><\/div><\/section><\/div>\n<div class=\"sui-sheet-wrapper\">\n\t<section class=\"lb-section sui-sheet--up-flat sui-sheet-padding-flat sui-theme-bright\">\n\t\t<div class=\"sui-container \">\n\t\t\t<\/p>\n<p><div class=\"lb-features\"><div class=\"sui-grid\" style=\"padding:0 !important;\"><div class=\"sui-row\"><div class=\"sui-col-third\"><div class=\"lb-features-item\">\n\t<div class=\"lb-features-icon pb-2 pb-sm-3 pb-md-4\">\n\t<i class=\"fa-light fa-user\" style=\"color: var(--sui-color-electric-600)\" aria-hidden=\"true\"><\/i>\n<\/div>\n\t<div>\n\t\t<div class=\"h3 lb-features-title\">\n\t1. Account erstellen\n<\/div>\n\t\t<div class=\"lb-features-text\">\n\t\t\t<br \/>\nErstellen Sie Ihren Affiliate-Account \u00fcber <a href=\"https:\/\/ui.awin.com\/merchant-profile\/15043\">AWIN<\/a>.<br \/>\n\n\t\t<\/div>\n\t\t\n\t<\/div>\n<\/div><\/div><div class=\"sui-col-third\"><div class=\"lb-features-item\">\n\t<div class=\"lb-features-icon pb-2 pb-sm-3 pb-md-4\">\n\t<i class=\"fa-light fa-heart\" style=\"color: var(--sui-color-electric-600)\" aria-hidden=\"true\"><\/i>\n<\/div>\n\t<div>\n\t\t<div class=\"h3 lb-features-title\">\n\t2. Weiterempfehlen\n<\/div>\n\t\t<div class=\"lb-features-text\">\n\t\t\t<br \/>\nPlatzieren &amp; empfehlen Sie smartsteuer auf Ihrer Webpr\u00e4senz.<br \/>\n\n\t\t<\/div>\n\t\t\n\t<\/div>\n<\/div><\/div><div class=\"sui-col-third\"><div class=\"lb-features-item\">\n\t<div class=\"lb-features-icon pb-2 pb-sm-3 pb-md-4\">\n\t<i class=\"fa-light fa-money-bill-alt\" style=\"color: var(--sui-color-electric-600)\" aria-hidden=\"true\"><\/i>\n<\/div>\n\t<div>\n\t\t<div class=\"h3 lb-features-title\">\n\t3. Provision erhalten\n<\/div>\n\t\t<div class=\"lb-features-text\">\n\t\t\t<br \/>\nF\u00fcr jeden vermittelten Neukunden erhalten Sie 20 \u20ac Provision.<br \/>\n\n\t\t<\/div>\n\t\t\n\t<\/div>\n<\/div><\/div><\/div><\/div><\/div><\/p>\n<p>\n\t\t<\/div>\n\t<\/section>\n<\/div>\n<div class=\"sui-sheet-wrapper\"><section class=\"sui-sheet--up-flat\"><div class=\"d-flex flex-column flex-md-row m-0\"><\/p>\n<p><div class=\"sui-split-half sui-theme-bright\"><div class=\"sui-split-inner\"><\/p>\n<h4>\u00dcber smartsteuer<\/h4>\n<p>Mit smartsteuer sparen Sie sich teure Berater \u2013 und machen Ihre Steuererkl\u00e4rung einfach selbst: Schritt f\u00fcr Schritt per Interview. Und dank Live-Berechnung sehen Sie sofort, wie viel Geld Sie sp\u00e4ter vom Staat zur\u00fcckbekommen.<\/p>\n<h4>Ihr Ansprechpartner:<\/h4>\n<p><img decoding=\"async\" class=\"alignnone wp-image-35279\" src=\"https:\/\/www.smartsteuer.de\/online\/wp-content\/uploads\/2023\/09\/can-genc.png\" alt=\"Can Genc Ansprechpartner\" width=\"102\" height=\"auto\" \/><\/p>\n<p><strong>Can-Koray Genc<\/strong><br \/>\nAffiliate Marketing Manager<\/p>\n<p><a href=\"http:\/\/\u201cmailto:can-koray.genc@smartsteuer.de\u201d\">can-koray.genc@smartsteuer.de<\/a><br \/>\nSprechen Sie mich auf individuelle Incentive-Angebote f\u00fcr Unternehmen an!<br \/>\n<\/div><\/div><\/p>\n<p><div class=\"sui-split-half sui-theme-bright\"><div class=\"sui-split-inner\"><\/p>\n<p><img loading=\"lazy\" decoding=\"async\" class=\"alignnone wp-image-38385 size-large\" src=\"https:\/\/www.smartsteuer.de\/online\/wp-content\/uploads\/2021\/12\/smartsteuer-onse-arbeitnehmer-1024x877.png\" alt=\"\" width=\"1024\" height=\"877\" srcset=\"https:\/\/www.smartsteuer.de\/online\/wp-content\/uploads\/2021\/12\/smartsteuer-onse-arbeitnehmer-1024x877.png 1024w, https:\/\/www.smartsteuer.de\/online\/wp-content\/uploads\/2021\/12\/smartsteuer-onse-arbeitnehmer-300x257.png 300w, https:\/\/www.smartsteuer.de\/online\/wp-content\/uploads\/2021\/12\/smartsteuer-onse-arbeitnehmer-768x657.png 768w, https:\/\/www.smartsteuer.de\/online\/wp-content\/uploads\/2021\/12\/smartsteuer-onse-arbeitnehmer-1536x1315.png 1536w, https:\/\/www.smartsteuer.de\/online\/wp-content\/uploads\/2021\/12\/smartsteuer-onse-arbeitnehmer-2048x1753.png 2048w\" sizes=\"auto, (max-width: 1024px) 100vw, 1024px\" \/><\/p>\n<p><\/div><\/div><\/p>\n<p><\/div><\/section><\/div>\n<div class=\"sui-sheet-wrapper\">\n\t<section class=\"lb-section sui-sheet--up-flat sui-sheet-padding-flat sui-theme-electric sui-theme-box-2\">\n\t\t<div class=\"sui-container \">\n\t\t\t<\/p>\n<h2>Jetzt Affiliate-Partner werden<\/h2>\n<p><a href=\"https:\/\/www.financeads.net\/publisher\/programme\/1650\/\"><img loading=\"lazy\" decoding=\"async\" class=\"wp-image-35370 size-full aligncenter\" src=\"https:\/\/www.smartsteuer.de\/online\/wp-content\/uploads\/2021\/03\/finance-40.png\" alt=\"\" width=\"300\" height=\"102\" \/><\/a><a href=\"https:\/\/ui.awin.com\/merchant-profile\/15043\" target=\"_blank\" rel=\"noopener\"><img loading=\"lazy\" decoding=\"async\" class=\"wp-image-35368 size-full aligncenter\" src=\"https:\/\/www.smartsteuer.de\/online\/wp-content\/uploads\/2021\/03\/awin-40.png\" alt=\"\" width=\"300\" height=\"102\" \/><\/a><a href=\"https:\/\/www.adcell.de\/partnerprogramme\/10767\"><img loading=\"lazy\" decoding=\"async\" class=\"aligncenter wp-image-60353 size-medium\" src=\"https:\/\/www.smartsteuer.de\/online\/wp-content\/uploads\/2024\/04\/Adcell-Logo-4-300x50.png\" alt=\"\" width=\"300\" height=\"50\" srcset=\"https:\/\/www.smartsteuer.de\/online\/wp-content\/uploads\/2024\/04\/Adcell-Logo-4-300x50.png 300w, https:\/\/www.smartsteuer.de\/online\/wp-content\/uploads\/2024\/04\/Adcell-Logo-4.png 507w\" sizes=\"auto, (max-width: 300px) 100vw, 300px\" \/><\/a><br \/>\n\n\t\t<\/div>\n\t<\/section>\n<\/div>\n","protected":false},"excerpt":{"rendered":"","protected":false},"author":13,"featured_media":0,"parent":0,"menu_order":0,"comment_status":"closed","ping_status":"closed","template":"landingpage-template.php","meta":{"_acf_changed":false,"footnotes":""},"class_list":["post-35163","page","type-page","status-publish","hentry"],"acf":[],"yoast_head":"<!-- This site is optimized with the Yoast SEO Premium plugin v27.1 (Yoast SEO v27.1.1) - https:\/\/yoast.com\/product\/yoast-seo-premium-wordpress\/ -->\n<title>smartsteuer Partnerprogramm<\/title>\n<meta name=\"description\" content=\"smartsteuer Partnerprogramm - smartsteuer\" \/>\n<meta name=\"robots\" content=\"noindex, nofollow\" \/>\n<meta property=\"og:locale\" content=\"de_DE\" \/>\n<meta property=\"og:type\" content=\"article\" \/>\n<meta property=\"og:title\" content=\"smartsteuer Partnerprogramm\" \/>\n<meta property=\"og:description\" content=\"smartsteuer Partnerprogramm - smartsteuer\" \/>\n<meta property=\"og:url\" content=\"https:\/\/www.smartsteuer.de\/online\/smartsteuer-partnerprogramm\/\" \/>\n<meta property=\"og:site_name\" content=\"smartsteuer\" \/>\n<meta property=\"article:publisher\" content=\"https:\/\/de-de.facebook.com\/smartsteuer\/\" \/>\n<meta property=\"article:modified_time\" content=\"2024-11-14T15:53:08+00:00\" \/>\n<meta property=\"og:image\" content=\"https:\/\/www.smartsteuer.de\/online\/wp-content\/uploads\/2023\/09\/affiliate-example.png\" \/>\n<meta name=\"twitter:card\" content=\"summary_large_image\" \/>\n<meta name=\"twitter:site\" content=\"@smartsteuer\" \/>\n<meta name=\"twitter:label1\" content=\"Gesch\u00e4tzte Lesezeit\" \/>\n\t<meta name=\"twitter:data1\" content=\"3\u00a0Minuten\" \/>\n<script type=\"application\/ld+json\" class=\"yoast-schema-graph\">{\"@context\":\"https:\/\/schema.org\",\"@graph\":[{\"@type\":\"WebPage\",\"@id\":\"https:\/\/www.smartsteuer.de\/online\/smartsteuer-partnerprogramm\/\",\"url\":\"https:\/\/www.smartsteuer.de\/online\/smartsteuer-partnerprogramm\/\",\"name\":\"smartsteuer Partnerprogramm\",\"isPartOf\":{\"@id\":\"https:\/\/www.smartsteuer.de\/online\/#website\"},\"primaryImageOfPage\":{\"@id\":\"https:\/\/www.smartsteuer.de\/online\/smartsteuer-partnerprogramm\/#primaryimage\"},\"image\":{\"@id\":\"https:\/\/www.smartsteuer.de\/online\/smartsteuer-partnerprogramm\/#primaryimage\"},\"thumbnailUrl\":\"https:\/\/www.smartsteuer.de\/online\/wp-content\/uploads\/2023\/09\/affiliate-example.png\",\"datePublished\":\"2021-02-23T11:29:30+00:00\",\"dateModified\":\"2024-11-14T15:53:08+00:00\",\"description\":\"smartsteuer Partnerprogramm - smartsteuer\",\"breadcrumb\":{\"@id\":\"https:\/\/www.smartsteuer.de\/online\/smartsteuer-partnerprogramm\/#breadcrumb\"},\"inLanguage\":\"de\",\"potentialAction\":[{\"@type\":\"ReadAction\",\"target\":[\"https:\/\/www.smartsteuer.de\/online\/smartsteuer-partnerprogramm\/\"]}]},{\"@type\":\"ImageObject\",\"inLanguage\":\"de\",\"@id\":\"https:\/\/www.smartsteuer.de\/online\/smartsteuer-partnerprogramm\/#primaryimage\",\"url\":\"https:\/\/www.smartsteuer.de\/online\/wp-content\/uploads\/2023\/09\/affiliate-example.png\",\"contentUrl\":\"https:\/\/www.smartsteuer.de\/online\/wp-content\/uploads\/2023\/09\/affiliate-example.png\",\"width\":1200,\"height\":833,\"caption\":\"Affiliate Beispiel\"},{\"@type\":\"BreadcrumbList\",\"@id\":\"https:\/\/www.smartsteuer.de\/online\/smartsteuer-partnerprogramm\/#breadcrumb\",\"itemListElement\":[{\"@type\":\"ListItem\",\"position\":1,\"name\":\"Home\",\"item\":\"https:\/\/www.smartsteuer.de\/online\/\"},{\"@type\":\"ListItem\",\"position\":2,\"name\":\"smartsteuer Partnerprogramm\"}]},{\"@type\":\"WebSite\",\"@id\":\"https:\/\/www.smartsteuer.de\/online\/#website\",\"url\":\"https:\/\/www.smartsteuer.de\/online\/\",\"name\":\"smartsteuer\",\"description\":\"Steuererkl\u00e4rung 2024 online machen &amp; Steuern sparen\",\"publisher\":{\"@id\":\"https:\/\/www.smartsteuer.de\/online\/#organization\"},\"potentialAction\":[{\"@type\":\"SearchAction\",\"target\":{\"@type\":\"EntryPoint\",\"urlTemplate\":\"https:\/\/www.smartsteuer.de\/online\/?s={search_term_string}\"},\"query-input\":{\"@type\":\"PropertyValueSpecification\",\"valueRequired\":true,\"valueName\":\"search_term_string\"}}],\"inLanguage\":\"de\"},{\"@type\":\"Organization\",\"@id\":\"https:\/\/www.smartsteuer.de\/online\/#organization\",\"name\":\"smartsteuer GmbH\",\"url\":\"https:\/\/www.smartsteuer.de\/online\/\",\"logo\":{\"@type\":\"ImageObject\",\"inLanguage\":\"de\",\"@id\":\"https:\/\/www.smartsteuer.de\/online\/#\/schema\/logo\/image\/\",\"url\":\"https:\/\/www.smartsteuer.de\/online\/wp-content\/uploads\/2024\/11\/Favicon-smartsteuer.png\",\"contentUrl\":\"https:\/\/www.smartsteuer.de\/online\/wp-content\/uploads\/2024\/11\/Favicon-smartsteuer.png\",\"width\":512,\"height\":512,\"caption\":\"smartsteuer GmbH\"},\"image\":{\"@id\":\"https:\/\/www.smartsteuer.de\/online\/#\/schema\/logo\/image\/\"},\"sameAs\":[\"https:\/\/de-de.facebook.com\/smartsteuer\/\",\"https:\/\/x.com\/smartsteuer\",\"https:\/\/www.youtube.com\/channel\/UCu02GkFNrMRzwysT2SEmNrQ\"]}]}<\/script>\n<!-- \/ Yoast SEO Premium plugin. -->","yoast_head_json":{"title":"smartsteuer Partnerprogramm","description":"smartsteuer Partnerprogramm - smartsteuer","robots":{"index":"noindex","follow":"nofollow"},"og_locale":"de_DE","og_type":"article","og_title":"smartsteuer Partnerprogramm","og_description":"smartsteuer Partnerprogramm - smartsteuer","og_url":"https:\/\/www.smartsteuer.de\/online\/smartsteuer-partnerprogramm\/","og_site_name":"smartsteuer","article_publisher":"https:\/\/de-de.facebook.com\/smartsteuer\/","article_modified_time":"2024-11-14T15:53:08+00:00","og_image":[{"url":"https:\/\/www.smartsteuer.de\/online\/wp-content\/uploads\/2023\/09\/affiliate-example.png","type":"","width":"","height":""}],"twitter_card":"summary_large_image","twitter_site":"@smartsteuer","twitter_misc":{"Gesch\u00e4tzte Lesezeit":"3\u00a0Minuten"},"schema":{"@context":"https:\/\/schema.org","@graph":[{"@type":"WebPage","@id":"https:\/\/www.smartsteuer.de\/online\/smartsteuer-partnerprogramm\/","url":"https:\/\/www.smartsteuer.de\/online\/smartsteuer-partnerprogramm\/","name":"smartsteuer Partnerprogramm","isPartOf":{"@id":"https:\/\/www.smartsteuer.de\/online\/#website"},"primaryImageOfPage":{"@id":"https:\/\/www.smartsteuer.de\/online\/smartsteuer-partnerprogramm\/#primaryimage"},"image":{"@id":"https:\/\/www.smartsteuer.de\/online\/smartsteuer-partnerprogramm\/#primaryimage"},"thumbnailUrl":"https:\/\/www.smartsteuer.de\/online\/wp-content\/uploads\/2023\/09\/affiliate-example.png","datePublished":"2021-02-23T11:29:30+00:00","dateModified":"2024-11-14T15:53:08+00:00","description":"smartsteuer Partnerprogramm - smartsteuer","breadcrumb":{"@id":"https:\/\/www.smartsteuer.de\/online\/smartsteuer-partnerprogramm\/#breadcrumb"},"inLanguage":"de","potentialAction":[{"@type":"ReadAction","target":["https:\/\/www.smartsteuer.de\/online\/smartsteuer-partnerprogramm\/"]}]},{"@type":"ImageObject","inLanguage":"de","@id":"https:\/\/www.smartsteuer.de\/online\/smartsteuer-partnerprogramm\/#primaryimage","url":"https:\/\/www.smartsteuer.de\/online\/wp-content\/uploads\/2023\/09\/affiliate-example.png","contentUrl":"https:\/\/www.smartsteuer.de\/online\/wp-content\/uploads\/2023\/09\/affiliate-example.png","width":1200,"height":833,"caption":"Affiliate Beispiel"},{"@type":"BreadcrumbList","@id":"https:\/\/www.smartsteuer.de\/online\/smartsteuer-partnerprogramm\/#breadcrumb","itemListElement":[{"@type":"ListItem","position":1,"name":"Home","item":"https:\/\/www.smartsteuer.de\/online\/"},{"@type":"ListItem","position":2,"name":"smartsteuer Partnerprogramm"}]},{"@type":"WebSite","@id":"https:\/\/www.smartsteuer.de\/online\/#website","url":"https:\/\/www.smartsteuer.de\/online\/","name":"smartsteuer","description":"Steuererkl\u00e4rung 2024 online machen &amp; Steuern sparen","publisher":{"@id":"https:\/\/www.smartsteuer.de\/online\/#organization"},"potentialAction":[{"@type":"SearchAction","target":{"@type":"EntryPoint","urlTemplate":"https:\/\/www.smartsteuer.de\/online\/?s={search_term_string}"},"query-input":{"@type":"PropertyValueSpecification","valueRequired":true,"valueName":"search_term_string"}}],"inLanguage":"de"},{"@type":"Organization","@id":"https:\/\/www.smartsteuer.de\/online\/#organization","name":"smartsteuer GmbH","url":"https:\/\/www.smartsteuer.de\/online\/","logo":{"@type":"ImageObject","inLanguage":"de","@id":"https:\/\/www.smartsteuer.de\/online\/#\/schema\/logo\/image\/","url":"https:\/\/www.smartsteuer.de\/online\/wp-content\/uploads\/2024\/11\/Favicon-smartsteuer.png","contentUrl":"https:\/\/www.smartsteuer.de\/online\/wp-content\/uploads\/2024\/11\/Favicon-smartsteuer.png","width":512,"height":512,"caption":"smartsteuer GmbH"},"image":{"@id":"https:\/\/www.smartsteuer.de\/online\/#\/schema\/logo\/image\/"},"sameAs":["https:\/\/de-de.facebook.com\/smartsteuer\/","https:\/\/x.com\/smartsteuer","https:\/\/www.youtube.com\/channel\/UCu02GkFNrMRzwysT2SEmNrQ"]}]}},"_links":{"self":[{"href":"https:\/\/www.smartsteuer.de\/online\/wp-json\/wp\/v2\/pages\/35163","targetHints":{"allow":["GET"]}}],"collection":[{"href":"https:\/\/www.smartsteuer.de\/online\/wp-json\/wp\/v2\/pages"}],"about":[{"href":"https:\/\/www.smartsteuer.de\/online\/wp-json\/wp\/v2\/types\/page"}],"author":[{"embeddable":true,"href":"https:\/\/www.smartsteuer.de\/online\/wp-json\/wp\/v2\/users\/13"}],"replies":[{"embeddable":true,"href":"https:\/\/www.smartsteuer.de\/online\/wp-json\/wp\/v2\/comments?post=35163"}],"version-history":[{"count":249,"href":"https:\/\/www.smartsteuer.de\/online\/wp-json\/wp\/v2\/pages\/35163\/revisions"}],"predecessor-version":[{"id":69275,"href":"https:\/\/www.smartsteuer.de\/online\/wp-json\/wp\/v2\/pages\/35163\/revisions\/69275"}],"wp:attachment":[{"href":"https:\/\/www.smartsteuer.de\/online\/wp-json\/wp\/v2\/media?parent=35163"}],"curies":[{"name":"wp","href":"https:\/\/api.w.org\/{rel}","templated":true}]}}