{"id":39110,"date":"2022-01-20T14:48:49","date_gmt":"2022-01-20T12:48:49","guid":{"rendered":"https:\/\/www.smartsteuer.de\/online\/?page_id=39110"},"modified":"2026-03-16T16:43:19","modified_gmt":"2026-03-16T14:43:19","slug":"rentner","status":"publish","type":"page","link":"https:\/\/www.smartsteuer.de\/online\/rentner\/","title":{"rendered":"Rentner &#038; Pension\u00e4re &#8211; Startseite"},"content":{"rendered":"<div class=\"sui-sheet-wrapper\">\n\t<section class=\"lb-section sui-sheet--up-flat sui-sheet-padding-flat sui-theme-bright\">\n\t\t<div class=\"sui-container \">\n\t\t\t<\/p>\n<h1>5 Dinge, die Rentner von der Steuer absetzen k\u00f6nnen!<\/h1>\n<p>&nbsp;<\/p>\n<p><div class=\"lb-features-list\"><\/p>\n<p><div class=\"lb-features-item\">\n\t<div class=\"lb-features-icon pb-2 pb-sm-3 pb-md-4\">\n\t<i class=\"fa-solid fa-file-medical\" style=\"color: var(--sui-color-electric-600)\" aria-hidden=\"true\"><\/i>\n<\/div>\n\t<div>\n\t\t<div class=\"h3 lb-features-title\">\n\tKrankheits- und Pflegekosten\n<\/div>\n\t\t<div class=\"lb-features-text\">\n\t\t\t<\/p>\n<p><span style=\"font-weight: 400;\">Kosten f\u00fcr Medikamente, Zahnersatz, Hilfsmittel wie Prothesen oder Krankenhausaufenthalte <\/span><span style=\"font-weight: 400;\">kannst Du in Deiner Steuererkl\u00e4rung<\/span> <span style=\"font-weight: 400;\">bei den<\/span><span style=\"font-weight: 400;\"> au\u00dfergew\u00f6hnlichen Belastungen angeben. <\/span><span style=\"font-weight: 400;\">Voraussetzung daf\u00fcr ist,<\/span><span style=\"font-weight: 400;\"> dass die Kosten die <\/span><span style=\"font-weight: 400;\">sogenannte<\/span><span style=\"font-weight: 400;\"> zumutbare Eigenbelastung \u00fcbersteigen. Erstattungen der Krankenkasse <\/span><span style=\"font-weight: 400;\">musst Du davon aber<\/span><span style=\"font-weight: 400;\"> abziehen.<\/span><\/p>\n<p>\n\t\t<\/div>\n\t\t\n\t<\/div>\n<\/div><\/p>\n<p><div class=\"lb-features-item\">\n\t<div class=\"lb-features-icon pb-2 pb-sm-3 pb-md-4\">\n\t<i class=\"fa-solid fa-hammer\" style=\"color: var(--sui-color-electric-600)\" aria-hidden=\"true\"><\/i>\n<\/div>\n\t<div>\n\t\t<div class=\"h3 lb-features-title\">\n\tHandwerkerkosten\n<\/div>\n\t\t<div class=\"lb-features-text\">\n\t\t\t<\/p>\n<p><span style=\"font-weight: 400;\">Die Kosten f\u00fcr Schl\u00fcsseldienste, Fliesenleger und alle anderen Handwerker <\/span><span style=\"font-weight: 400;\">kannst Du Dir<\/span><span style=\"font-weight: 400;\"> zu 20 % vom Finanzamt wiederholen \u2013 <\/span><span style=\"font-weight: 400;\">inklusive Anfahrtskosten!<\/span><\/p>\n<p>\n\t\t<\/div>\n\t\t\n\t<\/div>\n<\/div><\/p>\n<p><div class=\"lb-features-item\">\n\t<div class=\"lb-features-icon pb-2 pb-sm-3 pb-md-4\">\n\t<i class=\"fa-solid fa-house-user\" style=\"color: var(--sui-color-electric-600)\" aria-hidden=\"true\"><\/i>\n<\/div>\n\t<div>\n\t\t<div class=\"h3 lb-features-title\">\n\tHaushaltshilfe \/ G\u00e4rtner\n<\/div>\n\t\t<div class=\"lb-features-text\">\n\t\t\t<\/p>\n<p><span style=\"font-weight: 400;\">Hast Du<\/span><span style=\"font-weight: 400;\"> eine Haushalts- oder Gartenhilfe engagiert? Kommt t\u00e4glich ein ambulanter Pflegedienst zu <\/span><span style=\"font-weight: 400;\">Dir<\/span><span style=\"font-weight: 400;\">? Dann<\/span><span style=\"font-weight: 400;\"> kannst Du<\/span><span style=\"font-weight: 400;\"> 20 % der Gehaltszahlungen, <\/span><span style=\"font-weight: 400;\">maximal jedoch<\/span><span style=\"font-weight: 400;\"> 4.000 \u20ac steuermindernd ansetzen.<\/span><\/p>\n<p>\n\t\t<\/div>\n\t\t\n\t<\/div>\n<\/div><\/p>\n<p><div class=\"lb-features-item\">\n\t<div class=\"lb-features-icon pb-2 pb-sm-3 pb-md-4\">\n\t<i class=\"fa-solid fa-euro-sign\" style=\"color: var(--sui-color-electric-600)\" aria-hidden=\"true\"><\/i>\n<\/div>\n\t<div>\n\t\t<div class=\"h3 lb-features-title\">\n\tVersicherungsbeitr\u00e4ge\n<\/div>\n\t\t<div class=\"lb-features-text\">\n\t\t\t<\/p>\n<p><span style=\"font-weight: 400;\">Wenn Du eine gesetzliche Rente empf\u00e4ngst,<\/span> <span style=\"font-weight: 400;\">solltest Du<\/span><span style=\"font-weight: 400;\"> dem Finanzamt in der Steuererkl\u00e4rung jeden Cent f\u00fcr <\/span><span style=\"font-weight: 400;\">Deine<\/span><span style=\"font-weight: 400;\"> Versicherungsbeitr\u00e4ge auflisten.<\/span><\/p>\n<p>\n\t\t<\/div>\n\t\t\n\t<\/div>\n<\/div><\/p>\n<p><div class=\"lb-features-item\">\n\t<div class=\"lb-features-icon pb-2 pb-sm-3 pb-md-4\">\n\t<i class=\"fa-solid fa-hand-holding-usd\" style=\"color: var(--sui-color-electric-600)\" aria-hidden=\"true\"><\/i>\n<\/div>\n\t<div>\n\t\t<div class=\"h3 lb-features-title\">\n\tSpenden\n<\/div>\n\t\t<div class=\"lb-features-text\">\n\t\t\t<\/p>\n<p><span style=\"font-weight: 400;\">Zuwendungen an Kirche, Wohlfahrtsverb\u00e4nde oder Parteien mindern <\/span><span style=\"font-weight: 400;\">Deine<\/span><span style=\"font-weight: 400;\"> Steuer<\/span><span style=\"font-weight: 400;\">last<\/span><span style=\"font-weight: 400;\">. Bei Spenden bis 200 \u20ac <\/span><span style=\"font-weight: 400;\">reicht es, die Zahlung mit einer Kopie Deines Kontoauszugs nachzuweisen<\/span><span style=\"font-weight: 400;\">. Bei h\u00f6heren Spenden muss die Spendenbescheinigung im Original der Erkl\u00e4rung beigelegt werden.<\/span><\/p>\n<p>\n\t\t<\/div>\n\t\t\n\t<\/div>\n<\/div><\/p>\n<p><\/div><\/p>\n<div class=\"lb-inline-video my-sm-0 p-0\" style=\"margin: 0px auto;\"><div class=\"lb-inline-video sui-theme-electric sui-pattern sui-rounded-corners my-4 my-sm-5\"><div class=\"h4 mb-4\">Was Rentner von der Steuer absetzen k\u00f6nnen im Video:<\/div>\n<div data-mode=\"normal\" data-oembed=\"1\" data-provider=\"youtube\" id=\"arve-youtube-hec68pdnf_k\" style=\"max-width:900px;\" class=\"arve\">\n\t<div class=\"arve-inner\">\n\t\t<div style=\"aspect-ratio:500\/281\" class=\"arve-embed arve-embed--has-aspect-ratio\">\n\t\t\t<div class=\"arve-ar\" style=\"padding-top:56.200000%\"><\/div>\n\t\t\t<iframe allow=\"accelerometer &apos;none&apos;;autoplay &apos;none&apos;;bluetooth &apos;none&apos;;browsing-topics &apos;none&apos;;camera &apos;none&apos;;clipboard-read &apos;none&apos;;clipboard-write;display-capture &apos;none&apos;;encrypted-media &apos;none&apos;;gamepad &apos;none&apos;;geolocation &apos;none&apos;;gyroscope &apos;none&apos;;hid &apos;none&apos;;identity-credentials-get &apos;none&apos;;idle-detection &apos;none&apos;;keyboard-map &apos;none&apos;;local-fonts;magnetometer &apos;none&apos;;microphone &apos;none&apos;;midi &apos;none&apos;;otp-credentials &apos;none&apos;;payment &apos;none&apos;;picture-in-picture;publickey-credentials-create &apos;none&apos;;publickey-credentials-get &apos;none&apos;;screen-wake-lock &apos;none&apos;;serial &apos;none&apos;;summarizer &apos;none&apos;;sync-xhr;usb &apos;none&apos;;web-share;window-management &apos;none&apos;;xr-spatial-tracking &apos;none&apos;;\" allowfullscreen=\"\" class=\"arve-iframe fitvidsignore\" credentialless data-arve=\"arve-youtube-hec68pdnf_k\" data-lenis-prevent=\"\" data-src-no-ap=\"https:\/\/www.youtube-nocookie.com\/embed\/hec68PDnF_k?feature=oembed&amp;iv_load_policy=3&amp;modestbranding=1&amp;rel=0&amp;autohide=1&amp;playsinline=0&amp;autoplay=0\" frameborder=\"0\" height=\"505.8\" loading=\"lazy\" name=\"\" referrerpolicy=\"strict-origin-when-cross-origin\" sandbox=\"allow-scripts allow-same-origin allow-presentation allow-popups allow-popups-to-escape-sandbox\" scrolling=\"no\" src=\"https:\/\/www.youtube-nocookie.com\/embed\/hec68PDnF_k?feature=oembed&#038;iv_load_policy=3&#038;modestbranding=1&#038;rel=0&#038;autohide=1&#038;playsinline=0&#038;autoplay=0\" title=\"\" width=\"900\"><\/iframe>\n\t\t\t\n\t\t<\/div>\n\t\t\n\t<\/div>\n\t\n\t\n\t<script type=\"application\/ld+json\">{\"@context\":\"http:\\\/\\\/schema.org\\\/\",\"@id\":\"https:\\\/\\\/www.smartsteuer.de\\\/online\\\/rentner\\\/#arve-youtube-hec68pdnf_k\",\"type\":\"VideoObject\",\"embedURL\":\"https:\\\/\\\/www.youtube-nocookie.com\\\/embed\\\/hec68PDnF_k?feature=oembed&iv_load_policy=3&modestbranding=1&rel=0&autohide=1&playsinline=0&autoplay=0\"}<\/script>\n\t\n<\/div><\/div><\/div>\n<p>\n\t\t<\/div>\n\t<\/section>\n<\/div>\n<div class=\"sui-sheet-wrapper\">\n\t<section class=\"lb-section sui-sheet--up-flat sui-sheet-padding-flat sui-theme-electric sui-theme-box-2\">\n\t\t<div class=\"sui-container \">\n\t\t\t<\/p>\n<h2>Steuererkl\u00e4rung machen und \u00d8 1.432 \u20ac kassieren!<\/h2>\n<p><a class='sui-button-cta mt-2 sui-button-xlarge' href='https:\/\/profil.smartsteuer.de\/service-redirect.html?myExternal=rentner-pension\u00e4re' role='button'>\n\tJetzt loslegen!\t\n<\/a><\/p>\n<p>\n\t\t<\/div>\n\t<\/section>\n<\/div>\n","protected":false},"excerpt":{"rendered":"","protected":false},"author":13,"featured_media":0,"parent":0,"menu_order":0,"comment_status":"closed","ping_status":"closed","template":"landingpage-template.php","meta":{"_acf_changed":false,"footnotes":""},"class_list":["post-39110","page","type-page","status-publish","hentry"],"acf":[],"yoast_head":"<!-- This site is optimized with the Yoast SEO Premium plugin v27.5 (Yoast SEO v27.5) - https:\/\/yoast.com\/product\/yoast-seo-premium-wordpress\/ -->\n<title>Steuer f\u00fcr Rentner &amp; Pension\u00e4re- smartsteuer<\/title>\n<meta name=\"description\" content=\"Was Rentner &amp; Pension\u00e4re von der Steuer absetzen. \u2713 Kapitalertr\u00e4ge \u2713 Ertr\u00e4ge aus privater Altersvorsorge \u2713 korrekt angeben. Jetzt testen \u2713\" \/>\n<meta name=\"robots\" content=\"index, follow, max-snippet:-1, max-image-preview:large, max-video-preview:-1\" \/>\n<link rel=\"canonical\" href=\"https:\/\/www.smartsteuer.de\/online\/steuerwissen\/verlustvortrag-als-student\/\" \/>\n<meta property=\"og:locale\" content=\"de_DE\" \/>\n<meta property=\"og:type\" content=\"article\" \/>\n<meta property=\"og:title\" content=\"Rentner &amp; Pension\u00e4re - Startseite\" \/>\n<meta property=\"og:description\" content=\"Was Rentner &amp; Pension\u00e4re von der Steuer absetzen. \u2713 Kapitalertr\u00e4ge \u2713 Ertr\u00e4ge aus privater Altersvorsorge \u2713 korrekt angeben. Jetzt testen \u2713\" \/>\n<meta property=\"og:url\" content=\"https:\/\/www.smartsteuer.de\/online\/steuerwissen\/verlustvortrag-als-student\/\" \/>\n<meta property=\"og:site_name\" content=\"smartsteuer\" \/>\n<meta property=\"article:publisher\" content=\"https:\/\/de-de.facebook.com\/smartsteuer\/\" \/>\n<meta property=\"article:modified_time\" content=\"2026-03-16T14:43:19+00:00\" \/>\n<meta name=\"twitter:card\" content=\"summary_large_image\" \/>\n<meta name=\"twitter:site\" content=\"@smartsteuer\" \/>\n<meta name=\"twitter:label1\" content=\"Gesch\u00e4tzte Lesezeit\" \/>\n\t<meta name=\"twitter:data1\" content=\"2\u00a0Minuten\" \/>\n<script type=\"application\/ld+json\" class=\"yoast-schema-graph\">{\"@context\":\"https:\\\/\\\/schema.org\",\"@graph\":[{\"@type\":\"WebPage\",\"@id\":\"https:\\\/\\\/www.smartsteuer.de\\\/online\\\/rentner\\\/\",\"url\":\"https:\\\/\\\/www.smartsteuer.de\\\/online\\\/steuerwissen\\\/verlustvortrag-als-student\\\/\",\"name\":\"Steuer f\u00fcr Rentner & Pension\u00e4re- smartsteuer\",\"isPartOf\":{\"@id\":\"https:\\\/\\\/www.smartsteuer.de\\\/online\\\/#website\"},\"datePublished\":\"2022-01-20T12:48:49+00:00\",\"dateModified\":\"2026-03-16T14:43:19+00:00\",\"description\":\"Was Rentner & Pension\u00e4re von der Steuer absetzen. \u2713 Kapitalertr\u00e4ge \u2713 Ertr\u00e4ge aus privater Altersvorsorge \u2713 korrekt angeben. Jetzt testen \u2713\",\"breadcrumb\":{\"@id\":\"https:\\\/\\\/www.smartsteuer.de\\\/online\\\/steuerwissen\\\/verlustvortrag-als-student\\\/#breadcrumb\"},\"inLanguage\":\"de\",\"potentialAction\":[{\"@type\":\"ReadAction\",\"target\":[\"https:\\\/\\\/www.smartsteuer.de\\\/online\\\/steuerwissen\\\/verlustvortrag-als-student\\\/\"]}]},{\"@type\":\"BreadcrumbList\",\"@id\":\"https:\\\/\\\/www.smartsteuer.de\\\/online\\\/steuerwissen\\\/verlustvortrag-als-student\\\/#breadcrumb\",\"itemListElement\":[{\"@type\":\"ListItem\",\"position\":1,\"name\":\"Home\",\"item\":\"https:\\\/\\\/www.smartsteuer.de\\\/online\\\/\"},{\"@type\":\"ListItem\",\"position\":2,\"name\":\"Rentner &#038; Pension\u00e4re &#8211; Startseite\"}]},{\"@type\":\"WebSite\",\"@id\":\"https:\\\/\\\/www.smartsteuer.de\\\/online\\\/#website\",\"url\":\"https:\\\/\\\/www.smartsteuer.de\\\/online\\\/\",\"name\":\"smartsteuer\",\"description\":\"Steuererkl\u00e4rung 2024 online machen &amp; Steuern sparen\",\"publisher\":{\"@id\":\"https:\\\/\\\/www.smartsteuer.de\\\/online\\\/#organization\"},\"potentialAction\":[{\"@type\":\"SearchAction\",\"target\":{\"@type\":\"EntryPoint\",\"urlTemplate\":\"https:\\\/\\\/www.smartsteuer.de\\\/online\\\/?s={search_term_string}\"},\"query-input\":{\"@type\":\"PropertyValueSpecification\",\"valueRequired\":true,\"valueName\":\"search_term_string\"}}],\"inLanguage\":\"de\"},{\"@type\":\"Organization\",\"@id\":\"https:\\\/\\\/www.smartsteuer.de\\\/online\\\/#organization\",\"name\":\"smartsteuer GmbH\",\"url\":\"https:\\\/\\\/www.smartsteuer.de\\\/online\\\/\",\"logo\":{\"@type\":\"ImageObject\",\"inLanguage\":\"de\",\"@id\":\"https:\\\/\\\/www.smartsteuer.de\\\/online\\\/#\\\/schema\\\/logo\\\/image\\\/\",\"url\":\"https:\\\/\\\/www.smartsteuer.de\\\/online\\\/wp-content\\\/uploads\\\/2024\\\/11\\\/Favicon-smartsteuer.png\",\"contentUrl\":\"https:\\\/\\\/www.smartsteuer.de\\\/online\\\/wp-content\\\/uploads\\\/2024\\\/11\\\/Favicon-smartsteuer.png\",\"width\":512,\"height\":512,\"caption\":\"smartsteuer GmbH\"},\"image\":{\"@id\":\"https:\\\/\\\/www.smartsteuer.de\\\/online\\\/#\\\/schema\\\/logo\\\/image\\\/\"},\"sameAs\":[\"https:\\\/\\\/de-de.facebook.com\\\/smartsteuer\\\/\",\"https:\\\/\\\/x.com\\\/smartsteuer\",\"https:\\\/\\\/www.youtube.com\\\/channel\\\/UCu02GkFNrMRzwysT2SEmNrQ\"]}]}<\/script>\n<!-- \/ Yoast SEO Premium plugin. -->","yoast_head_json":{"title":"Steuer f\u00fcr Rentner & Pension\u00e4re- smartsteuer","description":"Was Rentner & Pension\u00e4re von der Steuer absetzen. \u2713 Kapitalertr\u00e4ge \u2713 Ertr\u00e4ge aus privater Altersvorsorge \u2713 korrekt angeben. Jetzt testen \u2713","robots":{"index":"index","follow":"follow","max-snippet":"max-snippet:-1","max-image-preview":"max-image-preview:large","max-video-preview":"max-video-preview:-1"},"canonical":"https:\/\/www.smartsteuer.de\/online\/steuerwissen\/verlustvortrag-als-student\/","og_locale":"de_DE","og_type":"article","og_title":"Rentner & Pension\u00e4re - Startseite","og_description":"Was Rentner & Pension\u00e4re von der Steuer absetzen. \u2713 Kapitalertr\u00e4ge \u2713 Ertr\u00e4ge aus privater Altersvorsorge \u2713 korrekt angeben. Jetzt testen \u2713","og_url":"https:\/\/www.smartsteuer.de\/online\/steuerwissen\/verlustvortrag-als-student\/","og_site_name":"smartsteuer","article_publisher":"https:\/\/de-de.facebook.com\/smartsteuer\/","article_modified_time":"2026-03-16T14:43:19+00:00","twitter_card":"summary_large_image","twitter_site":"@smartsteuer","twitter_misc":{"Gesch\u00e4tzte Lesezeit":"2\u00a0Minuten"},"schema":{"@context":"https:\/\/schema.org","@graph":[{"@type":"WebPage","@id":"https:\/\/www.smartsteuer.de\/online\/rentner\/","url":"https:\/\/www.smartsteuer.de\/online\/steuerwissen\/verlustvortrag-als-student\/","name":"Steuer f\u00fcr Rentner & Pension\u00e4re- smartsteuer","isPartOf":{"@id":"https:\/\/www.smartsteuer.de\/online\/#website"},"datePublished":"2022-01-20T12:48:49+00:00","dateModified":"2026-03-16T14:43:19+00:00","description":"Was Rentner & Pension\u00e4re von der Steuer absetzen. \u2713 Kapitalertr\u00e4ge \u2713 Ertr\u00e4ge aus privater Altersvorsorge \u2713 korrekt angeben. Jetzt testen \u2713","breadcrumb":{"@id":"https:\/\/www.smartsteuer.de\/online\/steuerwissen\/verlustvortrag-als-student\/#breadcrumb"},"inLanguage":"de","potentialAction":[{"@type":"ReadAction","target":["https:\/\/www.smartsteuer.de\/online\/steuerwissen\/verlustvortrag-als-student\/"]}]},{"@type":"BreadcrumbList","@id":"https:\/\/www.smartsteuer.de\/online\/steuerwissen\/verlustvortrag-als-student\/#breadcrumb","itemListElement":[{"@type":"ListItem","position":1,"name":"Home","item":"https:\/\/www.smartsteuer.de\/online\/"},{"@type":"ListItem","position":2,"name":"Rentner &#038; Pension\u00e4re &#8211; Startseite"}]},{"@type":"WebSite","@id":"https:\/\/www.smartsteuer.de\/online\/#website","url":"https:\/\/www.smartsteuer.de\/online\/","name":"smartsteuer","description":"Steuererkl\u00e4rung 2024 online machen &amp; Steuern sparen","publisher":{"@id":"https:\/\/www.smartsteuer.de\/online\/#organization"},"potentialAction":[{"@type":"SearchAction","target":{"@type":"EntryPoint","urlTemplate":"https:\/\/www.smartsteuer.de\/online\/?s={search_term_string}"},"query-input":{"@type":"PropertyValueSpecification","valueRequired":true,"valueName":"search_term_string"}}],"inLanguage":"de"},{"@type":"Organization","@id":"https:\/\/www.smartsteuer.de\/online\/#organization","name":"smartsteuer GmbH","url":"https:\/\/www.smartsteuer.de\/online\/","logo":{"@type":"ImageObject","inLanguage":"de","@id":"https:\/\/www.smartsteuer.de\/online\/#\/schema\/logo\/image\/","url":"https:\/\/www.smartsteuer.de\/online\/wp-content\/uploads\/2024\/11\/Favicon-smartsteuer.png","contentUrl":"https:\/\/www.smartsteuer.de\/online\/wp-content\/uploads\/2024\/11\/Favicon-smartsteuer.png","width":512,"height":512,"caption":"smartsteuer GmbH"},"image":{"@id":"https:\/\/www.smartsteuer.de\/online\/#\/schema\/logo\/image\/"},"sameAs":["https:\/\/de-de.facebook.com\/smartsteuer\/","https:\/\/x.com\/smartsteuer","https:\/\/www.youtube.com\/channel\/UCu02GkFNrMRzwysT2SEmNrQ"]}]}},"_links":{"self":[{"href":"https:\/\/www.smartsteuer.de\/online\/wp-json\/wp\/v2\/pages\/39110","targetHints":{"allow":["GET"]}}],"collection":[{"href":"https:\/\/www.smartsteuer.de\/online\/wp-json\/wp\/v2\/pages"}],"about":[{"href":"https:\/\/www.smartsteuer.de\/online\/wp-json\/wp\/v2\/types\/page"}],"author":[{"embeddable":true,"href":"https:\/\/www.smartsteuer.de\/online\/wp-json\/wp\/v2\/users\/13"}],"replies":[{"embeddable":true,"href":"https:\/\/www.smartsteuer.de\/online\/wp-json\/wp\/v2\/comments?post=39110"}],"version-history":[{"count":33,"href":"https:\/\/www.smartsteuer.de\/online\/wp-json\/wp\/v2\/pages\/39110\/revisions"}],"predecessor-version":[{"id":89254,"href":"https:\/\/www.smartsteuer.de\/online\/wp-json\/wp\/v2\/pages\/39110\/revisions\/89254"}],"wp:attachment":[{"href":"https:\/\/www.smartsteuer.de\/online\/wp-json\/wp\/v2\/media?parent=39110"}],"curies":[{"name":"wp","href":"https:\/\/api.w.org\/{rel}","templated":true}]}}