{"id":40,"date":"2014-06-27T10:49:37","date_gmt":"2014-06-27T08:49:37","guid":{"rendered":"https:\/\/www.smartsteuer.de\/relaunch\/?page_id=40"},"modified":"2025-01-21T17:55:21","modified_gmt":"2025-01-21T15:55:21","slug":"belege","status":"publish","type":"page","link":"https:\/\/www.smartsteuer.de\/online\/service\/informationen_einkommensteuererklaerung\/belege\/","title":{"rendered":"Belege f\u00fcr die Steuererkl\u00e4rung"},"content":{"rendered":"<p>Wenn Sie Ihre Kosten von der Steuer absetzen wollen, m\u00fcssen Sie diese nachweisen k\u00f6nnen. Das geht am einfachsten mit Belegen, aus denen sich ergibt, wie viel Sie wann, wof\u00fcr und an wen gezahlt haben. Diese Belege f\u00fcr die Steuererkl\u00e4rung m\u00fcssen Sie nicht mehr beim Finanzamt einreichen, aber m\u00fcssen vorhanden sein und auf Anfrage vorgelegt werden k\u00f6nnen.<\/p>\n<p>Bevor Sie sich an Ihre Steuererkl\u00e4rung setzen, sollten Sie sich also alle Belege, die Sie im Laufe des Jahres \u00fcber Ihre Kosten gesammelt haben und die etwas mit Ihrem Beruf zu tun haben, zurechtlegen. F\u00fcr den Werbungskostenbereich sind das alle Kassenzettel, Quittungen und Kontoausz\u00fcge.<\/p>\n<h4><strong>Checkliste: Werbungskosten Belege<br \/>\n<\/strong><\/h4>\n<ul class=\"standard\">\n<li>Fahrten zwischen Wohnung und Arbeitsst\u00e4tte,<\/li>\n<li>Arbeitsmittel (z. B. Aktentasche, PC\/Notebook\/Laptop, Schreibtisch, B\u00fccherregal, Fachliteratur etc.),<\/li>\n<li>Arbeitszimmer,<\/li>\n<li>Aus- und Fortbildungskosten,<\/li>\n<li>Reisekosten,<\/li>\n<li>Umzugskosten,<\/li>\n<li>doppelte Haushaltsf\u00fchrung,<\/li>\n<li>ggf. Berufskleidung und ihre Reinigung,<\/li>\n<li>Kosten im Zusammenhang mit der Suche nach einem Arbeits-\/Ausbildungsplatz etc.<\/li>\n<\/ul>\n<p>Wem, verglichen mit der \u00fcberwiegenden Mehrzahl der Steuerzahler gleicher Einkommensverh\u00e4ltnisse, gleicher Verm\u00f6gensverh\u00e4ltnisse und gleichen Familienstands, zwangsl\u00e4ufig z. B. Kosten f\u00fcr \u00e4rztliche Behandlungen oder f\u00fcr Hilfsmittel zur Linderung einer Krankheit (vorher Verordnung eines Arztes\/Heilpraktikers oder amts\u00e4rztliches Attest einholen!) entstehen, der kann diese Kosten in der Steuererkl\u00e4rung als au\u00dfergew\u00f6hnliche Belastungen ansetzen und von einer steuerlichen Entlastung profitieren. Das Gesetz sieht allerdings eine \u00bbzumutbare Belastungsgrenze\u00ab vor, die nach einem Prozentsatz der gesamten Eink\u00fcnfte, dem Familienstand sowie der Anzahl der Kinder ermittelt wird.<\/p>\n<div>\n<h4><strong>Checkliste: Krankheitskosten Belege<br \/>\n<\/strong><\/h4>\n<p>Grunds\u00e4tzlich gilt: Sie k\u00f6nnen nur solche Ausgaben absetzen, mit denen Sie tats\u00e4chlich belastet sind. Erstattungen der Krankenkasse, von Beihilfestellen oder vom Arbeitgeber m\u00fcssen Sie deshalb von Ihren Aufwendungen abziehen. Ma\u00dfgebend ist nur Ihr \u00bbEigenanteil\u00ab. In Ihre Steuererkl\u00e4rung geh\u00f6ren Ausgaben f\u00fcr<\/p>\n<ul class=\"standard\">\n<li>Arzt\/Zahnarzt inklusive Kosten f\u00fcr \u00bbindividuelle Gesundheitsleistungen\u00ab (kurz: <a href=\"https:\/\/www.bundesgesundheitsministerium.de\/service\/begriffe-von-a-z\/i\/igel.html\">IGeL<\/a>),<\/li>\n<li>Heilpraktiker,<\/li>\n<li>Krankenhausbehandlungen,<\/li>\n<li>Kuraufenthalte,<\/li>\n<li>Medikamente, Rezeptgeb\u00fchren, sofern \u00e4rztlich verordnet, inklusive \u00bbgr\u00fcner Rezepte\u00ab,<\/li>\n<li>Praxisgeb\u00fchren,<\/li>\n<li>Fahrten zum Arzt, ins Krankenhaus, zur Apotheke etc. (ggf. 0,30 \u20ac\/km),<\/li>\n<li>Hilfsmittel wie Brillen, Schuheinlagen etc., sofern \u00e4rztlich verordnet,<\/li>\n<li>alternative Heilmethoden, sofern deren Zwangsl\u00e4ufigkeit best\u00e4tigt wurde.<\/li>\n<\/ul>\n<\/div>\n<p><a href=\"https:\/\/www.smartsteuer.de\/online\/steuerrechner\/steuerrechner-aussergewoehnliche-belastung\/\">Au\u00dfergew\u00f6hnliche Belastungen<\/a> werden bei der Berechnung der Einkommensteuer nur insoweit ber\u00fccksichtigt, sofern\u00a0die Kosten die zumutbare Belastung \u00fcbersteigen. Die H\u00f6he der zumutbaren Belastung wird prozentual mit einem bestimmten Satz je nach Lebensumstand errechnet.<\/p>\n<p>Auch sog. Sonderausgaben geben Sie in Ihrer Steuererkl\u00e4rung an, um Ihre Steuerlast zu senken. Dazu geh\u00f6ren u. a. Angaben zu Vorsorgeaufwendungen und zu Altersvorsorgebeitr\u00e4gen (z. B. Beitr\u00e4ge zur gesetzlichen Rentenversicherung), Unterhalt an den oder die \u00bbEx\u00ab, Kirchensteuer, Spenden und ggf. Kinderbetreuungskosten. Es ist wichtig Belege f\u00fcr die Steuererkl\u00e4rung zu sammeln und aufzubewahren.<\/p>\n<p>&nbsp;<\/p>\n<p class=\"copyright\">Copyright \u00a9 2017-2025 bei smartsteuer GmbH, Hannover. Alle Rechte vorbehalten. Das Werk darf \u2013 auch teilweise \u2013 nur mit Genehmigung des Verlages wiedergegeben werden. Redaktion: Sabine Himmelberg, K\u00f6ln. Alle Informationen sind nach bestem Wissen ausgearbeitet. Eine Haftung des Autors, der Redaktion oder des Verlags kann jedoch nicht \u00fcbernommen werden. Rechtsstand: 08.12.2017<\/p>\n","protected":false},"excerpt":{"rendered":"<p>Wenn Sie Ihre Kosten von der Steuer absetzen wollen, m\u00fcssen Sie diese nachweisen k\u00f6nnen. Das geht am einfachsten mit Belegen, aus denen sich ergibt, wie viel Sie wann, wof\u00fcr und an wen gezahlt haben. Diese Belege f\u00fcr die Steuererkl\u00e4rung m\u00fcssen Sie nicht mehr beim Finanzamt einreichen, aber m\u00fcssen vorhanden sein und auf Anfrage vorgelegt werden [&hellip;]<\/p>\n","protected":false},"author":5,"featured_media":0,"parent":2,"menu_order":8,"comment_status":"open","ping_status":"open","template":"","meta":{"_acf_changed":false,"footnotes":""},"class_list":["post-40","page","type-page","status-publish","hentry"],"acf":[],"yoast_head":"<!-- This site is optimized with the Yoast SEO Premium plugin v27.1 (Yoast SEO v27.1.1) - https:\/\/yoast.com\/product\/yoast-seo-premium-wordpress\/ -->\n<title>Belege f\u00fcr die Steuererkl\u00e4rung<\/title>\n<meta name=\"description\" content=\"M\u00fcssen Sie Belege f\u00fcr die Steuererkl\u00e4rung beim Finanzamt einreichen? Wann\u2705 und welche Belege erfahren Sie in unserem Artikel.\" \/>\n<meta name=\"robots\" content=\"index, follow, max-snippet:-1, max-image-preview:large, max-video-preview:-1\" \/>\n<link rel=\"canonical\" href=\"https:\/\/www.smartsteuer.de\/online\/service\/informationen_einkommensteuererklaerung\/belege\/\" \/>\n<meta property=\"og:locale\" content=\"de_DE\" \/>\n<meta property=\"og:type\" content=\"article\" \/>\n<meta property=\"og:title\" content=\"Belege f\u00fcr die Steuererkl\u00e4rung\" \/>\n<meta property=\"og:description\" content=\"M\u00fcssen Sie Belege f\u00fcr die Steuererkl\u00e4rung beim Finanzamt einreichen? Wann\u2705 und welche Belege erfahren Sie in unserem Artikel.\" \/>\n<meta property=\"og:url\" content=\"https:\/\/www.smartsteuer.de\/online\/service\/informationen_einkommensteuererklaerung\/belege\/\" \/>\n<meta property=\"og:site_name\" content=\"smartsteuer\" \/>\n<meta property=\"article:publisher\" content=\"https:\/\/de-de.facebook.com\/smartsteuer\/\" \/>\n<meta property=\"article:modified_time\" content=\"2025-01-21T15:55:21+00:00\" \/>\n<meta name=\"twitter:card\" content=\"summary_large_image\" \/>\n<meta name=\"twitter:site\" content=\"@smartsteuer\" \/>\n<meta name=\"twitter:label1\" content=\"Gesch\u00e4tzte Lesezeit\" \/>\n\t<meta name=\"twitter:data1\" content=\"3\u00a0Minuten\" \/>\n<script type=\"application\/ld+json\" class=\"yoast-schema-graph\">{\"@context\":\"https:\/\/schema.org\",\"@graph\":[{\"@type\":\"WebPage\",\"@id\":\"https:\/\/www.smartsteuer.de\/online\/service\/informationen_einkommensteuererklaerung\/belege\/\",\"url\":\"https:\/\/www.smartsteuer.de\/online\/service\/informationen_einkommensteuererklaerung\/belege\/\",\"name\":\"Belege f\u00fcr die Steuererkl\u00e4rung\",\"isPartOf\":{\"@id\":\"https:\/\/www.smartsteuer.de\/online\/#website\"},\"datePublished\":\"2014-06-27T08:49:37+00:00\",\"dateModified\":\"2025-01-21T15:55:21+00:00\",\"description\":\"M\u00fcssen Sie Belege f\u00fcr die Steuererkl\u00e4rung beim Finanzamt einreichen? Wann\u2705 und welche Belege erfahren Sie in unserem Artikel.\",\"breadcrumb\":{\"@id\":\"https:\/\/www.smartsteuer.de\/online\/service\/informationen_einkommensteuererklaerung\/belege\/#breadcrumb\"},\"inLanguage\":\"de\",\"potentialAction\":[{\"@type\":\"ReadAction\",\"target\":[\"https:\/\/www.smartsteuer.de\/online\/service\/informationen_einkommensteuererklaerung\/belege\/\"]}]},{\"@type\":\"BreadcrumbList\",\"@id\":\"https:\/\/www.smartsteuer.de\/online\/service\/informationen_einkommensteuererklaerung\/belege\/#breadcrumb\",\"itemListElement\":[{\"@type\":\"ListItem\",\"position\":1,\"name\":\"Home\",\"item\":\"https:\/\/www.smartsteuer.de\/online\/\"},{\"@type\":\"ListItem\",\"position\":2,\"name\":\"Service\",\"item\":\"https:\/\/www.smartsteuer.de\/online\/service\/\"},{\"@type\":\"ListItem\",\"position\":3,\"name\":\"Informationen zu Ihrer Einkommensteuererkl\u00e4rung\",\"item\":\"https:\/\/www.smartsteuer.de\/online\/service\/informationen_einkommensteuererklaerung\/\"},{\"@type\":\"ListItem\",\"position\":4,\"name\":\"Belege f\u00fcr die Steuererkl\u00e4rung\"}]},{\"@type\":\"WebSite\",\"@id\":\"https:\/\/www.smartsteuer.de\/online\/#website\",\"url\":\"https:\/\/www.smartsteuer.de\/online\/\",\"name\":\"smartsteuer\",\"description\":\"Steuererkl\u00e4rung 2024 online machen &amp; Steuern sparen\",\"publisher\":{\"@id\":\"https:\/\/www.smartsteuer.de\/online\/#organization\"},\"potentialAction\":[{\"@type\":\"SearchAction\",\"target\":{\"@type\":\"EntryPoint\",\"urlTemplate\":\"https:\/\/www.smartsteuer.de\/online\/?s={search_term_string}\"},\"query-input\":{\"@type\":\"PropertyValueSpecification\",\"valueRequired\":true,\"valueName\":\"search_term_string\"}}],\"inLanguage\":\"de\"},{\"@type\":\"Organization\",\"@id\":\"https:\/\/www.smartsteuer.de\/online\/#organization\",\"name\":\"smartsteuer GmbH\",\"url\":\"https:\/\/www.smartsteuer.de\/online\/\",\"logo\":{\"@type\":\"ImageObject\",\"inLanguage\":\"de\",\"@id\":\"https:\/\/www.smartsteuer.de\/online\/#\/schema\/logo\/image\/\",\"url\":\"https:\/\/www.smartsteuer.de\/online\/wp-content\/uploads\/2024\/11\/Favicon-smartsteuer.png\",\"contentUrl\":\"https:\/\/www.smartsteuer.de\/online\/wp-content\/uploads\/2024\/11\/Favicon-smartsteuer.png\",\"width\":512,\"height\":512,\"caption\":\"smartsteuer GmbH\"},\"image\":{\"@id\":\"https:\/\/www.smartsteuer.de\/online\/#\/schema\/logo\/image\/\"},\"sameAs\":[\"https:\/\/de-de.facebook.com\/smartsteuer\/\",\"https:\/\/x.com\/smartsteuer\",\"https:\/\/www.youtube.com\/channel\/UCu02GkFNrMRzwysT2SEmNrQ\"]}]}<\/script>\n<!-- \/ Yoast SEO Premium plugin. -->","yoast_head_json":{"title":"Belege f\u00fcr die Steuererkl\u00e4rung","description":"M\u00fcssen Sie Belege f\u00fcr die Steuererkl\u00e4rung beim Finanzamt einreichen? Wann\u2705 und welche Belege erfahren Sie in unserem Artikel.","robots":{"index":"index","follow":"follow","max-snippet":"max-snippet:-1","max-image-preview":"max-image-preview:large","max-video-preview":"max-video-preview:-1"},"canonical":"https:\/\/www.smartsteuer.de\/online\/service\/informationen_einkommensteuererklaerung\/belege\/","og_locale":"de_DE","og_type":"article","og_title":"Belege f\u00fcr die Steuererkl\u00e4rung","og_description":"M\u00fcssen Sie Belege f\u00fcr die Steuererkl\u00e4rung beim Finanzamt einreichen? Wann\u2705 und welche Belege erfahren Sie in unserem Artikel.","og_url":"https:\/\/www.smartsteuer.de\/online\/service\/informationen_einkommensteuererklaerung\/belege\/","og_site_name":"smartsteuer","article_publisher":"https:\/\/de-de.facebook.com\/smartsteuer\/","article_modified_time":"2025-01-21T15:55:21+00:00","twitter_card":"summary_large_image","twitter_site":"@smartsteuer","twitter_misc":{"Gesch\u00e4tzte Lesezeit":"3\u00a0Minuten"},"schema":{"@context":"https:\/\/schema.org","@graph":[{"@type":"WebPage","@id":"https:\/\/www.smartsteuer.de\/online\/service\/informationen_einkommensteuererklaerung\/belege\/","url":"https:\/\/www.smartsteuer.de\/online\/service\/informationen_einkommensteuererklaerung\/belege\/","name":"Belege f\u00fcr die Steuererkl\u00e4rung","isPartOf":{"@id":"https:\/\/www.smartsteuer.de\/online\/#website"},"datePublished":"2014-06-27T08:49:37+00:00","dateModified":"2025-01-21T15:55:21+00:00","description":"M\u00fcssen Sie Belege f\u00fcr die Steuererkl\u00e4rung beim Finanzamt einreichen? Wann\u2705 und welche Belege erfahren Sie in unserem Artikel.","breadcrumb":{"@id":"https:\/\/www.smartsteuer.de\/online\/service\/informationen_einkommensteuererklaerung\/belege\/#breadcrumb"},"inLanguage":"de","potentialAction":[{"@type":"ReadAction","target":["https:\/\/www.smartsteuer.de\/online\/service\/informationen_einkommensteuererklaerung\/belege\/"]}]},{"@type":"BreadcrumbList","@id":"https:\/\/www.smartsteuer.de\/online\/service\/informationen_einkommensteuererklaerung\/belege\/#breadcrumb","itemListElement":[{"@type":"ListItem","position":1,"name":"Home","item":"https:\/\/www.smartsteuer.de\/online\/"},{"@type":"ListItem","position":2,"name":"Service","item":"https:\/\/www.smartsteuer.de\/online\/service\/"},{"@type":"ListItem","position":3,"name":"Informationen zu Ihrer Einkommensteuererkl\u00e4rung","item":"https:\/\/www.smartsteuer.de\/online\/service\/informationen_einkommensteuererklaerung\/"},{"@type":"ListItem","position":4,"name":"Belege f\u00fcr die Steuererkl\u00e4rung"}]},{"@type":"WebSite","@id":"https:\/\/www.smartsteuer.de\/online\/#website","url":"https:\/\/www.smartsteuer.de\/online\/","name":"smartsteuer","description":"Steuererkl\u00e4rung 2024 online machen &amp; Steuern sparen","publisher":{"@id":"https:\/\/www.smartsteuer.de\/online\/#organization"},"potentialAction":[{"@type":"SearchAction","target":{"@type":"EntryPoint","urlTemplate":"https:\/\/www.smartsteuer.de\/online\/?s={search_term_string}"},"query-input":{"@type":"PropertyValueSpecification","valueRequired":true,"valueName":"search_term_string"}}],"inLanguage":"de"},{"@type":"Organization","@id":"https:\/\/www.smartsteuer.de\/online\/#organization","name":"smartsteuer GmbH","url":"https:\/\/www.smartsteuer.de\/online\/","logo":{"@type":"ImageObject","inLanguage":"de","@id":"https:\/\/www.smartsteuer.de\/online\/#\/schema\/logo\/image\/","url":"https:\/\/www.smartsteuer.de\/online\/wp-content\/uploads\/2024\/11\/Favicon-smartsteuer.png","contentUrl":"https:\/\/www.smartsteuer.de\/online\/wp-content\/uploads\/2024\/11\/Favicon-smartsteuer.png","width":512,"height":512,"caption":"smartsteuer GmbH"},"image":{"@id":"https:\/\/www.smartsteuer.de\/online\/#\/schema\/logo\/image\/"},"sameAs":["https:\/\/de-de.facebook.com\/smartsteuer\/","https:\/\/x.com\/smartsteuer","https:\/\/www.youtube.com\/channel\/UCu02GkFNrMRzwysT2SEmNrQ"]}]}},"_links":{"self":[{"href":"https:\/\/www.smartsteuer.de\/online\/wp-json\/wp\/v2\/pages\/40","targetHints":{"allow":["GET"]}}],"collection":[{"href":"https:\/\/www.smartsteuer.de\/online\/wp-json\/wp\/v2\/pages"}],"about":[{"href":"https:\/\/www.smartsteuer.de\/online\/wp-json\/wp\/v2\/types\/page"}],"author":[{"embeddable":true,"href":"https:\/\/www.smartsteuer.de\/online\/wp-json\/wp\/v2\/users\/5"}],"replies":[{"embeddable":true,"href":"https:\/\/www.smartsteuer.de\/online\/wp-json\/wp\/v2\/comments?post=40"}],"version-history":[{"count":13,"href":"https:\/\/www.smartsteuer.de\/online\/wp-json\/wp\/v2\/pages\/40\/revisions"}],"predecessor-version":[{"id":75578,"href":"https:\/\/www.smartsteuer.de\/online\/wp-json\/wp\/v2\/pages\/40\/revisions\/75578"}],"up":[{"embeddable":true,"href":"https:\/\/www.smartsteuer.de\/online\/wp-json\/wp\/v2\/pages\/2"}],"wp:attachment":[{"href":"https:\/\/www.smartsteuer.de\/online\/wp-json\/wp\/v2\/media?parent=40"}],"curies":[{"name":"wp","href":"https:\/\/api.w.org\/{rel}","templated":true}]}}