{"id":42175,"date":"2022-07-13T14:26:09","date_gmt":"2022-07-13T12:26:09","guid":{"rendered":"https:\/\/www.smartsteuer.de\/online\/?page_id=42175"},"modified":"2024-11-11T15:57:15","modified_gmt":"2024-11-11T13:57:15","slug":"grundsteuer-fehler","status":"publish","type":"page","link":"https:\/\/www.smartsteuer.de\/online\/grundsteuer-fehler\/","title":{"rendered":"Grundsteuer &#8211; 5 Fehler"},"content":{"rendered":"<div class=\"sui-sheet-wrapper\">\n\t<section class=\"lb-section sui-sheet--up-flat sui-sheet-padding-flat sui-theme-bright\">\n\t\t<div class=\"sui-container \">\n\t\t\t<\/p>\n<h3><a href=\"https:\/\/www.smartsteuer.de\/online\/wp-content\/uploads\/2022\/07\/grundsteuer-banner.jpg\"><img loading=\"lazy\" decoding=\"async\" class=\"alignnone wp-image-42224 size-full alignleft\" src=\"https:\/\/www.smartsteuer.de\/online\/wp-content\/uploads\/2022\/07\/grundsteuer-banner.jpg\" alt=\"\" width=\"1024\" height=\"683\" srcset=\"https:\/\/www.smartsteuer.de\/online\/wp-content\/uploads\/2022\/07\/grundsteuer-banner.jpg 1024w, https:\/\/www.smartsteuer.de\/online\/wp-content\/uploads\/2022\/07\/grundsteuer-banner-300x200.jpg 300w, https:\/\/www.smartsteuer.de\/online\/wp-content\/uploads\/2022\/07\/grundsteuer-banner-768x512.jpg 768w\" sizes=\"auto, (max-width: 1024px) 100vw, 1024px\" \/><\/a><\/h3>\n<p style=\"text-align: left;\"><strong>Obwohl sie f\u00fcr die meisten Eigent\u00fcmer eher Stress statt Freude bereitet, k\u00f6nnen wir Sie beruhigen: Mit dem richtigen Tool und einer guten Vorbereitung ist die Grundsteuererkl\u00e4rung im Handumdrehen erledigt. Die 5 folgenden Fehler sollten Sie jedoch vermeiden.<\/strong><\/p>\n<h3 style=\"text-align: left;\">1. Nicht auf die Grundsteuererkl\u00e4rung vorbereiten<\/h3>\n<p style=\"text-align: left;\">Vorbereitung ist das A und O. Bereiten Sie sich in Ruhe auf die Abgabe Ihrer Grundsteuererkl\u00e4rung vor und sammeln Sie alle ben\u00f6tigten Unterlagen. Dazu geh\u00f6ren unteranderem die Grundbuchinformationen, Grundst\u00fccksfl\u00e4che, Bodenrichtwert, Baujahr und Wohnfl\u00e4che.<\/p>\n<h3 style=\"text-align: left;\"><b>2. Einen veralteten Bodenrichtwert angeben<\/b><\/h3>\n<p style=\"text-align: left;\">Achten Sie bei der Abgabe darauf, den aktuellen Bodenrichtwert aus dem Jahr 2022 anzugeben, nicht den Wert aus dem Vorjahr. Sie bekommen die Informationen bei Ihrem zust\u00e4ndigen \u00f6rtlichen Gutachterausschuss. Alternativ k\u00f6nnen Sie den Bodenrichtwert digital mit smartsteuer beim Amt abrufen.<\/p>\n<h3 style=\"text-align: left;\">3. <b>Eine zu gro\u00dfe Wohnfl\u00e4che angeben<\/b><\/h3>\n<p class=\"p1\" style=\"text-align: left;\">Bei der Wohnfl\u00e4che m\u00fcssen Sie die Fl\u00e4chen von Zubeh\u00f6rr\u00e4umen wie z.B. Keller, Heizungs- und Waschr\u00e4umen, Garage oder Dachboden nicht angeben. Balkone, Terrassen und Loggien sind in der Regel nur zu einem Viertel anzugeben, ungeheizte Winterg\u00e4rten und Schwimmb\u00e4der zur H\u00e4lfte, Fl\u00e4chen unter Dachschr\u00e4gen mit einer H\u00f6he von weniger als zwei Metern ebenfalls zur H\u00e4lfte. Treppen mit mehr als drei Stufen z\u00e4hlen nicht zur Wohnfl\u00e4che.<\/p>\n<h3 style=\"text-align: left;\">4. <b>Die Abgabefrist vers\u00e4umen<\/b><\/h3>\n<p class=\"p1\" style=\"text-align: left;\">Denken Sie an die Abgabefrist, welche am 31. Oktober 2022 endet. Lassen Sie also nicht zu viel Zeit verstreichen, sondern packen Sie das Thema rechtzeitig an und machen einen Haken dahinter.<\/p>\n<h3 style=\"text-align: left;\">5. Den Prozess komplexer machen, als er schon ist<\/h3>\n<p style=\"text-align: left;\">Vermeiden Sie eine Abgabe \u00fcber das komplexe Elster-Programm des Finanzamtes und geben Sie Ihre Erkl\u00e4rung innerhalb weniger Minuten \u00fcber die smartsteuer Grundsteuererkl\u00e4rung ab.<\/p>\n<p style=\"text-align: left;\"><div class=\"lb-inline-tipp p-4 my-4 my-sm-5\">\n\t<div class=\"lb-inline-tipp-title\">\n\t\t<i class=\"fa-solid fa-lightbulb\" aria-hidden=\"true\"><\/i>Unser Tipp:\n\t<\/div>\n\t<div class=\"lb-inline-tipp-content\">\n\t\t<\/p>\n<p style=\"text-align: left;\"><strong>Mit smartsteuer erstellen Sie Ihre Grundsteuererkl\u00e4rung deutlich schneller und effizienter und k\u00f6nnen Ihre Liegenschaftsinformationen digital \u00fcbernehmen &#8211; ganz ohne teure Steuerberater:innen oder komplizierte Steuerformulare.<\/strong><\/p>\n<p style=\"text-align: left;\">\n\t<\/div>\n<\/div>\t       <\/p>\n<p><div class=\"lb-inline-box p-4 p-lg-5 my-4 my-sm-5 sui-rounded-corners sui-theme-electric sui-theme-box-2\"><\/p>\n<p style=\"text-align: center;\"><strong>Grundsteuererkl\u00e4rung digital erledigen<\/strong><\/p>\n<p>Unsere Anwendung f\u00fchrt Sie Schritt f\u00fcr Schritt durch die verpflichtende Grundsteuererkl\u00e4rung. Jetzt anmelden und einreichen!<\/p>\n<p><a class='sui-button-cta mt-2 sui-button-large' href='https:\/\/profil.smartsteuer.de\/service-redirect.html?myExternal=grundsteuer_fb' role='button'>\n\tMehr erfahren\t\n<\/a><\/p>\n<p><\/div><\/p>\n<p>\n\t\t<\/div>\n\t<\/section>\n<\/div>\n","protected":false},"excerpt":{"rendered":"","protected":false},"author":13,"featured_media":0,"parent":0,"menu_order":0,"comment_status":"closed","ping_status":"closed","template":"landingpage-template.php","meta":{"_acf_changed":false,"footnotes":""},"class_list":["post-42175","page","type-page","status-publish","hentry"],"acf":[],"yoast_head":"<!-- This site is optimized with the Yoast SEO Premium plugin v27.5 (Yoast SEO v27.5) - https:\/\/yoast.com\/product\/yoast-seo-premium-wordpress\/ -->\n<title>Grundsteuererkl\u00e4rung: Diese 5 Fehler sollten Sie vermeiden! - smartsteuer<\/title>\n<meta name=\"description\" content=\"Grundsteuer - 5 Fehler - smartsteuer\" \/>\n<meta name=\"robots\" content=\"index, follow, max-snippet:-1, max-image-preview:large, max-video-preview:-1\" \/>\n<link rel=\"canonical\" href=\"https:\/\/www.smartsteuer.de\/online\/grundsteuer-fehler\/\" \/>\n<meta property=\"og:locale\" content=\"de_DE\" \/>\n<meta property=\"og:type\" content=\"article\" \/>\n<meta property=\"og:title\" content=\"Eigent\u00fcmer aufgepasst: Steuererkl\u00e4rung wird 2022 Pflicht\" \/>\n<meta property=\"og:description\" content=\"Die Grundsteuer muss neu berechnet werden. Das Finanzamt verpflichtet daher 2022 alle Eigent\u00fcmer zu einer Grundsteuererkl\u00e4rung.\" \/>\n<meta property=\"og:url\" content=\"https:\/\/www.smartsteuer.de\/online\/grundsteuer-fehler\/\" \/>\n<meta property=\"og:site_name\" content=\"smartsteuer\" \/>\n<meta property=\"article:publisher\" content=\"https:\/\/de-de.facebook.com\/smartsteuer\/\" \/>\n<meta property=\"article:modified_time\" content=\"2024-11-11T13:57:15+00:00\" \/>\n<meta property=\"og:image\" content=\"https:\/\/www.smartsteuer.de\/online\/wp-content\/uploads\/2022\/07\/grundsteuer-banner.jpg\" \/>\n<meta name=\"twitter:card\" content=\"summary_large_image\" \/>\n<meta name=\"twitter:title\" content=\"Eigent\u00fcmer aufgepasst: Steuererkl\u00e4rung wird 2022 Pflicht\" \/>\n<meta name=\"twitter:description\" content=\"Die Grundsteuer muss neu berechnet werden. Das Finanzamt verpflichtet daher 2022 alle Eigent\u00fcmer zu einer Grundsteuererkl\u00e4rung\" \/>\n<meta name=\"twitter:site\" content=\"@smartsteuer\" \/>\n<meta name=\"twitter:label1\" content=\"Gesch\u00e4tzte Lesezeit\" \/>\n\t<meta name=\"twitter:data1\" content=\"2\u00a0Minuten\" \/>\n<script type=\"application\/ld+json\" class=\"yoast-schema-graph\">{\"@context\":\"https:\\\/\\\/schema.org\",\"@graph\":[{\"@type\":\"WebPage\",\"@id\":\"https:\\\/\\\/www.smartsteuer.de\\\/online\\\/grundsteuer-fehler\\\/\",\"url\":\"https:\\\/\\\/www.smartsteuer.de\\\/online\\\/grundsteuer-fehler\\\/\",\"name\":\"Grundsteuererkl\u00e4rung: Diese 5 Fehler sollten Sie vermeiden! - smartsteuer\",\"isPartOf\":{\"@id\":\"https:\\\/\\\/www.smartsteuer.de\\\/online\\\/#website\"},\"primaryImageOfPage\":{\"@id\":\"https:\\\/\\\/www.smartsteuer.de\\\/online\\\/grundsteuer-fehler\\\/#primaryimage\"},\"image\":{\"@id\":\"https:\\\/\\\/www.smartsteuer.de\\\/online\\\/grundsteuer-fehler\\\/#primaryimage\"},\"thumbnailUrl\":\"https:\\\/\\\/www.smartsteuer.de\\\/online\\\/wp-content\\\/uploads\\\/2022\\\/07\\\/grundsteuer-banner.jpg\",\"datePublished\":\"2022-07-13T12:26:09+00:00\",\"dateModified\":\"2024-11-11T13:57:15+00:00\",\"description\":\"Grundsteuer - 5 Fehler - smartsteuer\",\"breadcrumb\":{\"@id\":\"https:\\\/\\\/www.smartsteuer.de\\\/online\\\/grundsteuer-fehler\\\/#breadcrumb\"},\"inLanguage\":\"de\",\"potentialAction\":[{\"@type\":\"ReadAction\",\"target\":[\"https:\\\/\\\/www.smartsteuer.de\\\/online\\\/grundsteuer-fehler\\\/\"]}]},{\"@type\":\"ImageObject\",\"inLanguage\":\"de\",\"@id\":\"https:\\\/\\\/www.smartsteuer.de\\\/online\\\/grundsteuer-fehler\\\/#primaryimage\",\"url\":\"https:\\\/\\\/www.smartsteuer.de\\\/online\\\/wp-content\\\/uploads\\\/2022\\\/07\\\/grundsteuer-banner.jpg\",\"contentUrl\":\"https:\\\/\\\/www.smartsteuer.de\\\/online\\\/wp-content\\\/uploads\\\/2022\\\/07\\\/grundsteuer-banner.jpg\",\"width\":1024,\"height\":683},{\"@type\":\"BreadcrumbList\",\"@id\":\"https:\\\/\\\/www.smartsteuer.de\\\/online\\\/grundsteuer-fehler\\\/#breadcrumb\",\"itemListElement\":[{\"@type\":\"ListItem\",\"position\":1,\"name\":\"Home\",\"item\":\"https:\\\/\\\/www.smartsteuer.de\\\/online\\\/\"},{\"@type\":\"ListItem\",\"position\":2,\"name\":\"Grundsteuer &#8211; 5 Fehler\"}]},{\"@type\":\"WebSite\",\"@id\":\"https:\\\/\\\/www.smartsteuer.de\\\/online\\\/#website\",\"url\":\"https:\\\/\\\/www.smartsteuer.de\\\/online\\\/\",\"name\":\"smartsteuer\",\"description\":\"Steuererkl\u00e4rung 2024 online machen &amp; Steuern sparen\",\"publisher\":{\"@id\":\"https:\\\/\\\/www.smartsteuer.de\\\/online\\\/#organization\"},\"potentialAction\":[{\"@type\":\"SearchAction\",\"target\":{\"@type\":\"EntryPoint\",\"urlTemplate\":\"https:\\\/\\\/www.smartsteuer.de\\\/online\\\/?s={search_term_string}\"},\"query-input\":{\"@type\":\"PropertyValueSpecification\",\"valueRequired\":true,\"valueName\":\"search_term_string\"}}],\"inLanguage\":\"de\"},{\"@type\":\"Organization\",\"@id\":\"https:\\\/\\\/www.smartsteuer.de\\\/online\\\/#organization\",\"name\":\"smartsteuer GmbH\",\"url\":\"https:\\\/\\\/www.smartsteuer.de\\\/online\\\/\",\"logo\":{\"@type\":\"ImageObject\",\"inLanguage\":\"de\",\"@id\":\"https:\\\/\\\/www.smartsteuer.de\\\/online\\\/#\\\/schema\\\/logo\\\/image\\\/\",\"url\":\"https:\\\/\\\/www.smartsteuer.de\\\/online\\\/wp-content\\\/uploads\\\/2024\\\/11\\\/Favicon-smartsteuer.png\",\"contentUrl\":\"https:\\\/\\\/www.smartsteuer.de\\\/online\\\/wp-content\\\/uploads\\\/2024\\\/11\\\/Favicon-smartsteuer.png\",\"width\":512,\"height\":512,\"caption\":\"smartsteuer GmbH\"},\"image\":{\"@id\":\"https:\\\/\\\/www.smartsteuer.de\\\/online\\\/#\\\/schema\\\/logo\\\/image\\\/\"},\"sameAs\":[\"https:\\\/\\\/de-de.facebook.com\\\/smartsteuer\\\/\",\"https:\\\/\\\/x.com\\\/smartsteuer\",\"https:\\\/\\\/www.youtube.com\\\/channel\\\/UCu02GkFNrMRzwysT2SEmNrQ\"]}]}<\/script>\n<!-- \/ Yoast SEO Premium plugin. -->","yoast_head_json":{"title":"Grundsteuererkl\u00e4rung: Diese 5 Fehler sollten Sie vermeiden! - smartsteuer","description":"Grundsteuer - 5 Fehler - smartsteuer","robots":{"index":"index","follow":"follow","max-snippet":"max-snippet:-1","max-image-preview":"max-image-preview:large","max-video-preview":"max-video-preview:-1"},"canonical":"https:\/\/www.smartsteuer.de\/online\/grundsteuer-fehler\/","og_locale":"de_DE","og_type":"article","og_title":"Eigent\u00fcmer aufgepasst: Steuererkl\u00e4rung wird 2022 Pflicht","og_description":"Die Grundsteuer muss neu berechnet werden. Das Finanzamt verpflichtet daher 2022 alle Eigent\u00fcmer zu einer Grundsteuererkl\u00e4rung.","og_url":"https:\/\/www.smartsteuer.de\/online\/grundsteuer-fehler\/","og_site_name":"smartsteuer","article_publisher":"https:\/\/de-de.facebook.com\/smartsteuer\/","article_modified_time":"2024-11-11T13:57:15+00:00","og_image":[{"url":"https:\/\/www.smartsteuer.de\/online\/wp-content\/uploads\/2022\/07\/grundsteuer-banner.jpg","type":"","width":"","height":""}],"twitter_card":"summary_large_image","twitter_title":"Eigent\u00fcmer aufgepasst: Steuererkl\u00e4rung wird 2022 Pflicht","twitter_description":"Die Grundsteuer muss neu berechnet werden. Das Finanzamt verpflichtet daher 2022 alle Eigent\u00fcmer zu einer Grundsteuererkl\u00e4rung","twitter_site":"@smartsteuer","twitter_misc":{"Gesch\u00e4tzte Lesezeit":"2\u00a0Minuten"},"schema":{"@context":"https:\/\/schema.org","@graph":[{"@type":"WebPage","@id":"https:\/\/www.smartsteuer.de\/online\/grundsteuer-fehler\/","url":"https:\/\/www.smartsteuer.de\/online\/grundsteuer-fehler\/","name":"Grundsteuererkl\u00e4rung: Diese 5 Fehler sollten Sie vermeiden! - smartsteuer","isPartOf":{"@id":"https:\/\/www.smartsteuer.de\/online\/#website"},"primaryImageOfPage":{"@id":"https:\/\/www.smartsteuer.de\/online\/grundsteuer-fehler\/#primaryimage"},"image":{"@id":"https:\/\/www.smartsteuer.de\/online\/grundsteuer-fehler\/#primaryimage"},"thumbnailUrl":"https:\/\/www.smartsteuer.de\/online\/wp-content\/uploads\/2022\/07\/grundsteuer-banner.jpg","datePublished":"2022-07-13T12:26:09+00:00","dateModified":"2024-11-11T13:57:15+00:00","description":"Grundsteuer - 5 Fehler - smartsteuer","breadcrumb":{"@id":"https:\/\/www.smartsteuer.de\/online\/grundsteuer-fehler\/#breadcrumb"},"inLanguage":"de","potentialAction":[{"@type":"ReadAction","target":["https:\/\/www.smartsteuer.de\/online\/grundsteuer-fehler\/"]}]},{"@type":"ImageObject","inLanguage":"de","@id":"https:\/\/www.smartsteuer.de\/online\/grundsteuer-fehler\/#primaryimage","url":"https:\/\/www.smartsteuer.de\/online\/wp-content\/uploads\/2022\/07\/grundsteuer-banner.jpg","contentUrl":"https:\/\/www.smartsteuer.de\/online\/wp-content\/uploads\/2022\/07\/grundsteuer-banner.jpg","width":1024,"height":683},{"@type":"BreadcrumbList","@id":"https:\/\/www.smartsteuer.de\/online\/grundsteuer-fehler\/#breadcrumb","itemListElement":[{"@type":"ListItem","position":1,"name":"Home","item":"https:\/\/www.smartsteuer.de\/online\/"},{"@type":"ListItem","position":2,"name":"Grundsteuer &#8211; 5 Fehler"}]},{"@type":"WebSite","@id":"https:\/\/www.smartsteuer.de\/online\/#website","url":"https:\/\/www.smartsteuer.de\/online\/","name":"smartsteuer","description":"Steuererkl\u00e4rung 2024 online machen &amp; Steuern sparen","publisher":{"@id":"https:\/\/www.smartsteuer.de\/online\/#organization"},"potentialAction":[{"@type":"SearchAction","target":{"@type":"EntryPoint","urlTemplate":"https:\/\/www.smartsteuer.de\/online\/?s={search_term_string}"},"query-input":{"@type":"PropertyValueSpecification","valueRequired":true,"valueName":"search_term_string"}}],"inLanguage":"de"},{"@type":"Organization","@id":"https:\/\/www.smartsteuer.de\/online\/#organization","name":"smartsteuer GmbH","url":"https:\/\/www.smartsteuer.de\/online\/","logo":{"@type":"ImageObject","inLanguage":"de","@id":"https:\/\/www.smartsteuer.de\/online\/#\/schema\/logo\/image\/","url":"https:\/\/www.smartsteuer.de\/online\/wp-content\/uploads\/2024\/11\/Favicon-smartsteuer.png","contentUrl":"https:\/\/www.smartsteuer.de\/online\/wp-content\/uploads\/2024\/11\/Favicon-smartsteuer.png","width":512,"height":512,"caption":"smartsteuer GmbH"},"image":{"@id":"https:\/\/www.smartsteuer.de\/online\/#\/schema\/logo\/image\/"},"sameAs":["https:\/\/de-de.facebook.com\/smartsteuer\/","https:\/\/x.com\/smartsteuer","https:\/\/www.youtube.com\/channel\/UCu02GkFNrMRzwysT2SEmNrQ"]}]}},"_links":{"self":[{"href":"https:\/\/www.smartsteuer.de\/online\/wp-json\/wp\/v2\/pages\/42175","targetHints":{"allow":["GET"]}}],"collection":[{"href":"https:\/\/www.smartsteuer.de\/online\/wp-json\/wp\/v2\/pages"}],"about":[{"href":"https:\/\/www.smartsteuer.de\/online\/wp-json\/wp\/v2\/types\/page"}],"author":[{"embeddable":true,"href":"https:\/\/www.smartsteuer.de\/online\/wp-json\/wp\/v2\/users\/13"}],"replies":[{"embeddable":true,"href":"https:\/\/www.smartsteuer.de\/online\/wp-json\/wp\/v2\/comments?post=42175"}],"version-history":[{"count":64,"href":"https:\/\/www.smartsteuer.de\/online\/wp-json\/wp\/v2\/pages\/42175\/revisions"}],"predecessor-version":[{"id":68210,"href":"https:\/\/www.smartsteuer.de\/online\/wp-json\/wp\/v2\/pages\/42175\/revisions\/68210"}],"wp:attachment":[{"href":"https:\/\/www.smartsteuer.de\/online\/wp-json\/wp\/v2\/media?parent=42175"}],"curies":[{"name":"wp","href":"https:\/\/api.w.org\/{rel}","templated":true}]}}