{"id":44465,"date":"2022-10-19T14:38:47","date_gmt":"2022-10-19T12:38:47","guid":{"rendered":"https:\/\/www.smartsteuer.de\/online\/?page_id=44465"},"modified":"2025-07-25T10:28:53","modified_gmt":"2025-07-25T08:28:53","slug":"vorsicht-phishing","status":"publish","type":"page","link":"https:\/\/www.smartsteuer.de\/online\/vorsicht-phishing\/","title":{"rendered":"Vorsicht, Phishing!"},"content":{"rendered":"<div class=\"sui-sheet-wrapper\">\n\t<section class=\"lb-section sui-sheet--up-flat sui-sheet-padding-flat sui-theme-bright\">\n\t\t<div class=\"sui-container \">\n\t\t\t<\/p>\n<h1>Vorsicht, Phishing!<\/h1>\n<p>Achtung, Kriminelle versuchen, mit unterschiedlichen Phishing-Methoden an Deine Daten zu gelangen. Sei also wachsam\u00a0 \u2013 wir helfen Dir dabei, indem wir Dich \u00fcber die neuesten Betrugsmaschen informieren.<\/p>\n<p>\n\t\t<\/div>\n\t<\/section>\n<\/div>\n<div class=\"sui-sheet-wrapper\">\n\t<section class=\"lb-section sui-sheet--up-flat sui-sheet-padding-flat sui-theme-bright\">\n\t\t<div class=\"sui-container \">\n\t\t\t<\/p>\n<h2>Wie versuchen Kriminelle Daten abzugreifen?<\/h2>\n<p><div class=\"lb-features\"><div class=\"sui-grid\" style=\"padding:0 !important;\"><div class=\"sui-row\"><div class=\"sui-col-third\"><div class=\"lb-features-item\">\n\t<div class=\"lb-features-icon pb-2 pb-sm-3 pb-md-4\">\n\t<i class=\"fa-solid fa-envelope\" style=\"color: var(--sui-color-electric-600)\" aria-hidden=\"true\"><\/i>\n<\/div>\n\t<div>\n\t\t<div class=\"h3 lb-features-title\">\n\tPhishing-Mails\n<\/div>\n\t\t<div class=\"lb-features-text\">\n\t\t\t<\/p>\n<p>In t\u00e4uschend echt aussehenden E-Mails wirst Du aufgefordert, Deine pers\u00f6nlichen Daten preiszugeben. Das kann etwa die Reaktivierung Deiner Bankkarte sein.<\/p>\n<p>\n\t\t<\/div>\n\t\t\n\t<\/div>\n<\/div><\/div><div class=\"sui-col-third\"><div class=\"lb-features-item\">\n\t<div class=\"lb-features-icon pb-2 pb-sm-3 pb-md-4\">\n\t<i class=\"fa-solid fa-sms\" style=\"color: var(--sui-color-electric-600)\" aria-hidden=\"true\"><\/i>\n<\/div>\n\t<div>\n\t\t<div class=\"h3 lb-features-title\">\n\tPhishing-SMS\n<\/div>\n\t\t<div class=\"lb-features-text\">\n\t\t\t<\/p>\n<p>Gef\u00e4lschte SMS informieren Dich zum Beispiel dar\u00fcber, dass Deine Bankverbindung ben\u00f6tigt wird, um Deine Steuererstattung auszuzahlen. Die Eingabe ist angeblich \u00fcber die verlinkte Internetseite m\u00f6glich. Klicke niemals diesen Links.<\/p>\n<p>\n\t\t<\/div>\n\t\t\n\t<\/div>\n<\/div><\/div><div class=\"sui-col-third\"><div class=\"lb-features-item\">\n\t<div class=\"lb-features-icon pb-2 pb-sm-3 pb-md-4\">\n\t<i class=\"fa-solid fa-phone\" style=\"color: var(--sui-color-electric-600)\" aria-hidden=\"true\"><\/i>\n<\/div>\n\t<div>\n\t\t<div class=\"h3 lb-features-title\">\n\tPhishing-Anrufe\n<\/div>\n\t\t<div class=\"lb-features-text\">\n\t\t\t<\/p>\n<p>Telefonisch versuchen Kriminelle, pers\u00f6nliche Daten sowie Deine TAN f\u00fcrs Online-Banking abzufragen, indem sie sich unter anderem als Mitarbeitende Deiner Bank ausgeben.<\/p>\n<p>\n\t\t<\/div>\n\t\t\n\t<\/div>\n<\/div><\/div><\/div><\/div><\/div><\/p>\n<p>\n\t\t<\/div>\n\t<\/section>\n<\/div>\n<div class=\"sui-sheet-wrapper\">\n\t<section class=\"lb-section sui-sheet--up-flat sui-sheet-padding-flat sui-theme-bright\">\n\t\t<div class=\"sui-container \">\n\t\t\t<\/p>\n<h2 class=\"block-section__headline\" data-v-0393cafc=\"\">Hier findest Du aktuelle Phishing-Beispiele<\/h2>\n<div class=\"block-section__left-col\" data-v-0393cafc=\"\">\n<div class=\"block-section__sub-headline\" data-v-0393cafc=\"\">Wir haben f\u00fcr Dich aktuelle Beispiele von Phishing gesammelt.<\/div>\n<div data-v-0393cafc=\"\"><\/div>\n<div class=\"block-section__content\" data-v-0393cafc=\"\">\n<div class=\"image-slider__container grid image-slider__container--grey\" data-v-728b4c4c=\"\" data-v-0393cafc=\"\">\n<div class=\"image-slider__slides--container swiper-container swiper-container-initialized swiper-container-horizontal swiper-container-pointer-events\" data-v-728b4c4c=\"\">\n<div class=\"image-slider__slides--items\" data-v-728b4c4c=\"\">\n<p><div class=\"sui-swiper\"><div class=\"sui-swiper-slide\"><\/p>\n<h3>Phishing-SMS:<\/h3>\n<p><a href=\"https:\/\/www.smartsteuer.de\/online\/wp-content\/uploads\/2022\/10\/smartsteuer-helpdesk-Steuererklaerung-1.png\"><img loading=\"lazy\" decoding=\"async\" class=\" wp-image-44474\" src=\"https:\/\/www.smartsteuer.de\/online\/wp-content\/uploads\/2022\/10\/smartsteuer-helpdesk-Steuererklaerung-1.png\" alt=\"Phishing-SMS Beispiel\" width=\"393\" height=\"523\" srcset=\"https:\/\/www.smartsteuer.de\/online\/wp-content\/uploads\/2022\/10\/smartsteuer-helpdesk-Steuererklaerung-1.png 1249w, https:\/\/www.smartsteuer.de\/online\/wp-content\/uploads\/2022\/10\/smartsteuer-helpdesk-Steuererklaerung-1-225x300.png 225w, https:\/\/www.smartsteuer.de\/online\/wp-content\/uploads\/2022\/10\/smartsteuer-helpdesk-Steuererklaerung-1-770x1024.png 770w, https:\/\/www.smartsteuer.de\/online\/wp-content\/uploads\/2022\/10\/smartsteuer-helpdesk-Steuererklaerung-1-768x1022.png 768w, https:\/\/www.smartsteuer.de\/online\/wp-content\/uploads\/2022\/10\/smartsteuer-helpdesk-Steuererklaerung-1-1154x1536.png 1154w\" sizes=\"auto, (max-width: 393px) 100vw, 393px\" \/><\/a><\/p>\n<p><\/div><\/p>\n<p><div class=\"sui-swiper-slide\"><\/p>\n<h3>Phishing-Mail:<\/h3>\n<p><img loading=\"lazy\" decoding=\"async\" class=\"alignnone size-large wp-image-81581\" src=\"https:\/\/www.smartsteuer.de\/online\/wp-content\/uploads\/2025\/07\/Screenshot-2025-07-23-145939-1-1024x442.jpg\" alt=\"\" width=\"1024\" height=\"442\" srcset=\"https:\/\/www.smartsteuer.de\/online\/wp-content\/uploads\/2025\/07\/Screenshot-2025-07-23-145939-1-1024x442.jpg 1024w, https:\/\/www.smartsteuer.de\/online\/wp-content\/uploads\/2025\/07\/Screenshot-2025-07-23-145939-1-300x129.jpg 300w, https:\/\/www.smartsteuer.de\/online\/wp-content\/uploads\/2025\/07\/Screenshot-2025-07-23-145939-1-768x331.jpg 768w, https:\/\/www.smartsteuer.de\/online\/wp-content\/uploads\/2025\/07\/Screenshot-2025-07-23-145939-1-1536x663.jpg 1536w, https:\/\/www.smartsteuer.de\/online\/wp-content\/uploads\/2025\/07\/Screenshot-2025-07-23-145939-1.jpg 1587w\" sizes=\"auto, (max-width: 1024px) 100vw, 1024px\" \/><\/p>\n<p><\/div><\/p>\n<p><\/div><\/p>\n<\/div>\n<\/div>\n<\/div>\n<\/div>\n<\/div>\n<p>&nbsp;<\/p>\n<p>\n\t\t<\/div>\n\t<\/section>\n<\/div>\n<div class=\"sui-sheet-wrapper\">\n\t<section class=\"lb-section sui-sheet--up-flat sui-sheet-padding-flat sui-theme-bright\">\n\t\t<div class=\"sui-container \">\n\t\t\t<\/p>\n<p><div class=\"lb-inline-tipp p-4 my-4 my-sm-5\">\n\t<div class=\"lb-inline-tipp-title\">\n\t\t<i class=\"fa-solid fa-lightbulb\" aria-hidden=\"true\"><\/i>Unser Tipp:\n\t<\/div>\n\t<div class=\"lb-inline-tipp-content\">\n\t\t<\/p>\n<div class=\"checklist__list\" data-v-01d7fb62=\"\">\n<ul>\n<li style=\"text-align: left;\">\u00d6ffne keine E-Mails, SMS sowie Anh\u00e4nge und Links, deren Absender Du nicht kennst.<\/li>\n<li style=\"text-align: left;\">Gib nie PIN oder TAN per E-Mail, SMS oder Telefon weiter oder \u00fcber eine Verlinkung ein.<\/li>\n<li style=\"text-align: left;\">Nutze unsere Online-Steuererkl\u00e4rung von smartsteuer immer \u00fcber die offizielle Webseite <a href=\"https:\/\/www.smartsteuer.de\/online\/\">www.smartsteuer.de<\/a>.<\/li>\n<li style=\"text-align: left;\">Achte auf die URL-Adresse der weitergeleiteten Seite.<\/li>\n<li style=\"text-align: left;\">L\u00f6sche Phishing-Nachrichten umgehend.<\/li>\n<\/ul>\n<p>&nbsp;<\/p>\n<\/div>\n<div class=\"checklist__subtitle\" data-v-01d7fb62=\"\"><strong>Wenn Du eine verd\u00e4chtige E-Mail oder SMS bekommen hast oder Du Dir unsicher bist, leite diese gerne als Screenshot oder Anhang an unseren Support weiter.<\/strong><\/div>\n<p>\n\t<\/div>\n<\/div>\t       <\/p>\n<p>\n\t\t<\/div>\n\t<\/section>\n<\/div>\n<div class=\"sui-sheet-wrapper\">\n\t<section class=\"lb-section sui-sheet--up-flat sui-sheet-padding-flat sui-theme-bright\">\n\t\t<div class=\"sui-container \">\n\t\t\t<\/p>\n<p><a href=\"https:\/\/www.smartsteuer.de\/online\/wp-content\/uploads\/2025\/07\/Phishing_16x9.webp\"><img loading=\"lazy\" decoding=\"async\" class=\"alignnone size-large wp-image-81872\" src=\"https:\/\/www.smartsteuer.de\/online\/wp-content\/uploads\/2025\/07\/Phishing_16x9-1024x582.webp\" alt=\"Illustration eines Laptops mit Gefahren durch Phishing\" width=\"1024\" height=\"582\" srcset=\"https:\/\/www.smartsteuer.de\/online\/wp-content\/uploads\/2025\/07\/Phishing_16x9-1024x582.webp 1024w, https:\/\/www.smartsteuer.de\/online\/wp-content\/uploads\/2025\/07\/Phishing_16x9-300x171.webp 300w, https:\/\/www.smartsteuer.de\/online\/wp-content\/uploads\/2025\/07\/Phishing_16x9-768x437.webp 768w, https:\/\/www.smartsteuer.de\/online\/wp-content\/uploads\/2025\/07\/Phishing_16x9-1536x873.webp 1536w, https:\/\/www.smartsteuer.de\/online\/wp-content\/uploads\/2025\/07\/Phishing_16x9.webp 1900w\" sizes=\"auto, (max-width: 1024px) 100vw, 1024px\" \/><\/a><\/p>\n<p>&nbsp;<\/p>\n<h2 class=\"block-section__headline\">Neue Betrugsmasche bei Anzeigen-Portalen<\/h2>\n<p>Verk\u00e4ufer auf Anzeigen-Portalen werden derzeit vermehrt gebeten, ihre Kreditkarten herauszugeben. Angeblich ist der Grund eine einfachere Zahlungsabwicklung via Link durch den K\u00e4ufer, tats\u00e4chlich werden aber auf diesem Weg die Kartendaten abgegriffen. Klicke daher nicht auf Links, die Dir von K\u00e4ufern oder Verk\u00e4ufern zugeschickt werden.<\/p>\n<p>&nbsp;<\/p>\n<h2 class=\"block-section__headline\">Fake-Anrufe von angeblichen Beh\u00f6rden &amp; Banken<\/h2>\n<p>Aktuell bekommen viele Kunden Anrufe von vermeintlichen Beh\u00f6rden oder angeblichen Mitarbeitenden der eigenen Bank. Die Angerufenen oder ihre Angeh\u00f6rigen sollen Opfer oder T\u00e4ter von Straftaten sein und werden dazu bewegt, Transaktionen auszuf\u00fchren und pers\u00f6nliche Daten herauszugeben. Lege bitte unbedingt auf, wenn auch Du einen solchen Anruf erh\u00e4ltst!<\/p>\n<p>Eine Beh\u00f6rde wird Dich niemals am Telefon um pers\u00f6nliche Daten, wie PIN, Passw\u00f6rter und TANs bitten, auch nicht Deine Bank, selbst wenn deren Nummer angezeigt wird. Auch diese l\u00e4sst sich heutzutage f\u00e4lschen.<\/p>\n<p>\n\t\t<\/div>\n\t<\/section>\n<\/div>\n<div class=\"sui-sheet-wrapper\">\n\t<section class=\"lb-section sui-sheet--up-flat sui-sheet-padding-flat sui-theme-bright\">\n\t\t<div class=\"sui-container \">\n\t\t\t<\/p>\n<h2>Wichtige Fragen und Antworten f\u00fcr Betroffene:<\/h2>\n<p><div class=\"sui-accordion\" id=\"sui-accordion-169f89cc75d5d0\"><\/p>\n<p><h3 class=\"sui-accordion-title\"><strong>Was k\u00f6nnen die Folgen von Phishing sein?<\/strong><\/h3><div class=\"sui-accordion-item \"><\/p>\n<p>Mit Deinen Zugangsdaten kann sich ein unbefugter Dritter in Deinen Account einloggen und Ver\u00e4nderungen an Deinen Daten vornehmen.<\/p>\n<p><\/div><\/p>\n<p><div class=\"sui-accordion\" id=\"sui-accordion-169f89cc75d5f8\"><\/div><\/p>\n<p><h3 class=\"sui-accordion-title\"><strong>Was kann ich tun, wenn ich selbst von Phishing betroffen bin?<\/strong><\/h3><div class=\"sui-accordion-item \"><\/p>\n<ol>\n<li>\u00c4ndere Dein Passwort, um sicherzustellen, dass \u00fcber Deinen Zugang keine Fremdzugriffe erfolgen k\u00f6nnen.<\/li>\n<li>Aktiviere, wenn m\u00f6glich, die Zwei-Faktor-Authentifizierung. Dies erschwert Angreifern den Zugriff auf Deinen Account.<\/li>\n<li>Nachdem Du auf die oben beschriebene Weise Deinen Account gesichert hast, pr\u00fcfe bitte in Deinem Account, auf auff\u00e4llige Aktivit\u00e4ten. Gab es Logins zu ungew\u00f6hnlichen Zeitpunkten, bei denen Du sicher wei\u00dft, dass Du es nicht warst? Gab es \u00c4nderungen in Deinen Belegen, Kontakten, Bankkonten? Dokumentiere eventuelle Auff\u00e4lligkeiten und sichere diese als potenzielle Beweise.<\/li>\n<\/ol>\n<p><\/div><\/p>\n<p><div class=\"sui-accordion\" id=\"sui-accordion-169f89cc75d5fe\"><\/div><br \/>\n<h3 class=\"sui-accordion-title\"><strong>Was muss ich als Unternehmer beachten, wenn ich von Phishing betroffen bin?<\/strong><\/h3><div class=\"sui-accordion-item \"><\/p>\n<p>Sofern Du zu dem Ergebnis gelangst, dass ein unbefugter Zugriff auf Deinen Account stattgefunden hat, m\u00f6chten wir Dich darauf hinweisen, dass dieses Vorkommnis eine f\u00fcr Dein Unternehmen meldepflichtige Datenschutzverletzung darstellen kann. F\u00fcr den Fall, dass Du zum Ergebnis einer Meldepflicht gem. <a href=\"https:\/\/dejure.org\/gesetze\/DSGVO\/33.html\">Art. 33 Abs. 1 DSGVO<\/a> gelangst, findest Du entsprechende Kontaktdaten oder ein entsprechendes Formular auf der Webseite der zust\u00e4ndigen Landesdatenschutzbeh\u00f6rde.<\/p>\n<p><\/div><\/p>\n<p><\/div><\/p>\n<p>\n\t\t<\/div>\n\t<\/section>\n<\/div>\n<div class=\"sui-sheet-wrapper\">\n\t<section class=\"lb-section sui-sheet--up-flat sui-sheet-padding-flat sui-theme-bright\">\n\t\t<div class=\"sui-container \">\n\t\t\t<\/p>\n<p><div class=\"lb-inline-box p-4 p-lg-5 my-4 my-sm-5 sui-rounded-corners lb-bg-lightblue\"><\/p>\n<h2 class=\"color-block__title\">Was tut smartsteuer gegen Phishing?<\/h2>\n<div class=\"color-block__content\" data-v-61f3909c=\"\">\n<p style=\"text-align: left;\" data-v-0557dab3=\"\" data-v-61f3909c=\"\">smartsteuer fordert, Dich au\u00dferhalb der Online-Steuererkl\u00e4rung nie per E-Mail oder SMS auf, Deine PIN oder andere Daten \u00fcber eine Verlinkung einzugeben.<\/p>\n<p style=\"text-align: left;\" data-v-0557dab3=\"\" data-v-61f3909c=\"\">Auch am Telefon bitten wir keine Kunden, Daten zu aktualisieren oder sogar PIN\/TAN preiszugeben. Wir rufen Dich zudem auch nicht an, um Dich \u00fcber ein gesperrtes Benutzerkonto und die potenzielle telefonische Freischaltung zu informieren.<\/p>\n<\/div>\n<p><\/div><\/p>\n<p>\n\t\t<\/div>\n\t<\/section>\n<\/div>\n\n<div class=\"sui-sheet-wrapper\">\n\t<section class=\"lb-section lb-support sui-sheet--up-flat sui-sheet-padding-flat sui-theme-bright\">\n\t\t<div class=\"sui-container\">\n\t\t\t<h2>Hilfe & Technischer Support<\/h2>\n\n\t\t\t\n\t\t\t<div>\n\t\t\t\t<p>\n\t\t\t\t\tSende uns eine E-Mail mit Deinem Anliegen an<br>\n\t\t\t\t\t<strong>\n\t\t\t\t\t\t<a href=\"mailto:hilfe@smartsteuer.de\">hilfe@smartsteuer.de<\/a>\n\t\t\t\t\t<\/strong>\n\t\t\t\t<\/p>\n\t\t\t\t<div>\n\t\t\t\t\t<img decoding=\"async\" src=\"https:\/\/www.smartsteuer.de\/online\/wp-content\/plugins\/plugin-landingpagebuilder\/src\/elements\/support\/img\/germany.svg\" width=\"35px\" height=\"35\"\n\t\t\t\t\t\talt=\"Email support in German\" title=\"Email-Support auf Deutsch\"\/>\n\t\t\t\t\t<img decoding=\"async\" src=\"https:\/\/www.smartsteuer.de\/online\/wp-content\/plugins\/plugin-landingpagebuilder\/src\/elements\/support\/img\/uk.svg\" width=\"35px\" height=\"35\"\n\t\t\t\t\t\talt=\"Email support in English\" title=\"Email support in English\"\/>\n\t\t\t\t<\/div>\n\t\t\t<\/div>\n\t\t<\/div>\n\t<\/section>\n<\/div>\n\n","protected":false},"excerpt":{"rendered":"","protected":false},"author":16,"featured_media":0,"parent":0,"menu_order":0,"comment_status":"closed","ping_status":"closed","template":"landingpage-template.php","meta":{"_acf_changed":false,"footnotes":""},"class_list":["post-44465","page","type-page","status-publish","hentry"],"acf":[],"yoast_head":"<!-- This site is optimized with the Yoast SEO Premium plugin v27.5 (Yoast SEO v27.5) - https:\/\/yoast.com\/product\/yoast-seo-premium-wordpress\/ -->\n<title>Vorsicht, Phishing!<\/title>\n<meta name=\"description\" content=\"Sie haben eine verd\u00e4chtige SMS, E-Mail oder einen Anruf erhalten? Geben Sie blo\u00df keine Daten raus. Es handelt sich hier meistens um Phishing.\" \/>\n<meta name=\"robots\" content=\"index, follow, max-snippet:-1, max-image-preview:large, max-video-preview:-1\" \/>\n<link rel=\"canonical\" href=\"https:\/\/www.smartsteuer.de\/online\/vorsicht-phishing\/\" \/>\n<meta property=\"og:locale\" content=\"de_DE\" \/>\n<meta property=\"og:type\" content=\"article\" \/>\n<meta property=\"og:title\" content=\"Vorsicht, Phishing!\" \/>\n<meta property=\"og:description\" content=\"Sie haben eine verd\u00e4chtige SMS, E-Mail oder einen Anruf erhalten? Geben Sie blo\u00df keine Daten raus. Es handelt sich hier meistens um Phishing.\" \/>\n<meta property=\"og:url\" content=\"https:\/\/www.smartsteuer.de\/online\/vorsicht-phishing\/\" \/>\n<meta property=\"og:site_name\" content=\"smartsteuer\" \/>\n<meta property=\"article:publisher\" content=\"https:\/\/de-de.facebook.com\/smartsteuer\/\" \/>\n<meta property=\"article:modified_time\" content=\"2025-07-25T08:28:53+00:00\" \/>\n<meta property=\"og:image\" content=\"https:\/\/www.smartsteuer.de\/online\/wp-content\/uploads\/2022\/10\/smartsteuer-helpdesk-Steuererklaerung-1.png\" \/>\n<meta name=\"twitter:card\" content=\"summary_large_image\" \/>\n<meta name=\"twitter:site\" content=\"@smartsteuer\" \/>\n<meta name=\"twitter:label1\" content=\"Gesch\u00e4tzte Lesezeit\" \/>\n\t<meta name=\"twitter:data1\" content=\"5\u00a0Minuten\" \/>\n<script type=\"application\/ld+json\" class=\"yoast-schema-graph\">{\"@context\":\"https:\\\/\\\/schema.org\",\"@graph\":[{\"@type\":\"WebPage\",\"@id\":\"https:\\\/\\\/www.smartsteuer.de\\\/online\\\/vorsicht-phishing\\\/\",\"url\":\"https:\\\/\\\/www.smartsteuer.de\\\/online\\\/vorsicht-phishing\\\/\",\"name\":\"Vorsicht, Phishing!\",\"isPartOf\":{\"@id\":\"https:\\\/\\\/www.smartsteuer.de\\\/online\\\/#website\"},\"primaryImageOfPage\":{\"@id\":\"https:\\\/\\\/www.smartsteuer.de\\\/online\\\/vorsicht-phishing\\\/#primaryimage\"},\"image\":{\"@id\":\"https:\\\/\\\/www.smartsteuer.de\\\/online\\\/vorsicht-phishing\\\/#primaryimage\"},\"thumbnailUrl\":\"https:\\\/\\\/www.smartsteuer.de\\\/online\\\/wp-content\\\/uploads\\\/2022\\\/10\\\/smartsteuer-helpdesk-Steuererklaerung-1.png\",\"datePublished\":\"2022-10-19T12:38:47+00:00\",\"dateModified\":\"2025-07-25T08:28:53+00:00\",\"description\":\"Sie haben eine verd\u00e4chtige SMS, E-Mail oder einen Anruf erhalten? Geben Sie blo\u00df keine Daten raus. Es handelt sich hier meistens um Phishing.\",\"breadcrumb\":{\"@id\":\"https:\\\/\\\/www.smartsteuer.de\\\/online\\\/vorsicht-phishing\\\/#breadcrumb\"},\"inLanguage\":\"de\",\"potentialAction\":[{\"@type\":\"ReadAction\",\"target\":[\"https:\\\/\\\/www.smartsteuer.de\\\/online\\\/vorsicht-phishing\\\/\"]}]},{\"@type\":\"ImageObject\",\"inLanguage\":\"de\",\"@id\":\"https:\\\/\\\/www.smartsteuer.de\\\/online\\\/vorsicht-phishing\\\/#primaryimage\",\"url\":\"https:\\\/\\\/www.smartsteuer.de\\\/online\\\/wp-content\\\/uploads\\\/2022\\\/10\\\/smartsteuer-helpdesk-Steuererklaerung-1.png\",\"contentUrl\":\"https:\\\/\\\/www.smartsteuer.de\\\/online\\\/wp-content\\\/uploads\\\/2022\\\/10\\\/smartsteuer-helpdesk-Steuererklaerung-1.png\",\"width\":1249,\"height\":1662,\"caption\":\"Phishing-SMS Beispiel\"},{\"@type\":\"BreadcrumbList\",\"@id\":\"https:\\\/\\\/www.smartsteuer.de\\\/online\\\/vorsicht-phishing\\\/#breadcrumb\",\"itemListElement\":[{\"@type\":\"ListItem\",\"position\":1,\"name\":\"Home\",\"item\":\"https:\\\/\\\/www.smartsteuer.de\\\/online\\\/\"},{\"@type\":\"ListItem\",\"position\":2,\"name\":\"Vorsicht, Phishing!\"}]},{\"@type\":\"WebSite\",\"@id\":\"https:\\\/\\\/www.smartsteuer.de\\\/online\\\/#website\",\"url\":\"https:\\\/\\\/www.smartsteuer.de\\\/online\\\/\",\"name\":\"smartsteuer\",\"description\":\"Steuererkl\u00e4rung 2024 online machen &amp; Steuern sparen\",\"publisher\":{\"@id\":\"https:\\\/\\\/www.smartsteuer.de\\\/online\\\/#organization\"},\"potentialAction\":[{\"@type\":\"SearchAction\",\"target\":{\"@type\":\"EntryPoint\",\"urlTemplate\":\"https:\\\/\\\/www.smartsteuer.de\\\/online\\\/?s={search_term_string}\"},\"query-input\":{\"@type\":\"PropertyValueSpecification\",\"valueRequired\":true,\"valueName\":\"search_term_string\"}}],\"inLanguage\":\"de\"},{\"@type\":\"Organization\",\"@id\":\"https:\\\/\\\/www.smartsteuer.de\\\/online\\\/#organization\",\"name\":\"smartsteuer GmbH\",\"url\":\"https:\\\/\\\/www.smartsteuer.de\\\/online\\\/\",\"logo\":{\"@type\":\"ImageObject\",\"inLanguage\":\"de\",\"@id\":\"https:\\\/\\\/www.smartsteuer.de\\\/online\\\/#\\\/schema\\\/logo\\\/image\\\/\",\"url\":\"https:\\\/\\\/www.smartsteuer.de\\\/online\\\/wp-content\\\/uploads\\\/2024\\\/11\\\/Favicon-smartsteuer.png\",\"contentUrl\":\"https:\\\/\\\/www.smartsteuer.de\\\/online\\\/wp-content\\\/uploads\\\/2024\\\/11\\\/Favicon-smartsteuer.png\",\"width\":512,\"height\":512,\"caption\":\"smartsteuer GmbH\"},\"image\":{\"@id\":\"https:\\\/\\\/www.smartsteuer.de\\\/online\\\/#\\\/schema\\\/logo\\\/image\\\/\"},\"sameAs\":[\"https:\\\/\\\/de-de.facebook.com\\\/smartsteuer\\\/\",\"https:\\\/\\\/x.com\\\/smartsteuer\",\"https:\\\/\\\/www.youtube.com\\\/channel\\\/UCu02GkFNrMRzwysT2SEmNrQ\"]}]}<\/script>\n<!-- \/ Yoast SEO Premium plugin. -->","yoast_head_json":{"title":"Vorsicht, Phishing!","description":"Sie haben eine verd\u00e4chtige SMS, E-Mail oder einen Anruf erhalten? Geben Sie blo\u00df keine Daten raus. Es handelt sich hier meistens um Phishing.","robots":{"index":"index","follow":"follow","max-snippet":"max-snippet:-1","max-image-preview":"max-image-preview:large","max-video-preview":"max-video-preview:-1"},"canonical":"https:\/\/www.smartsteuer.de\/online\/vorsicht-phishing\/","og_locale":"de_DE","og_type":"article","og_title":"Vorsicht, Phishing!","og_description":"Sie haben eine verd\u00e4chtige SMS, E-Mail oder einen Anruf erhalten? Geben Sie blo\u00df keine Daten raus. Es handelt sich hier meistens um Phishing.","og_url":"https:\/\/www.smartsteuer.de\/online\/vorsicht-phishing\/","og_site_name":"smartsteuer","article_publisher":"https:\/\/de-de.facebook.com\/smartsteuer\/","article_modified_time":"2025-07-25T08:28:53+00:00","og_image":[{"url":"https:\/\/www.smartsteuer.de\/online\/wp-content\/uploads\/2022\/10\/smartsteuer-helpdesk-Steuererklaerung-1.png","type":"","width":"","height":""}],"twitter_card":"summary_large_image","twitter_site":"@smartsteuer","twitter_misc":{"Gesch\u00e4tzte Lesezeit":"5\u00a0Minuten"},"schema":{"@context":"https:\/\/schema.org","@graph":[{"@type":"WebPage","@id":"https:\/\/www.smartsteuer.de\/online\/vorsicht-phishing\/","url":"https:\/\/www.smartsteuer.de\/online\/vorsicht-phishing\/","name":"Vorsicht, Phishing!","isPartOf":{"@id":"https:\/\/www.smartsteuer.de\/online\/#website"},"primaryImageOfPage":{"@id":"https:\/\/www.smartsteuer.de\/online\/vorsicht-phishing\/#primaryimage"},"image":{"@id":"https:\/\/www.smartsteuer.de\/online\/vorsicht-phishing\/#primaryimage"},"thumbnailUrl":"https:\/\/www.smartsteuer.de\/online\/wp-content\/uploads\/2022\/10\/smartsteuer-helpdesk-Steuererklaerung-1.png","datePublished":"2022-10-19T12:38:47+00:00","dateModified":"2025-07-25T08:28:53+00:00","description":"Sie haben eine verd\u00e4chtige SMS, E-Mail oder einen Anruf erhalten? Geben Sie blo\u00df keine Daten raus. Es handelt sich hier meistens um Phishing.","breadcrumb":{"@id":"https:\/\/www.smartsteuer.de\/online\/vorsicht-phishing\/#breadcrumb"},"inLanguage":"de","potentialAction":[{"@type":"ReadAction","target":["https:\/\/www.smartsteuer.de\/online\/vorsicht-phishing\/"]}]},{"@type":"ImageObject","inLanguage":"de","@id":"https:\/\/www.smartsteuer.de\/online\/vorsicht-phishing\/#primaryimage","url":"https:\/\/www.smartsteuer.de\/online\/wp-content\/uploads\/2022\/10\/smartsteuer-helpdesk-Steuererklaerung-1.png","contentUrl":"https:\/\/www.smartsteuer.de\/online\/wp-content\/uploads\/2022\/10\/smartsteuer-helpdesk-Steuererklaerung-1.png","width":1249,"height":1662,"caption":"Phishing-SMS Beispiel"},{"@type":"BreadcrumbList","@id":"https:\/\/www.smartsteuer.de\/online\/vorsicht-phishing\/#breadcrumb","itemListElement":[{"@type":"ListItem","position":1,"name":"Home","item":"https:\/\/www.smartsteuer.de\/online\/"},{"@type":"ListItem","position":2,"name":"Vorsicht, Phishing!"}]},{"@type":"WebSite","@id":"https:\/\/www.smartsteuer.de\/online\/#website","url":"https:\/\/www.smartsteuer.de\/online\/","name":"smartsteuer","description":"Steuererkl\u00e4rung 2024 online machen &amp; Steuern sparen","publisher":{"@id":"https:\/\/www.smartsteuer.de\/online\/#organization"},"potentialAction":[{"@type":"SearchAction","target":{"@type":"EntryPoint","urlTemplate":"https:\/\/www.smartsteuer.de\/online\/?s={search_term_string}"},"query-input":{"@type":"PropertyValueSpecification","valueRequired":true,"valueName":"search_term_string"}}],"inLanguage":"de"},{"@type":"Organization","@id":"https:\/\/www.smartsteuer.de\/online\/#organization","name":"smartsteuer GmbH","url":"https:\/\/www.smartsteuer.de\/online\/","logo":{"@type":"ImageObject","inLanguage":"de","@id":"https:\/\/www.smartsteuer.de\/online\/#\/schema\/logo\/image\/","url":"https:\/\/www.smartsteuer.de\/online\/wp-content\/uploads\/2024\/11\/Favicon-smartsteuer.png","contentUrl":"https:\/\/www.smartsteuer.de\/online\/wp-content\/uploads\/2024\/11\/Favicon-smartsteuer.png","width":512,"height":512,"caption":"smartsteuer GmbH"},"image":{"@id":"https:\/\/www.smartsteuer.de\/online\/#\/schema\/logo\/image\/"},"sameAs":["https:\/\/de-de.facebook.com\/smartsteuer\/","https:\/\/x.com\/smartsteuer","https:\/\/www.youtube.com\/channel\/UCu02GkFNrMRzwysT2SEmNrQ"]}]}},"_links":{"self":[{"href":"https:\/\/www.smartsteuer.de\/online\/wp-json\/wp\/v2\/pages\/44465","targetHints":{"allow":["GET"]}}],"collection":[{"href":"https:\/\/www.smartsteuer.de\/online\/wp-json\/wp\/v2\/pages"}],"about":[{"href":"https:\/\/www.smartsteuer.de\/online\/wp-json\/wp\/v2\/types\/page"}],"author":[{"embeddable":true,"href":"https:\/\/www.smartsteuer.de\/online\/wp-json\/wp\/v2\/users\/16"}],"replies":[{"embeddable":true,"href":"https:\/\/www.smartsteuer.de\/online\/wp-json\/wp\/v2\/comments?post=44465"}],"version-history":[{"count":44,"href":"https:\/\/www.smartsteuer.de\/online\/wp-json\/wp\/v2\/pages\/44465\/revisions"}],"predecessor-version":[{"id":81767,"href":"https:\/\/www.smartsteuer.de\/online\/wp-json\/wp\/v2\/pages\/44465\/revisions\/81767"}],"wp:attachment":[{"href":"https:\/\/www.smartsteuer.de\/online\/wp-json\/wp\/v2\/media?parent=44465"}],"curies":[{"name":"wp","href":"https:\/\/api.w.org\/{rel}","templated":true}]}}