{"id":525,"date":"2014-09-22T10:56:05","date_gmt":"2014-09-22T08:56:05","guid":{"rendered":"https:\/\/www.smartsteuer.de\/online\/?page_id=525"},"modified":"2026-03-17T17:22:18","modified_gmt":"2026-03-17T15:22:18","slug":"startseite","status":"publish","type":"page","link":"https:\/\/www.smartsteuer.de\/online\/","title":{"rendered":"Startseite"},"content":{"rendered":"<div class=\"sui-sheet-wrapper\">\n\t<section class=\"lb-section sui-sheet--up-flat sui-sheet-padding-flat sui-theme-bright\">\n\t\t<div class=\"sui-container \">\n\t\t\t<\/p>\n<h2>H\u00e4ufige Fragen<\/h2>\n<p><div class=\"sui-accordion\" id=\"sui-accordion-169f748a1b20bb\"><\/p>\n<p><h3 class=\"sui-accordion-title\">Warum Steuererkl\u00e4rung mit smartsteuer?<\/h3><div class=\"sui-accordion-item show\"><\/p>\n<p><span style=\"font-weight: 400;\">Mit der Online-Steuererkl\u00e4rung von smartsteuer holst Du Dir ganz einfach Deine zu viel gezahlten Steuern zur\u00fcck. Unsere Kunden erhalten im Durchschnitt eine Erstattung in H\u00f6he von <span data-teams=\"true\">1.432<\/span> \u20ac. Teste smartsteuer kostenlos und lass Deine Erstattung live berechnen. Du zahlst nur bei der finalen Abgabe an das Finanzamt. <\/span><\/p>\n<p><\/div><\/p>\n<p><h3 class=\"sui-accordion-title\">Welches Steuerprogramm ist das beste?<\/h3><div class=\"sui-accordion-item \"><\/p>\n<p><span style=\"font-weight: 400;\">smartsteuer ist eine Online-Steuererkl\u00e4rung, die Deine Steuern leicht macht und das in jeder Lebenslage. Egal ob Ausbildung, Studium, angestellt, selbstst\u00e4ndig oder als Rentner, mit smartsteuer bleibt Deine Steuer smart und das ein Leben lang. Wir geben Dir individuelle Tipps und das Steuerwissen an die Hand, um das Maximum aus Deinen Steuern zu holen.\u00a0\u00a0\u00a0<\/span><\/p>\n<p><span style=\"font-weight: 400;\">\u00dcberzeug Dich selbst oder schau gleich mal ins Steuerwissen rein!<\/span><\/p>\n<p><\/div><\/p>\n<p><h3 class=\"sui-accordion-title\">Wie funktioniert smartsteuer? <\/h3><div class=\"sui-accordion-item \"><\/p>\n<p><span style=\"font-weight: 400;\">smartsteuer funktioniert online, ganz ohne Download oder Abo-Falle. Schritt f\u00fcr Schritt wirst Du nach der Anmeldung durch das Interview gef\u00fchrt. Dank hilfreicher Tipps holst Du mit smartsteuer das Maximum aus der Steuer. Vor der Abgabe werden Deine Angaben im smartCheck gepr\u00fcft. Ist der Check positiv, kannst Du die Erkl\u00e4rung direkt digital an Dein Finanzamt \u00fcbermitteln. Fertig! <\/span><\/p>\n<p>Du kannst Deine Einkommensteuererkl\u00e4rung f\u00fcr das Jahr 2022, 2023, 2024 und 2025 \u00fcber uns abgeben.<\/p>\n<p><\/div><\/p>\n<p><h3 class=\"sui-accordion-title\">Kann ich meine Steuererkl\u00e4rung auch Online machen?<\/h3><div class=\"sui-accordion-item \"><\/p>\n<p>Wenn es nach dem Gesetzgeber geht sollen alle B\u00fcrger m\u00f6glichst Ihre Steuererkl\u00e4rung online machen. Deshalb wurde die Elektronische Steuererkl\u00e4rung oder kurz Elster entwickelt. Angestellte d\u00fcrfen grunds\u00e4tzlich ihre Steuer auch noch per Formular abgeben. Selbstst\u00e4ndige und Gewinneink\u00fcnfte aus Land- und Forstwirtschaft sind in der Regel zu einer elektronischen Steuererkl\u00e4rung verpflichtet.<\/p>\n<p>Mit anderen Worten: Du kannst auch jetzt noch Deine Steuererkl\u00e4rung auf Papier abgeben, aber gew\u00fcnscht ist die digitale Abgabe.\u00a0 Geleichzeitig mit der Einf\u00fchrung des Online Steuerportals hat der Staat es ausgesuchten Anbietern wie smartsteuer erlaubt eigene und nutzerfreundliche Versionen der Steuererkl\u00e4rung anzubieten. Mit viel Hilfefunktionen und einem flei\u00dfigen Support helfen wir das Beste aus der Steuer herauszuholen.<\/p>\n<p><\/div><\/p>\n<p><h3 class=\"sui-accordion-title\">Welche Vorteile bietet smartsteuer f\u00fcr Deine Steuererkl\u00e4rung?<\/h3><div class=\"sui-accordion-item \"><\/p>\n<p>Anders als das Steuerprogramm Elster \u00fcberzeugt smartsteuer durch Benutzerfreundlichkeit. Elster bereitet h\u00e4ufig Probleme beim Login oder mit besonderen Zertifikaten. Smartsteuer dagegen f\u00fchrt Dich Schritt f\u00fcr Schritt durch Deine Einkommensteuererkl\u00e4rung. Dank verst\u00e4ndlicher Fragen erledigst Du die Steuererkl\u00e4rung einfach und sicher. Und gibt es Probleme, steht Dir unser Support-Team jederzeit zur Seite.<\/p>\n<p>Automatisch ermittelt smartsteuer potenzielle Steuervorteile f\u00fcr Dich. Du erh\u00e4ltst gezielte Tipps und hilfreiche Hinweise. Damit auch alles stimmt, pr\u00fcft unser smartCheck am Ende noch einmal die Erkl\u00e4rung, bevor Du sie an das Finanzamt schickst. Mit smartsteuer sparst Du Zeit, Aufwand und holst das Maximum aus Deiner Steuer.<\/p>\n<p><\/div><\/p>\n<p><h3 class=\"sui-accordion-title\">Bin ich verpflichtet, meine Steuererkl\u00e4rung \u00fcber ELSTER zu machen?<\/h3><div class=\"sui-accordion-item \"><\/p>\n<p>Es gibt keine Verpflichtung direkt \u00fcber Elster seine Steuererkl\u00e4rung zu machen.\u00a0 Anbieter wie smartsteuer nutzen eine Schnittstelle, um Deine Steuerdaten an das Finanzamt zu senden. Dies ist gesetzeskonform und geschieht durch die Unterst\u00fctzung des Finanzamtes.<\/p>\n<p><\/div><\/p>\n<p><h3 class=\"sui-accordion-title\">Steuererkl\u00e4rung 2025 einfach online selber machen?<\/h3><div class=\"sui-accordion-item \"><\/p>\n<p>Im Gegensatz zu Elster unterst\u00fctzen wir Dich aktiv beim Ausf\u00fcllen Deiner Einkommensteuererkl\u00e4rung. Deshalb probiere es aus. Es ist sehr intuitiv mit uns Deine Online Steuererkl\u00e4rung zu machen.<\/p>\n<p><\/div><\/p>\n<p><h3 class=\"sui-accordion-title\">Hat smartsteuer eine App?<\/h3><div class=\"sui-accordion-item \"><\/p>\n<p><span data-teams=\"true\">Die <a href=\"https:\/\/www.smartsteuer.de\/online\/online-steuererklaerung\/smartsteuer-app\/\">smartsteuer App<\/a> kannst Du einfach im Browser verwenden, ganz ohne Download. \u00a0Du erledigst Deine Steuer, wie es am besten passt auf dem Handy, Laptop oder Tablet.<\/span><\/p>\n<p><\/div><\/p>\n<p><\/div><\/p>\n<p>\n\t\t<\/div>\n\t<\/section>\n<\/div>\n<div class=\"sui-sheet-wrapper\">\n\t<section class=\"lb-section sui-sheet--up-flat sui-sheet-padding-flat sui-theme-bright\">\n\t\t<div class=\"sui-container \">\n\t\t\t<\/p>\n<p><div class=\"lb-features\"><div class=\"sui-grid\" style=\"padding:0 !important;\"><div class=\"sui-row\"><div class=\"sui-col-third\"><div class=\"lb-features-item\">\n\t<div class=\"lb-features-icon pb-2 pb-sm-3 pb-md-4\">\n\t<i class=\"fa-solid fa-newspaper\" style=\"color: var(--sui-color-electric-600)\" aria-hidden=\"true\"><\/i>\n<\/div>\n\t<div>\n\t\t<div class=\"h3 lb-features-title\">\n\tBlog\n<\/div>\n\t\t<div class=\"lb-features-text\">\n\t\t\t<\/p>\n<p>Neues aus der Steuerwelt<\/p>\n<p>\n\t\t<\/div>\n\t\t<div class=\"lb-features-link mt-1\">\n\t<a class=\"lb-link sui-button-ghost sui-button-align-text\" href=\"https:\/\/www.smartsteuer.de\/blog\/\">\n\t smartsteuer-Blog\n\t <i class=\"fa-solid fa-chevron-right\" aria-hidden=\"true\"><\/i>\n\t<\/a>\n<\/div>\n\t<\/div>\n<\/div><\/div><div class=\"sui-col-third\"><div class=\"lb-features-item\">\n\t<div class=\"lb-features-icon pb-2 pb-sm-3 pb-md-4\">\n\t<i class=\"fa-solid fa-briefcase\" style=\"color: var(--sui-color-electric-600)\" aria-hidden=\"true\"><\/i>\n<\/div>\n\t<div>\n\t\t<div class=\"h3 lb-features-title\">\n\tJobs\n<\/div>\n\t\t<div class=\"lb-features-text\">\n\t\t\t<\/p>\n<p>Offene Stellen bei smartsteuer<\/p>\n<p>\n\t\t<\/div>\n\t\t<div class=\"lb-features-link mt-1\">\n\t<a class=\"lb-link sui-button-ghost sui-button-align-text\" href=\"\/online\/jobs-offene-stellen-bei-smartsteuer\/\">\n\t Unsere Stellenangebote\n\t <i class=\"fa-solid fa-chevron-right\" aria-hidden=\"true\"><\/i>\n\t<\/a>\n<\/div>\n\t<\/div>\n<\/div><\/div><div class=\"sui-col-third\"><div class=\"lb-features-item\">\n\t<div class=\"lb-features-icon pb-2 pb-sm-3 pb-md-4\">\n\t<i class=\"fa-solid fa-heart\" style=\"color: var(--sui-color-electric-600)\" aria-hidden=\"true\"><\/i>\n<\/div>\n\t<div>\n\t\t<div class=\"h3 lb-features-title\">\n\t\u00dcber uns\n<\/div>\n\t\t<div class=\"lb-features-text\">\n\t\t\t<\/p>\n<p>Wer wir sind<\/p>\n<p>\n\t\t<\/div>\n\t\t<div class=\"lb-features-link mt-1\">\n\t<a class=\"lb-link sui-button-ghost sui-button-align-text\" href=\"\/online\/service\/ueber-uns\/\">\n\t Mehr erfahren\n\t <i class=\"fa-solid fa-chevron-right\" aria-hidden=\"true\"><\/i>\n\t<\/a>\n<\/div>\n\t<\/div>\n<\/div><\/div><\/div><\/div><\/div><\/p>\n<p>\n\t\t<\/div>\n\t<\/section>\n<\/div>\n<div class=\"sui-sheet-wrapper\">\n\t<section class=\"lb-section sui-sheet--up-flat sui-sheet-padding-flat sui-theme-electric sui-theme-box-2\">\n\t\t<div class=\"sui-container \">\n\t\t\t<\/p>\n<h2>Wie viel gibt\u2019s f\u00fcr Dich zur\u00fcck?<\/h2>\n<p><a class='sui-button-cta mt-2 sui-button-xlarge' href='https:\/\/steuerjahr2025.smartsteuer.de\/register' role='button'>\n\tJetzt ausrechnen!\t\n<\/a><\/p>\n<p>\n\t\t<\/div>\n\t<\/section>\n<\/div>\n","protected":false},"excerpt":{"rendered":"","protected":false},"author":27,"featured_media":0,"parent":0,"menu_order":0,"comment_status":"open","ping_status":"open","template":"","meta":{"_acf_changed":false,"footnotes":""},"class_list":["post-525","page","type-page","status-publish","hentry"],"acf":[],"yoast_head":"<!-- This site is optimized with the Yoast SEO Premium plugin v27.5 (Yoast SEO v27.5) - https:\/\/yoast.com\/product\/yoast-seo-premium-wordpress\/ -->\n<title>smartsteuer \u21d2 Steuererkl\u00e4rung 2025 einfach online selber machen!<\/title>\n<meta name=\"description\" content=\"Steuererkl\u00e4rung 2025 in 60 Minuten. Online ohne Vorwissen \u00d8 1.432 \u20ac Erstattung sichern.T\u00dcV-gepr\u00fcft + zertifiziert. Jetzt starten.\" \/>\n<meta name=\"robots\" content=\"index, follow, max-snippet:-1, max-image-preview:large, max-video-preview:-1\" \/>\n<link rel=\"canonical\" href=\"https:\/\/www.smartsteuer.de\/online\/\" \/>\n<meta property=\"og:locale\" content=\"de_DE\" \/>\n<meta property=\"og:type\" content=\"article\" \/>\n<meta property=\"og:title\" content=\"Startseite\" \/>\n<meta property=\"og:description\" content=\"Steuererkl\u00e4rung 2025 in 60 Minuten. Online ohne Vorwissen \u00d8 1.432 \u20ac Erstattung sichern.T\u00dcV-gepr\u00fcft + zertifiziert. Jetzt starten.\" \/>\n<meta property=\"og:url\" content=\"https:\/\/www.smartsteuer.de\/online\/\" \/>\n<meta property=\"og:site_name\" content=\"smartsteuer\" \/>\n<meta property=\"article:publisher\" content=\"https:\/\/de-de.facebook.com\/smartsteuer\/\" \/>\n<meta property=\"article:modified_time\" content=\"2026-03-17T15:22:18+00:00\" \/>\n<meta property=\"og:image\" content=\"https:\/\/www.smartsteuer.de\/online\/wp-content\/uploads\/2025\/01\/sst_vorschaubild_1200x675px_01.webp\" \/>\n\t<meta property=\"og:image:width\" content=\"1200\" \/>\n\t<meta property=\"og:image:height\" content=\"675\" \/>\n\t<meta property=\"og:image:type\" content=\"image\/webp\" \/>\n<meta name=\"twitter:card\" content=\"summary_large_image\" \/>\n<meta name=\"twitter:site\" content=\"@smartsteuer\" \/>\n<meta name=\"twitter:label1\" content=\"Gesch\u00e4tzte Lesezeit\" \/>\n\t<meta name=\"twitter:data1\" content=\"4\u00a0Minuten\" \/>\n<script type=\"application\/ld+json\" class=\"yoast-schema-graph\">{\"@context\":\"https:\\\/\\\/schema.org\",\"@graph\":[{\"@type\":\"WebPage\",\"@id\":\"https:\\\/\\\/www.smartsteuer.de\\\/online\\\/\",\"url\":\"https:\\\/\\\/www.smartsteuer.de\\\/online\\\/\",\"name\":\"smartsteuer \u21d2 Steuererkl\u00e4rung 2025 einfach online selber machen!\",\"isPartOf\":{\"@id\":\"https:\\\/\\\/www.smartsteuer.de\\\/online\\\/#website\"},\"datePublished\":\"2014-09-22T08:56:05+00:00\",\"dateModified\":\"2026-03-17T15:22:18+00:00\",\"description\":\"Steuererkl\u00e4rung 2025 in 60 Minuten. Online ohne Vorwissen \u00d8 1.432 \u20ac Erstattung sichern.T\u00dcV-gepr\u00fcft + zertifiziert. Jetzt starten.\",\"breadcrumb\":{\"@id\":\"https:\\\/\\\/www.smartsteuer.de\\\/online\\\/#breadcrumb\"},\"inLanguage\":\"de\",\"potentialAction\":[{\"@type\":\"ReadAction\",\"target\":[\"https:\\\/\\\/www.smartsteuer.de\\\/online\\\/\"]}]},{\"@type\":\"BreadcrumbList\",\"@id\":\"https:\\\/\\\/www.smartsteuer.de\\\/online\\\/#breadcrumb\",\"itemListElement\":[{\"@type\":\"ListItem\",\"position\":1,\"name\":\"Home\",\"item\":\"https:\\\/\\\/www.smartsteuer.de\\\/online\\\/\"},{\"@type\":\"ListItem\",\"position\":2,\"name\":\"Startseite\"}]},{\"@type\":\"WebSite\",\"@id\":\"https:\\\/\\\/www.smartsteuer.de\\\/online\\\/#website\",\"url\":\"https:\\\/\\\/www.smartsteuer.de\\\/online\\\/\",\"name\":\"smartsteuer\",\"description\":\"Steuererkl\u00e4rung 2024 online machen &amp; Steuern sparen\",\"publisher\":{\"@id\":\"https:\\\/\\\/www.smartsteuer.de\\\/online\\\/#organization\"},\"potentialAction\":[{\"@type\":\"SearchAction\",\"target\":{\"@type\":\"EntryPoint\",\"urlTemplate\":\"https:\\\/\\\/www.smartsteuer.de\\\/online\\\/?s={search_term_string}\"},\"query-input\":{\"@type\":\"PropertyValueSpecification\",\"valueRequired\":true,\"valueName\":\"search_term_string\"}}],\"inLanguage\":\"de\"},{\"@type\":\"Organization\",\"@id\":\"https:\\\/\\\/www.smartsteuer.de\\\/online\\\/#organization\",\"name\":\"smartsteuer GmbH\",\"url\":\"https:\\\/\\\/www.smartsteuer.de\\\/online\\\/\",\"logo\":{\"@type\":\"ImageObject\",\"inLanguage\":\"de\",\"@id\":\"https:\\\/\\\/www.smartsteuer.de\\\/online\\\/#\\\/schema\\\/logo\\\/image\\\/\",\"url\":\"https:\\\/\\\/www.smartsteuer.de\\\/online\\\/wp-content\\\/uploads\\\/2024\\\/11\\\/Favicon-smartsteuer.png\",\"contentUrl\":\"https:\\\/\\\/www.smartsteuer.de\\\/online\\\/wp-content\\\/uploads\\\/2024\\\/11\\\/Favicon-smartsteuer.png\",\"width\":512,\"height\":512,\"caption\":\"smartsteuer GmbH\"},\"image\":{\"@id\":\"https:\\\/\\\/www.smartsteuer.de\\\/online\\\/#\\\/schema\\\/logo\\\/image\\\/\"},\"sameAs\":[\"https:\\\/\\\/de-de.facebook.com\\\/smartsteuer\\\/\",\"https:\\\/\\\/x.com\\\/smartsteuer\",\"https:\\\/\\\/www.youtube.com\\\/channel\\\/UCu02GkFNrMRzwysT2SEmNrQ\"]}]}<\/script>\n<!-- \/ Yoast SEO Premium plugin. -->","yoast_head_json":{"title":"smartsteuer \u21d2 Steuererkl\u00e4rung 2025 einfach online selber machen!","description":"Steuererkl\u00e4rung 2025 in 60 Minuten. Online ohne Vorwissen \u00d8 1.432 \u20ac Erstattung sichern.T\u00dcV-gepr\u00fcft + zertifiziert. Jetzt starten.","robots":{"index":"index","follow":"follow","max-snippet":"max-snippet:-1","max-image-preview":"max-image-preview:large","max-video-preview":"max-video-preview:-1"},"canonical":"https:\/\/www.smartsteuer.de\/online\/","og_locale":"de_DE","og_type":"article","og_title":"Startseite","og_description":"Steuererkl\u00e4rung 2025 in 60 Minuten. Online ohne Vorwissen \u00d8 1.432 \u20ac Erstattung sichern.T\u00dcV-gepr\u00fcft + zertifiziert. Jetzt starten.","og_url":"https:\/\/www.smartsteuer.de\/online\/","og_site_name":"smartsteuer","article_publisher":"https:\/\/de-de.facebook.com\/smartsteuer\/","article_modified_time":"2026-03-17T15:22:18+00:00","og_image":[{"width":1200,"height":675,"url":"https:\/\/www.smartsteuer.de\/online\/wp-content\/uploads\/2025\/01\/sst_vorschaubild_1200x675px_01.webp","type":"image\/webp"}],"twitter_card":"summary_large_image","twitter_site":"@smartsteuer","twitter_misc":{"Gesch\u00e4tzte Lesezeit":"4\u00a0Minuten"},"schema":{"@context":"https:\/\/schema.org","@graph":[{"@type":"WebPage","@id":"https:\/\/www.smartsteuer.de\/online\/","url":"https:\/\/www.smartsteuer.de\/online\/","name":"smartsteuer \u21d2 Steuererkl\u00e4rung 2025 einfach online selber machen!","isPartOf":{"@id":"https:\/\/www.smartsteuer.de\/online\/#website"},"datePublished":"2014-09-22T08:56:05+00:00","dateModified":"2026-03-17T15:22:18+00:00","description":"Steuererkl\u00e4rung 2025 in 60 Minuten. Online ohne Vorwissen \u00d8 1.432 \u20ac Erstattung sichern.T\u00dcV-gepr\u00fcft + zertifiziert. Jetzt starten.","breadcrumb":{"@id":"https:\/\/www.smartsteuer.de\/online\/#breadcrumb"},"inLanguage":"de","potentialAction":[{"@type":"ReadAction","target":["https:\/\/www.smartsteuer.de\/online\/"]}]},{"@type":"BreadcrumbList","@id":"https:\/\/www.smartsteuer.de\/online\/#breadcrumb","itemListElement":[{"@type":"ListItem","position":1,"name":"Home","item":"https:\/\/www.smartsteuer.de\/online\/"},{"@type":"ListItem","position":2,"name":"Startseite"}]},{"@type":"WebSite","@id":"https:\/\/www.smartsteuer.de\/online\/#website","url":"https:\/\/www.smartsteuer.de\/online\/","name":"smartsteuer","description":"Steuererkl\u00e4rung 2024 online machen &amp; Steuern sparen","publisher":{"@id":"https:\/\/www.smartsteuer.de\/online\/#organization"},"potentialAction":[{"@type":"SearchAction","target":{"@type":"EntryPoint","urlTemplate":"https:\/\/www.smartsteuer.de\/online\/?s={search_term_string}"},"query-input":{"@type":"PropertyValueSpecification","valueRequired":true,"valueName":"search_term_string"}}],"inLanguage":"de"},{"@type":"Organization","@id":"https:\/\/www.smartsteuer.de\/online\/#organization","name":"smartsteuer GmbH","url":"https:\/\/www.smartsteuer.de\/online\/","logo":{"@type":"ImageObject","inLanguage":"de","@id":"https:\/\/www.smartsteuer.de\/online\/#\/schema\/logo\/image\/","url":"https:\/\/www.smartsteuer.de\/online\/wp-content\/uploads\/2024\/11\/Favicon-smartsteuer.png","contentUrl":"https:\/\/www.smartsteuer.de\/online\/wp-content\/uploads\/2024\/11\/Favicon-smartsteuer.png","width":512,"height":512,"caption":"smartsteuer GmbH"},"image":{"@id":"https:\/\/www.smartsteuer.de\/online\/#\/schema\/logo\/image\/"},"sameAs":["https:\/\/de-de.facebook.com\/smartsteuer\/","https:\/\/x.com\/smartsteuer","https:\/\/www.youtube.com\/channel\/UCu02GkFNrMRzwysT2SEmNrQ"]}]}},"_links":{"self":[{"href":"https:\/\/www.smartsteuer.de\/online\/wp-json\/wp\/v2\/pages\/525","targetHints":{"allow":["GET"]}}],"collection":[{"href":"https:\/\/www.smartsteuer.de\/online\/wp-json\/wp\/v2\/pages"}],"about":[{"href":"https:\/\/www.smartsteuer.de\/online\/wp-json\/wp\/v2\/types\/page"}],"author":[{"embeddable":true,"href":"https:\/\/www.smartsteuer.de\/online\/wp-json\/wp\/v2\/users\/27"}],"replies":[{"embeddable":true,"href":"https:\/\/www.smartsteuer.de\/online\/wp-json\/wp\/v2\/comments?post=525"}],"version-history":[{"count":110,"href":"https:\/\/www.smartsteuer.de\/online\/wp-json\/wp\/v2\/pages\/525\/revisions"}],"predecessor-version":[{"id":89278,"href":"https:\/\/www.smartsteuer.de\/online\/wp-json\/wp\/v2\/pages\/525\/revisions\/89278"}],"wp:attachment":[{"href":"https:\/\/www.smartsteuer.de\/online\/wp-json\/wp\/v2\/media?parent=525"}],"curies":[{"name":"wp","href":"https:\/\/api.w.org\/{rel}","templated":true}]}}