{"id":54841,"date":"2024-01-24T14:59:09","date_gmt":"2024-01-24T12:59:09","guid":{"rendered":"https:\/\/www.smartsteuer.de\/online\/?page_id=54841"},"modified":"2025-12-22T15:51:29","modified_gmt":"2025-12-22T13:51:29","slug":"steuerformulare-2023-2022-2021-2020","status":"publish","type":"page","link":"https:\/\/www.smartsteuer.de\/online\/steuerformulare-2023-2022-2021-2020\/","title":{"rendered":"Steuerformulare"},"content":{"rendered":"<div class=\"sui-sheet-wrapper\">\n\t<section class=\"lb-section sui-sheet--up-flat sui-sheet-padding-flat sui-theme-bright\">\n\t\t<div class=\"sui-container \">\n\t\t\t<\/p>\n<h1>Steuerformulare f\u00fcr Deine Steuererkl\u00e4rung<\/h1>\n<p style=\"text-align: left;\">Hier findest Du alle Steuerformulare f\u00fcr die Einkommensteuererkl\u00e4rung zum Download aus den Jahren 2024, 2023, 2022, 2021 und 2020. W\u00e4hle einfach das gesuchte Steuerformular f\u00fcr das richtige Veranlagungsjahr aus der folgenden Liste aus. Die Steuerformulare liegen als PDF Dokumente vor und k\u00f6nnen kostenlos downgeloadet werden.<\/p>\n<p style=\"text-align: left;\">Nutze auch unsere <a href=\"https:\/\/www.smartsteuer.de\/online\/ausfuellhilfen\/\">Ausf\u00fcllhilfen<\/a> oder noch besser unsere <a href=\"https:\/\/www.smartsteuer.de\/online\/\">Online Steuererkl\u00e4rung<\/a> und spare Dir den Aufwand.<\/p>\n<p><strong>Wichtiger Hinweis:<\/strong> Ab dem 01.01.2025 m\u00fcssen Steuererkl\u00e4rungen digital eingereicht werden.<\/p>\n<p>\n\t\t<\/div>\n\t<\/section>\n<\/div>\n","protected":false},"excerpt":{"rendered":"","protected":false},"author":1,"featured_media":0,"parent":0,"menu_order":0,"comment_status":"closed","ping_status":"closed","template":"pages\/steuerformulare.php","meta":{"_acf_changed":false,"footnotes":""},"class_list":["post-54841","page","type-page","status-publish","hentry"],"acf":[],"yoast_head":"<!-- This site is optimized with the Yoast SEO Premium plugin v27.5 (Yoast SEO v27.5) - https:\/\/yoast.com\/product\/yoast-seo-premium-wordpress\/ -->\n<title>Steuerformulare 2025\/ 2024\/ 2023\/ 2022<\/title>\n<meta name=\"description\" content=\"Steuerformulare 2025 \/ 2024 \/ 2023 \/ 2022 \/2021 \/ zum kostenfreien download als PDF. Beachte auch unsere Ausf\u00fcllhilfen.\" \/>\n<meta name=\"robots\" content=\"index, follow, max-snippet:-1, max-image-preview:large, max-video-preview:-1\" \/>\n<link rel=\"canonical\" href=\"https:\/\/www.smartsteuer.de\/online\/steuerformulare-2023-2022-2021-2020\/\" \/>\n<meta property=\"og:locale\" content=\"de_DE\" \/>\n<meta property=\"og:type\" content=\"article\" \/>\n<meta property=\"og:title\" content=\"Steuerformulare\" \/>\n<meta property=\"og:description\" content=\"Steuerformulare 2025 \/ 2024 \/ 2023 \/ 2022 \/2021 \/ zum kostenfreien download als PDF. Beachte auch unsere Ausf\u00fcllhilfen.\" \/>\n<meta property=\"og:url\" content=\"https:\/\/www.smartsteuer.de\/online\/steuerformulare-2023-2022-2021-2020\/\" \/>\n<meta property=\"og:site_name\" content=\"smartsteuer\" \/>\n<meta property=\"article:publisher\" content=\"https:\/\/de-de.facebook.com\/smartsteuer\/\" \/>\n<meta property=\"article:modified_time\" content=\"2025-12-22T13:51:29+00:00\" \/>\n<meta name=\"twitter:card\" content=\"summary_large_image\" \/>\n<meta name=\"twitter:site\" content=\"@smartsteuer\" \/>\n<meta name=\"twitter:label1\" content=\"Gesch\u00e4tzte Lesezeit\" \/>\n\t<meta name=\"twitter:data1\" content=\"1\u00a0Minute\" \/>\n<script type=\"application\/ld+json\" class=\"yoast-schema-graph\">{\"@context\":\"https:\\\/\\\/schema.org\",\"@graph\":[{\"@type\":\"WebPage\",\"@id\":\"https:\\\/\\\/www.smartsteuer.de\\\/online\\\/steuerformulare-2023-2022-2021-2020\\\/\",\"url\":\"https:\\\/\\\/www.smartsteuer.de\\\/online\\\/steuerformulare-2023-2022-2021-2020\\\/\",\"name\":\"Steuerformulare 2025\\\/ 2024\\\/ 2023\\\/ 2022\",\"isPartOf\":{\"@id\":\"https:\\\/\\\/www.smartsteuer.de\\\/online\\\/#website\"},\"datePublished\":\"2024-01-24T12:59:09+00:00\",\"dateModified\":\"2025-12-22T13:51:29+00:00\",\"description\":\"Steuerformulare 2025 \\\/ 2024 \\\/ 2023 \\\/ 2022 \\\/2021 \\\/ zum kostenfreien download als PDF. Beachte auch unsere Ausf\u00fcllhilfen.\",\"breadcrumb\":{\"@id\":\"https:\\\/\\\/www.smartsteuer.de\\\/online\\\/steuerformulare-2023-2022-2021-2020\\\/#breadcrumb\"},\"inLanguage\":\"de\",\"potentialAction\":[{\"@type\":\"ReadAction\",\"target\":[\"https:\\\/\\\/www.smartsteuer.de\\\/online\\\/steuerformulare-2023-2022-2021-2020\\\/\"]}]},{\"@type\":\"BreadcrumbList\",\"@id\":\"https:\\\/\\\/www.smartsteuer.de\\\/online\\\/steuerformulare-2023-2022-2021-2020\\\/#breadcrumb\",\"itemListElement\":[{\"@type\":\"ListItem\",\"position\":1,\"name\":\"Home\",\"item\":\"https:\\\/\\\/www.smartsteuer.de\\\/online\\\/\"},{\"@type\":\"ListItem\",\"position\":2,\"name\":\"Steuerformulare\"}]},{\"@type\":\"WebSite\",\"@id\":\"https:\\\/\\\/www.smartsteuer.de\\\/online\\\/#website\",\"url\":\"https:\\\/\\\/www.smartsteuer.de\\\/online\\\/\",\"name\":\"smartsteuer\",\"description\":\"Steuererkl\u00e4rung 2024 online machen &amp; Steuern sparen\",\"publisher\":{\"@id\":\"https:\\\/\\\/www.smartsteuer.de\\\/online\\\/#organization\"},\"potentialAction\":[{\"@type\":\"SearchAction\",\"target\":{\"@type\":\"EntryPoint\",\"urlTemplate\":\"https:\\\/\\\/www.smartsteuer.de\\\/online\\\/?s={search_term_string}\"},\"query-input\":{\"@type\":\"PropertyValueSpecification\",\"valueRequired\":true,\"valueName\":\"search_term_string\"}}],\"inLanguage\":\"de\"},{\"@type\":\"Organization\",\"@id\":\"https:\\\/\\\/www.smartsteuer.de\\\/online\\\/#organization\",\"name\":\"smartsteuer GmbH\",\"url\":\"https:\\\/\\\/www.smartsteuer.de\\\/online\\\/\",\"logo\":{\"@type\":\"ImageObject\",\"inLanguage\":\"de\",\"@id\":\"https:\\\/\\\/www.smartsteuer.de\\\/online\\\/#\\\/schema\\\/logo\\\/image\\\/\",\"url\":\"https:\\\/\\\/www.smartsteuer.de\\\/online\\\/wp-content\\\/uploads\\\/2024\\\/11\\\/Favicon-smartsteuer.png\",\"contentUrl\":\"https:\\\/\\\/www.smartsteuer.de\\\/online\\\/wp-content\\\/uploads\\\/2024\\\/11\\\/Favicon-smartsteuer.png\",\"width\":512,\"height\":512,\"caption\":\"smartsteuer GmbH\"},\"image\":{\"@id\":\"https:\\\/\\\/www.smartsteuer.de\\\/online\\\/#\\\/schema\\\/logo\\\/image\\\/\"},\"sameAs\":[\"https:\\\/\\\/de-de.facebook.com\\\/smartsteuer\\\/\",\"https:\\\/\\\/x.com\\\/smartsteuer\",\"https:\\\/\\\/www.youtube.com\\\/channel\\\/UCu02GkFNrMRzwysT2SEmNrQ\"]}]}<\/script>\n<!-- \/ Yoast SEO Premium plugin. -->","yoast_head_json":{"title":"Steuerformulare 2025\/ 2024\/ 2023\/ 2022","description":"Steuerformulare 2025 \/ 2024 \/ 2023 \/ 2022 \/2021 \/ zum kostenfreien download als PDF. Beachte auch unsere Ausf\u00fcllhilfen.","robots":{"index":"index","follow":"follow","max-snippet":"max-snippet:-1","max-image-preview":"max-image-preview:large","max-video-preview":"max-video-preview:-1"},"canonical":"https:\/\/www.smartsteuer.de\/online\/steuerformulare-2023-2022-2021-2020\/","og_locale":"de_DE","og_type":"article","og_title":"Steuerformulare","og_description":"Steuerformulare 2025 \/ 2024 \/ 2023 \/ 2022 \/2021 \/ zum kostenfreien download als PDF. Beachte auch unsere Ausf\u00fcllhilfen.","og_url":"https:\/\/www.smartsteuer.de\/online\/steuerformulare-2023-2022-2021-2020\/","og_site_name":"smartsteuer","article_publisher":"https:\/\/de-de.facebook.com\/smartsteuer\/","article_modified_time":"2025-12-22T13:51:29+00:00","twitter_card":"summary_large_image","twitter_site":"@smartsteuer","twitter_misc":{"Gesch\u00e4tzte Lesezeit":"1\u00a0Minute"},"schema":{"@context":"https:\/\/schema.org","@graph":[{"@type":"WebPage","@id":"https:\/\/www.smartsteuer.de\/online\/steuerformulare-2023-2022-2021-2020\/","url":"https:\/\/www.smartsteuer.de\/online\/steuerformulare-2023-2022-2021-2020\/","name":"Steuerformulare 2025\/ 2024\/ 2023\/ 2022","isPartOf":{"@id":"https:\/\/www.smartsteuer.de\/online\/#website"},"datePublished":"2024-01-24T12:59:09+00:00","dateModified":"2025-12-22T13:51:29+00:00","description":"Steuerformulare 2025 \/ 2024 \/ 2023 \/ 2022 \/2021 \/ zum kostenfreien download als PDF. Beachte auch unsere Ausf\u00fcllhilfen.","breadcrumb":{"@id":"https:\/\/www.smartsteuer.de\/online\/steuerformulare-2023-2022-2021-2020\/#breadcrumb"},"inLanguage":"de","potentialAction":[{"@type":"ReadAction","target":["https:\/\/www.smartsteuer.de\/online\/steuerformulare-2023-2022-2021-2020\/"]}]},{"@type":"BreadcrumbList","@id":"https:\/\/www.smartsteuer.de\/online\/steuerformulare-2023-2022-2021-2020\/#breadcrumb","itemListElement":[{"@type":"ListItem","position":1,"name":"Home","item":"https:\/\/www.smartsteuer.de\/online\/"},{"@type":"ListItem","position":2,"name":"Steuerformulare"}]},{"@type":"WebSite","@id":"https:\/\/www.smartsteuer.de\/online\/#website","url":"https:\/\/www.smartsteuer.de\/online\/","name":"smartsteuer","description":"Steuererkl\u00e4rung 2024 online machen &amp; Steuern sparen","publisher":{"@id":"https:\/\/www.smartsteuer.de\/online\/#organization"},"potentialAction":[{"@type":"SearchAction","target":{"@type":"EntryPoint","urlTemplate":"https:\/\/www.smartsteuer.de\/online\/?s={search_term_string}"},"query-input":{"@type":"PropertyValueSpecification","valueRequired":true,"valueName":"search_term_string"}}],"inLanguage":"de"},{"@type":"Organization","@id":"https:\/\/www.smartsteuer.de\/online\/#organization","name":"smartsteuer GmbH","url":"https:\/\/www.smartsteuer.de\/online\/","logo":{"@type":"ImageObject","inLanguage":"de","@id":"https:\/\/www.smartsteuer.de\/online\/#\/schema\/logo\/image\/","url":"https:\/\/www.smartsteuer.de\/online\/wp-content\/uploads\/2024\/11\/Favicon-smartsteuer.png","contentUrl":"https:\/\/www.smartsteuer.de\/online\/wp-content\/uploads\/2024\/11\/Favicon-smartsteuer.png","width":512,"height":512,"caption":"smartsteuer GmbH"},"image":{"@id":"https:\/\/www.smartsteuer.de\/online\/#\/schema\/logo\/image\/"},"sameAs":["https:\/\/de-de.facebook.com\/smartsteuer\/","https:\/\/x.com\/smartsteuer","https:\/\/www.youtube.com\/channel\/UCu02GkFNrMRzwysT2SEmNrQ"]}]}},"_links":{"self":[{"href":"https:\/\/www.smartsteuer.de\/online\/wp-json\/wp\/v2\/pages\/54841","targetHints":{"allow":["GET"]}}],"collection":[{"href":"https:\/\/www.smartsteuer.de\/online\/wp-json\/wp\/v2\/pages"}],"about":[{"href":"https:\/\/www.smartsteuer.de\/online\/wp-json\/wp\/v2\/types\/page"}],"author":[{"embeddable":true,"href":"https:\/\/www.smartsteuer.de\/online\/wp-json\/wp\/v2\/users\/1"}],"replies":[{"embeddable":true,"href":"https:\/\/www.smartsteuer.de\/online\/wp-json\/wp\/v2\/comments?post=54841"}],"version-history":[{"count":40,"href":"https:\/\/www.smartsteuer.de\/online\/wp-json\/wp\/v2\/pages\/54841\/revisions"}],"predecessor-version":[{"id":86031,"href":"https:\/\/www.smartsteuer.de\/online\/wp-json\/wp\/v2\/pages\/54841\/revisions\/86031"}],"wp:attachment":[{"href":"https:\/\/www.smartsteuer.de\/online\/wp-json\/wp\/v2\/media?parent=54841"}],"curies":[{"name":"wp","href":"https:\/\/api.w.org\/{rel}","templated":true}]}}