{"id":58,"date":"2014-06-27T13:20:02","date_gmt":"2014-06-27T11:20:02","guid":{"rendered":"https:\/\/www.smartsteuer.de\/relaunch\/?page_id=58"},"modified":"2014-06-27T14:25:18","modified_gmt":"2014-06-27T12:25:18","slug":"gewerbebetrieb","status":"publish","type":"page","link":"https:\/\/www.smartsteuer.de\/online\/service\/checkliste-zu-deiner-einkommensteuererklaerung\/gewerbebetrieb\/","title":{"rendered":"Gewerbebetrieb"},"content":{"rendered":"\n<table id=\"tablepress-3\" class=\"tablepress tablepress-id-3\">\n<thead>\n<tr class=\"row-1\">\n\t<th class=\"column-1\">Was ben\u00f6tige ich?<br \/>\n<\/th><th class=\"column-2\">Worum geht es?<br \/>\n<\/th><th class=\"column-3\">Erforderliche Belege \/<br \/>\nWo bekomme ich diese Belege her?<\/th><th class=\"column-4\">Beleg direkt beif\u00fcgen:<\/th>\n<\/tr>\n<\/thead>\n<tbody class=\"row-striping row-hover\">\n<tr class=\"row-2\">\n\t<td class=\"column-1\"><\/td><td class=\"column-2\"><\/td><td class=\"column-3\"><\/td><td class=\"column-4\"><\/td>\n<\/tr>\n<tr class=\"row-3\">\n\t<td class=\"column-1\"><strong>Anlage G<\/strong><br \/>\n<\/td><td class=\"column-2\"><\/td><td class=\"column-3\"><\/td><td class=\"column-4\"><\/td>\n<\/tr>\n<tr class=\"row-4\">\n\t<td class=\"column-1\"><\/td><td class=\"column-2\"><\/td><td class=\"column-3\"><\/td><td class=\"column-4\"><\/td>\n<\/tr>\n<tr class=\"row-5\">\n\t<td class=\"column-1\">Lagen Eink\u00fcnfte aus einer Photovoltaik- <br \/>\nanlage vor?<br \/>\n<\/td><td class=\"column-2\">Wenn Sie eine Photovoltaikanlage auf Ihrem privaten Haus betreiben, dann gelten diese als Eink\u00fcnfte aus Gewerbebetrieb.<br \/>\n<\/td><td class=\"column-3\"><\/td><td class=\"column-4\">Nein<\/td>\n<\/tr>\n<tr class=\"row-6\">\n\t<td class=\"column-1\">Umsatzsteuer, Gewerbesteuer- <br \/>\nvorauszahlungen<br \/>\n<\/td><td class=\"column-2\"><\/td><td class=\"column-3\">Umsatzsteuer-<br \/>\nVoranmeldungen, Gewerbesteuer-Vorauszahlungs-<br \/>\nbescheid<br \/>\n<\/td><td class=\"column-4\">Nein<\/td>\n<\/tr>\n<tr class=\"row-7\">\n\t<td class=\"column-1\">Betriebseinnahmen, Nutzungsentnahmen<br \/>\n<\/td><td class=\"column-2\"><\/td><td class=\"column-3\">S\u00e4mtliche Belege<br \/>\n<\/td><td class=\"column-4\">Nein<\/td>\n<\/tr>\n<tr class=\"row-8\">\n\t<td class=\"column-1\">Betriebsausgaben<br \/>\n<\/td><td class=\"column-2\"><\/td><td class=\"column-3\">S\u00e4mtliche Belege<br \/>\n<\/td><td class=\"column-4\">Nein<br \/>\n<\/td>\n<\/tr>\n<tr class=\"row-9\">\n\t<td class=\"column-1\">Gewinn- <br \/>\nermittlungen, getrennt f\u00fcr jeden einzelnen Betrieb<br \/>\n<\/td><td class=\"column-2\"><\/td><td class=\"column-3\">Einnahmen-<br \/>\n\u00fcberschussrechnung (E\u00dcR).<br \/>\n<\/td><td class=\"column-4\">Ja<\/td>\n<\/tr>\n<tr class=\"row-10\">\n\t<td class=\"column-1\">Lagen Beteiligungs- <br \/>\neink\u00fcnfte vor?<br \/>\n<\/td><td class=\"column-2\"><\/td><td class=\"column-3\">Feststellungsbescheide\/<br \/>\n-erkl\u00e4rungen<br \/>\n<\/td><td class=\"column-4\"><\/td>\n<\/tr>\n<tr class=\"row-11\">\n\t<td class=\"column-1\">Gewerbesteuer- <br \/>\nmessbetrag getrennt f\u00fcr jeden Betrieb<br \/>\n<\/td><td class=\"column-2\">Der Gewerbesteuermessbetrag wirkt sich auf die Einkommensteuer aus.<br \/>\n<\/td><td class=\"column-3\"><\/td><td class=\"column-4\">Nein<br \/>\n<\/td>\n<\/tr>\n<tr class=\"row-12\">\n\t<td class=\"column-1\">Gewerbesteuer- <br \/>\nzahlungen getrennt f\u00fcr jeden Betrieb<br \/>\n<\/td><td class=\"column-2\">Die Gewerbesteuervorauszahlungen wirken sich auf die Einkommensteuer aus.<br \/>\n<\/td><td class=\"column-3\"><\/td><td class=\"column-4\">Nein<br \/>\n<\/td>\n<\/tr>\n<tr class=\"row-13\">\n\t<td class=\"column-1\">Wurde ein Betrieb oder Teilbetrieb ver\u00e4u\u00dfert? \u00a7\u00a7 16 Abs. 4 EStG und 34 Abs. 3 EStG?<br \/>\n<\/td><td class=\"column-2\">Sie ver\u00e4u\u00dfern Ihr Einzelunternehmen oder geben es auf.<br \/>\n<\/td><td class=\"column-3\"><\/td><td class=\"column-4\">Nein<\/td>\n<\/tr>\n<tr class=\"row-14\">\n\t<td class=\"column-1\">\u00dcbergangs- <br \/>\ngewinnermittlung<br \/>\n<\/td><td class=\"column-2\">Bei einer Ver\u00e4u\u00dferung oder Aufgabe eines Einzelunternehmens muss eine \u00dcbergangsgewinnermittlung erstellt werden, um alle Forderungen und Verbindlichkeiten noch zu erfassen.<br \/>\n<\/td><td class=\"column-3\">\u00dcbergangsgewinnermittlung<\/td><td class=\"column-4\">Nein<br \/>\n<\/td>\n<\/tr>\n<tr class=\"row-15\">\n\t<td class=\"column-1\">Lagen Ver\u00e4u\u00dferungen von Anteilen an Kapitalgesellschaften vor, an denen eine Beteiligung von mindestens 1 % vorlag?<br \/>\n<\/td><td class=\"column-2\">Bei Verlusten den Ansatz des Teileink\u00fcnfte-<br \/>\nverfahrens pr\u00fcfen; ggf. keine K\u00fcrzung, sondern voller Ansatz der Beteiligung.<\/td><td class=\"column-3\"><\/td><td class=\"column-4\">Nein<br \/>\n<\/td>\n<\/tr>\n<tr class=\"row-16\">\n\t<td class=\"column-1\">Sollen in 2020 Investitions- <br \/>\nabzugsbetr\u00e4ge nach  <br \/>\n\u00a7 7g EStG ber\u00fccksichtigt werden?<br \/>\n<\/td><td class=\"column-2\">Sie wollen in ein bis drei Jahren einen neuen PKW anschaffen. Dann k\u00f6nnen Sie jetzt schon bis zu 40 % der evtl. Anschaffungskosten als Betriebsausgabe ansetzen.<br \/>\n<\/td><td class=\"column-3\">Angebote<br \/>\n<br \/>\n<\/td><td class=\"column-4\">Nein<br \/>\n<\/td>\n<\/tr>\n<tr class=\"row-17\">\n\t<td class=\"column-1\">Welche Investitions- <br \/>\nabzugsbetr\u00e4ge sind in 2020 aufzul\u00f6sen \/ hinzuzurechnen?<br \/>\n<\/td><td class=\"column-2\">Der vor drei Jahren gebildete Investitionsabzugsbetrag muss aufgel\u00f6st werden, in dem das Wirtschaftsgut angeschafft wurde.<br \/>\n<\/td><td class=\"column-3\">Rechnungen<br \/>\n<br \/>\n<\/td><td class=\"column-4\">Nein<\/td>\n<\/tr>\n<tr class=\"row-18\">\n\t<td class=\"column-1\">Wie hoch ist der Wert der \u00dcberentnahmen nach \u00a7 4 Abs. 4a EStG aus dem Jahr 2020?<br \/>\n<\/td><td class=\"column-2\">Schuldzinsen sind nicht abziehbar, wenn \"\u00dcberentnahmen\" get\u00e4tigt werden. Unter \u00dcberentnahme versteht der Gesetzgeber den Betrag, um den die Entnahmen die Summe des Gewinns und der Einlagen des Wirtschaftsjahrs \u00fcbersteigen. Solange ein Unternehmer (nur) Teile seines Eigenkapitals (Gewinne und Einlagen) entnimmt und durch Kredit ersetzt, sind die hierauf anfallenden Kreditzinsen weiterhin als Betriebsausgaben voll abziehbar. Sie werden dann nicht abziehbar, soweit die Entnahmen h\u00f6her sind als der Gewinn plus die Einlagen. In diesem Fall liegt eine sog. \"\u00dcberentnahme\" vor.<br \/>\n<\/td><td class=\"column-3\">Privateinlagen, Privatentnahmen<br \/>\n<\/td><td class=\"column-4\">Nein<br \/>\n<\/td>\n<\/tr>\n<\/tbody>\n<\/table>\n<!-- #tablepress-3 from cache -->\n","protected":false},"excerpt":{"rendered":"","protected":false},"author":5,"featured_media":0,"parent":28,"menu_order":3,"comment_status":"open","ping_status":"open","template":"","meta":{"_acf_changed":false,"footnotes":""},"class_list":["post-58","page","type-page","status-publish","hentry"],"acf":[],"yoast_head":"<!-- This site is optimized with the Yoast SEO Premium plugin v27.5 (Yoast SEO v27.5) - https:\/\/yoast.com\/product\/yoast-seo-premium-wordpress\/ -->\n<title>Gewerbebetrieb<\/title>\n<meta name=\"description\" content=\"Gewerbebetrieb - smartsteuer\" \/>\n<meta name=\"robots\" content=\"index, follow, max-snippet:-1, max-image-preview:large, max-video-preview:-1\" \/>\n<link rel=\"canonical\" href=\"https:\/\/www.smartsteuer.de\/online\/service\/checkliste-zu-deiner-einkommensteuererklaerung\/gewerbebetrieb\/\" \/>\n<meta property=\"og:locale\" content=\"de_DE\" \/>\n<meta property=\"og:type\" content=\"article\" \/>\n<meta property=\"og:title\" content=\"Gewerbebetrieb\" \/>\n<meta property=\"og:description\" content=\"Gewerbebetrieb - smartsteuer\" \/>\n<meta property=\"og:url\" content=\"https:\/\/www.smartsteuer.de\/online\/service\/checkliste-zu-deiner-einkommensteuererklaerung\/gewerbebetrieb\/\" \/>\n<meta property=\"og:site_name\" content=\"smartsteuer\" \/>\n<meta property=\"article:publisher\" content=\"https:\/\/de-de.facebook.com\/smartsteuer\/\" \/>\n<meta property=\"article:modified_time\" content=\"2014-06-27T12:25:18+00:00\" \/>\n<meta name=\"twitter:card\" content=\"summary_large_image\" \/>\n<meta name=\"twitter:site\" content=\"@smartsteuer\" \/>\n<script type=\"application\/ld+json\" class=\"yoast-schema-graph\">{\"@context\":\"https:\\\/\\\/schema.org\",\"@graph\":[{\"@type\":\"WebPage\",\"@id\":\"https:\\\/\\\/www.smartsteuer.de\\\/online\\\/service\\\/checkliste-zu-deiner-einkommensteuererklaerung\\\/gewerbebetrieb\\\/\",\"url\":\"https:\\\/\\\/www.smartsteuer.de\\\/online\\\/service\\\/checkliste-zu-deiner-einkommensteuererklaerung\\\/gewerbebetrieb\\\/\",\"name\":\"Gewerbebetrieb\",\"isPartOf\":{\"@id\":\"https:\\\/\\\/www.smartsteuer.de\\\/online\\\/#website\"},\"datePublished\":\"2014-06-27T11:20:02+00:00\",\"dateModified\":\"2014-06-27T12:25:18+00:00\",\"description\":\"Gewerbebetrieb - smartsteuer\",\"breadcrumb\":{\"@id\":\"https:\\\/\\\/www.smartsteuer.de\\\/online\\\/service\\\/checkliste-zu-deiner-einkommensteuererklaerung\\\/gewerbebetrieb\\\/#breadcrumb\"},\"inLanguage\":\"de\",\"potentialAction\":[{\"@type\":\"ReadAction\",\"target\":[\"https:\\\/\\\/www.smartsteuer.de\\\/online\\\/service\\\/checkliste-zu-deiner-einkommensteuererklaerung\\\/gewerbebetrieb\\\/\"]}]},{\"@type\":\"BreadcrumbList\",\"@id\":\"https:\\\/\\\/www.smartsteuer.de\\\/online\\\/service\\\/checkliste-zu-deiner-einkommensteuererklaerung\\\/gewerbebetrieb\\\/#breadcrumb\",\"itemListElement\":[{\"@type\":\"ListItem\",\"position\":1,\"name\":\"Home\",\"item\":\"https:\\\/\\\/www.smartsteuer.de\\\/online\\\/\"},{\"@type\":\"ListItem\",\"position\":2,\"name\":\"Service\",\"item\":\"https:\\\/\\\/www.smartsteuer.de\\\/online\\\/service\\\/\"},{\"@type\":\"ListItem\",\"position\":3,\"name\":\"Checkliste zu Deiner Einkommensteuererkl\u00e4rung\",\"item\":\"https:\\\/\\\/www.smartsteuer.de\\\/online\\\/service\\\/checkliste-zu-deiner-einkommensteuererklaerung\\\/\"},{\"@type\":\"ListItem\",\"position\":4,\"name\":\"Gewerbebetrieb\"}]},{\"@type\":\"WebSite\",\"@id\":\"https:\\\/\\\/www.smartsteuer.de\\\/online\\\/#website\",\"url\":\"https:\\\/\\\/www.smartsteuer.de\\\/online\\\/\",\"name\":\"smartsteuer\",\"description\":\"Steuererkl\u00e4rung 2024 online machen &amp; Steuern sparen\",\"publisher\":{\"@id\":\"https:\\\/\\\/www.smartsteuer.de\\\/online\\\/#organization\"},\"potentialAction\":[{\"@type\":\"SearchAction\",\"target\":{\"@type\":\"EntryPoint\",\"urlTemplate\":\"https:\\\/\\\/www.smartsteuer.de\\\/online\\\/?s={search_term_string}\"},\"query-input\":{\"@type\":\"PropertyValueSpecification\",\"valueRequired\":true,\"valueName\":\"search_term_string\"}}],\"inLanguage\":\"de\"},{\"@type\":\"Organization\",\"@id\":\"https:\\\/\\\/www.smartsteuer.de\\\/online\\\/#organization\",\"name\":\"smartsteuer GmbH\",\"url\":\"https:\\\/\\\/www.smartsteuer.de\\\/online\\\/\",\"logo\":{\"@type\":\"ImageObject\",\"inLanguage\":\"de\",\"@id\":\"https:\\\/\\\/www.smartsteuer.de\\\/online\\\/#\\\/schema\\\/logo\\\/image\\\/\",\"url\":\"https:\\\/\\\/www.smartsteuer.de\\\/online\\\/wp-content\\\/uploads\\\/2024\\\/11\\\/Favicon-smartsteuer.png\",\"contentUrl\":\"https:\\\/\\\/www.smartsteuer.de\\\/online\\\/wp-content\\\/uploads\\\/2024\\\/11\\\/Favicon-smartsteuer.png\",\"width\":512,\"height\":512,\"caption\":\"smartsteuer GmbH\"},\"image\":{\"@id\":\"https:\\\/\\\/www.smartsteuer.de\\\/online\\\/#\\\/schema\\\/logo\\\/image\\\/\"},\"sameAs\":[\"https:\\\/\\\/de-de.facebook.com\\\/smartsteuer\\\/\",\"https:\\\/\\\/x.com\\\/smartsteuer\",\"https:\\\/\\\/www.youtube.com\\\/channel\\\/UCu02GkFNrMRzwysT2SEmNrQ\"]}]}<\/script>\n<!-- \/ Yoast SEO Premium plugin. -->","yoast_head_json":{"title":"Gewerbebetrieb","description":"Gewerbebetrieb - smartsteuer","robots":{"index":"index","follow":"follow","max-snippet":"max-snippet:-1","max-image-preview":"max-image-preview:large","max-video-preview":"max-video-preview:-1"},"canonical":"https:\/\/www.smartsteuer.de\/online\/service\/checkliste-zu-deiner-einkommensteuererklaerung\/gewerbebetrieb\/","og_locale":"de_DE","og_type":"article","og_title":"Gewerbebetrieb","og_description":"Gewerbebetrieb - smartsteuer","og_url":"https:\/\/www.smartsteuer.de\/online\/service\/checkliste-zu-deiner-einkommensteuererklaerung\/gewerbebetrieb\/","og_site_name":"smartsteuer","article_publisher":"https:\/\/de-de.facebook.com\/smartsteuer\/","article_modified_time":"2014-06-27T12:25:18+00:00","twitter_card":"summary_large_image","twitter_site":"@smartsteuer","schema":{"@context":"https:\/\/schema.org","@graph":[{"@type":"WebPage","@id":"https:\/\/www.smartsteuer.de\/online\/service\/checkliste-zu-deiner-einkommensteuererklaerung\/gewerbebetrieb\/","url":"https:\/\/www.smartsteuer.de\/online\/service\/checkliste-zu-deiner-einkommensteuererklaerung\/gewerbebetrieb\/","name":"Gewerbebetrieb","isPartOf":{"@id":"https:\/\/www.smartsteuer.de\/online\/#website"},"datePublished":"2014-06-27T11:20:02+00:00","dateModified":"2014-06-27T12:25:18+00:00","description":"Gewerbebetrieb - smartsteuer","breadcrumb":{"@id":"https:\/\/www.smartsteuer.de\/online\/service\/checkliste-zu-deiner-einkommensteuererklaerung\/gewerbebetrieb\/#breadcrumb"},"inLanguage":"de","potentialAction":[{"@type":"ReadAction","target":["https:\/\/www.smartsteuer.de\/online\/service\/checkliste-zu-deiner-einkommensteuererklaerung\/gewerbebetrieb\/"]}]},{"@type":"BreadcrumbList","@id":"https:\/\/www.smartsteuer.de\/online\/service\/checkliste-zu-deiner-einkommensteuererklaerung\/gewerbebetrieb\/#breadcrumb","itemListElement":[{"@type":"ListItem","position":1,"name":"Home","item":"https:\/\/www.smartsteuer.de\/online\/"},{"@type":"ListItem","position":2,"name":"Service","item":"https:\/\/www.smartsteuer.de\/online\/service\/"},{"@type":"ListItem","position":3,"name":"Checkliste zu Deiner Einkommensteuererkl\u00e4rung","item":"https:\/\/www.smartsteuer.de\/online\/service\/checkliste-zu-deiner-einkommensteuererklaerung\/"},{"@type":"ListItem","position":4,"name":"Gewerbebetrieb"}]},{"@type":"WebSite","@id":"https:\/\/www.smartsteuer.de\/online\/#website","url":"https:\/\/www.smartsteuer.de\/online\/","name":"smartsteuer","description":"Steuererkl\u00e4rung 2024 online machen &amp; Steuern sparen","publisher":{"@id":"https:\/\/www.smartsteuer.de\/online\/#organization"},"potentialAction":[{"@type":"SearchAction","target":{"@type":"EntryPoint","urlTemplate":"https:\/\/www.smartsteuer.de\/online\/?s={search_term_string}"},"query-input":{"@type":"PropertyValueSpecification","valueRequired":true,"valueName":"search_term_string"}}],"inLanguage":"de"},{"@type":"Organization","@id":"https:\/\/www.smartsteuer.de\/online\/#organization","name":"smartsteuer GmbH","url":"https:\/\/www.smartsteuer.de\/online\/","logo":{"@type":"ImageObject","inLanguage":"de","@id":"https:\/\/www.smartsteuer.de\/online\/#\/schema\/logo\/image\/","url":"https:\/\/www.smartsteuer.de\/online\/wp-content\/uploads\/2024\/11\/Favicon-smartsteuer.png","contentUrl":"https:\/\/www.smartsteuer.de\/online\/wp-content\/uploads\/2024\/11\/Favicon-smartsteuer.png","width":512,"height":512,"caption":"smartsteuer GmbH"},"image":{"@id":"https:\/\/www.smartsteuer.de\/online\/#\/schema\/logo\/image\/"},"sameAs":["https:\/\/de-de.facebook.com\/smartsteuer\/","https:\/\/x.com\/smartsteuer","https:\/\/www.youtube.com\/channel\/UCu02GkFNrMRzwysT2SEmNrQ"]}]}},"_links":{"self":[{"href":"https:\/\/www.smartsteuer.de\/online\/wp-json\/wp\/v2\/pages\/58","targetHints":{"allow":["GET"]}}],"collection":[{"href":"https:\/\/www.smartsteuer.de\/online\/wp-json\/wp\/v2\/pages"}],"about":[{"href":"https:\/\/www.smartsteuer.de\/online\/wp-json\/wp\/v2\/types\/page"}],"author":[{"embeddable":true,"href":"https:\/\/www.smartsteuer.de\/online\/wp-json\/wp\/v2\/users\/5"}],"replies":[{"embeddable":true,"href":"https:\/\/www.smartsteuer.de\/online\/wp-json\/wp\/v2\/comments?post=58"}],"version-history":[{"count":1,"href":"https:\/\/www.smartsteuer.de\/online\/wp-json\/wp\/v2\/pages\/58\/revisions"}],"predecessor-version":[{"id":59,"href":"https:\/\/www.smartsteuer.de\/online\/wp-json\/wp\/v2\/pages\/58\/revisions\/59"}],"up":[{"embeddable":true,"href":"https:\/\/www.smartsteuer.de\/online\/wp-json\/wp\/v2\/pages\/28"}],"wp:attachment":[{"href":"https:\/\/www.smartsteuer.de\/online\/wp-json\/wp\/v2\/media?parent=58"}],"curies":[{"name":"wp","href":"https:\/\/api.w.org\/{rel}","templated":true}]}}