{"id":67622,"date":"2024-10-28T09:17:24","date_gmt":"2024-10-28T07:17:24","guid":{"rendered":"https:\/\/www.smartsteuer.de\/online\/?page_id=67622"},"modified":"2024-11-13T11:25:47","modified_gmt":"2024-11-13T09:25:47","slug":"smartsteuer-partner","status":"publish","type":"page","link":"https:\/\/www.smartsteuer.de\/online\/smartsteuer-partner\/","title":{"rendered":"smartsteuer Partner"},"content":{"rendered":"<p style=\"text-align: left;\"><div class=\"sui-sheet-wrapper\">\n\t<section class=\"lb-section sui-sheet--up-flat sui-sheet-padding-flat sui-theme-bright\">\n\t\t<div class=\"sui-container \">\n\t\t\t<\/p>\n<div class=\"sui-container\" style=\"text-align: left;\">\n<h1>smartsteuer Partner<\/h1>\n<p>Hier finden Sie unser Affiliate Partnerprogramm, Business-\u00a0 und Sponsoringpartner:<\/p>\n<h2>Affiliate Partner<\/h2>\n<p class=\"p-0\">Sie haben eine Website, ein Forum, einen Blog oder kennen einfach eine Menge Leute, die an einer Steuersoftware interessiert sein k\u00f6nnten? Dann werden Sie Partner im smartsteuer Affiliate-Programm!<\/p>\n<p><a class=\"sui-btn sui-btn-default mt-2 mt-lg-3 \" href=\"https:\/\/www.smartsteuer.de\/online\/smartsteuer-partnerprogramm\/\" target=\"_blankhttps:\/\/ui.awin.com\/merchant-profile\/15043\" rel=\"noopener\">smartsteuer Affiliate Programm<\/a><\/p>\n<h4>Ihr Ansprechpartner:<\/h4>\n<p><img decoding=\"async\" class=\"alignnone wp-image-35279\" src=\"https:\/\/www.smartsteuer.de\/online\/wp-content\/uploads\/2023\/09\/can-genc.png\" alt=\"Can Genc Ansprechpartner\" width=\"102\" height=\"auto\" \/><\/p>\n<p><strong>Can-Koray Genc<\/strong><br \/>\nAffiliate Marketing Manager<\/p>\n<p><a href=\"http:\/\/\u201cmailto:can-koray.genc@smartsteuer.de\u201d\">can-koray.genc@smartsteuer.de<\/a><br \/>\nSprechen Sie mich auf individuelle Incentive-Angebote f\u00fcr Unternehmen an!<\/p>\n<\/div>\n<p style=\"text-align: left;\">\n\t\t<\/div>\n\t<\/section>\n<\/div><br \/>\n<div class=\"sui-sheet-wrapper\">\n\t<section class=\"lb-section sui-sheet--up-flat sui-sheet-padding-flat sui-theme-bright\">\n\t\t<div class=\"sui-container \">\n\t\t\t<\/p>\n<h2 style=\"text-align: left;\">Business Partner:<\/h2>\n<p style=\"text-align: left;\"><a href=\"https:\/\/www.smartsteuer.de\/blog\/2014\/07\/28\/lexoffice-das-online-rechnungs-und-buchhaltungsprogramm\/\"><img loading=\"lazy\" decoding=\"async\" class=\"alignnone size-medium wp-image-67625\" src=\"https:\/\/www.smartsteuer.de\/online\/wp-content\/uploads\/2024\/10\/Lexware-Office-Logo_rgbRZ-300x85.png\" alt=\"\" width=\"300\" height=\"85\" srcset=\"https:\/\/www.smartsteuer.de\/online\/wp-content\/uploads\/2024\/10\/Lexware-Office-Logo_rgbRZ-300x85.png 300w, https:\/\/www.smartsteuer.de\/online\/wp-content\/uploads\/2024\/10\/Lexware-Office-Logo_rgbRZ-1024x291.png 1024w, https:\/\/www.smartsteuer.de\/online\/wp-content\/uploads\/2024\/10\/Lexware-Office-Logo_rgbRZ-768x218.png 768w, https:\/\/www.smartsteuer.de\/online\/wp-content\/uploads\/2024\/10\/Lexware-Office-Logo_rgbRZ-1536x436.png 1536w, https:\/\/www.smartsteuer.de\/online\/wp-content\/uploads\/2024\/10\/Lexware-Office-Logo_rgbRZ-2048x582.png 2048w\" sizes=\"auto, (max-width: 300px) 100vw, 300px\" \/><\/a><\/p>\n<p style=\"text-align: left;\">\n\t\t<\/div>\n\t<\/section>\n<\/div><br \/>\n<div class=\"sui-sheet-wrapper\">\n\t<section class=\"lb-section sui-sheet--up-flat sui-sheet-padding-flat sui-theme-bright\">\n\t\t<div class=\"sui-container \">\n\t\t\t<\/p>\n<h2 style=\"text-align: left;\">Sponsoring Partner:<\/h2>\n<p style=\"text-align: left;\"><a href=\"https:\/\/www.smartsteuer.de\/online\/wp-content\/uploads\/2024\/11\/Frauen_PP_RGB.png\"><img loading=\"lazy\" decoding=\"async\" class=\"alignnone size-medium wp-image-68729\" src=\"https:\/\/www.smartsteuer.de\/online\/wp-content\/uploads\/2024\/11\/Frauen_PP_RGB-300x107.png\" alt=\"\" width=\"300\" height=\"107\" srcset=\"https:\/\/www.smartsteuer.de\/online\/wp-content\/uploads\/2024\/11\/Frauen_PP_RGB-300x107.png 300w, https:\/\/www.smartsteuer.de\/online\/wp-content\/uploads\/2024\/11\/Frauen_PP_RGB-1024x366.png 1024w, https:\/\/www.smartsteuer.de\/online\/wp-content\/uploads\/2024\/11\/Frauen_PP_RGB-768x274.png 768w, https:\/\/www.smartsteuer.de\/online\/wp-content\/uploads\/2024\/11\/Frauen_PP_RGB-1536x548.png 1536w, https:\/\/www.smartsteuer.de\/online\/wp-content\/uploads\/2024\/11\/Frauen_PP_RGB-2048x731.png 2048w\" sizes=\"auto, (max-width: 300px) 100vw, 300px\" \/><\/a><\/p>\n<p style=\"text-align: left;\">\n\t\t<\/div>\n\t<\/section>\n<\/div><\/p>\n<p style=\"text-align: left;\"><div class=\"sui-sheet-wrapper\">\n\t<section class=\"lb-section sui-sheet--up-flat sui-sheet-padding-flat sui-theme-bright\">\n\t\t<div class=\"sui-container \">\n\t\t\t<\/p>\n<h3 style=\"text-align: left;\">\u00dcber smartsteuer<\/h3>\n<p style=\"text-align: left;\">Mit smartsteuer sparen Sie sich teure Berater \u2013 und machen Ihre Steuererkl\u00e4rung einfach selbst: Schritt f\u00fcr Schritt per Interview. Und dank Live-Berechnung sehen Sie sofort, wie viel Geld Sie sp\u00e4ter vom Staat zur\u00fcckbekommen.<\/p>\n<p style=\"text-align: left;\">\n\t\t<\/div>\n\t<\/section>\n<\/div><\/p>\n","protected":false},"excerpt":{"rendered":"","protected":false},"author":47,"featured_media":0,"parent":0,"menu_order":0,"comment_status":"closed","ping_status":"closed","template":"landingpage-template.php","meta":{"_acf_changed":false,"footnotes":""},"class_list":["post-67622","page","type-page","status-publish","hentry"],"acf":[],"yoast_head":"<!-- This site is optimized with the Yoast SEO Premium plugin v27.1 (Yoast SEO v27.1.1) - https:\/\/yoast.com\/product\/yoast-seo-premium-wordpress\/ -->\n<title>smartsteuer Partner<\/title>\n<meta name=\"description\" content=\"smartsteuer Partner - smartsteuer\" \/>\n<meta name=\"robots\" content=\"index, follow, max-snippet:-1, max-image-preview:large, max-video-preview:-1\" \/>\n<link rel=\"canonical\" href=\"https:\/\/www.smartsteuer.de\/online\/smartsteuer-partner\/\" \/>\n<meta property=\"og:locale\" content=\"de_DE\" \/>\n<meta property=\"og:type\" content=\"article\" \/>\n<meta property=\"og:title\" content=\"smartsteuer Partner\" \/>\n<meta property=\"og:description\" content=\"smartsteuer Partner - smartsteuer\" \/>\n<meta property=\"og:url\" content=\"https:\/\/www.smartsteuer.de\/online\/smartsteuer-partner\/\" \/>\n<meta property=\"og:site_name\" content=\"smartsteuer\" \/>\n<meta property=\"article:publisher\" content=\"https:\/\/de-de.facebook.com\/smartsteuer\/\" \/>\n<meta property=\"article:modified_time\" content=\"2024-11-13T09:25:47+00:00\" \/>\n<meta property=\"og:image\" content=\"https:\/\/www.smartsteuer.de\/online\/wp-content\/uploads\/2023\/09\/can-genc.png\" \/>\n<meta name=\"twitter:card\" content=\"summary_large_image\" \/>\n<meta name=\"twitter:site\" content=\"@smartsteuer\" \/>\n<meta name=\"twitter:label1\" content=\"Gesch\u00e4tzte Lesezeit\" \/>\n\t<meta name=\"twitter:data1\" content=\"2\u00a0Minuten\" \/>\n<script type=\"application\/ld+json\" class=\"yoast-schema-graph\">{\"@context\":\"https:\/\/schema.org\",\"@graph\":[{\"@type\":\"WebPage\",\"@id\":\"https:\/\/www.smartsteuer.de\/online\/smartsteuer-partner\/\",\"url\":\"https:\/\/www.smartsteuer.de\/online\/smartsteuer-partner\/\",\"name\":\"smartsteuer Partner\",\"isPartOf\":{\"@id\":\"https:\/\/www.smartsteuer.de\/online\/#website\"},\"primaryImageOfPage\":{\"@id\":\"https:\/\/www.smartsteuer.de\/online\/smartsteuer-partner\/#primaryimage\"},\"image\":{\"@id\":\"https:\/\/www.smartsteuer.de\/online\/smartsteuer-partner\/#primaryimage\"},\"thumbnailUrl\":\"https:\/\/www.smartsteuer.de\/online\/wp-content\/uploads\/2023\/09\/can-genc.png\",\"datePublished\":\"2024-10-28T07:17:24+00:00\",\"dateModified\":\"2024-11-13T09:25:47+00:00\",\"description\":\"smartsteuer Partner - smartsteuer\",\"breadcrumb\":{\"@id\":\"https:\/\/www.smartsteuer.de\/online\/smartsteuer-partner\/#breadcrumb\"},\"inLanguage\":\"de\",\"potentialAction\":[{\"@type\":\"ReadAction\",\"target\":[\"https:\/\/www.smartsteuer.de\/online\/smartsteuer-partner\/\"]}]},{\"@type\":\"ImageObject\",\"inLanguage\":\"de\",\"@id\":\"https:\/\/www.smartsteuer.de\/online\/smartsteuer-partner\/#primaryimage\",\"url\":\"https:\/\/www.smartsteuer.de\/online\/wp-content\/uploads\/2023\/09\/can-genc.png\",\"contentUrl\":\"https:\/\/www.smartsteuer.de\/online\/wp-content\/uploads\/2023\/09\/can-genc.png\",\"width\":600,\"height\":601,\"caption\":\"Can Genc Ansprechpartner\"},{\"@type\":\"BreadcrumbList\",\"@id\":\"https:\/\/www.smartsteuer.de\/online\/smartsteuer-partner\/#breadcrumb\",\"itemListElement\":[{\"@type\":\"ListItem\",\"position\":1,\"name\":\"Home\",\"item\":\"https:\/\/www.smartsteuer.de\/online\/\"},{\"@type\":\"ListItem\",\"position\":2,\"name\":\"smartsteuer Partner\"}]},{\"@type\":\"WebSite\",\"@id\":\"https:\/\/www.smartsteuer.de\/online\/#website\",\"url\":\"https:\/\/www.smartsteuer.de\/online\/\",\"name\":\"smartsteuer\",\"description\":\"Steuererkl\u00e4rung 2024 online machen &amp; Steuern sparen\",\"publisher\":{\"@id\":\"https:\/\/www.smartsteuer.de\/online\/#organization\"},\"potentialAction\":[{\"@type\":\"SearchAction\",\"target\":{\"@type\":\"EntryPoint\",\"urlTemplate\":\"https:\/\/www.smartsteuer.de\/online\/?s={search_term_string}\"},\"query-input\":{\"@type\":\"PropertyValueSpecification\",\"valueRequired\":true,\"valueName\":\"search_term_string\"}}],\"inLanguage\":\"de\"},{\"@type\":\"Organization\",\"@id\":\"https:\/\/www.smartsteuer.de\/online\/#organization\",\"name\":\"smartsteuer GmbH\",\"url\":\"https:\/\/www.smartsteuer.de\/online\/\",\"logo\":{\"@type\":\"ImageObject\",\"inLanguage\":\"de\",\"@id\":\"https:\/\/www.smartsteuer.de\/online\/#\/schema\/logo\/image\/\",\"url\":\"https:\/\/www.smartsteuer.de\/online\/wp-content\/uploads\/2024\/11\/Favicon-smartsteuer.png\",\"contentUrl\":\"https:\/\/www.smartsteuer.de\/online\/wp-content\/uploads\/2024\/11\/Favicon-smartsteuer.png\",\"width\":512,\"height\":512,\"caption\":\"smartsteuer GmbH\"},\"image\":{\"@id\":\"https:\/\/www.smartsteuer.de\/online\/#\/schema\/logo\/image\/\"},\"sameAs\":[\"https:\/\/de-de.facebook.com\/smartsteuer\/\",\"https:\/\/x.com\/smartsteuer\",\"https:\/\/www.youtube.com\/channel\/UCu02GkFNrMRzwysT2SEmNrQ\"]}]}<\/script>\n<!-- \/ Yoast SEO Premium plugin. -->","yoast_head_json":{"title":"smartsteuer Partner","description":"smartsteuer Partner - smartsteuer","robots":{"index":"index","follow":"follow","max-snippet":"max-snippet:-1","max-image-preview":"max-image-preview:large","max-video-preview":"max-video-preview:-1"},"canonical":"https:\/\/www.smartsteuer.de\/online\/smartsteuer-partner\/","og_locale":"de_DE","og_type":"article","og_title":"smartsteuer Partner","og_description":"smartsteuer Partner - smartsteuer","og_url":"https:\/\/www.smartsteuer.de\/online\/smartsteuer-partner\/","og_site_name":"smartsteuer","article_publisher":"https:\/\/de-de.facebook.com\/smartsteuer\/","article_modified_time":"2024-11-13T09:25:47+00:00","og_image":[{"url":"https:\/\/www.smartsteuer.de\/online\/wp-content\/uploads\/2023\/09\/can-genc.png","type":"","width":"","height":""}],"twitter_card":"summary_large_image","twitter_site":"@smartsteuer","twitter_misc":{"Gesch\u00e4tzte Lesezeit":"2\u00a0Minuten"},"schema":{"@context":"https:\/\/schema.org","@graph":[{"@type":"WebPage","@id":"https:\/\/www.smartsteuer.de\/online\/smartsteuer-partner\/","url":"https:\/\/www.smartsteuer.de\/online\/smartsteuer-partner\/","name":"smartsteuer Partner","isPartOf":{"@id":"https:\/\/www.smartsteuer.de\/online\/#website"},"primaryImageOfPage":{"@id":"https:\/\/www.smartsteuer.de\/online\/smartsteuer-partner\/#primaryimage"},"image":{"@id":"https:\/\/www.smartsteuer.de\/online\/smartsteuer-partner\/#primaryimage"},"thumbnailUrl":"https:\/\/www.smartsteuer.de\/online\/wp-content\/uploads\/2023\/09\/can-genc.png","datePublished":"2024-10-28T07:17:24+00:00","dateModified":"2024-11-13T09:25:47+00:00","description":"smartsteuer Partner - smartsteuer","breadcrumb":{"@id":"https:\/\/www.smartsteuer.de\/online\/smartsteuer-partner\/#breadcrumb"},"inLanguage":"de","potentialAction":[{"@type":"ReadAction","target":["https:\/\/www.smartsteuer.de\/online\/smartsteuer-partner\/"]}]},{"@type":"ImageObject","inLanguage":"de","@id":"https:\/\/www.smartsteuer.de\/online\/smartsteuer-partner\/#primaryimage","url":"https:\/\/www.smartsteuer.de\/online\/wp-content\/uploads\/2023\/09\/can-genc.png","contentUrl":"https:\/\/www.smartsteuer.de\/online\/wp-content\/uploads\/2023\/09\/can-genc.png","width":600,"height":601,"caption":"Can Genc Ansprechpartner"},{"@type":"BreadcrumbList","@id":"https:\/\/www.smartsteuer.de\/online\/smartsteuer-partner\/#breadcrumb","itemListElement":[{"@type":"ListItem","position":1,"name":"Home","item":"https:\/\/www.smartsteuer.de\/online\/"},{"@type":"ListItem","position":2,"name":"smartsteuer Partner"}]},{"@type":"WebSite","@id":"https:\/\/www.smartsteuer.de\/online\/#website","url":"https:\/\/www.smartsteuer.de\/online\/","name":"smartsteuer","description":"Steuererkl\u00e4rung 2024 online machen &amp; Steuern sparen","publisher":{"@id":"https:\/\/www.smartsteuer.de\/online\/#organization"},"potentialAction":[{"@type":"SearchAction","target":{"@type":"EntryPoint","urlTemplate":"https:\/\/www.smartsteuer.de\/online\/?s={search_term_string}"},"query-input":{"@type":"PropertyValueSpecification","valueRequired":true,"valueName":"search_term_string"}}],"inLanguage":"de"},{"@type":"Organization","@id":"https:\/\/www.smartsteuer.de\/online\/#organization","name":"smartsteuer GmbH","url":"https:\/\/www.smartsteuer.de\/online\/","logo":{"@type":"ImageObject","inLanguage":"de","@id":"https:\/\/www.smartsteuer.de\/online\/#\/schema\/logo\/image\/","url":"https:\/\/www.smartsteuer.de\/online\/wp-content\/uploads\/2024\/11\/Favicon-smartsteuer.png","contentUrl":"https:\/\/www.smartsteuer.de\/online\/wp-content\/uploads\/2024\/11\/Favicon-smartsteuer.png","width":512,"height":512,"caption":"smartsteuer GmbH"},"image":{"@id":"https:\/\/www.smartsteuer.de\/online\/#\/schema\/logo\/image\/"},"sameAs":["https:\/\/de-de.facebook.com\/smartsteuer\/","https:\/\/x.com\/smartsteuer","https:\/\/www.youtube.com\/channel\/UCu02GkFNrMRzwysT2SEmNrQ"]}]}},"_links":{"self":[{"href":"https:\/\/www.smartsteuer.de\/online\/wp-json\/wp\/v2\/pages\/67622","targetHints":{"allow":["GET"]}}],"collection":[{"href":"https:\/\/www.smartsteuer.de\/online\/wp-json\/wp\/v2\/pages"}],"about":[{"href":"https:\/\/www.smartsteuer.de\/online\/wp-json\/wp\/v2\/types\/page"}],"author":[{"embeddable":true,"href":"https:\/\/www.smartsteuer.de\/online\/wp-json\/wp\/v2\/users\/47"}],"replies":[{"embeddable":true,"href":"https:\/\/www.smartsteuer.de\/online\/wp-json\/wp\/v2\/comments?post=67622"}],"version-history":[{"count":27,"href":"https:\/\/www.smartsteuer.de\/online\/wp-json\/wp\/v2\/pages\/67622\/revisions"}],"predecessor-version":[{"id":68732,"href":"https:\/\/www.smartsteuer.de\/online\/wp-json\/wp\/v2\/pages\/67622\/revisions\/68732"}],"wp:attachment":[{"href":"https:\/\/www.smartsteuer.de\/online\/wp-json\/wp\/v2\/media?parent=67622"}],"curies":[{"name":"wp","href":"https:\/\/api.w.org\/{rel}","templated":true}]}}