{"id":77,"date":"2014-06-27T13:38:20","date_gmt":"2014-06-27T11:38:20","guid":{"rendered":"https:\/\/www.smartsteuer.de\/relaunch\/?page_id=77"},"modified":"2014-06-27T14:25:25","modified_gmt":"2014-06-27T12:25:25","slug":"kapitalvermoegen","status":"publish","type":"page","link":"https:\/\/www.smartsteuer.de\/online\/service\/checkliste-zu-deiner-einkommensteuererklaerung\/kapitalvermoegen\/","title":{"rendered":"Kapitalverm\u00f6gen"},"content":{"rendered":"\n<table id=\"tablepress-5\" class=\"tablepress tablepress-id-5\">\n<thead>\n<tr class=\"row-1\">\n\t<th class=\"column-1\">Was ben\u00f6tige ich?<br \/>\n<\/th><th class=\"column-2\">Beispiele \/ Hinweise<br \/>\n<\/th><th class=\"column-3\">Erforderliche Belege \/<br \/>\nWo bekomme ich diese Belege her?<br \/>\n<\/th><th class=\"column-4\">Beleg direkt beif\u00fcgen:<br \/>\n<\/th>\n<\/tr>\n<\/thead>\n<tbody class=\"row-striping row-hover\">\n<tr class=\"row-2\">\n\t<td class=\"column-1\"><\/td><td class=\"column-2\"><\/td><td class=\"column-3\"><\/td><td class=\"column-4\"><\/td>\n<\/tr>\n<tr class=\"row-3\">\n\t<td class=\"column-1\"><strong>Anlage KAP<\/strong><br \/>\n<\/td><td class=\"column-2\"><\/td><td class=\"column-3\"><\/td><td class=\"column-4\"><\/td>\n<\/tr>\n<tr class=\"row-4\">\n\t<td class=\"column-1\"><\/td><td class=\"column-2\"><\/td><td class=\"column-3\"><\/td><td class=\"column-4\"><\/td>\n<\/tr>\n<tr class=\"row-5\">\n\t<td class=\"column-1\">Ver\u00e4u\u00dferung von Wertpapieren, Aktien<br \/>\n<\/td><td class=\"column-2\"><\/td><td class=\"column-3\">Best\u00e4tigungen der Kreditinstitute \u00fcber get\u00e4tigte private Ver\u00e4u\u00dferungsgesch\u00e4fte (Wertpapiere, Aktien) erhalten Sie vom jeweiligen Kreditinstitut.<br \/>\n<\/td><td class=\"column-4\">Ja<br \/>\n<\/td>\n<\/tr>\n<tr class=\"row-6\">\n\t<td class=\"column-1\">Steuererstattungszinsen<br \/>\n<\/td><td class=\"column-2\">Diese ergibt sich, wenn Sie z. B. Ihre Steuererkl\u00e4rung 2016 in 2020 abgeben und ein Guthaben daraus entsteht.<br \/>\n<\/td><td class=\"column-3\">Steht auf dem Einkommensteuerbescheid des Finanzamtes.<br \/>\n<\/td><td class=\"column-4\">Nein<\/td>\n<\/tr>\n<tr class=\"row-7\">\n\t<td class=\"column-1\">Lagen bisher nicht versteuerte private Kapitalertr\u00e4ge vor?<br \/>\n<\/td><td class=\"column-2\">Sie haben jemanden ein Darlehen gew\u00e4hrt und erhalten daraus Zinsen.<br \/>\n<\/td><td class=\"column-3\">Nachweis der Einnahmen, Vertrag (z. B. Darlehensvertrag) sollte Ihnen vorliegen. Wenn nicht, vom Darlehensnehmer anfordern.<br \/>\n<\/td><td class=\"column-4\">Nein<br \/>\n<\/td>\n<\/tr>\n<tr class=\"row-8\">\n\t<td class=\"column-1\">Lagen Kapitalertr\u00e4ge nach<br \/>\n\u00a7 32d Abs. 2 EStG vor?<br \/>\n<\/td><td class=\"column-2\">Insbesondere Gesellschafter-Gesch\u00e4ftsf\u00fchrer Darlehen und Dividenden beachten.<br \/>\n<\/td><td class=\"column-3\">Vertrag, (z. B. Darlehensvertrag) sollte Ihnen vorliegen. Wenn nicht, vom Darlehensnehmer anfordern. Nachweis der Beteiligung. Es wird kein Sparer-Pauschbetrag ber\u00fccksichtigt! S\u00e4mtliche Aufwendungen ab dem 1. \u20ac sind nachzuweisen!<br \/>\n<\/td><td class=\"column-4\">Nein<br \/>\n<\/td>\n<\/tr>\n<tr class=\"row-9\">\n\t<td class=\"column-1\">Lagen Beteiligungseink\u00fcnfte vor?<br \/>\n<\/td><td class=\"column-2\"><\/td><td class=\"column-3\">Feststellungsbescheide\/ -erkl\u00e4rungen, erhalten Sie vom Finanzamt.<br \/>\n<\/td><td class=\"column-4\">Nein<\/td>\n<\/tr>\n<tr class=\"row-10\">\n\t<td class=\"column-1\">Ausl\u00e4ndische Steuern \/<br \/>\nfiktive ausl\u00e4ndische Steuern (Zinsinformationsverordnung)<br \/>\n<\/td><td class=\"column-2\"><\/td><td class=\"column-3\">Steuerbescheinigungen erhalten Sie vom jeweiligen Kreditinstitut.<br \/>\n<\/td><td class=\"column-4\">Ja<br \/>\n<\/td>\n<\/tr>\n<\/tbody>\n<\/table>\n<!-- #tablepress-5 from cache -->\n","protected":false},"excerpt":{"rendered":"","protected":false},"author":5,"featured_media":0,"parent":28,"menu_order":5,"comment_status":"open","ping_status":"open","template":"","meta":{"_acf_changed":false,"footnotes":""},"class_list":["post-77","page","type-page","status-publish","hentry"],"acf":[],"yoast_head":"<!-- This site is optimized with the Yoast SEO Premium plugin v27.5 (Yoast SEO v27.5) - https:\/\/yoast.com\/product\/yoast-seo-premium-wordpress\/ -->\n<title>Kapitalverm\u00f6gen<\/title>\n<meta name=\"description\" content=\"Kapitalverm\u00f6gen - smartsteuer\" \/>\n<meta name=\"robots\" content=\"index, follow, max-snippet:-1, max-image-preview:large, max-video-preview:-1\" \/>\n<link rel=\"canonical\" href=\"https:\/\/www.smartsteuer.de\/online\/service\/checkliste-zu-deiner-einkommensteuererklaerung\/kapitalvermoegen\/\" \/>\n<meta property=\"og:locale\" content=\"de_DE\" \/>\n<meta property=\"og:type\" content=\"article\" \/>\n<meta property=\"og:title\" content=\"Kapitalverm\u00f6gen\" \/>\n<meta property=\"og:description\" content=\"Kapitalverm\u00f6gen - smartsteuer\" \/>\n<meta property=\"og:url\" content=\"https:\/\/www.smartsteuer.de\/online\/service\/checkliste-zu-deiner-einkommensteuererklaerung\/kapitalvermoegen\/\" \/>\n<meta property=\"og:site_name\" content=\"smartsteuer\" \/>\n<meta property=\"article:publisher\" content=\"https:\/\/de-de.facebook.com\/smartsteuer\/\" \/>\n<meta property=\"article:modified_time\" content=\"2014-06-27T12:25:25+00:00\" \/>\n<meta name=\"twitter:card\" content=\"summary_large_image\" \/>\n<meta name=\"twitter:site\" content=\"@smartsteuer\" \/>\n<script type=\"application\/ld+json\" class=\"yoast-schema-graph\">{\"@context\":\"https:\\\/\\\/schema.org\",\"@graph\":[{\"@type\":\"WebPage\",\"@id\":\"https:\\\/\\\/www.smartsteuer.de\\\/online\\\/service\\\/checkliste-zu-deiner-einkommensteuererklaerung\\\/kapitalvermoegen\\\/\",\"url\":\"https:\\\/\\\/www.smartsteuer.de\\\/online\\\/service\\\/checkliste-zu-deiner-einkommensteuererklaerung\\\/kapitalvermoegen\\\/\",\"name\":\"Kapitalverm\u00f6gen\",\"isPartOf\":{\"@id\":\"https:\\\/\\\/www.smartsteuer.de\\\/online\\\/#website\"},\"datePublished\":\"2014-06-27T11:38:20+00:00\",\"dateModified\":\"2014-06-27T12:25:25+00:00\",\"description\":\"Kapitalverm\u00f6gen - smartsteuer\",\"breadcrumb\":{\"@id\":\"https:\\\/\\\/www.smartsteuer.de\\\/online\\\/service\\\/checkliste-zu-deiner-einkommensteuererklaerung\\\/kapitalvermoegen\\\/#breadcrumb\"},\"inLanguage\":\"de\",\"potentialAction\":[{\"@type\":\"ReadAction\",\"target\":[\"https:\\\/\\\/www.smartsteuer.de\\\/online\\\/service\\\/checkliste-zu-deiner-einkommensteuererklaerung\\\/kapitalvermoegen\\\/\"]}]},{\"@type\":\"BreadcrumbList\",\"@id\":\"https:\\\/\\\/www.smartsteuer.de\\\/online\\\/service\\\/checkliste-zu-deiner-einkommensteuererklaerung\\\/kapitalvermoegen\\\/#breadcrumb\",\"itemListElement\":[{\"@type\":\"ListItem\",\"position\":1,\"name\":\"Home\",\"item\":\"https:\\\/\\\/www.smartsteuer.de\\\/online\\\/\"},{\"@type\":\"ListItem\",\"position\":2,\"name\":\"Service\",\"item\":\"https:\\\/\\\/www.smartsteuer.de\\\/online\\\/service\\\/\"},{\"@type\":\"ListItem\",\"position\":3,\"name\":\"Checkliste zu Deiner Einkommensteuererkl\u00e4rung\",\"item\":\"https:\\\/\\\/www.smartsteuer.de\\\/online\\\/service\\\/checkliste-zu-deiner-einkommensteuererklaerung\\\/\"},{\"@type\":\"ListItem\",\"position\":4,\"name\":\"Kapitalverm\u00f6gen\"}]},{\"@type\":\"WebSite\",\"@id\":\"https:\\\/\\\/www.smartsteuer.de\\\/online\\\/#website\",\"url\":\"https:\\\/\\\/www.smartsteuer.de\\\/online\\\/\",\"name\":\"smartsteuer\",\"description\":\"Steuererkl\u00e4rung 2024 online machen &amp; Steuern sparen\",\"publisher\":{\"@id\":\"https:\\\/\\\/www.smartsteuer.de\\\/online\\\/#organization\"},\"potentialAction\":[{\"@type\":\"SearchAction\",\"target\":{\"@type\":\"EntryPoint\",\"urlTemplate\":\"https:\\\/\\\/www.smartsteuer.de\\\/online\\\/?s={search_term_string}\"},\"query-input\":{\"@type\":\"PropertyValueSpecification\",\"valueRequired\":true,\"valueName\":\"search_term_string\"}}],\"inLanguage\":\"de\"},{\"@type\":\"Organization\",\"@id\":\"https:\\\/\\\/www.smartsteuer.de\\\/online\\\/#organization\",\"name\":\"smartsteuer GmbH\",\"url\":\"https:\\\/\\\/www.smartsteuer.de\\\/online\\\/\",\"logo\":{\"@type\":\"ImageObject\",\"inLanguage\":\"de\",\"@id\":\"https:\\\/\\\/www.smartsteuer.de\\\/online\\\/#\\\/schema\\\/logo\\\/image\\\/\",\"url\":\"https:\\\/\\\/www.smartsteuer.de\\\/online\\\/wp-content\\\/uploads\\\/2024\\\/11\\\/Favicon-smartsteuer.png\",\"contentUrl\":\"https:\\\/\\\/www.smartsteuer.de\\\/online\\\/wp-content\\\/uploads\\\/2024\\\/11\\\/Favicon-smartsteuer.png\",\"width\":512,\"height\":512,\"caption\":\"smartsteuer GmbH\"},\"image\":{\"@id\":\"https:\\\/\\\/www.smartsteuer.de\\\/online\\\/#\\\/schema\\\/logo\\\/image\\\/\"},\"sameAs\":[\"https:\\\/\\\/de-de.facebook.com\\\/smartsteuer\\\/\",\"https:\\\/\\\/x.com\\\/smartsteuer\",\"https:\\\/\\\/www.youtube.com\\\/channel\\\/UCu02GkFNrMRzwysT2SEmNrQ\"]}]}<\/script>\n<!-- \/ Yoast SEO Premium plugin. -->","yoast_head_json":{"title":"Kapitalverm\u00f6gen","description":"Kapitalverm\u00f6gen - smartsteuer","robots":{"index":"index","follow":"follow","max-snippet":"max-snippet:-1","max-image-preview":"max-image-preview:large","max-video-preview":"max-video-preview:-1"},"canonical":"https:\/\/www.smartsteuer.de\/online\/service\/checkliste-zu-deiner-einkommensteuererklaerung\/kapitalvermoegen\/","og_locale":"de_DE","og_type":"article","og_title":"Kapitalverm\u00f6gen","og_description":"Kapitalverm\u00f6gen - smartsteuer","og_url":"https:\/\/www.smartsteuer.de\/online\/service\/checkliste-zu-deiner-einkommensteuererklaerung\/kapitalvermoegen\/","og_site_name":"smartsteuer","article_publisher":"https:\/\/de-de.facebook.com\/smartsteuer\/","article_modified_time":"2014-06-27T12:25:25+00:00","twitter_card":"summary_large_image","twitter_site":"@smartsteuer","schema":{"@context":"https:\/\/schema.org","@graph":[{"@type":"WebPage","@id":"https:\/\/www.smartsteuer.de\/online\/service\/checkliste-zu-deiner-einkommensteuererklaerung\/kapitalvermoegen\/","url":"https:\/\/www.smartsteuer.de\/online\/service\/checkliste-zu-deiner-einkommensteuererklaerung\/kapitalvermoegen\/","name":"Kapitalverm\u00f6gen","isPartOf":{"@id":"https:\/\/www.smartsteuer.de\/online\/#website"},"datePublished":"2014-06-27T11:38:20+00:00","dateModified":"2014-06-27T12:25:25+00:00","description":"Kapitalverm\u00f6gen - smartsteuer","breadcrumb":{"@id":"https:\/\/www.smartsteuer.de\/online\/service\/checkliste-zu-deiner-einkommensteuererklaerung\/kapitalvermoegen\/#breadcrumb"},"inLanguage":"de","potentialAction":[{"@type":"ReadAction","target":["https:\/\/www.smartsteuer.de\/online\/service\/checkliste-zu-deiner-einkommensteuererklaerung\/kapitalvermoegen\/"]}]},{"@type":"BreadcrumbList","@id":"https:\/\/www.smartsteuer.de\/online\/service\/checkliste-zu-deiner-einkommensteuererklaerung\/kapitalvermoegen\/#breadcrumb","itemListElement":[{"@type":"ListItem","position":1,"name":"Home","item":"https:\/\/www.smartsteuer.de\/online\/"},{"@type":"ListItem","position":2,"name":"Service","item":"https:\/\/www.smartsteuer.de\/online\/service\/"},{"@type":"ListItem","position":3,"name":"Checkliste zu Deiner Einkommensteuererkl\u00e4rung","item":"https:\/\/www.smartsteuer.de\/online\/service\/checkliste-zu-deiner-einkommensteuererklaerung\/"},{"@type":"ListItem","position":4,"name":"Kapitalverm\u00f6gen"}]},{"@type":"WebSite","@id":"https:\/\/www.smartsteuer.de\/online\/#website","url":"https:\/\/www.smartsteuer.de\/online\/","name":"smartsteuer","description":"Steuererkl\u00e4rung 2024 online machen &amp; Steuern sparen","publisher":{"@id":"https:\/\/www.smartsteuer.de\/online\/#organization"},"potentialAction":[{"@type":"SearchAction","target":{"@type":"EntryPoint","urlTemplate":"https:\/\/www.smartsteuer.de\/online\/?s={search_term_string}"},"query-input":{"@type":"PropertyValueSpecification","valueRequired":true,"valueName":"search_term_string"}}],"inLanguage":"de"},{"@type":"Organization","@id":"https:\/\/www.smartsteuer.de\/online\/#organization","name":"smartsteuer GmbH","url":"https:\/\/www.smartsteuer.de\/online\/","logo":{"@type":"ImageObject","inLanguage":"de","@id":"https:\/\/www.smartsteuer.de\/online\/#\/schema\/logo\/image\/","url":"https:\/\/www.smartsteuer.de\/online\/wp-content\/uploads\/2024\/11\/Favicon-smartsteuer.png","contentUrl":"https:\/\/www.smartsteuer.de\/online\/wp-content\/uploads\/2024\/11\/Favicon-smartsteuer.png","width":512,"height":512,"caption":"smartsteuer GmbH"},"image":{"@id":"https:\/\/www.smartsteuer.de\/online\/#\/schema\/logo\/image\/"},"sameAs":["https:\/\/de-de.facebook.com\/smartsteuer\/","https:\/\/x.com\/smartsteuer","https:\/\/www.youtube.com\/channel\/UCu02GkFNrMRzwysT2SEmNrQ"]}]}},"_links":{"self":[{"href":"https:\/\/www.smartsteuer.de\/online\/wp-json\/wp\/v2\/pages\/77","targetHints":{"allow":["GET"]}}],"collection":[{"href":"https:\/\/www.smartsteuer.de\/online\/wp-json\/wp\/v2\/pages"}],"about":[{"href":"https:\/\/www.smartsteuer.de\/online\/wp-json\/wp\/v2\/types\/page"}],"author":[{"embeddable":true,"href":"https:\/\/www.smartsteuer.de\/online\/wp-json\/wp\/v2\/users\/5"}],"replies":[{"embeddable":true,"href":"https:\/\/www.smartsteuer.de\/online\/wp-json\/wp\/v2\/comments?post=77"}],"version-history":[{"count":1,"href":"https:\/\/www.smartsteuer.de\/online\/wp-json\/wp\/v2\/pages\/77\/revisions"}],"predecessor-version":[{"id":78,"href":"https:\/\/www.smartsteuer.de\/online\/wp-json\/wp\/v2\/pages\/77\/revisions\/78"}],"up":[{"embeddable":true,"href":"https:\/\/www.smartsteuer.de\/online\/wp-json\/wp\/v2\/pages\/28"}],"wp:attachment":[{"href":"https:\/\/www.smartsteuer.de\/online\/wp-json\/wp\/v2\/media?parent=77"}],"curies":[{"name":"wp","href":"https:\/\/api.w.org\/{rel}","templated":true}]}}