{"id":79058,"date":"2025-06-27T09:41:08","date_gmt":"2025-06-27T07:41:08","guid":{"rendered":"https:\/\/www.smartsteuer.de\/online\/?page_id=79058"},"modified":"2026-02-26T09:22:52","modified_gmt":"2026-02-26T07:22:52","slug":"barrierefreiheitserklaerung","status":"publish","type":"page","link":"https:\/\/www.smartsteuer.de\/online\/barrierefreiheitserklaerung\/","title":{"rendered":"Barrierefreiheitserkl\u00e4rung"},"content":{"rendered":"<p>Bei smartsteuer setzen wir uns daf\u00fcr ein, dass unsere Website und alle damit verbundenen digitalen Dienste f\u00fcr alle Menschen zug\u00e4nglich sind, unabh\u00e4ngig von individuellen F\u00e4higkeiten oder Einschr\u00e4nkungen.<\/p>\n<p>Diese Erkl\u00e4rung informiert \u00fcber unsere Ma\u00dfnahmen zur digitalen Barrierefreiheit und beschreibt, wie wir die gesetzlichen Vorgaben sowie internationale Standards &#8211; insbesondere die <strong>Web Content Accessibility Guidelines (WCAG) 2.1.<\/strong>, Konformit\u00e4tsstufe AA &#8211; umsetzen.<\/p>\n<p>Unser Angebot ist <strong>teilweise<\/strong> mit den Anforderungen der <strong>Barrierefreien-Informationstechnik-Verordnung (BITV 2.0)<\/strong> in Verbindung mit dem <strong>Behindertengleichstellungsgesetz (BGG)<\/strong> vereinbar.<\/p>\n<p class=\"p1\">Diese Erkl\u00e4rung informiert \u00fcber den aktuellen Stand und identifizierte Barrieren.<\/p>\n<h4>Ma\u00dfnahmen zu digitalen Barrierefreiheit<\/h4>\n<p><strong>Barrierefreie Inhalte und Funktionen<\/strong><\/p>\n<ul>\n<li>Sichtbarer Tastaturfokus<\/li>\n<li>Hohe Farbkontraste<\/li>\n<li>Semantische HTML-Nutzung<\/li>\n<li>Untertitelfunktion bei Videos<\/li>\n<li>Cookie Overlay<\/li>\n<li>\u00dcberschriftenhierarchie vollst\u00e4ndig konsistent<\/li>\n<li>ARIA Rollen vollst\u00e4ndig<\/li>\n<li>Fokusf\u00fchrung<\/li>\n<li>Fehlermeldungen mit Eingabefeldern verkn\u00fcpft<\/li>\n<li>Fokus-Zust\u00e4nde<\/li>\n<\/ul>\n<p>&nbsp;<\/p>\n<p><strong>Teilweise barrierefreie Inhalte und Funktionen<\/strong><\/p>\n<ul>\n<li>Alternativtexte f\u00fcr Bilder und Icons<\/li>\n<li>Browserseitige Vorlesefunktion von Texten (zum Beispiel ab Firefox 49.0)<\/li>\n<li>PDF Dokumente und Formulare<\/li>\n<li>einige interaktive Elemente sind nicht per Tastatur erreichbar<\/li>\n<li>Relative Schriftgr\u00f6\u00dfe<\/li>\n<li>Responsive Design, die Inhalte passen sich der Bildschirmgr\u00f6\u00dfe des Ger\u00e4ts automatisch an<\/li>\n<li>Farbgebrauch zur Statusanzeige ohne erg\u00e4nzenden Text<\/li>\n<\/ul>\n<h4><\/h4>\n<p><strong>Nicht barrierefreie Inhalte und Funktionen<\/strong><\/p>\n<p>Derzeit sind folgende Inhalte noch <strong>nicht<\/strong> vollst\u00e4ndig barrierefrei:<\/p>\n<ul>\n<li>Bedienung per Tab-Navigation<\/li>\n<li>Korrekturempfehlung bei falschen Eingaben<\/li>\n<\/ul>\n<h4><\/h4>\n<p>&nbsp;<\/p>\n<p>Wir bem\u00fchen uns, diese Barrieren zeitnah zu beheben.<\/p>\n<p>Diese Erkl\u00e4rung wurde am <strong>26. Februar 2026<\/strong>\u00a0zuletzt aktualisiert. Die Bewertung der Website basiert auf einer <strong>technischen<\/strong> <strong>Selbstbewertung<\/strong> gem\u00e4\u00df WCAG 2.1 und der EN 301 549.<\/p>\n<p>&nbsp;<\/p>\n<p><strong>Kontaktinformationen<\/strong><\/p>\n<p>Wenn dir Barrieren auf unserer Website auffallen oder du Inhalte nicht zug\u00e4nglich findest, freuen wir uns \u00fcber deine R\u00fcckmeldung.<\/p>\n<p>Du ben\u00f6tigst direkte Hilfe oder hast Fragen zur Barrierefreiheit, die hier nicht behandelt werden, sende bitte eine Email an:\u00a0<a href=\"mailto:hilfe@smartsteuer.de\">hilfe@smartsteuer.de<\/a><\/p>\n<p><strong><br \/>\nAngaben der zust\u00e4ndigen Markt\u00fcberwachungsbeh\u00f6rde<\/strong><\/p>\n<p>Die gemeinsame \u201eMarkt\u00fcberwachungsstelle der L\u00e4nder f\u00fcr Barrierefreiheit von Produkten und Dienstleistungen\u201c (MLBF) kontrolliert die Umsetzung der Vorgaben des BFSG.<\/p>\n<p>Die Markt\u00fcberwachungsbeh\u00f6rde ist erreichbar unter:<\/p>\n<p>Staatskanzlei des Landes Sachsen-Anhalt Pressestelle<br \/>\nHegelstra\u00dfe 42<br \/>\n39104 Magdeburg<\/p>\n<p>Tel: (0391) 567-6666<br \/>\nFax: (0391) 567-6667<br \/>\nMail: <a href=\"mailto:staatskanzlei@stk.sachsen-anhalt.de\">staatskanzlei@stk.sachsen-anhalt.de\u00a0<\/a><\/p>\n<p>&nbsp;<\/p>\n","protected":false},"excerpt":{"rendered":"<p>Bei smartsteuer setzen wir uns daf\u00fcr ein, dass unsere Website und alle damit verbundenen digitalen Dienste f\u00fcr alle Menschen zug\u00e4nglich sind, unabh\u00e4ngig von individuellen F\u00e4higkeiten oder Einschr\u00e4nkungen. Diese Erkl\u00e4rung informiert \u00fcber unsere Ma\u00dfnahmen zur digitalen Barrierefreiheit und beschreibt, wie wir die gesetzlichen Vorgaben sowie internationale Standards &#8211; insbesondere die Web Content Accessibility Guidelines (WCAG) 2.1., [&hellip;]<\/p>\n","protected":false},"author":6,"featured_media":0,"parent":0,"menu_order":0,"comment_status":"closed","ping_status":"closed","template":"legal.php","meta":{"_acf_changed":false,"footnotes":""},"class_list":["post-79058","page","type-page","status-publish","hentry"],"acf":[],"yoast_head":"<!-- This site is optimized with the Yoast SEO Premium plugin v27.5 (Yoast SEO v27.5) - https:\/\/yoast.com\/product\/yoast-seo-premium-wordpress\/ -->\n<title>Barrierefreiheitserkl\u00e4rung<\/title>\n<meta name=\"description\" content=\"Barrierefreiheitserkl\u00e4rung - smartsteuer\" \/>\n<meta name=\"robots\" content=\"index, follow, max-snippet:-1, max-image-preview:large, max-video-preview:-1\" \/>\n<link rel=\"canonical\" href=\"https:\/\/www.smartsteuer.de\/online\/barrierefreiheitserklaerung\/\" \/>\n<meta property=\"og:locale\" content=\"de_DE\" \/>\n<meta property=\"og:type\" content=\"article\" \/>\n<meta property=\"og:title\" content=\"Barrierefreiheitserkl\u00e4rung\" \/>\n<meta property=\"og:description\" content=\"Barrierefreiheitserkl\u00e4rung - smartsteuer\" \/>\n<meta property=\"og:url\" content=\"https:\/\/www.smartsteuer.de\/online\/barrierefreiheitserklaerung\/\" \/>\n<meta property=\"og:site_name\" content=\"smartsteuer\" \/>\n<meta property=\"article:publisher\" content=\"https:\/\/de-de.facebook.com\/smartsteuer\/\" \/>\n<meta property=\"article:modified_time\" content=\"2026-02-26T07:22:52+00:00\" \/>\n<meta name=\"twitter:card\" content=\"summary_large_image\" \/>\n<meta name=\"twitter:site\" content=\"@smartsteuer\" \/>\n<meta name=\"twitter:label1\" content=\"Gesch\u00e4tzte Lesezeit\" \/>\n\t<meta name=\"twitter:data1\" content=\"2\u00a0Minuten\" \/>\n<script type=\"application\/ld+json\" class=\"yoast-schema-graph\">{\"@context\":\"https:\\\/\\\/schema.org\",\"@graph\":[{\"@type\":\"WebPage\",\"@id\":\"https:\\\/\\\/www.smartsteuer.de\\\/online\\\/barrierefreiheitserklaerung\\\/\",\"url\":\"https:\\\/\\\/www.smartsteuer.de\\\/online\\\/barrierefreiheitserklaerung\\\/\",\"name\":\"Barrierefreiheitserkl\u00e4rung\",\"isPartOf\":{\"@id\":\"https:\\\/\\\/www.smartsteuer.de\\\/online\\\/#website\"},\"datePublished\":\"2025-06-27T07:41:08+00:00\",\"dateModified\":\"2026-02-26T07:22:52+00:00\",\"description\":\"Barrierefreiheitserkl\u00e4rung - smartsteuer\",\"breadcrumb\":{\"@id\":\"https:\\\/\\\/www.smartsteuer.de\\\/online\\\/barrierefreiheitserklaerung\\\/#breadcrumb\"},\"inLanguage\":\"de\",\"potentialAction\":[{\"@type\":\"ReadAction\",\"target\":[\"https:\\\/\\\/www.smartsteuer.de\\\/online\\\/barrierefreiheitserklaerung\\\/\"]}]},{\"@type\":\"BreadcrumbList\",\"@id\":\"https:\\\/\\\/www.smartsteuer.de\\\/online\\\/barrierefreiheitserklaerung\\\/#breadcrumb\",\"itemListElement\":[{\"@type\":\"ListItem\",\"position\":1,\"name\":\"Home\",\"item\":\"https:\\\/\\\/www.smartsteuer.de\\\/online\\\/\"},{\"@type\":\"ListItem\",\"position\":2,\"name\":\"Barrierefreiheitserkl\u00e4rung\"}]},{\"@type\":\"WebSite\",\"@id\":\"https:\\\/\\\/www.smartsteuer.de\\\/online\\\/#website\",\"url\":\"https:\\\/\\\/www.smartsteuer.de\\\/online\\\/\",\"name\":\"smartsteuer\",\"description\":\"Steuererkl\u00e4rung 2024 online machen &amp; Steuern sparen\",\"publisher\":{\"@id\":\"https:\\\/\\\/www.smartsteuer.de\\\/online\\\/#organization\"},\"potentialAction\":[{\"@type\":\"SearchAction\",\"target\":{\"@type\":\"EntryPoint\",\"urlTemplate\":\"https:\\\/\\\/www.smartsteuer.de\\\/online\\\/?s={search_term_string}\"},\"query-input\":{\"@type\":\"PropertyValueSpecification\",\"valueRequired\":true,\"valueName\":\"search_term_string\"}}],\"inLanguage\":\"de\"},{\"@type\":\"Organization\",\"@id\":\"https:\\\/\\\/www.smartsteuer.de\\\/online\\\/#organization\",\"name\":\"smartsteuer GmbH\",\"url\":\"https:\\\/\\\/www.smartsteuer.de\\\/online\\\/\",\"logo\":{\"@type\":\"ImageObject\",\"inLanguage\":\"de\",\"@id\":\"https:\\\/\\\/www.smartsteuer.de\\\/online\\\/#\\\/schema\\\/logo\\\/image\\\/\",\"url\":\"https:\\\/\\\/www.smartsteuer.de\\\/online\\\/wp-content\\\/uploads\\\/2024\\\/11\\\/Favicon-smartsteuer.png\",\"contentUrl\":\"https:\\\/\\\/www.smartsteuer.de\\\/online\\\/wp-content\\\/uploads\\\/2024\\\/11\\\/Favicon-smartsteuer.png\",\"width\":512,\"height\":512,\"caption\":\"smartsteuer GmbH\"},\"image\":{\"@id\":\"https:\\\/\\\/www.smartsteuer.de\\\/online\\\/#\\\/schema\\\/logo\\\/image\\\/\"},\"sameAs\":[\"https:\\\/\\\/de-de.facebook.com\\\/smartsteuer\\\/\",\"https:\\\/\\\/x.com\\\/smartsteuer\",\"https:\\\/\\\/www.youtube.com\\\/channel\\\/UCu02GkFNrMRzwysT2SEmNrQ\"]}]}<\/script>\n<!-- \/ Yoast SEO Premium plugin. -->","yoast_head_json":{"title":"Barrierefreiheitserkl\u00e4rung","description":"Barrierefreiheitserkl\u00e4rung - smartsteuer","robots":{"index":"index","follow":"follow","max-snippet":"max-snippet:-1","max-image-preview":"max-image-preview:large","max-video-preview":"max-video-preview:-1"},"canonical":"https:\/\/www.smartsteuer.de\/online\/barrierefreiheitserklaerung\/","og_locale":"de_DE","og_type":"article","og_title":"Barrierefreiheitserkl\u00e4rung","og_description":"Barrierefreiheitserkl\u00e4rung - smartsteuer","og_url":"https:\/\/www.smartsteuer.de\/online\/barrierefreiheitserklaerung\/","og_site_name":"smartsteuer","article_publisher":"https:\/\/de-de.facebook.com\/smartsteuer\/","article_modified_time":"2026-02-26T07:22:52+00:00","twitter_card":"summary_large_image","twitter_site":"@smartsteuer","twitter_misc":{"Gesch\u00e4tzte Lesezeit":"2\u00a0Minuten"},"schema":{"@context":"https:\/\/schema.org","@graph":[{"@type":"WebPage","@id":"https:\/\/www.smartsteuer.de\/online\/barrierefreiheitserklaerung\/","url":"https:\/\/www.smartsteuer.de\/online\/barrierefreiheitserklaerung\/","name":"Barrierefreiheitserkl\u00e4rung","isPartOf":{"@id":"https:\/\/www.smartsteuer.de\/online\/#website"},"datePublished":"2025-06-27T07:41:08+00:00","dateModified":"2026-02-26T07:22:52+00:00","description":"Barrierefreiheitserkl\u00e4rung - smartsteuer","breadcrumb":{"@id":"https:\/\/www.smartsteuer.de\/online\/barrierefreiheitserklaerung\/#breadcrumb"},"inLanguage":"de","potentialAction":[{"@type":"ReadAction","target":["https:\/\/www.smartsteuer.de\/online\/barrierefreiheitserklaerung\/"]}]},{"@type":"BreadcrumbList","@id":"https:\/\/www.smartsteuer.de\/online\/barrierefreiheitserklaerung\/#breadcrumb","itemListElement":[{"@type":"ListItem","position":1,"name":"Home","item":"https:\/\/www.smartsteuer.de\/online\/"},{"@type":"ListItem","position":2,"name":"Barrierefreiheitserkl\u00e4rung"}]},{"@type":"WebSite","@id":"https:\/\/www.smartsteuer.de\/online\/#website","url":"https:\/\/www.smartsteuer.de\/online\/","name":"smartsteuer","description":"Steuererkl\u00e4rung 2024 online machen &amp; Steuern sparen","publisher":{"@id":"https:\/\/www.smartsteuer.de\/online\/#organization"},"potentialAction":[{"@type":"SearchAction","target":{"@type":"EntryPoint","urlTemplate":"https:\/\/www.smartsteuer.de\/online\/?s={search_term_string}"},"query-input":{"@type":"PropertyValueSpecification","valueRequired":true,"valueName":"search_term_string"}}],"inLanguage":"de"},{"@type":"Organization","@id":"https:\/\/www.smartsteuer.de\/online\/#organization","name":"smartsteuer GmbH","url":"https:\/\/www.smartsteuer.de\/online\/","logo":{"@type":"ImageObject","inLanguage":"de","@id":"https:\/\/www.smartsteuer.de\/online\/#\/schema\/logo\/image\/","url":"https:\/\/www.smartsteuer.de\/online\/wp-content\/uploads\/2024\/11\/Favicon-smartsteuer.png","contentUrl":"https:\/\/www.smartsteuer.de\/online\/wp-content\/uploads\/2024\/11\/Favicon-smartsteuer.png","width":512,"height":512,"caption":"smartsteuer GmbH"},"image":{"@id":"https:\/\/www.smartsteuer.de\/online\/#\/schema\/logo\/image\/"},"sameAs":["https:\/\/de-de.facebook.com\/smartsteuer\/","https:\/\/x.com\/smartsteuer","https:\/\/www.youtube.com\/channel\/UCu02GkFNrMRzwysT2SEmNrQ"]}]}},"_links":{"self":[{"href":"https:\/\/www.smartsteuer.de\/online\/wp-json\/wp\/v2\/pages\/79058","targetHints":{"allow":["GET"]}}],"collection":[{"href":"https:\/\/www.smartsteuer.de\/online\/wp-json\/wp\/v2\/pages"}],"about":[{"href":"https:\/\/www.smartsteuer.de\/online\/wp-json\/wp\/v2\/types\/page"}],"author":[{"embeddable":true,"href":"https:\/\/www.smartsteuer.de\/online\/wp-json\/wp\/v2\/users\/6"}],"replies":[{"embeddable":true,"href":"https:\/\/www.smartsteuer.de\/online\/wp-json\/wp\/v2\/comments?post=79058"}],"version-history":[{"count":32,"href":"https:\/\/www.smartsteuer.de\/online\/wp-json\/wp\/v2\/pages\/79058\/revisions"}],"predecessor-version":[{"id":87677,"href":"https:\/\/www.smartsteuer.de\/online\/wp-json\/wp\/v2\/pages\/79058\/revisions\/87677"}],"wp:attachment":[{"href":"https:\/\/www.smartsteuer.de\/online\/wp-json\/wp\/v2\/media?parent=79058"}],"curies":[{"name":"wp","href":"https:\/\/api.w.org\/{rel}","templated":true}]}}