{"id":79142,"date":"2025-06-16T10:52:57","date_gmt":"2025-06-16T08:52:57","guid":{"rendered":"https:\/\/www.smartsteuer.de\/online\/?page_id=79142"},"modified":"2026-04-29T16:12:14","modified_gmt":"2026-04-29T14:12:14","slug":"preis","status":"publish","type":"page","link":"https:\/\/www.smartsteuer.de\/online\/preis\/","title":{"rendered":"Preise-Seite mit Landingpagebaukasten"},"content":{"rendered":"<div class=\"sui-sheet-wrapper\">\n\t<section class=\"lb-section sui-sheet--up-flat sui-sheet-padding-flat sui-theme-bright\">\n\t\t<div class=\"sui-container \">\n\t\t\t<\/p>\n<h1><strong>Ein Preis. F\u00fcnf Steuererkl\u00e4rungen.<\/strong><\/h1>\n<p>Bei uns kaufst Du keine Katze im Sack \u2013 einfach Steuer machen und erst bei Abgabe an das Finanzamt zahlen!<\/p>\n<p><strong>39,99 \u20ac<\/strong><\/p>\n<p>je Steuerjahr<\/p>\n<p><a class='sui-button-cta mt-2 sui-button-xlarge' href='https:\/\/profil.smartsteuer.de\/service-redirect.html?myExternal=lb_default' role='button'>\n\tSteuererkl\u00e4rung starten\t\n<\/a><\/p>\n<p>&nbsp;<\/p>\n<p style=\"text-align: center;\"><i class=\"fa-solid fa-check\"><\/i> 5 Abgaben f\u00fcr Dich, Deine Familie und Freunde inklusive<\/p>\n<p style=\"text-align: center;\"><i class=\"fa-solid fa-check\"><\/i> Kostenloser Support<\/p>\n<p style=\"text-align: center;\"><i class=\"fa-solid fa-check\"><\/i> Inklusive betrieblicher Steuererkl\u00e4rungen<\/p>\n<p style=\"text-align: center;\"><i class=\"fa-solid fa-check\"><\/i> \u00dcberpr\u00fcfung Deiner Steuer vor Abgabe ans Finanzamt<\/p>\n<p style=\"text-align: center;\"><i class=\"fa-solid fa-check\"><\/i> Umfangreiches Angebot: <a href=\"https:\/\/www.smartsteuer.de\/online\/funktionsumfang-2025\/\">zum Funktionsumfang<\/a><\/p>\n<p>\n\t\t<\/div>\n\t<\/section>\n<\/div>\n<div class=\"sui-sheet-wrapper\">\n\t<section class=\"lb-section sui-sheet--up-flat sui-sheet-padding-flat sui-theme-bright\">\n\t\t<div class=\"sui-container \">\n\t\t\t<\/p>\n<h2>Unsere Bezahlm\u00f6glichkeiten<\/h2>\n<p>PayPal, VISA, Mastercard und SEPA-Lastschrift<\/p>\n<p>\n\t\t<\/div>\n\t<\/section>\n<\/div>\n<div class=\"sui-sheet-wrapper\">\n\t<section class=\"lb-section sui-sheet--up-flat sui-sheet-padding-flat sui-theme-electric sui-theme-box-2\">\n\t\t<div class=\"sui-container \">\n\t\t\t<\/p>\n<h2>24\/7 Chat Support<\/h2>\n<p>Einfache Fragen kann unser KI-Chatbot sofort beantworten.<\/p>\n<p><a class='sui-button-primary sui-button-large mt-2 mt-lg-3' href='https:\/\/ki.smartsteuer.de\/' role='button'>\n\tZum KI-Chatbot\n<\/a><\/p>\n<p>\n\t\t<\/div>\n\t<\/section>\n<\/div>\n<div class=\"sui-sheet-wrapper\">\n\t<section class=\"lb-section sui-sheet--up-flat sui-sheet-padding-flat sui-theme-bright\">\n\t\t<div class=\"sui-container \">\n\t\t\t<\/p>\n<p><div class=\"sui-accordion\" id=\"sui-accordion-169f8527f4ed21\"><\/p>\n<p><h3 class=\"sui-accordion-title\">Wie kann ich mehrere Steuererkl\u00e4rungen abgeben, ohne erneut zu zahlen?<\/h3><div class=\"sui-accordion-item \"><\/p>\n<p>Gib Deine Steuererkl\u00e4rung zun\u00e4chst wie gewohnt mit smartsteuer ab und zahle die Servicegeb\u00fchr von 39,99 \u20ac. Anschlie\u00dfend kannst Du vier weitere Steuererkl\u00e4rungen f\u00fcr das bereits bezahlte Steuerjahr \u00fcber denselben Account abgeben. Der Bezahlprozess wird dabei einfach \u00fcbersprungen.<\/p>\n<p><\/div><\/p>\n<p><h3 class=\"sui-accordion-title\">Kann ich f\u00fcr 39,99 \u20ac die Steuererkl\u00e4rungen der letzten 4 Jahre abgeben?<\/h3><div class=\"sui-accordion-item \"><\/p>\n<p>Nein, das ist leider nicht m\u00f6glich. Die f\u00fcnf in der Geb\u00fchr enthaltenen Abgaben sind nur im selben Steuerjahr m\u00f6glich. F\u00fcr die Steuererkl\u00e4rungen der letzten vier Jahre f\u00e4llt die \u00dcbermittlungsgeb\u00fchr dementsprechend viermal an. Teilst Du Dir die Kosten mit Freunden oder der Familie, erledigt Ihr Eure Steuererkl\u00e4rung aber bereits ab 8 \u20ac pro Steuerjahr.<\/p>\n<p><\/div><\/p>\n<p><h3 class=\"sui-accordion-title\">Wo kann ich bezahlen?<\/h3><div class=\"sui-accordion-item \"><\/p>\n<p>Eine Besonderheit bei smartsteuer ist es, dass Du erst am Ende der Steuererkl\u00e4rung \u2013 kurz vor der Abgabe an das Finanzamt \u2013 zahlen musst. Du wirst im Interviewbereich &#8222;Abgabe&#8220; direkt zum Zahlungsvorgang geleitet.<\/p>\n<p><\/div><\/p>\n<p><h3 class=\"sui-accordion-title\">Wo gebe ich einen Rabatt-Gutschein ein?<\/h3><div class=\"sui-accordion-item \"><\/p>\n<p>Einen Aktionsgutschein gibst Du direkt im Zahlungsvorgang im entsprechenden Gutscheinfeld ein. Der Rabatt wird sofort verrechnet.<\/p>\n<p><\/div><\/p>\n<p><h3 class=\"sui-accordion-title\">Wo finde ich meine Rechnung?<\/h3><div class=\"sui-accordion-item \"><\/p>\n<p>Du findest Deine Rechnungen im <a href=\"https:\/\/profil.smartsteuer.de\/ui\/profile\">Benutzerkonto<\/a>. Es werden Dir dort alle Deine Bestellungen und die dazugeh\u00f6rigen Rechnungen angezeigt und zum Download bereitgestellt.<\/p>\n<p><\/div><\/p>\n<p><h3 class=\"sui-accordion-title\">Wie erfolgt die Bezahlung?<\/h3><div class=\"sui-accordion-item \"><\/p>\n<p>Du kannst bei uns mit drei verschiedenen Zahlungsmethoden bezahlen:<\/p>\n<ul class=\"list-group list-group-arrow ml-3\">\n<li>PayPal<\/li>\n<li>SEPA-Lastschrift<\/li>\n<li>Kreditkartenzahlung<\/li>\n<\/ul>\n<p><\/div><\/p>\n<p><h3 class=\"sui-accordion-title\">Ich habe Probleme bei der Bezahlung. Was kann ich tun?<\/h3><div class=\"sui-accordion-item \"><\/p>\n<p>In diesem Fall melde Dich bitte direkt bei unserem Support. Schreib eine E-Mail an <a href=\"mailto:hilfe@smartsteuer.de\">hilfe@smartsteuer.de<\/a>\u00a0<img decoding=\"async\" src=\"https:\/\/www.smartsteuer.de\/online\/wp-content\/themes\/theme-smde\/images\/germany.svg\" alt=\"Deutsch\" width=\"20px\" \/>.<\/p>\n<p><\/div><\/p>\n<p><\/div><\/p>\n<p>\n\t\t<\/div>\n\t<\/section>\n<\/div>\n\n<!-- Desktop -->\n<div class=\"sui-sheet-wrapper\">\n\t<section class=\"lb-section lb-seals sui-sheet--up-flat sui-sheet-padding-flat sui-theme-bright\">\n\n\t\t<div>\n\n\t\t\t<div class=\"sui-container\">\n\t\t\t\t<h2>\n\t\t\t\t\tMehrfach getestet<br>und f\u00fcr \n\t\t\t\t\t<strong style=\"color:var(--sui-color-electric-600); font-weight: inherit\">\u00bbsehr gut\u00ab<\/strong>\n\t\t\t\t\tbefunden.\n\t\t\t\t<\/h2>\n\t\t\t<\/div>\n\n\t\t\t<div class=\"sui-container px-lg-6 d-none d-md-block\">\n\n\t\t\t\t<div class=\"row align-items-center px-6 mt-5\">\n\n\t\t\t\t\t<div class=\"col-sm px-2 px-xl-5\">\n\t\t\t\t\t\t<a href=\"https:\/\/smartsteuer-mrk.objectstorage.fes.cloud.syseleven.net\/zertifikate\/Zertifikat_SHiG_digital_smartsteuer_GmbH.PDF\"\n\t\t\t\t\t\t\ttitle=\"Made (and hosted) in Germany\"\n\t\t\t\t\t\t\ttarget=\"_blank\">\n\t\t\t\t\t\t\t<img decoding=\"async\" src=\"\n\t\t\t\t\t\t\thttps:\/\/www.smartsteuer.de\/online\/wp-content\/plugins\/plugin-landingpagebuilder\/src\/elements\/seals\/\t\t\t\t\t\t\timg\/logo-shig.webp\" style=\"width:90%;\"\n\t\t\t\t\t\t\t\talt=\"Hosted in germany\">\n\t\t\t\t\t\t<\/a>\n\t\t\t\t\t<\/div>\n\n\t\t\t\t\t<div class=\"col-sm px-2 px-xl-4\">\n\t\t\t\t\t\t<a href=\"https:\/\/finanzwissen.de\/erfahrungen\/smartsteuer\/\"\n\t\t\t\t\t\t\ttitle=\"Erfahrungen & Bewertungen zu smartsteuer GmbH anzeigen\" target=\"_blank\"\n\t\t\t\t\t\t\tstyle=\"text-decoration:none;\">\n\t\t\t\t\t\t\t<img decoding=\"async\" src=\"\n\t\t\t\t\t\t\thttps:\/\/www.smartsteuer.de\/online\/wp-content\/plugins\/plugin-landingpagebuilder\/src\/elements\/seals\/\t\t\t\t\t\t\timg\/seal-finanzwissen.webp\"\n\t\t\t\t\t\t\t\talt=\"Finanzwissen\"\/>\n\t\t\t\t\t\t<\/a>\n\t\t\t\t\t<\/div>\n\n\t\t\t\t\t<div class=\"col-sm px-2 px-xl-5\">\n\t\t\t\t\t\t<a href=\"https:\/\/www.tuv-saar.com\/certificates\/46535\" target=\"_blank\">\n\t\t\t\t\t\t\t<img decoding=\"async\" src=\"\n\t\t\t\t\t\t\thttps:\/\/www.smartsteuer.de\/online\/wp-content\/plugins\/plugin-landingpagebuilder\/src\/elements\/seals\/\t\t\t\t\t\t\timg\/tuev-saarland-datenschutz.svg\"\n\t\t\t\t\t\t\t\talt=\"T\u00dcV Saarland Datenschutz\"\/>\n\t\t\t\t\t\t<\/a>\n\t\t\t\t\t<\/div>\n\n\t\t\t\t<\/div>\n\t\t\t<\/div>\n\n\t\t\t<!-- Mobile -->\n\n\t\t\t<div class=\"sui-container px-0 d-block d-md-none\">\n\n\t\t\t\t<div class=\"sui-swiper\">\n\n\t\t\t\t\t<div class=\"sui-swiper-slide\" style=\"height: 200px;\">\n\t\t\t\t\t\t<div class=\"d-flex align-items-center\">\n\t\t\t\t\t\t\t<div class=\"flex-1 px-1 pr-sm-2 pl-sm-4\">\n\t\t\t\t\t\t\t\t<a target=\"_blank\" href=\"https:\/\/www.tuv-saar.com\/certificates\/46535\">\n\t\t\t\t\t\t\t\t\t<img\n\t\t\t\t\t\t\t\t\t\tsrc=\"https:\/\/www.smartsteuer.de\/online\/wp-content\/plugins\/plugin-landingpagebuilder\/src\/elements\/seals\/img\/tuev-saarland-datenschutz.svg\"\n\t\t\t\t\t\t\t\t\t\talt=\"T\u00dcV Saarland Datenschutz\" style=\"width: 100%;\"\/>\n\t\t\t\t\t\t\t\t<\/a>\n\t\t\t\t\t\t\t<\/div>\n\t\t\t\t\t\t\t<div class=\"flex-1 px-1 pr-sm-4 pl-sm-4\">\n\t\t\t\t\t\t\t\t<a href=\"https:\/\/finanzwissen.de\/erfahrungen\/smartsteuer\/\"\n\t\t\t\t\t\t\t\t\ttitle=\"Erfahrungen & Bewertungen zu smartsteuer GmbH anzeigen\" target=\"_blank\"\n\t\t\t\t\t\t\t\t\tstyle=\"text-decoration:none;\">\n\t\t\t\t\t\t\t\t\t<img decoding=\"async\" src=\"\n\t\t\t\t\t\t\t\t\thttps:\/\/www.smartsteuer.de\/online\/wp-content\/plugins\/plugin-landingpagebuilder\/src\/elements\/seals\/\t\t\t\t\t\t\t\t\timg\/seal-finanzwissen.webp\"\n\t\t\t\t\t\t\t\t\t\talt=\"Finanzwissen\"\/>\n\t\t\t\t\t\t\t\t<\/a>\n\t\t\t\t\t\t\t<\/div>\n\t\t\t\t\t\t<\/div>\n\t\t\t\t\t<\/div>\n\n\t\t\t\t\t<div class=\"sui-swiper-slide\" style=\"height: 200px;\">\n\t\t\t\t\t\t<div class=\"d-flex flex-1 justify-content-center px-2 px-sm-5\">\n\t\t\t\t\t\t\t<a target=\"_blank\" href=\"https:\/\/smartsteuer-mrk.objectstorage.fes.cloud.syseleven.net\/zertifikate\/Zertifikat_SHiG_digital_smartsteuer_GmbH.PDF\">\n\t\t\t\t\t\t\t\t<img decoding=\"async\" src=\"\n\t\t\t\t\t\t\t\t\thttps:\/\/www.smartsteuer.de\/online\/wp-content\/plugins\/plugin-landingpagebuilder\/src\/elements\/seals\/\t\t\t\t\t\t\t\t\timg\/logo-shig.webp\"\n\t\t\t\t\t\t\t\t\talt=\"Hosted in Germany\"\n\t\t\t\t\t\t\t\t\tstyle=\"max-height: 200px;\"\/>\n\t\t\t\t\t\t\t<\/a>\n\t\t\t\t\t\t<\/div>\n\t\t\t\t\t<\/div>\n\n\t\t\t\t<\/div>\n\t\t\t<\/div>\n\n\t\t<\/div>\n\n\t<\/section>\n<\/div>\n<div class=\"sui-sheet-wrapper\">\n\t<section class=\"lb-section sui-sheet--up-flat sui-sheet-padding-flat sui-theme-electric sui-pattern\">\n\t\t<div class=\"sui-container \">\n\t\t\t<\/p>\n<h2>Wie viel gibt es f\u00fcr Dich zur\u00fcck?<\/h2>\n<p><a class='sui-button-cta mt-2 sui-button-xlarge' href='https:\/\/profil.smartsteuer.de\/service-redirect.html?myExternal=lb_default' role='button'>\n\tJetzt ausrechnen!\t\n<\/a><\/p>\n<p>\n\t\t<\/div>\n\t<\/section>\n<\/div>\n","protected":false},"excerpt":{"rendered":"","protected":false},"author":62,"featured_media":0,"parent":0,"menu_order":0,"comment_status":"closed","ping_status":"closed","template":"landingpage-template.php","meta":{"_acf_changed":false,"footnotes":""},"class_list":["post-79142","page","type-page","status-publish","hentry"],"acf":[],"yoast_head":"<!-- This site is optimized with the Yoast SEO Premium plugin v27.5 (Yoast SEO v27.5) - https:\/\/yoast.com\/product\/yoast-seo-premium-wordpress\/ -->\n<title>Einmal zahlen und 5-mal abgeben: smartsteuer Steuererkl\u00e4rung!<\/title>\n<meta name=\"description\" content=\"Preise und Leistungen von smartsteuer \u2665 Viel Service f\u00fcr wenig Geld \u21d2 Deine perfekte Steuererkl\u00e4rung ab 7,99 \u20ac pro Abgabe.\" \/>\n<meta name=\"robots\" content=\"index, follow, max-snippet:-1, max-image-preview:large, max-video-preview:-1\" \/>\n<link rel=\"canonical\" href=\"https:\/\/www.smartsteuer.de\/online\/preis\/\" \/>\n<meta property=\"og:locale\" content=\"de_DE\" \/>\n<meta property=\"og:type\" content=\"article\" \/>\n<meta property=\"og:title\" content=\"Preise-Seite mit Landingpagebaukasten\" \/>\n<meta property=\"og:description\" content=\"Preise und Leistungen von smartsteuer \u2665 Viel Service f\u00fcr wenig Geld \u21d2 Deine perfekte Steuererkl\u00e4rung ab 7,99 \u20ac pro Abgabe.\" \/>\n<meta property=\"og:url\" content=\"https:\/\/www.smartsteuer.de\/online\/preis\/\" \/>\n<meta property=\"og:site_name\" content=\"smartsteuer\" \/>\n<meta property=\"article:publisher\" content=\"https:\/\/de-de.facebook.com\/smartsteuer\/\" \/>\n<meta property=\"article:modified_time\" content=\"2026-04-29T14:12:14+00:00\" \/>\n<meta property=\"og:image\" content=\"https:\/\/www.smartsteuer.de\/online\/wp-content\/uploads\/2025\/01\/sst_vorschaubild_1200x675px_01.webp\" \/>\n\t<meta property=\"og:image:width\" content=\"1200\" \/>\n\t<meta property=\"og:image:height\" content=\"675\" \/>\n\t<meta property=\"og:image:type\" content=\"image\/webp\" \/>\n<meta name=\"twitter:card\" content=\"summary_large_image\" \/>\n<meta name=\"twitter:site\" content=\"@smartsteuer\" \/>\n<meta name=\"twitter:label1\" content=\"Gesch\u00e4tzte Lesezeit\" \/>\n\t<meta name=\"twitter:data1\" content=\"3\u00a0Minuten\" \/>\n<script type=\"application\/ld+json\" class=\"yoast-schema-graph\">{\"@context\":\"https:\\\/\\\/schema.org\",\"@graph\":[{\"@type\":\"WebPage\",\"@id\":\"https:\\\/\\\/www.smartsteuer.de\\\/online\\\/preis\\\/\",\"url\":\"https:\\\/\\\/www.smartsteuer.de\\\/online\\\/preis\\\/\",\"name\":\"Einmal zahlen und 5-mal abgeben: smartsteuer Steuererkl\u00e4rung!\",\"isPartOf\":{\"@id\":\"https:\\\/\\\/www.smartsteuer.de\\\/online\\\/#website\"},\"primaryImageOfPage\":{\"@id\":\"https:\\\/\\\/www.smartsteuer.de\\\/online\\\/preis\\\/#primaryimage\"},\"image\":{\"@id\":\"https:\\\/\\\/www.smartsteuer.de\\\/online\\\/preis\\\/#primaryimage\"},\"thumbnailUrl\":\"https:\\\/\\\/www.smartsteuer.de\\\/online\\\/wp-content\\\/themes\\\/theme-smde\\\/images\\\/germany.svg\",\"datePublished\":\"2025-06-16T08:52:57+00:00\",\"dateModified\":\"2026-04-29T14:12:14+00:00\",\"description\":\"Preise und Leistungen von smartsteuer \u2665 Viel Service f\u00fcr wenig Geld \u21d2 Deine perfekte Steuererkl\u00e4rung ab 7,99 \u20ac pro Abgabe.\",\"breadcrumb\":{\"@id\":\"https:\\\/\\\/www.smartsteuer.de\\\/online\\\/preis\\\/#breadcrumb\"},\"inLanguage\":\"de\",\"potentialAction\":[{\"@type\":\"ReadAction\",\"target\":[\"https:\\\/\\\/www.smartsteuer.de\\\/online\\\/preis\\\/\"]}]},{\"@type\":\"ImageObject\",\"inLanguage\":\"de\",\"@id\":\"https:\\\/\\\/www.smartsteuer.de\\\/online\\\/preis\\\/#primaryimage\",\"url\":\"https:\\\/\\\/www.smartsteuer.de\\\/online\\\/wp-content\\\/themes\\\/theme-smde\\\/images\\\/germany.svg\",\"contentUrl\":\"https:\\\/\\\/www.smartsteuer.de\\\/online\\\/wp-content\\\/themes\\\/theme-smde\\\/images\\\/germany.svg\"},{\"@type\":\"BreadcrumbList\",\"@id\":\"https:\\\/\\\/www.smartsteuer.de\\\/online\\\/preis\\\/#breadcrumb\",\"itemListElement\":[{\"@type\":\"ListItem\",\"position\":1,\"name\":\"Home\",\"item\":\"https:\\\/\\\/www.smartsteuer.de\\\/online\\\/\"},{\"@type\":\"ListItem\",\"position\":2,\"name\":\"Preise-Seite mit Landingpagebaukasten\"}]},{\"@type\":\"WebSite\",\"@id\":\"https:\\\/\\\/www.smartsteuer.de\\\/online\\\/#website\",\"url\":\"https:\\\/\\\/www.smartsteuer.de\\\/online\\\/\",\"name\":\"smartsteuer\",\"description\":\"Steuererkl\u00e4rung 2024 online machen &amp; Steuern sparen\",\"publisher\":{\"@id\":\"https:\\\/\\\/www.smartsteuer.de\\\/online\\\/#organization\"},\"potentialAction\":[{\"@type\":\"SearchAction\",\"target\":{\"@type\":\"EntryPoint\",\"urlTemplate\":\"https:\\\/\\\/www.smartsteuer.de\\\/online\\\/?s={search_term_string}\"},\"query-input\":{\"@type\":\"PropertyValueSpecification\",\"valueRequired\":true,\"valueName\":\"search_term_string\"}}],\"inLanguage\":\"de\"},{\"@type\":\"Organization\",\"@id\":\"https:\\\/\\\/www.smartsteuer.de\\\/online\\\/#organization\",\"name\":\"smartsteuer GmbH\",\"url\":\"https:\\\/\\\/www.smartsteuer.de\\\/online\\\/\",\"logo\":{\"@type\":\"ImageObject\",\"inLanguage\":\"de\",\"@id\":\"https:\\\/\\\/www.smartsteuer.de\\\/online\\\/#\\\/schema\\\/logo\\\/image\\\/\",\"url\":\"https:\\\/\\\/www.smartsteuer.de\\\/online\\\/wp-content\\\/uploads\\\/2024\\\/11\\\/Favicon-smartsteuer.png\",\"contentUrl\":\"https:\\\/\\\/www.smartsteuer.de\\\/online\\\/wp-content\\\/uploads\\\/2024\\\/11\\\/Favicon-smartsteuer.png\",\"width\":512,\"height\":512,\"caption\":\"smartsteuer GmbH\"},\"image\":{\"@id\":\"https:\\\/\\\/www.smartsteuer.de\\\/online\\\/#\\\/schema\\\/logo\\\/image\\\/\"},\"sameAs\":[\"https:\\\/\\\/de-de.facebook.com\\\/smartsteuer\\\/\",\"https:\\\/\\\/x.com\\\/smartsteuer\",\"https:\\\/\\\/www.youtube.com\\\/channel\\\/UCu02GkFNrMRzwysT2SEmNrQ\"]}]}<\/script>\n<!-- \/ Yoast SEO Premium plugin. -->","yoast_head_json":{"title":"Einmal zahlen und 5-mal abgeben: smartsteuer Steuererkl\u00e4rung!","description":"Preise und Leistungen von smartsteuer \u2665 Viel Service f\u00fcr wenig Geld \u21d2 Deine perfekte Steuererkl\u00e4rung ab 7,99 \u20ac pro Abgabe.","robots":{"index":"index","follow":"follow","max-snippet":"max-snippet:-1","max-image-preview":"max-image-preview:large","max-video-preview":"max-video-preview:-1"},"canonical":"https:\/\/www.smartsteuer.de\/online\/preis\/","og_locale":"de_DE","og_type":"article","og_title":"Preise-Seite mit Landingpagebaukasten","og_description":"Preise und Leistungen von smartsteuer \u2665 Viel Service f\u00fcr wenig Geld \u21d2 Deine perfekte Steuererkl\u00e4rung ab 7,99 \u20ac pro Abgabe.","og_url":"https:\/\/www.smartsteuer.de\/online\/preis\/","og_site_name":"smartsteuer","article_publisher":"https:\/\/de-de.facebook.com\/smartsteuer\/","article_modified_time":"2026-04-29T14:12:14+00:00","og_image":[{"width":1200,"height":675,"url":"https:\/\/www.smartsteuer.de\/online\/wp-content\/uploads\/2025\/01\/sst_vorschaubild_1200x675px_01.webp","type":"image\/webp"}],"twitter_card":"summary_large_image","twitter_site":"@smartsteuer","twitter_misc":{"Gesch\u00e4tzte Lesezeit":"3\u00a0Minuten"},"schema":{"@context":"https:\/\/schema.org","@graph":[{"@type":"WebPage","@id":"https:\/\/www.smartsteuer.de\/online\/preis\/","url":"https:\/\/www.smartsteuer.de\/online\/preis\/","name":"Einmal zahlen und 5-mal abgeben: smartsteuer Steuererkl\u00e4rung!","isPartOf":{"@id":"https:\/\/www.smartsteuer.de\/online\/#website"},"primaryImageOfPage":{"@id":"https:\/\/www.smartsteuer.de\/online\/preis\/#primaryimage"},"image":{"@id":"https:\/\/www.smartsteuer.de\/online\/preis\/#primaryimage"},"thumbnailUrl":"https:\/\/www.smartsteuer.de\/online\/wp-content\/themes\/theme-smde\/images\/germany.svg","datePublished":"2025-06-16T08:52:57+00:00","dateModified":"2026-04-29T14:12:14+00:00","description":"Preise und Leistungen von smartsteuer \u2665 Viel Service f\u00fcr wenig Geld \u21d2 Deine perfekte Steuererkl\u00e4rung ab 7,99 \u20ac pro Abgabe.","breadcrumb":{"@id":"https:\/\/www.smartsteuer.de\/online\/preis\/#breadcrumb"},"inLanguage":"de","potentialAction":[{"@type":"ReadAction","target":["https:\/\/www.smartsteuer.de\/online\/preis\/"]}]},{"@type":"ImageObject","inLanguage":"de","@id":"https:\/\/www.smartsteuer.de\/online\/preis\/#primaryimage","url":"https:\/\/www.smartsteuer.de\/online\/wp-content\/themes\/theme-smde\/images\/germany.svg","contentUrl":"https:\/\/www.smartsteuer.de\/online\/wp-content\/themes\/theme-smde\/images\/germany.svg"},{"@type":"BreadcrumbList","@id":"https:\/\/www.smartsteuer.de\/online\/preis\/#breadcrumb","itemListElement":[{"@type":"ListItem","position":1,"name":"Home","item":"https:\/\/www.smartsteuer.de\/online\/"},{"@type":"ListItem","position":2,"name":"Preise-Seite mit Landingpagebaukasten"}]},{"@type":"WebSite","@id":"https:\/\/www.smartsteuer.de\/online\/#website","url":"https:\/\/www.smartsteuer.de\/online\/","name":"smartsteuer","description":"Steuererkl\u00e4rung 2024 online machen &amp; Steuern sparen","publisher":{"@id":"https:\/\/www.smartsteuer.de\/online\/#organization"},"potentialAction":[{"@type":"SearchAction","target":{"@type":"EntryPoint","urlTemplate":"https:\/\/www.smartsteuer.de\/online\/?s={search_term_string}"},"query-input":{"@type":"PropertyValueSpecification","valueRequired":true,"valueName":"search_term_string"}}],"inLanguage":"de"},{"@type":"Organization","@id":"https:\/\/www.smartsteuer.de\/online\/#organization","name":"smartsteuer GmbH","url":"https:\/\/www.smartsteuer.de\/online\/","logo":{"@type":"ImageObject","inLanguage":"de","@id":"https:\/\/www.smartsteuer.de\/online\/#\/schema\/logo\/image\/","url":"https:\/\/www.smartsteuer.de\/online\/wp-content\/uploads\/2024\/11\/Favicon-smartsteuer.png","contentUrl":"https:\/\/www.smartsteuer.de\/online\/wp-content\/uploads\/2024\/11\/Favicon-smartsteuer.png","width":512,"height":512,"caption":"smartsteuer GmbH"},"image":{"@id":"https:\/\/www.smartsteuer.de\/online\/#\/schema\/logo\/image\/"},"sameAs":["https:\/\/de-de.facebook.com\/smartsteuer\/","https:\/\/x.com\/smartsteuer","https:\/\/www.youtube.com\/channel\/UCu02GkFNrMRzwysT2SEmNrQ"]}]}},"_links":{"self":[{"href":"https:\/\/www.smartsteuer.de\/online\/wp-json\/wp\/v2\/pages\/79142","targetHints":{"allow":["GET"]}}],"collection":[{"href":"https:\/\/www.smartsteuer.de\/online\/wp-json\/wp\/v2\/pages"}],"about":[{"href":"https:\/\/www.smartsteuer.de\/online\/wp-json\/wp\/v2\/types\/page"}],"author":[{"embeddable":true,"href":"https:\/\/www.smartsteuer.de\/online\/wp-json\/wp\/v2\/users\/62"}],"replies":[{"embeddable":true,"href":"https:\/\/www.smartsteuer.de\/online\/wp-json\/wp\/v2\/comments?post=79142"}],"version-history":[{"count":82,"href":"https:\/\/www.smartsteuer.de\/online\/wp-json\/wp\/v2\/pages\/79142\/revisions"}],"predecessor-version":[{"id":91057,"href":"https:\/\/www.smartsteuer.de\/online\/wp-json\/wp\/v2\/pages\/79142\/revisions\/91057"}],"wp:attachment":[{"href":"https:\/\/www.smartsteuer.de\/online\/wp-json\/wp\/v2\/media?parent=79142"}],"curies":[{"name":"wp","href":"https:\/\/api.w.org\/{rel}","templated":true}]}}