{"id":80657,"date":"2025-07-10T10:51:17","date_gmt":"2025-07-10T08:51:17","guid":{"rendered":"https:\/\/www.smartsteuer.de\/online\/?page_id=80657"},"modified":"2025-07-11T13:02:59","modified_gmt":"2025-07-11T11:02:59","slug":"export-download-von-steuererklaerungen","status":"publish","type":"page","link":"https:\/\/www.smartsteuer.de\/online\/export-download-von-steuererklaerungen\/","title":{"rendered":"Export \/ Download von Steuererkl\u00e4rungen"},"content":{"rendered":"<div class=\"sui-sheet-wrapper\">\n\t<section class=\"lb-section sui-sheet--up-flat sui-sheet-padding-flat sui-theme-bright\">\n\t\t<div class=\"sui-container \">\n\t\t\t\n<h1>Steuererkl\u00e4rungen exportieren oder herunterladen?<\/h1>\n<p class=\"lead\">Wir bieten Dir 2 M\u00f6glichkeiten an, um Deine Steuererkl\u00e4rung herunterzuladen.<br \/>\nHier erf\u00e4hrst du, wie es geht.<\/p>\n<p>\n\t\t<\/div>\n\t<\/section>\n<\/div><br \/>\n<div class=\"sui-sheet-wrapper\">\n\t<section class=\"lb-section sui-sheet--up-flat sui-sheet-padding-flat sui-theme-bright\">\n\t\t<div class=\"sui-container \">\n\t\t\t<br \/>\n<div class=\"sui-accordion\" id=\"sui-accordion-169d07cf3cfd6c\"><br \/>\n<h3 class=\"sui-accordion-title\">1. Export der Steuererkl\u00e4rung via 'Meine Steuerf\u00e4lle'<\/h3><div class=\"sui-accordion-item \"><br \/>\nNutze die Seite \u201eMeine Steuerf\u00e4lle\u201c, nach dem Login in der Online-Steuererkl\u00e4rung. Suche den Steuerfall, den du exportieren m\u00f6chtest und nutze dann die Funktion \u201eExportieren\u201c. Sie speichert deine Steuererkl\u00e4rung als Datei auf der Festplatte ab. Die Funktion \u201eExportieren\u201c findest Du im Men\u00fc beim Klick auf das Zahnrad-Symbol.<br \/>\n&nbsp;<br \/>\n<a href=\"https:\/\/www.smartsteuer.de\/online\/wp-content\/uploads\/2025\/07\/daten-export-via-dashboard.jpg\"><img decoding=\"async\" src=\"https:\/\/www.smartsteuer.de\/online\/wp-content\/uploads\/2025\/07\/daten-export-via-dashboard.jpg\" alt=\"Export der Steuererkl\u00e4rung von smartsteuer \u00fcber das Dashboard \/ Meine Steuerf\u00e4lle.\" width=\"400\"  \/><\/a><br \/>\n&nbsp;<\/p>\n<p>Auf der Seite \u201eMeine Steuerf\u00e4lle\u201c kannst Du den Button \u201eImportieren\u201c nutzen, um exportierte Steuerf\u00e4lle wieder zu importieren.<br \/>\n<\/div><\/p>\n<p><h3 class=\"sui-accordion-title\">2. Download des maschinenlesbaren ELSTER-PDFs<\/h3><div class=\"sui-accordion-item \"><br \/>\nNach dem Login in die Online-Steuererkl\u00e4rung kannst Du Deine Steuererkl\u00e4rung bearbeiten.<\/p>\n<p>W\u00e4hle im Navigationsbaum auf der linken Seite unter \u201eAbgabe\u201c die Seite \u201eVorschau\u201c aus. Hier findest du die M\u00f6glichkeit, das ELSTER-PDF herunterzuladen. Es enth\u00e4lt alle wichtigen Daten Deiner Steuererkl\u00e4rung.<br \/>\n&nbsp;<br \/>\n<a href=\"https:\/\/www.smartsteuer.de\/online\/wp-content\/uploads\/2025\/07\/daten-export-via-elster-pdf.jpg\"><img decoding=\"async\" src=\"https:\/\/www.smartsteuer.de\/online\/wp-content\/uploads\/2025\/07\/daten-export-via-elster-pdf.jpg\" alt=\"Export \/ Download der Daten \u00fcber maschinenlesbares ELSTER PDF im Bereich &quot;Abgabe&quot; der smartsteuer Online-Steuererkl\u00e4rung.\" width=\"400\" \/><\/a><br \/>\n&nbsp;<br \/>\nWenn du deine Steuererkl\u00e4rung bereits abgegeben hast, findest du das ELSTER-PDF im Bereich \u201eAbgabe\u201c unter \u201eAusdrucken\u201c im Navigationsbaum.<br \/>\n<\/div><br \/>\n<\/div><br \/>\n\n\t\t<\/div>\n\t<\/section>\n<\/div><br \/>\n\n<div class=\"sui-sheet-wrapper\">\n\t<section class=\"lb-section lb-support sui-sheet--up-flat sui-sheet-padding-flat sui-theme-bright\">\n\t\t<div class=\"sui-container\">\n\t\t\t<h2>Hilfe & Technischer Support<\/h2>\n\n\t\t\t\t\t\t\t<p>\n\t\t\t\t\tSchau vorab in unserem Hilfebereich nach, ob Du hier bereits eine Antwort findest! Ansonsten\n\t\t\t\t\tbeantworten wir Deine Fragen auch per Mail.\n\t\t\t\t<\/p>\n\t\t\t\t<a href=\"https:\/\/www.smartsteuer.de\/online\/service\/faq\/\" title=\"FAQ\"\n\t\t\t\t\tclass=\"sui-button-primary mt-2 mb-5\">\n\t\t\t\t\tZur FAQ\n\t\t\t\t<\/a>\n\t\t\t\n\t\t\t<div>\n\t\t\t\t<p>\n\t\t\t\t\tSende uns eine E-Mail mit Deinem Anliegen an<br>\n\t\t\t\t\t<strong>\n\t\t\t\t\t\t<a href=\"mailto:hilfe@smartsteuer.de\">hilfe@smartsteuer.de<\/a>\n\t\t\t\t\t<\/strong>\n\t\t\t\t<\/p>\n\t\t\t\t<div>\n\t\t\t\t\t<img decoding=\"async\" src=\"https:\/\/www.smartsteuer.de\/online\/wp-content\/plugins\/plugin-landingpagebuilder\/src\/elements\/support\/img\/germany.svg\" width=\"35px\" height=\"35\"\n\t\t\t\t\t\talt=\"Email support in German\" title=\"Email-Support auf Deutsch\"\/>\n\t\t\t\t\t<img decoding=\"async\" src=\"https:\/\/www.smartsteuer.de\/online\/wp-content\/plugins\/plugin-landingpagebuilder\/src\/elements\/support\/img\/uk.svg\" width=\"35px\" height=\"35\"\n\t\t\t\t\t\talt=\"Email support in English\" title=\"Email support in English\"\/>\n\t\t\t\t<\/div>\n\t\t\t<\/div>\n\t\t<\/div>\n\t<\/section>\n<\/div>\n<\/p>\n","protected":false},"excerpt":{"rendered":"","protected":false},"author":7,"featured_media":0,"parent":0,"menu_order":0,"comment_status":"closed","ping_status":"closed","template":"landingpage-template.php","meta":{"_acf_changed":false,"footnotes":""},"class_list":["post-80657","page","type-page","status-publish","hentry"],"acf":[],"yoast_head":"<!-- This site is optimized with the Yoast SEO Premium plugin v27.1 (Yoast SEO v27.1.1) - https:\/\/yoast.com\/product\/yoast-seo-premium-wordpress\/ -->\n<title>Export \/ Download von Steuererkl\u00e4rungen<\/title>\n<meta name=\"description\" content=\"Export \/ Download von Steuererkl\u00e4rungen - smartsteuer\" \/>\n<meta name=\"robots\" content=\"index, follow, max-snippet:-1, max-image-preview:large, max-video-preview:-1\" \/>\n<link rel=\"canonical\" href=\"https:\/\/www.smartsteuer.de\/online\/export-download-von-steuererklaerungen\/\" \/>\n<meta property=\"og:locale\" content=\"de_DE\" \/>\n<meta property=\"og:type\" content=\"article\" \/>\n<meta property=\"og:title\" content=\"Export \/ Download von Steuererkl\u00e4rungen\" \/>\n<meta property=\"og:description\" content=\"Export \/ Download von Steuererkl\u00e4rungen - smartsteuer\" \/>\n<meta property=\"og:url\" content=\"https:\/\/www.smartsteuer.de\/online\/export-download-von-steuererklaerungen\/\" \/>\n<meta property=\"og:site_name\" content=\"smartsteuer\" \/>\n<meta property=\"article:publisher\" content=\"https:\/\/de-de.facebook.com\/smartsteuer\/\" \/>\n<meta property=\"article:modified_time\" content=\"2025-07-11T11:02:59+00:00\" \/>\n<meta property=\"og:image\" content=\"https:\/\/www.smartsteuer.de\/online\/wp-content\/uploads\/2025\/07\/daten-export-via-dashboard.jpg\" \/>\n<meta name=\"twitter:card\" content=\"summary_large_image\" \/>\n<meta name=\"twitter:site\" content=\"@smartsteuer\" \/>\n<meta name=\"twitter:label1\" content=\"Gesch\u00e4tzte Lesezeit\" \/>\n\t<meta name=\"twitter:data1\" content=\"2\u00a0Minuten\" \/>\n<script type=\"application\/ld+json\" class=\"yoast-schema-graph\">{\"@context\":\"https:\/\/schema.org\",\"@graph\":[{\"@type\":\"WebPage\",\"@id\":\"https:\/\/www.smartsteuer.de\/online\/export-download-von-steuererklaerungen\/\",\"url\":\"https:\/\/www.smartsteuer.de\/online\/export-download-von-steuererklaerungen\/\",\"name\":\"Export \/ Download von Steuererkl\u00e4rungen\",\"isPartOf\":{\"@id\":\"https:\/\/www.smartsteuer.de\/online\/#website\"},\"primaryImageOfPage\":{\"@id\":\"https:\/\/www.smartsteuer.de\/online\/export-download-von-steuererklaerungen\/#primaryimage\"},\"image\":{\"@id\":\"https:\/\/www.smartsteuer.de\/online\/export-download-von-steuererklaerungen\/#primaryimage\"},\"thumbnailUrl\":\"https:\/\/www.smartsteuer.de\/online\/wp-content\/uploads\/2025\/07\/daten-export-via-dashboard.jpg\",\"datePublished\":\"2025-07-10T08:51:17+00:00\",\"dateModified\":\"2025-07-11T11:02:59+00:00\",\"description\":\"Export \/ Download von Steuererkl\u00e4rungen - smartsteuer\",\"breadcrumb\":{\"@id\":\"https:\/\/www.smartsteuer.de\/online\/export-download-von-steuererklaerungen\/#breadcrumb\"},\"inLanguage\":\"de\",\"potentialAction\":[{\"@type\":\"ReadAction\",\"target\":[\"https:\/\/www.smartsteuer.de\/online\/export-download-von-steuererklaerungen\/\"]}]},{\"@type\":\"ImageObject\",\"inLanguage\":\"de\",\"@id\":\"https:\/\/www.smartsteuer.de\/online\/export-download-von-steuererklaerungen\/#primaryimage\",\"url\":\"https:\/\/www.smartsteuer.de\/online\/wp-content\/uploads\/2025\/07\/daten-export-via-dashboard.jpg\",\"contentUrl\":\"https:\/\/www.smartsteuer.de\/online\/wp-content\/uploads\/2025\/07\/daten-export-via-dashboard.jpg\"},{\"@type\":\"BreadcrumbList\",\"@id\":\"https:\/\/www.smartsteuer.de\/online\/export-download-von-steuererklaerungen\/#breadcrumb\",\"itemListElement\":[{\"@type\":\"ListItem\",\"position\":1,\"name\":\"Home\",\"item\":\"https:\/\/www.smartsteuer.de\/online\/\"},{\"@type\":\"ListItem\",\"position\":2,\"name\":\"Export \/ Download von Steuererkl\u00e4rungen\"}]},{\"@type\":\"WebSite\",\"@id\":\"https:\/\/www.smartsteuer.de\/online\/#website\",\"url\":\"https:\/\/www.smartsteuer.de\/online\/\",\"name\":\"smartsteuer\",\"description\":\"Steuererkl\u00e4rung 2024 online machen &amp; Steuern sparen\",\"publisher\":{\"@id\":\"https:\/\/www.smartsteuer.de\/online\/#organization\"},\"potentialAction\":[{\"@type\":\"SearchAction\",\"target\":{\"@type\":\"EntryPoint\",\"urlTemplate\":\"https:\/\/www.smartsteuer.de\/online\/?s={search_term_string}\"},\"query-input\":{\"@type\":\"PropertyValueSpecification\",\"valueRequired\":true,\"valueName\":\"search_term_string\"}}],\"inLanguage\":\"de\"},{\"@type\":\"Organization\",\"@id\":\"https:\/\/www.smartsteuer.de\/online\/#organization\",\"name\":\"smartsteuer GmbH\",\"url\":\"https:\/\/www.smartsteuer.de\/online\/\",\"logo\":{\"@type\":\"ImageObject\",\"inLanguage\":\"de\",\"@id\":\"https:\/\/www.smartsteuer.de\/online\/#\/schema\/logo\/image\/\",\"url\":\"https:\/\/www.smartsteuer.de\/online\/wp-content\/uploads\/2024\/11\/Favicon-smartsteuer.png\",\"contentUrl\":\"https:\/\/www.smartsteuer.de\/online\/wp-content\/uploads\/2024\/11\/Favicon-smartsteuer.png\",\"width\":512,\"height\":512,\"caption\":\"smartsteuer GmbH\"},\"image\":{\"@id\":\"https:\/\/www.smartsteuer.de\/online\/#\/schema\/logo\/image\/\"},\"sameAs\":[\"https:\/\/de-de.facebook.com\/smartsteuer\/\",\"https:\/\/x.com\/smartsteuer\",\"https:\/\/www.youtube.com\/channel\/UCu02GkFNrMRzwysT2SEmNrQ\"]}]}<\/script>\n<!-- \/ Yoast SEO Premium plugin. -->","yoast_head_json":{"title":"Export \/ Download von Steuererkl\u00e4rungen","description":"Export \/ Download von Steuererkl\u00e4rungen - smartsteuer","robots":{"index":"index","follow":"follow","max-snippet":"max-snippet:-1","max-image-preview":"max-image-preview:large","max-video-preview":"max-video-preview:-1"},"canonical":"https:\/\/www.smartsteuer.de\/online\/export-download-von-steuererklaerungen\/","og_locale":"de_DE","og_type":"article","og_title":"Export \/ Download von Steuererkl\u00e4rungen","og_description":"Export \/ Download von Steuererkl\u00e4rungen - smartsteuer","og_url":"https:\/\/www.smartsteuer.de\/online\/export-download-von-steuererklaerungen\/","og_site_name":"smartsteuer","article_publisher":"https:\/\/de-de.facebook.com\/smartsteuer\/","article_modified_time":"2025-07-11T11:02:59+00:00","og_image":[{"url":"https:\/\/www.smartsteuer.de\/online\/wp-content\/uploads\/2025\/07\/daten-export-via-dashboard.jpg","type":"","width":"","height":""}],"twitter_card":"summary_large_image","twitter_site":"@smartsteuer","twitter_misc":{"Gesch\u00e4tzte Lesezeit":"2\u00a0Minuten"},"schema":{"@context":"https:\/\/schema.org","@graph":[{"@type":"WebPage","@id":"https:\/\/www.smartsteuer.de\/online\/export-download-von-steuererklaerungen\/","url":"https:\/\/www.smartsteuer.de\/online\/export-download-von-steuererklaerungen\/","name":"Export \/ Download von Steuererkl\u00e4rungen","isPartOf":{"@id":"https:\/\/www.smartsteuer.de\/online\/#website"},"primaryImageOfPage":{"@id":"https:\/\/www.smartsteuer.de\/online\/export-download-von-steuererklaerungen\/#primaryimage"},"image":{"@id":"https:\/\/www.smartsteuer.de\/online\/export-download-von-steuererklaerungen\/#primaryimage"},"thumbnailUrl":"https:\/\/www.smartsteuer.de\/online\/wp-content\/uploads\/2025\/07\/daten-export-via-dashboard.jpg","datePublished":"2025-07-10T08:51:17+00:00","dateModified":"2025-07-11T11:02:59+00:00","description":"Export \/ Download von Steuererkl\u00e4rungen - smartsteuer","breadcrumb":{"@id":"https:\/\/www.smartsteuer.de\/online\/export-download-von-steuererklaerungen\/#breadcrumb"},"inLanguage":"de","potentialAction":[{"@type":"ReadAction","target":["https:\/\/www.smartsteuer.de\/online\/export-download-von-steuererklaerungen\/"]}]},{"@type":"ImageObject","inLanguage":"de","@id":"https:\/\/www.smartsteuer.de\/online\/export-download-von-steuererklaerungen\/#primaryimage","url":"https:\/\/www.smartsteuer.de\/online\/wp-content\/uploads\/2025\/07\/daten-export-via-dashboard.jpg","contentUrl":"https:\/\/www.smartsteuer.de\/online\/wp-content\/uploads\/2025\/07\/daten-export-via-dashboard.jpg"},{"@type":"BreadcrumbList","@id":"https:\/\/www.smartsteuer.de\/online\/export-download-von-steuererklaerungen\/#breadcrumb","itemListElement":[{"@type":"ListItem","position":1,"name":"Home","item":"https:\/\/www.smartsteuer.de\/online\/"},{"@type":"ListItem","position":2,"name":"Export \/ Download von Steuererkl\u00e4rungen"}]},{"@type":"WebSite","@id":"https:\/\/www.smartsteuer.de\/online\/#website","url":"https:\/\/www.smartsteuer.de\/online\/","name":"smartsteuer","description":"Steuererkl\u00e4rung 2024 online machen &amp; Steuern sparen","publisher":{"@id":"https:\/\/www.smartsteuer.de\/online\/#organization"},"potentialAction":[{"@type":"SearchAction","target":{"@type":"EntryPoint","urlTemplate":"https:\/\/www.smartsteuer.de\/online\/?s={search_term_string}"},"query-input":{"@type":"PropertyValueSpecification","valueRequired":true,"valueName":"search_term_string"}}],"inLanguage":"de"},{"@type":"Organization","@id":"https:\/\/www.smartsteuer.de\/online\/#organization","name":"smartsteuer GmbH","url":"https:\/\/www.smartsteuer.de\/online\/","logo":{"@type":"ImageObject","inLanguage":"de","@id":"https:\/\/www.smartsteuer.de\/online\/#\/schema\/logo\/image\/","url":"https:\/\/www.smartsteuer.de\/online\/wp-content\/uploads\/2024\/11\/Favicon-smartsteuer.png","contentUrl":"https:\/\/www.smartsteuer.de\/online\/wp-content\/uploads\/2024\/11\/Favicon-smartsteuer.png","width":512,"height":512,"caption":"smartsteuer GmbH"},"image":{"@id":"https:\/\/www.smartsteuer.de\/online\/#\/schema\/logo\/image\/"},"sameAs":["https:\/\/de-de.facebook.com\/smartsteuer\/","https:\/\/x.com\/smartsteuer","https:\/\/www.youtube.com\/channel\/UCu02GkFNrMRzwysT2SEmNrQ"]}]}},"_links":{"self":[{"href":"https:\/\/www.smartsteuer.de\/online\/wp-json\/wp\/v2\/pages\/80657","targetHints":{"allow":["GET"]}}],"collection":[{"href":"https:\/\/www.smartsteuer.de\/online\/wp-json\/wp\/v2\/pages"}],"about":[{"href":"https:\/\/www.smartsteuer.de\/online\/wp-json\/wp\/v2\/types\/page"}],"author":[{"embeddable":true,"href":"https:\/\/www.smartsteuer.de\/online\/wp-json\/wp\/v2\/users\/7"}],"replies":[{"embeddable":true,"href":"https:\/\/www.smartsteuer.de\/online\/wp-json\/wp\/v2\/comments?post=80657"}],"version-history":[{"count":25,"href":"https:\/\/www.smartsteuer.de\/online\/wp-json\/wp\/v2\/pages\/80657\/revisions"}],"predecessor-version":[{"id":80681,"href":"https:\/\/www.smartsteuer.de\/online\/wp-json\/wp\/v2\/pages\/80657\/revisions\/80681"}],"wp:attachment":[{"href":"https:\/\/www.smartsteuer.de\/online\/wp-json\/wp\/v2\/media?parent=80657"}],"curies":[{"name":"wp","href":"https:\/\/api.w.org\/{rel}","templated":true}]}}