{"id":83302,"date":"2025-11-24T15:14:32","date_gmt":"2025-11-24T13:14:32","guid":{"rendered":"https:\/\/www.smartsteuer.de\/online\/?page_id=83302"},"modified":"2026-03-03T09:43:37","modified_gmt":"2026-03-03T07:43:37","slug":"vast-die-vorausgefuellte-steuererklaerung","status":"publish","type":"page","link":"https:\/\/www.smartsteuer.de\/online\/vast-die-vorausgefuellte-steuererklaerung\/","title":{"rendered":"VaSt &#8211; die vorausgef\u00fcllte Steuererkl\u00e4rung"},"content":{"rendered":"<p style=\"text-align: left;\"><div class=\"sui-sheet-wrapper\">\n\t<section class=\"lb-section sui-sheet--up-flat sui-sheet-padding-flat sui-theme-bright\">\n\t\t<div class=\"sui-container \">\n\t\t\t<\/p>\n<h1 style=\"text-align: left;\">VaSt &#8211; die vorausgef\u00fcllte Steuererkl\u00e4rung<\/h1>\n<p style=\"text-align: left;\">Die eigene Steuererkl\u00e4rung in wenigen Minuten erledigen? Tipp-Fehler bei der Eingabe vermeiden? Das geht am besten mit der vorausgef\u00fcllten Steuererkl\u00e4rung oder kurz: VaSt. Ab M\u00e4rz kannst Du einfach Deine Daten vom Finanzamt online abrufen und Deine Daten werden automatisch an der richtigen Stelle in Deine Steuererkl\u00e4rung eingetragen.<\/p>\n<a class='sui-button-cta mt-2 sui-button-xlarge' href='https:\/\/profil.smartsteuer.de\/service-redirect.html?myExternal=lb_default' role='button'>\n\tJetzt starten\t\n<\/a>\n<p>&nbsp;<\/p>\n<div id=\"attachment_83329\" style=\"width: 610px\" class=\"wp-caption alignnone\"><a href=\"https:\/\/www.smartsteuer.de\/online\/wp-content\/uploads\/2025\/10\/Screenshot-2025-10-22-143352.png\"><img loading=\"lazy\" decoding=\"async\" aria-describedby=\"caption-attachment-83329\" class=\"wp-image-83329\" src=\"https:\/\/www.smartsteuer.de\/online\/wp-content\/uploads\/2025\/10\/Screenshot-2025-10-22-143352-300x234.png\" alt=\"Datenabruf f\u00fcr die vorausgef\u00fcllte Steuererkl\u00e4rung\" width=\"600\" height=\"469\" srcset=\"https:\/\/www.smartsteuer.de\/online\/wp-content\/uploads\/2025\/10\/Screenshot-2025-10-22-143352-300x234.png 300w, https:\/\/www.smartsteuer.de\/online\/wp-content\/uploads\/2025\/10\/Screenshot-2025-10-22-143352-1024x800.png 1024w, https:\/\/www.smartsteuer.de\/online\/wp-content\/uploads\/2025\/10\/Screenshot-2025-10-22-143352-768x600.png 768w, https:\/\/www.smartsteuer.de\/online\/wp-content\/uploads\/2025\/10\/Screenshot-2025-10-22-143352-1536x1200.png 1536w, https:\/\/www.smartsteuer.de\/online\/wp-content\/uploads\/2025\/10\/Screenshot-2025-10-22-143352.png 1549w\" sizes=\"auto, (max-width: 600px) 100vw, 600px\" \/><\/a><p id=\"caption-attachment-83329\" class=\"wp-caption-text\">VaSt Antrag<\/p><\/div>\n<h2 style=\"text-align: left;\"><strong>Was ist VaSt?<\/strong><\/h2>\n<p style=\"text-align: left;\">Viele Finanzdaten, zum Beispiel von Deinem Arbeitgeber oder der Kranken- oder Rentenkasse werden direkt elektronisch an das Finanzamt \u00fcbermittelt. Diese Daten liegen also bereits vor und trotzdem m\u00fcssen sie auch in Deine Steuererkl\u00e4rung. Mit VaSt kannst Du diesen Schritt mit wenigen Klicks erledigen. Der Abruf ist in der Regel ab Ende M\u00e4rz bei Deinem zust\u00e4ndigen Finanzamt m\u00f6glich, dann stehen alle Daten vollst\u00e4ndig und aktuell bereit.<\/p>\n<h3 style=\"text-align: left;\"><strong>Um welche Daten handelt es sich bei der VaSt?<\/strong><\/h3>\n<p style=\"text-align: left;\">Diese Daten kannst Du durch VaSt abrufen lassen:<\/p>\n<ul style=\"text-align: left;\">\n<li aria-level=\"1\">die Stammdaten, wie Name, Adresse, Konfession und Steuernummer,<\/li>\n<li aria-level=\"1\">die Daten Deiner Lohnsteuerbescheinigung, Brutto, Lohnsteuer, Solidarit\u00e4tszuschlag und gegebenenfalls Kirchensteuer<\/li>\n<li aria-level=\"1\">Rentenzahlungen bei Steuerzahlenden im Ruhestand,<\/li>\n<li aria-level=\"1\">die Sozialversicherungsbeitr\u00e4ge, also Kranken-, Pflege-, Renten- und Arbeitslosenversicherung<\/li>\n<li aria-level=\"1\">Beitr\u00e4ge zur Altersvorsorge mit Riester- und R\u00fcrup-Rente.<\/li>\n<li aria-level=\"1\">die Kapitalertr\u00e4ge mit Freistellungstellungsauftrag<\/li>\n<li aria-level=\"1\">die Beitr\u00e4ge zu Verm\u00f6genswirksamenleistungen<\/li>\n<li aria-level=\"1\">Spendenzahlungen<\/li>\n<\/ul>\n<h3 style=\"text-align: left;\"><strong>Wie funktioniert die vorausgef\u00fcllte Steuererkl\u00e4rung?<\/strong><\/h3>\n<p style=\"text-align: left;\">Um solche pers\u00f6nlichen Daten vom Finanzamt abrufen zu k\u00f6nnen, muss vorher Deine Identit\u00e4t best\u00e4tigt werden. Vorteil als smartsteuer Kunde: Du kannst dir die zus\u00e4tzliche Authentifizierung sparen.<\/p>\n<p>&nbsp;<\/p>\n<div id=\"attachment_83353\" style=\"width: 610px\" class=\"wp-caption alignnone\"><a href=\"https:\/\/www.smartsteuer.de\/online\/wp-content\/uploads\/2025\/10\/Screenshot-2025-10-22-143513.png\"><img loading=\"lazy\" decoding=\"async\" aria-describedby=\"caption-attachment-83353\" class=\"wp-image-83353\" src=\"https:\/\/www.smartsteuer.de\/online\/wp-content\/uploads\/2025\/10\/Screenshot-2025-10-22-143513-300x150.png\" alt=\"VaSt Datenabruf\" width=\"600\" height=\"300\" srcset=\"https:\/\/www.smartsteuer.de\/online\/wp-content\/uploads\/2025\/10\/Screenshot-2025-10-22-143513-300x150.png 300w, https:\/\/www.smartsteuer.de\/online\/wp-content\/uploads\/2025\/10\/Screenshot-2025-10-22-143513-1024x512.png 1024w, https:\/\/www.smartsteuer.de\/online\/wp-content\/uploads\/2025\/10\/Screenshot-2025-10-22-143513-768x384.png 768w, https:\/\/www.smartsteuer.de\/online\/wp-content\/uploads\/2025\/10\/Screenshot-2025-10-22-143513-1536x769.png 1536w, https:\/\/www.smartsteuer.de\/online\/wp-content\/uploads\/2025\/10\/Screenshot-2025-10-22-143513-2048x1025.png 2048w\" sizes=\"auto, (max-width: 600px) 100vw, 600px\" \/><\/a><p id=\"caption-attachment-83353\" class=\"wp-caption-text\">VaSt bereit zum Datenabruf<\/p><\/div>\n<h3 style=\"text-align: left;\">Fazit<\/h3>\n<p style=\"text-align: left;\">Die vorausgef\u00fcllte Steuererkl\u00e4rung (VaSt) spart Dir wirklich viel Zeit. Au\u00dferdem kannst Du diese Funktion jedes Jahr erneut nutzen, sodass Du Deine Steuererkl\u00e4rung mit nur einem Klick erledigen kannst und Dir so ganz einfach Deine Erstattung sicherst. Mit smartsteuer kannst Du sogar bis zu vier Jahre r\u00fcckwirkend Deine Steuererkl\u00e4rungen abgeben und dadurch gleich mehrfach profitieren.<\/p>\n<a class='sui-button-cta mt-2 sui-button-xlarge' href='https:\/\/profil.smartsteuer.de\/service-redirect.html?myExternal=lb_default' role='button'>\n\tJetzt starten\t\n<\/a>\n<p>\n\t\t<\/div>\n\t<\/section>\n<\/div><\/p>\n","protected":false},"excerpt":{"rendered":"","protected":false},"author":47,"featured_media":0,"parent":0,"menu_order":0,"comment_status":"closed","ping_status":"closed","template":"landingpage-template.php","meta":{"_acf_changed":false,"footnotes":""},"class_list":["post-83302","page","type-page","status-publish","hentry"],"acf":[],"yoast_head":"<!-- This site is optimized with the Yoast SEO Premium plugin v27.1 (Yoast SEO v27.1.1) - https:\/\/yoast.com\/product\/yoast-seo-premium-wordpress\/ -->\n<title>VaSt - die vorausgef\u00fcllte Steuererkl\u00e4rung<\/title>\n<meta name=\"description\" content=\"VaSt - die vorausgef\u00fcllte Steuererkl\u00e4rung - smartsteuer\" \/>\n<meta name=\"robots\" content=\"index, follow, max-snippet:-1, max-image-preview:large, max-video-preview:-1\" \/>\n<link rel=\"canonical\" href=\"https:\/\/www.smartsteuer.de\/online\/vast-die-vorausgefuellte-steuererklaerung\/\" \/>\n<meta property=\"og:locale\" content=\"de_DE\" \/>\n<meta property=\"og:type\" content=\"article\" \/>\n<meta property=\"og:title\" content=\"VaSt - die vorausgef\u00fcllte Steuererkl\u00e4rung\" \/>\n<meta property=\"og:description\" content=\"VaSt - die vorausgef\u00fcllte Steuererkl\u00e4rung - smartsteuer\" \/>\n<meta property=\"og:url\" content=\"https:\/\/www.smartsteuer.de\/online\/vast-die-vorausgefuellte-steuererklaerung\/\" \/>\n<meta property=\"og:site_name\" content=\"smartsteuer\" \/>\n<meta property=\"article:publisher\" content=\"https:\/\/de-de.facebook.com\/smartsteuer\/\" \/>\n<meta property=\"article:modified_time\" content=\"2026-03-03T07:43:37+00:00\" \/>\n<meta property=\"og:image\" content=\"https:\/\/www.smartsteuer.de\/online\/wp-content\/uploads\/2025\/10\/Screenshot-2025-10-22-143352-300x234.png\" \/>\n<meta name=\"twitter:card\" content=\"summary_large_image\" \/>\n<meta name=\"twitter:site\" content=\"@smartsteuer\" \/>\n<meta name=\"twitter:label1\" content=\"Gesch\u00e4tzte Lesezeit\" \/>\n\t<meta name=\"twitter:data1\" content=\"3\u00a0Minuten\" \/>\n<script type=\"application\/ld+json\" class=\"yoast-schema-graph\">{\"@context\":\"https:\/\/schema.org\",\"@graph\":[{\"@type\":\"WebPage\",\"@id\":\"https:\/\/www.smartsteuer.de\/online\/vast-die-vorausgefuellte-steuererklaerung\/\",\"url\":\"https:\/\/www.smartsteuer.de\/online\/vast-die-vorausgefuellte-steuererklaerung\/\",\"name\":\"VaSt - die vorausgef\u00fcllte Steuererkl\u00e4rung\",\"isPartOf\":{\"@id\":\"https:\/\/www.smartsteuer.de\/online\/#website\"},\"primaryImageOfPage\":{\"@id\":\"https:\/\/www.smartsteuer.de\/online\/vast-die-vorausgefuellte-steuererklaerung\/#primaryimage\"},\"image\":{\"@id\":\"https:\/\/www.smartsteuer.de\/online\/vast-die-vorausgefuellte-steuererklaerung\/#primaryimage\"},\"thumbnailUrl\":\"https:\/\/www.smartsteuer.de\/online\/wp-content\/uploads\/2025\/10\/Screenshot-2025-10-22-143352-300x234.png\",\"datePublished\":\"2025-11-24T13:14:32+00:00\",\"dateModified\":\"2026-03-03T07:43:37+00:00\",\"description\":\"VaSt - die vorausgef\u00fcllte Steuererkl\u00e4rung - smartsteuer\",\"breadcrumb\":{\"@id\":\"https:\/\/www.smartsteuer.de\/online\/vast-die-vorausgefuellte-steuererklaerung\/#breadcrumb\"},\"inLanguage\":\"de\",\"potentialAction\":[{\"@type\":\"ReadAction\",\"target\":[\"https:\/\/www.smartsteuer.de\/online\/vast-die-vorausgefuellte-steuererklaerung\/\"]}]},{\"@type\":\"ImageObject\",\"inLanguage\":\"de\",\"@id\":\"https:\/\/www.smartsteuer.de\/online\/vast-die-vorausgefuellte-steuererklaerung\/#primaryimage\",\"url\":\"https:\/\/www.smartsteuer.de\/online\/wp-content\/uploads\/2025\/10\/Screenshot-2025-10-22-143352.png\",\"contentUrl\":\"https:\/\/www.smartsteuer.de\/online\/wp-content\/uploads\/2025\/10\/Screenshot-2025-10-22-143352.png\",\"width\":1549,\"height\":1210},{\"@type\":\"BreadcrumbList\",\"@id\":\"https:\/\/www.smartsteuer.de\/online\/vast-die-vorausgefuellte-steuererklaerung\/#breadcrumb\",\"itemListElement\":[{\"@type\":\"ListItem\",\"position\":1,\"name\":\"Home\",\"item\":\"https:\/\/www.smartsteuer.de\/online\/\"},{\"@type\":\"ListItem\",\"position\":2,\"name\":\"VaSt &#8211; die vorausgef\u00fcllte Steuererkl\u00e4rung\"}]},{\"@type\":\"WebSite\",\"@id\":\"https:\/\/www.smartsteuer.de\/online\/#website\",\"url\":\"https:\/\/www.smartsteuer.de\/online\/\",\"name\":\"smartsteuer\",\"description\":\"Steuererkl\u00e4rung 2024 online machen &amp; Steuern sparen\",\"publisher\":{\"@id\":\"https:\/\/www.smartsteuer.de\/online\/#organization\"},\"potentialAction\":[{\"@type\":\"SearchAction\",\"target\":{\"@type\":\"EntryPoint\",\"urlTemplate\":\"https:\/\/www.smartsteuer.de\/online\/?s={search_term_string}\"},\"query-input\":{\"@type\":\"PropertyValueSpecification\",\"valueRequired\":true,\"valueName\":\"search_term_string\"}}],\"inLanguage\":\"de\"},{\"@type\":\"Organization\",\"@id\":\"https:\/\/www.smartsteuer.de\/online\/#organization\",\"name\":\"smartsteuer GmbH\",\"url\":\"https:\/\/www.smartsteuer.de\/online\/\",\"logo\":{\"@type\":\"ImageObject\",\"inLanguage\":\"de\",\"@id\":\"https:\/\/www.smartsteuer.de\/online\/#\/schema\/logo\/image\/\",\"url\":\"https:\/\/www.smartsteuer.de\/online\/wp-content\/uploads\/2024\/11\/Favicon-smartsteuer.png\",\"contentUrl\":\"https:\/\/www.smartsteuer.de\/online\/wp-content\/uploads\/2024\/11\/Favicon-smartsteuer.png\",\"width\":512,\"height\":512,\"caption\":\"smartsteuer GmbH\"},\"image\":{\"@id\":\"https:\/\/www.smartsteuer.de\/online\/#\/schema\/logo\/image\/\"},\"sameAs\":[\"https:\/\/de-de.facebook.com\/smartsteuer\/\",\"https:\/\/x.com\/smartsteuer\",\"https:\/\/www.youtube.com\/channel\/UCu02GkFNrMRzwysT2SEmNrQ\"]}]}<\/script>\n<!-- \/ Yoast SEO Premium plugin. -->","yoast_head_json":{"title":"VaSt - die vorausgef\u00fcllte Steuererkl\u00e4rung","description":"VaSt - die vorausgef\u00fcllte Steuererkl\u00e4rung - smartsteuer","robots":{"index":"index","follow":"follow","max-snippet":"max-snippet:-1","max-image-preview":"max-image-preview:large","max-video-preview":"max-video-preview:-1"},"canonical":"https:\/\/www.smartsteuer.de\/online\/vast-die-vorausgefuellte-steuererklaerung\/","og_locale":"de_DE","og_type":"article","og_title":"VaSt - die vorausgef\u00fcllte Steuererkl\u00e4rung","og_description":"VaSt - die vorausgef\u00fcllte Steuererkl\u00e4rung - smartsteuer","og_url":"https:\/\/www.smartsteuer.de\/online\/vast-die-vorausgefuellte-steuererklaerung\/","og_site_name":"smartsteuer","article_publisher":"https:\/\/de-de.facebook.com\/smartsteuer\/","article_modified_time":"2026-03-03T07:43:37+00:00","og_image":[{"url":"https:\/\/www.smartsteuer.de\/online\/wp-content\/uploads\/2025\/10\/Screenshot-2025-10-22-143352-300x234.png","type":"","width":"","height":""}],"twitter_card":"summary_large_image","twitter_site":"@smartsteuer","twitter_misc":{"Gesch\u00e4tzte Lesezeit":"3\u00a0Minuten"},"schema":{"@context":"https:\/\/schema.org","@graph":[{"@type":"WebPage","@id":"https:\/\/www.smartsteuer.de\/online\/vast-die-vorausgefuellte-steuererklaerung\/","url":"https:\/\/www.smartsteuer.de\/online\/vast-die-vorausgefuellte-steuererklaerung\/","name":"VaSt - die vorausgef\u00fcllte Steuererkl\u00e4rung","isPartOf":{"@id":"https:\/\/www.smartsteuer.de\/online\/#website"},"primaryImageOfPage":{"@id":"https:\/\/www.smartsteuer.de\/online\/vast-die-vorausgefuellte-steuererklaerung\/#primaryimage"},"image":{"@id":"https:\/\/www.smartsteuer.de\/online\/vast-die-vorausgefuellte-steuererklaerung\/#primaryimage"},"thumbnailUrl":"https:\/\/www.smartsteuer.de\/online\/wp-content\/uploads\/2025\/10\/Screenshot-2025-10-22-143352-300x234.png","datePublished":"2025-11-24T13:14:32+00:00","dateModified":"2026-03-03T07:43:37+00:00","description":"VaSt - die vorausgef\u00fcllte Steuererkl\u00e4rung - smartsteuer","breadcrumb":{"@id":"https:\/\/www.smartsteuer.de\/online\/vast-die-vorausgefuellte-steuererklaerung\/#breadcrumb"},"inLanguage":"de","potentialAction":[{"@type":"ReadAction","target":["https:\/\/www.smartsteuer.de\/online\/vast-die-vorausgefuellte-steuererklaerung\/"]}]},{"@type":"ImageObject","inLanguage":"de","@id":"https:\/\/www.smartsteuer.de\/online\/vast-die-vorausgefuellte-steuererklaerung\/#primaryimage","url":"https:\/\/www.smartsteuer.de\/online\/wp-content\/uploads\/2025\/10\/Screenshot-2025-10-22-143352.png","contentUrl":"https:\/\/www.smartsteuer.de\/online\/wp-content\/uploads\/2025\/10\/Screenshot-2025-10-22-143352.png","width":1549,"height":1210},{"@type":"BreadcrumbList","@id":"https:\/\/www.smartsteuer.de\/online\/vast-die-vorausgefuellte-steuererklaerung\/#breadcrumb","itemListElement":[{"@type":"ListItem","position":1,"name":"Home","item":"https:\/\/www.smartsteuer.de\/online\/"},{"@type":"ListItem","position":2,"name":"VaSt &#8211; die vorausgef\u00fcllte Steuererkl\u00e4rung"}]},{"@type":"WebSite","@id":"https:\/\/www.smartsteuer.de\/online\/#website","url":"https:\/\/www.smartsteuer.de\/online\/","name":"smartsteuer","description":"Steuererkl\u00e4rung 2024 online machen &amp; Steuern sparen","publisher":{"@id":"https:\/\/www.smartsteuer.de\/online\/#organization"},"potentialAction":[{"@type":"SearchAction","target":{"@type":"EntryPoint","urlTemplate":"https:\/\/www.smartsteuer.de\/online\/?s={search_term_string}"},"query-input":{"@type":"PropertyValueSpecification","valueRequired":true,"valueName":"search_term_string"}}],"inLanguage":"de"},{"@type":"Organization","@id":"https:\/\/www.smartsteuer.de\/online\/#organization","name":"smartsteuer GmbH","url":"https:\/\/www.smartsteuer.de\/online\/","logo":{"@type":"ImageObject","inLanguage":"de","@id":"https:\/\/www.smartsteuer.de\/online\/#\/schema\/logo\/image\/","url":"https:\/\/www.smartsteuer.de\/online\/wp-content\/uploads\/2024\/11\/Favicon-smartsteuer.png","contentUrl":"https:\/\/www.smartsteuer.de\/online\/wp-content\/uploads\/2024\/11\/Favicon-smartsteuer.png","width":512,"height":512,"caption":"smartsteuer GmbH"},"image":{"@id":"https:\/\/www.smartsteuer.de\/online\/#\/schema\/logo\/image\/"},"sameAs":["https:\/\/de-de.facebook.com\/smartsteuer\/","https:\/\/x.com\/smartsteuer","https:\/\/www.youtube.com\/channel\/UCu02GkFNrMRzwysT2SEmNrQ"]}]}},"_links":{"self":[{"href":"https:\/\/www.smartsteuer.de\/online\/wp-json\/wp\/v2\/pages\/83302","targetHints":{"allow":["GET"]}}],"collection":[{"href":"https:\/\/www.smartsteuer.de\/online\/wp-json\/wp\/v2\/pages"}],"about":[{"href":"https:\/\/www.smartsteuer.de\/online\/wp-json\/wp\/v2\/types\/page"}],"author":[{"embeddable":true,"href":"https:\/\/www.smartsteuer.de\/online\/wp-json\/wp\/v2\/users\/47"}],"replies":[{"embeddable":true,"href":"https:\/\/www.smartsteuer.de\/online\/wp-json\/wp\/v2\/comments?post=83302"}],"version-history":[{"count":32,"href":"https:\/\/www.smartsteuer.de\/online\/wp-json\/wp\/v2\/pages\/83302\/revisions"}],"predecessor-version":[{"id":87778,"href":"https:\/\/www.smartsteuer.de\/online\/wp-json\/wp\/v2\/pages\/83302\/revisions\/87778"}],"wp:attachment":[{"href":"https:\/\/www.smartsteuer.de\/online\/wp-json\/wp\/v2\/media?parent=83302"}],"curies":[{"name":"wp","href":"https:\/\/api.w.org\/{rel}","templated":true}]}}