{"id":83680,"date":"2025-11-03T14:04:35","date_gmt":"2025-11-03T12:04:35","guid":{"rendered":"https:\/\/www.smartsteuer.de\/online\/?page_id=83680"},"modified":"2025-11-17T11:38:49","modified_gmt":"2025-11-17T09:38:49","slug":"anlage-aus-ausfuellhilfe","status":"publish","type":"page","link":"https:\/\/www.smartsteuer.de\/online\/ausfuellhilfen\/anlage-aus-ausfuellhilfe\/","title":{"rendered":"Anlage AUS \u2013 Ausf\u00fcllhilfe"},"content":{"rendered":"<div class=\"lb-inline-tipp p-4 my-4 my-sm-5\">\n\t<div class=\"lb-inline-tipp-title\">\n\t\t<i class=\"fa-solid fa-lightbulb\" aria-hidden=\"true\"><\/i>Hinweis\n\t<\/div>\n\t<div class=\"lb-inline-tipp-content\">\n\t\t<\/p>\n<p>Alle Steuererkl\u00e4rungen m\u00fcssen ab 01.01.2025 digital eingereicht werden. Ausnahmen gelten f\u00fcr Rentner und Angestellte, die keine weiteren steuerpflichtigen Einnahmen neben Lohn oder Rente haben.<\/p>\n<p>\n\t<\/div>\n<\/div>\t       \n<p>Auf dieser Seite erkl\u00e4ren wir Ihnen, wer die Anlage AUS (Ausl\u00e4ndische Eink\u00fcnfte) ausf\u00fcllen muss, wie Sie die Anlage AUS richtig ausf\u00fcllen und was Sie dabei unbedingt beachten sollten.<\/p>\n<p>Nachfolgend wird diesen Themen Beachtung geschenkt:<\/p>\n\n<h2>Wer muss die Anlage AUS ausf\u00fcllen?<\/h2>\n<p>Abgeben m\u00fcssen Sie die Anlage AUS grunds\u00e4tzlich dann, wenn Sie Eink\u00fcnfte aus dem Ausland bezogen haben (wobei es sich bei diesen Eink\u00fcnften sowohl um Kapitalertr\u00e4ge als auch um Arbeitslohn handeln kann)\u00a0<em>und <\/em>es sich um Eink\u00fcnfte handelt,<\/p>\n<ul>\n<li>die im Inland steuerpflichtig sind und Sie sich diese auf Ihre Einkommensteuer anrechnen lassen m\u00f6chten<\/li>\n<li>die in Deutschland steuerfrei sind und sich auf den Steuersatz Ihrer inl\u00e4ndischen Eink\u00fcnfte auswirken, ohne selbst besteuert zu werden (\u201eProgressionsvorbehalt\u201c).<\/li>\n<\/ul>\n<div class=\"lb-inline-tipp p-4 my-4 my-sm-5\">\n\t<div class=\"lb-inline-tipp-title\">\n\t\t<i class=\"fa-solid fa-lightbulb\" aria-hidden=\"true\"><\/i>Hinweis\n\t<\/div>\n\t<div class=\"lb-inline-tipp-content\">\n\t\t<\/p>\n<p>Eink\u00fcnfte aus Kapitalverm\u00f6gen und Arbeitslohn sind grunds\u00e4tzlich vorzunehmen in den Anlagen N-AUS (Eink\u00fcnfte aus nichtselbstst\u00e4ndiger Arbeit) und KAP (Eink\u00fcnfte aus Kapitalertr\u00e4gen).<\/p>\n<p>\n\t<\/div>\n<\/div>\t       \n<h2>Ausf\u00fcllhilfe zur Anlage &#8222;Ausl\u00e4ndische Eink\u00fcnfte&#8220;<\/h2>\n<h3>\u00dcberblick der Formularinhalte der Anlage AUS<\/h3>\n<table class=\"table\">\n<tbody>\n<tr>\n<td><strong>Seite 1<\/strong><\/td>\n<td><strong>Zeilen 4 bis 10 \u2013 Steuerpflichtige ausl\u00e4ndische Eink\u00fcnfte<\/strong><\/p>\n<p>Die im steuerpflichtigen Eink\u00fcnfte sind grunds\u00e4tzlich auf den Anlagen der entsprechenden Einkunftsart einzutragen, beispielsweise in der Anlage N, der Anlage V oder Anlage KAP.<\/p>\n<p>In den Zeilen 4 bis 10 der Anlage N-AUS beantragen Sie, dass Ihnen im Ausland gezahlte Steuern auf Ihre deutsche Einkommensteuer angerechnet werden.<\/p>\n<p><strong>Zeilen 11 bis 13 &#8211; Anzurechnende ausl\u00e4ndische Steuern<\/strong><\/p>\n<p><strong>Zeilen 15 bis 17 \u2013 Hinzurechnungsbesteuerung<\/strong><\/p>\n<p><strong>(Zeilen 18 bis 20) \u2013 Familienstiftungen<\/strong><\/td>\n<\/tr>\n<tr>\n<td><strong>Seite 2<\/strong><\/td>\n<td><strong>Zeilen 31 bis 35 \u2013 Nicht nach DBA steuerfreie negative Eink\u00fcnfte<\/strong><\/p>\n<p>Nutzen Sie diese Zeilen, um eine Verrechnung ausl\u00e4ndischer Verluste mit positiven (und gleichartigen) Eink\u00fcnften aus demselben Staat in Vor- oder Folgejahren vorzunehmen.<\/p>\n<p><strong>Zeilen 36 bis 44 \u2013 Nach DBA steuerfreie Eink\u00fcnfte \/ Progressionsvorbehalt<\/strong><\/p>\n<p>Nach DBA steuerfreie Eink\u00fcnfte sind ausschlie\u00dflich in der Anlage AUS einzutragen. Diese Einnahmen werden in Deutschland nicht besteuert, wirken sich aber auf die H\u00f6he Ihrer steuerpflichtigen Eink\u00fcnfte aus (&#8222;Progressionsvorbehalt&#8220;)<\/p>\n<p><strong>Zeilen 45 bis 49 \u2013 Nach DBA steuerfreie negative Eink\u00fcnfte<\/strong><\/p>\n<p>Durch eine Eintragung erreichen Sie die Verrechnung ausl\u00e4ndischer Verluste mit entsprechenden positiven Eink\u00fcnfte aus Vorjahren.<\/td>\n<\/tr>\n<\/tbody>\n<\/table>\n<h3>Seite 1 (Zeilen 1 bis 4) \u2013 Grundangaben<\/h3>\n<p>Machen Sie hier zun\u00e4chst Ihre Grundangaben. Tragen Sie Ihren Namen und Vornamen sowie Ihre Steuernummer ein und ggf. die laufende Nummer der Anlage, wenn Sie mehrere Anlagen AUS abgeben.<\/p>\n<p>In einem Vordruck haben Sie die M\u00f6glichkeit, Daten f\u00fcr bis zu 3 Staaten \/ Fonds anzugeben.<\/p>\n<h3>Seite 1 (Zeilen 5 bis 10) \u2013 Eink\u00fcnfte<\/h3>\n<p>Wenn die ausl\u00e4ndischen Eink\u00fcnfte dem Teileink\u00fcnfteverfahren unterliegen, so f\u00fcllen Sie hier die Zeilen 5, 6, 7 und 8 aus.<\/p>\n<p>In Zeile 5 wird geht es zun\u00e4chst um die Quelle der Einkunft, in Zeile 6 wird danach gefragt, in welchen Anlagen (beispielsweise Anlage N-AUS) und Zeilen diese Eink\u00fcnfte enthalten sind. In den Zeilen 7 und 8 machen Sie die gefragten Angaben zur Gesamth\u00f6he der Eink\u00fcnfte (Zeile 7) sowie zur H\u00f6her der in Zeile 7 enthaltenen Eink\u00fcnfte, f\u00fcr die das Teileink\u00fcnfteverfahren greift.<\/p>\n<p>Das Finanzamt wird anschlie\u00dfend pr\u00fcfen, in welchem Umfang eine steuerliche Ber\u00fccksichtigung stattfinden kann. Dies ist von Staat zu Staat verschieden, weshalb in der Anlage AUS alle Daten auch getrennt nach Staaten angegeben werden m\u00fcssen.<\/p>\n<h3>Seite 1 (Zeilen 11 bis 13) \u2013 Anzurechnende ausl\u00e4ndische Steuern<\/h3>\n<h3>Seite 1 (Zeile 14) \u2013 Pauschal zu besteuernde Eink\u00fcnfte<\/h3>\n<h3>Seite 1 (Zeilen 15 bis 17) \u2013 Hinzurechnungsbesteuerung<\/h3>\n<h3>Seite 1 (Zeilen 18 bis 20) \u2013 Familienstiftungen<\/h3>\n<h3>Seite 2 (Zeilen 31 bis 35) \u2013 Nicht nach DBA steuerfreie negative Eink\u00fcnfte<\/h3>\n<h3>Seite 2 (Zeilen 36 bis 44) \u2013 Nach DBA steuerfreie Eink\u00fcnfte \/ Progressionsvorbehalt<\/h3>\n<h3>Seite 2 (Zeilen 45 bis 49) \u2013 Nach DBA steuerfreie negative Eink\u00fcnfte<\/h3>\n<p><strong>\u00c4hnliche Beitr\u00e4ge:<\/strong><\/p>\n<ul>\n<li><a href=\"https:\/\/www.smartsteuer.de\/online\/ausfuellhilfen\/anlage-euer-ausfuellhilfe\/\" rel=\"bookmark\">Anlage E\u00dcR \u2013 Ausf\u00fcllhilfe<\/a><\/li>\n<li><a href=\"https:\/\/www.smartsteuer.de\/online\/ausfuellhilfen\/anlage-v-ausfuellhilfe\/\" rel=\"bookmark\">Anlage V (Eink\u00fcnfte aus Vermietung und Verpachtung) \u2013 Ausf\u00fcllhilfe<\/a><\/li>\n<li><a href=\"https:\/\/www.smartsteuer.de\/online\/ausfuellhilfen\/hauptvordruck-steuererklaerung-ausfuellhilfe\/\" rel=\"bookmark\">Hauptvordruck der Einkommensteuererkl\u00e4rung (ESt 1 A) \u2013 Ausf\u00fcllhilfe<\/a><\/li>\n<li><a href=\"https:\/\/www.smartsteuer.de\/online\/ausfuellhilfen\/anlage-vorsorgeaufwand-ausfuellhilfe\/\" rel=\"bookmark\">Anlage Vorsorgeaufwand \u2013 Ausf\u00fcllhilfe<\/a><\/li>\n<li><a href=\"https:\/\/www.smartsteuer.de\/online\/ausfuellhilfen\/anlage-kind-ausfuellhilfe\/\">Anlage Kind &#8211; Ausf\u00fcllhilfe<\/a><\/li>\n<li><a href=\"https:\/\/www.smartsteuer.de\/online\/ausfuellhilfen\/anlage-av-ausfuellhilfe\/\">Anlage AV<\/a><\/li>\n<\/ul>\n","protected":false},"excerpt":{"rendered":"<p>Auf dieser Seite erkl\u00e4ren wir Ihnen, wer die Anlage AUS (Ausl\u00e4ndische Eink\u00fcnfte) ausf\u00fcllen muss, wie Sie die Anlage AUS richtig ausf\u00fcllen und was Sie dabei unbedingt beachten sollten. Nachfolgend wird diesen Themen Beachtung geschenkt: Wer muss die Anlage AUS ausf\u00fcllen? Abgeben m\u00fcssen Sie die Anlage AUS grunds\u00e4tzlich dann, wenn Sie Eink\u00fcnfte aus dem Ausland bezogen [&hellip;]<\/p>\n","protected":false},"author":47,"featured_media":0,"parent":83992,"menu_order":0,"comment_status":"closed","ping_status":"closed","template":"","meta":{"_acf_changed":false,"footnotes":""},"class_list":["post-83680","page","type-page","status-publish","hentry"],"acf":[],"yoast_head":"<!-- This site is optimized with the Yoast SEO Premium plugin v27.5 (Yoast SEO v27.5) - https:\/\/yoast.com\/product\/yoast-seo-premium-wordpress\/ -->\n<title>Anlage AUS \u2013 Ausf\u00fcllhilfe<\/title>\n<meta name=\"description\" content=\"Anlage Aus - Ausf\u00fcllhilfe f\u00fcr das Formular Ausl\u00e4ndische Eink\u00fcnfte \ud83d\udca1 Hinweise und Tipps f\u00fcr Dich leicht erkl\u00e4rt!\" \/>\n<meta name=\"robots\" content=\"index, follow, max-snippet:-1, max-image-preview:large, max-video-preview:-1\" \/>\n<link rel=\"canonical\" href=\"https:\/\/www.smartsteuer.de\/online\/ausfuellhilfen\/anlage-aus-ausfuellhilfe\/\" \/>\n<meta property=\"og:locale\" content=\"de_DE\" \/>\n<meta property=\"og:type\" content=\"article\" \/>\n<meta property=\"og:title\" content=\"Anlage AUS \u2013 Ausf\u00fcllhilfe\" \/>\n<meta property=\"og:description\" content=\"Anlage Aus - Ausf\u00fcllhilfe f\u00fcr das Formular Ausl\u00e4ndische Eink\u00fcnfte \ud83d\udca1 Hinweise und Tipps f\u00fcr Dich leicht erkl\u00e4rt!\" \/>\n<meta property=\"og:url\" content=\"https:\/\/www.smartsteuer.de\/online\/ausfuellhilfen\/anlage-aus-ausfuellhilfe\/\" \/>\n<meta property=\"og:site_name\" content=\"smartsteuer\" \/>\n<meta property=\"article:publisher\" content=\"https:\/\/de-de.facebook.com\/smartsteuer\/\" \/>\n<meta property=\"article:modified_time\" content=\"2025-11-17T09:38:49+00:00\" \/>\n<meta name=\"twitter:card\" content=\"summary_large_image\" \/>\n<meta name=\"twitter:site\" content=\"@smartsteuer\" \/>\n<meta name=\"twitter:label1\" content=\"Gesch\u00e4tzte Lesezeit\" \/>\n\t<meta name=\"twitter:data1\" content=\"4\u00a0Minuten\" \/>\n<script type=\"application\/ld+json\" class=\"yoast-schema-graph\">{\"@context\":\"https:\\\/\\\/schema.org\",\"@graph\":[{\"@type\":\"WebPage\",\"@id\":\"https:\\\/\\\/www.smartsteuer.de\\\/online\\\/ausfuellhilfen\\\/anlage-aus-ausfuellhilfe\\\/\",\"url\":\"https:\\\/\\\/www.smartsteuer.de\\\/online\\\/ausfuellhilfen\\\/anlage-aus-ausfuellhilfe\\\/\",\"name\":\"Anlage AUS \u2013 Ausf\u00fcllhilfe\",\"isPartOf\":{\"@id\":\"https:\\\/\\\/www.smartsteuer.de\\\/online\\\/#website\"},\"datePublished\":\"2025-11-03T12:04:35+00:00\",\"dateModified\":\"2025-11-17T09:38:49+00:00\",\"description\":\"Anlage Aus - Ausf\u00fcllhilfe f\u00fcr das Formular Ausl\u00e4ndische Eink\u00fcnfte \ud83d\udca1 Hinweise und Tipps f\u00fcr Dich leicht erkl\u00e4rt!\",\"breadcrumb\":{\"@id\":\"https:\\\/\\\/www.smartsteuer.de\\\/online\\\/ausfuellhilfen\\\/anlage-aus-ausfuellhilfe\\\/#breadcrumb\"},\"inLanguage\":\"de\",\"potentialAction\":[{\"@type\":\"ReadAction\",\"target\":[\"https:\\\/\\\/www.smartsteuer.de\\\/online\\\/ausfuellhilfen\\\/anlage-aus-ausfuellhilfe\\\/\"]}]},{\"@type\":\"BreadcrumbList\",\"@id\":\"https:\\\/\\\/www.smartsteuer.de\\\/online\\\/ausfuellhilfen\\\/anlage-aus-ausfuellhilfe\\\/#breadcrumb\",\"itemListElement\":[{\"@type\":\"ListItem\",\"position\":1,\"name\":\"Home\",\"item\":\"https:\\\/\\\/www.smartsteuer.de\\\/online\\\/\"},{\"@type\":\"ListItem\",\"position\":2,\"name\":\"ausfuellhilfen\",\"item\":\"https:\\\/\\\/www.smartsteuer.de\\\/online\\\/ausfuellhilfen\\\/\"},{\"@type\":\"ListItem\",\"position\":3,\"name\":\"Anlage AUS \u2013 Ausf\u00fcllhilfe\"}]},{\"@type\":\"WebSite\",\"@id\":\"https:\\\/\\\/www.smartsteuer.de\\\/online\\\/#website\",\"url\":\"https:\\\/\\\/www.smartsteuer.de\\\/online\\\/\",\"name\":\"smartsteuer\",\"description\":\"Steuererkl\u00e4rung 2024 online machen &amp; Steuern sparen\",\"publisher\":{\"@id\":\"https:\\\/\\\/www.smartsteuer.de\\\/online\\\/#organization\"},\"potentialAction\":[{\"@type\":\"SearchAction\",\"target\":{\"@type\":\"EntryPoint\",\"urlTemplate\":\"https:\\\/\\\/www.smartsteuer.de\\\/online\\\/?s={search_term_string}\"},\"query-input\":{\"@type\":\"PropertyValueSpecification\",\"valueRequired\":true,\"valueName\":\"search_term_string\"}}],\"inLanguage\":\"de\"},{\"@type\":\"Organization\",\"@id\":\"https:\\\/\\\/www.smartsteuer.de\\\/online\\\/#organization\",\"name\":\"smartsteuer GmbH\",\"url\":\"https:\\\/\\\/www.smartsteuer.de\\\/online\\\/\",\"logo\":{\"@type\":\"ImageObject\",\"inLanguage\":\"de\",\"@id\":\"https:\\\/\\\/www.smartsteuer.de\\\/online\\\/#\\\/schema\\\/logo\\\/image\\\/\",\"url\":\"https:\\\/\\\/www.smartsteuer.de\\\/online\\\/wp-content\\\/uploads\\\/2024\\\/11\\\/Favicon-smartsteuer.png\",\"contentUrl\":\"https:\\\/\\\/www.smartsteuer.de\\\/online\\\/wp-content\\\/uploads\\\/2024\\\/11\\\/Favicon-smartsteuer.png\",\"width\":512,\"height\":512,\"caption\":\"smartsteuer GmbH\"},\"image\":{\"@id\":\"https:\\\/\\\/www.smartsteuer.de\\\/online\\\/#\\\/schema\\\/logo\\\/image\\\/\"},\"sameAs\":[\"https:\\\/\\\/de-de.facebook.com\\\/smartsteuer\\\/\",\"https:\\\/\\\/x.com\\\/smartsteuer\",\"https:\\\/\\\/www.youtube.com\\\/channel\\\/UCu02GkFNrMRzwysT2SEmNrQ\"]}]}<\/script>\n<!-- \/ Yoast SEO Premium plugin. -->","yoast_head_json":{"title":"Anlage AUS \u2013 Ausf\u00fcllhilfe","description":"Anlage Aus - Ausf\u00fcllhilfe f\u00fcr das Formular Ausl\u00e4ndische Eink\u00fcnfte \ud83d\udca1 Hinweise und Tipps f\u00fcr Dich leicht erkl\u00e4rt!","robots":{"index":"index","follow":"follow","max-snippet":"max-snippet:-1","max-image-preview":"max-image-preview:large","max-video-preview":"max-video-preview:-1"},"canonical":"https:\/\/www.smartsteuer.de\/online\/ausfuellhilfen\/anlage-aus-ausfuellhilfe\/","og_locale":"de_DE","og_type":"article","og_title":"Anlage AUS \u2013 Ausf\u00fcllhilfe","og_description":"Anlage Aus - Ausf\u00fcllhilfe f\u00fcr das Formular Ausl\u00e4ndische Eink\u00fcnfte \ud83d\udca1 Hinweise und Tipps f\u00fcr Dich leicht erkl\u00e4rt!","og_url":"https:\/\/www.smartsteuer.de\/online\/ausfuellhilfen\/anlage-aus-ausfuellhilfe\/","og_site_name":"smartsteuer","article_publisher":"https:\/\/de-de.facebook.com\/smartsteuer\/","article_modified_time":"2025-11-17T09:38:49+00:00","twitter_card":"summary_large_image","twitter_site":"@smartsteuer","twitter_misc":{"Gesch\u00e4tzte Lesezeit":"4\u00a0Minuten"},"schema":{"@context":"https:\/\/schema.org","@graph":[{"@type":"WebPage","@id":"https:\/\/www.smartsteuer.de\/online\/ausfuellhilfen\/anlage-aus-ausfuellhilfe\/","url":"https:\/\/www.smartsteuer.de\/online\/ausfuellhilfen\/anlage-aus-ausfuellhilfe\/","name":"Anlage AUS \u2013 Ausf\u00fcllhilfe","isPartOf":{"@id":"https:\/\/www.smartsteuer.de\/online\/#website"},"datePublished":"2025-11-03T12:04:35+00:00","dateModified":"2025-11-17T09:38:49+00:00","description":"Anlage Aus - Ausf\u00fcllhilfe f\u00fcr das Formular Ausl\u00e4ndische Eink\u00fcnfte \ud83d\udca1 Hinweise und Tipps f\u00fcr Dich leicht erkl\u00e4rt!","breadcrumb":{"@id":"https:\/\/www.smartsteuer.de\/online\/ausfuellhilfen\/anlage-aus-ausfuellhilfe\/#breadcrumb"},"inLanguage":"de","potentialAction":[{"@type":"ReadAction","target":["https:\/\/www.smartsteuer.de\/online\/ausfuellhilfen\/anlage-aus-ausfuellhilfe\/"]}]},{"@type":"BreadcrumbList","@id":"https:\/\/www.smartsteuer.de\/online\/ausfuellhilfen\/anlage-aus-ausfuellhilfe\/#breadcrumb","itemListElement":[{"@type":"ListItem","position":1,"name":"Home","item":"https:\/\/www.smartsteuer.de\/online\/"},{"@type":"ListItem","position":2,"name":"ausfuellhilfen","item":"https:\/\/www.smartsteuer.de\/online\/ausfuellhilfen\/"},{"@type":"ListItem","position":3,"name":"Anlage AUS \u2013 Ausf\u00fcllhilfe"}]},{"@type":"WebSite","@id":"https:\/\/www.smartsteuer.de\/online\/#website","url":"https:\/\/www.smartsteuer.de\/online\/","name":"smartsteuer","description":"Steuererkl\u00e4rung 2024 online machen &amp; Steuern sparen","publisher":{"@id":"https:\/\/www.smartsteuer.de\/online\/#organization"},"potentialAction":[{"@type":"SearchAction","target":{"@type":"EntryPoint","urlTemplate":"https:\/\/www.smartsteuer.de\/online\/?s={search_term_string}"},"query-input":{"@type":"PropertyValueSpecification","valueRequired":true,"valueName":"search_term_string"}}],"inLanguage":"de"},{"@type":"Organization","@id":"https:\/\/www.smartsteuer.de\/online\/#organization","name":"smartsteuer GmbH","url":"https:\/\/www.smartsteuer.de\/online\/","logo":{"@type":"ImageObject","inLanguage":"de","@id":"https:\/\/www.smartsteuer.de\/online\/#\/schema\/logo\/image\/","url":"https:\/\/www.smartsteuer.de\/online\/wp-content\/uploads\/2024\/11\/Favicon-smartsteuer.png","contentUrl":"https:\/\/www.smartsteuer.de\/online\/wp-content\/uploads\/2024\/11\/Favicon-smartsteuer.png","width":512,"height":512,"caption":"smartsteuer GmbH"},"image":{"@id":"https:\/\/www.smartsteuer.de\/online\/#\/schema\/logo\/image\/"},"sameAs":["https:\/\/de-de.facebook.com\/smartsteuer\/","https:\/\/x.com\/smartsteuer","https:\/\/www.youtube.com\/channel\/UCu02GkFNrMRzwysT2SEmNrQ"]}]}},"_links":{"self":[{"href":"https:\/\/www.smartsteuer.de\/online\/wp-json\/wp\/v2\/pages\/83680","targetHints":{"allow":["GET"]}}],"collection":[{"href":"https:\/\/www.smartsteuer.de\/online\/wp-json\/wp\/v2\/pages"}],"about":[{"href":"https:\/\/www.smartsteuer.de\/online\/wp-json\/wp\/v2\/types\/page"}],"author":[{"embeddable":true,"href":"https:\/\/www.smartsteuer.de\/online\/wp-json\/wp\/v2\/users\/47"}],"replies":[{"embeddable":true,"href":"https:\/\/www.smartsteuer.de\/online\/wp-json\/wp\/v2\/comments?post=83680"}],"version-history":[{"count":13,"href":"https:\/\/www.smartsteuer.de\/online\/wp-json\/wp\/v2\/pages\/83680\/revisions"}],"predecessor-version":[{"id":84151,"href":"https:\/\/www.smartsteuer.de\/online\/wp-json\/wp\/v2\/pages\/83680\/revisions\/84151"}],"up":[{"embeddable":true,"href":"https:\/\/www.smartsteuer.de\/online\/wp-json\/wp\/v2\/pages\/83992"}],"wp:attachment":[{"href":"https:\/\/www.smartsteuer.de\/online\/wp-json\/wp\/v2\/media?parent=83680"}],"curies":[{"name":"wp","href":"https:\/\/api.w.org\/{rel}","templated":true}]}}