{"id":83743,"date":"2025-11-03T14:06:32","date_gmt":"2025-11-03T12:06:32","guid":{"rendered":"https:\/\/www.smartsteuer.de\/online\/?page_id=83743"},"modified":"2025-11-19T09:30:46","modified_gmt":"2025-11-19T07:30:46","slug":"anlage-l-ausfuellhilfe","status":"publish","type":"page","link":"https:\/\/www.smartsteuer.de\/online\/ausfuellhilfen\/anlage-l-ausfuellhilfe\/","title":{"rendered":"Anlage L (Eink\u00fcnfte aus Land- und Forstwirtschaft) \u2013 Ausf\u00fcllhilfe"},"content":{"rendered":"<p><div class=\"lb-inline-tipp p-4 my-4 my-sm-5\">\n\t<div class=\"lb-inline-tipp-title\">\n\t\t<i class=\"fa-solid fa-lightbulb\" aria-hidden=\"true\"><\/i>Hinweis:\n\t<\/div>\n\t<div class=\"lb-inline-tipp-content\">\n\t\tAlle Steuererkl\u00e4rungen m\u00fcssen ab 01.01.2025 digital eingereicht werden. Ausnahmen gelten f\u00fcr Rentner und Angestellte, die keine weiteren steuerpflichtigen Einnahmen neben Lohn oder Rente haben.<br \/>\n\n\t<\/div>\n<\/div>\t       <br \/>\nAuf dieser Seite bieten wir Ihnen eine kostenfreie Ausf\u00fcllhilfe zur Anlage L \u2013 Eink\u00fcnfte aus Land- und Forstwirtschaft. Hier sind Sie also richtig, wenn Sie wissen m\u00f6chten, wie Sie die Anlage L richtig ausf\u00fcllen und auf welche Dinge Sie dabei zu achten haben. Auch wenn Sie sich die Frage stellen, wer die Anlage L \u00fcberhaupt ausf\u00fcllen muss, haben wir f\u00fcr Sie direkt im n\u00e4chsten Abschnitt eine Antwort vorbereitet.<\/p>\n<p>Zusammengefasst werden auf dieser Seite die folgenden Themen behandelt:<\/p>\n\n<h2>Wer muss die Anlage L ausf\u00fcllen?<\/h2>\n<p>Sie m\u00fcssen die Anlage L zusammen mit Ihrer Steuererkl\u00e4rung einreichen, wenn Sie im Veranlagungsjahr Eink\u00fcnfte aus der Land- und Forstwirtschaft erzielt haben, wobei hierzu auch Wein- und Gartenbau z\u00e4hlen.<\/p>\n<p>Auch wenn Sie einen Betrieb mit Eink\u00fcnften aus der Land-und Forstwirtschaft ver\u00e4u\u00dfert oder aufgegeben haben, ist die Anlage L auszuf\u00fcllen. Besonders relevant ist f\u00fcr Sie in diesem Fall die zweite Seite des Steuerformulars.<\/p>\n<p>Die Gewinnermittlung erfolgt bei Betrieben aus der Land- und Forstwirtschaft grunds\u00e4tzlich auf die gleiche Art und Weise wie bei anderen Gewerbebetrieben.<\/p>\n<h2>Ausf\u00fcllhilfe zur Anlage Land- und Forstwirtschaft<\/h2>\n<h3>\u00dcberblick der Formularinhalte der Anlage L<\/h3>\n<table class=\"table\">\n<tbody>\n<tr>\n<td><strong>Seite 1<\/strong><\/td>\n<td><strong>Zeilen 4 bis 15 \u2013 Gewinn<\/strong><\/p>\n<p>Hier geben Sie zun\u00e4chst an, auf welche Art in Ihrem Betrieb aus der Land- und Forstwirtschaft Gewinne ermittelt werden.<\/p>\n<p>Anschlie\u00dfend nutzen Sie die Zeilen 5 bis 15 zur Angabe Ihrer Gewinne.<\/p>\n<p><strong>Zeilen 16 bis 18 \u2013 Sonstiges<\/strong><\/p>\n<p><strong>Zeile 19 \u2013 Antrag nach \u00a7 13a Abs. 2 EStG<\/strong><\/td>\n<\/tr>\n<tr>\n<td><strong>Seite 2<\/strong><\/td>\n<td><strong>Zeilen 31 bis 42 \u2013 Ver\u00e4u\u00dferungsgewinn<\/strong><\/p>\n<p>Wenn Sie Ihren land- oder forstwirtschaftlichen Betrieb aufgegeben oder ver\u00e4u\u00dfert haben, nutzen Sie diese Zeilen um die notwendigen Angaben zu machen.<\/p>\n<p><b>Zeilen 32 bis 52 \u2013 Fl\u00e4chen zu Beginn des Wirtschaftsjahres\u00a0und Fl\u00e4chenver\u00e4nderung nach Beginn des Wirtschaftsjahres<\/b><\/p>\n<p>Hier wird festgestellt, welche Fl\u00e4chen sich zu Beginn des Wirtschaftsjahres im Besitz Ihres Betriebes befunden haben und wie sich der Bestand an Fl\u00e4chen im Laufe des Wirtschaftsjahres ver\u00e4ndert hat.<\/p>\n<p><strong>Zeile 53 \u2013 Betriebsverpachtung<\/strong><\/p>\n<p>Falls Sie Ihren Betrieb verpachtet haben, ist dies in Zeile 53 anzugeben. Au\u00dferdem m\u00fcssen Sie angeben, seit wann Sie den Betrieb verpachtet haben.<\/td>\n<\/tr>\n<tr>\n<td><strong>Seite 3<\/strong><\/td>\n<td><strong>Zeilen 61 bis 66 \u2013 Ver\u00e4u\u00dferung \/ Entnahme von Grundst\u00fccken und immateriellen Wirtschaftsg\u00fctern<\/strong><\/p>\n<p>Wenn Sie im Laufe des Wirtschaftsjahres Grundst\u00fccke oder immaterielle Wirtschaftsg\u00fcter (z.B. Lieferrechte, Zahlungsanspr\u00fcche) ver\u00e4u\u00dfert oder entnommen haben, geben Sie dies hier an.<\/p>\n<p><strong>Zeilen 67 bis 86 \u2013 Tierhaltung<\/strong><\/p>\n<p>Falls Ihr Betrieb im Veranlagungsjahr \u00fcber Tierbest\u00e4nde verf\u00fcgt hat, sind hier detaillierte Angaben zum Jahresdurchschnittsbestand und zur Jahreserzeugung zu machen.<\/p>\n<p>Dies gilt auch f\u00fcr die Pensionstierhaltung und Lohnaufzucht.<\/td>\n<\/tr>\n<tr>\n<td><strong>Seite 4<\/strong><\/td>\n<td><strong>Zeilen 101 bis 105 \u2013 Ermittlung der Gewinne aus der Forstwirtschaft<\/strong><\/p>\n<p>Diese Zeilen dienen ausschlie\u00dflich der Gewinnermittlung forstwirtschaftlicher Betriebe.<\/p>\n<p>Bei kleinen forstwirtschaftlichen Betrieben mit einer Fl\u00e4che bis 50 ha ist es hier m\u00f6glich, f\u00fcr die Holznutzung (auf Antrag) pauschale Betriebskosten abzusetzen.<\/p>\n<p><strong>Zeilen 106 bis 124 \u2013 Eink\u00fcnfte aus au\u00dferordentlichen Holznutzungen nach \u00a7 34b EStG<\/strong><\/td>\n<\/tr>\n<\/tbody>\n<\/table>\n<h3>Seite 1 (Zeilen 1 bis 3) \u2013 Grundangaben<\/h3>\n<p>Tragen Sie bei den Grundangaben Ihre Namen bzw. den Namen Ihrer Gesellschaft und Ihre Steuernummer ein. Geben Sie \u2013 falls Sie mehrere Anlagen L abgeben\u00a0\u2013 auch die laufende Nummer der Anlage an.<\/p>\n<p>Machen Sie auf der rechten Seite au\u00dferdem eine Angabe, ob Sie sich die Anlage L auf die Erkl\u00e4rung der Einkommensteuer oder K\u00f6rperschaftsteuer bezieht oder im Rahmen einer Feststellungserkl\u00e4rung abgegeben wird.<\/p>\n<h3>Seite 1 (Zeilen 4 bis 15) \u2013 Gewinn<\/h3>\n<p>Tragen Sie in Zeile 4 zun\u00e4chst ein, auf welche Art und Weise Ihr Betrieb seine Gewinne ermittelt und geben Sie in der Zeile 5 an, wann das Wirtschaftsjahr Ihres Betriebes begonnen und geendet hat.<\/p>\n<p>In den Zeilen 6 bis 9 geben Sie, je nach Art der Gewinnermittlung und Zeitpunkt der Vereinnahmung, Ihre Gewinne in die entsprechend relevanten Zeilen ein. Wenn Sie an einem Betrieb aus der Land- oder Forstwirtschaft <em>beteiligt<\/em> waren, tragen Sie die Gewinne laut einheitlich und gesonderter Feststellung \u2013 je nach Art der Gewinnermittlung \u2013 entweder in die Zeile 10, 11 oder 12 ein.<\/p>\n<p>Zeile 13 bezieht sich auf Eink\u00fcnfte, bei denen das Teileink\u00fcnfteverfahren greift. Solche Eink\u00fcnfte werden lediglich zu 60% versteuert. Wenn Sie solche Eink\u00fcnfte erzielt haben, kommt der (nicht in den Zeilen 6 bis 11 enthaltene) steuerfreie Teil dieser Eink\u00fcnfte in die Zeile 13.<\/p>\n<h3>Seite 1 (Zeilen 16 bis 18) \u2013 Sonstiges<\/h3>\n<h3>Seite 1 (Zeile 19) \u2013 Antrag nach \u00a7 13a Abs. 2 EStG<\/h3>\n<h3>Seite 2 (Zeilen 31 bis 42) \u2013 Ver\u00e4u\u00dferungsgewinn<\/h3>\n<p>Diesen Zeilen sind f\u00fcr Sie von Wichtigkeit, wenn Sie Ihren Betrieb mit Eink\u00fcnften aus der Land- und Forstwirtschaft ver\u00e4u\u00dfert oder aufgegeben haben.<\/p>\n<p>Hier geht es in erster Linie darum zu erkl\u00e4ren, in welcher H\u00f6he Gewinne angefallen sind, inwiefern Freibetr\u00e4ge greifen und inwieweit das Teileink\u00fcnfteverfahren zum Einsatz kommen kann.<\/p>\n<h3>Seite 2 (Zeilen 32 bis 52) \u2013 Fl\u00e4chen zu Beginn des Wirtschaftsjahrs und Fl\u00e4chenver\u00e4nderung nach Beginn des Wirtschaftsjahres<\/h3>\n<p>Hier sind zun\u00e4chst in den Zeilen 43 bis 50 sehr detaillierte Angaben dar\u00fcber zu machen, welche Fl\u00e4chen sich zu Beginn des Wirtschaftsjahres im Eigentum Ihres Betriebs befunden haben.<\/p>\n<p>Dabei wird unterschieden zwischen<\/p>\n<ul>\n<li>Eigentumsfl\u00e4chen des Betriebsverm\u00f6gens (Zeile 44)<\/li>\n<li>Hof- und Geb\u00e4udefl\u00e4chen (Zeile 45)<\/li>\n<li>Sonstige gepachtete oder unentgeltlich von Dritten \u00fcberlassene Fl\u00e4chen (Zeile 46)<\/li>\n<li>Verpachtete oder unentgeltlich an Dritte \u00fcberlassene Fl\u00e4chen (Zeile 48)<\/li>\n<\/ul>\n<p>Zudem ist am Ende eine Angabe zu machen, welcher Anteil dieser Fl\u00e4chen landwirtschaftlich genutzt wurde und welche Art der landwirtschaftlichen Nutzung stattgefunden hat.<\/p>\n<p>In den Zeilen 51 und 52 sind zudem Angaben dar\u00fcber zu machen, inwieweit sich der Bestand an landwirtschaftlichen Fl\u00e4chen im Laufe des Wirtschaftsjahres erh\u00f6ht (Zeile 51) oder verringert (Zeile 52) hat.<\/p>\n<h3>Seite 2 (Zeile 53) \u2013 Betriebsverpachtung<\/h3>\n<p>Wenn Sie Ihren vollst\u00e4ndigen Betrieb an eine andere Person oder Gesellschaft verpachtet haben, so machen Sie die entsprechende Angabe in der Zeile 53 und geben zus\u00e4tzlich hierzu das Datum an, zu welchem die Pacht begonnen hat.<\/p>\n<h3>Seite 3 (Zeilen 61 bis 66) \u2013 Ver\u00e4u\u00dferung \/ Entnahme von Grundst\u00fccken und immateriellen Wirtschaftsg\u00fctern<\/h3>\n<p>In den Zeilen 61 bis 66 sind Angaben zu machen, wenn Sie Grundst\u00fccke oder immaterielle Wirtschaftsg\u00fcter Ihres land- und forstwirtschaftlichen Betriebs entweder ver\u00e4u\u00dfert oder f\u00fcr private Zwecke entnommen haben.<\/p>\n<p>Zu den immateriellen Wirtschaftsg\u00fctern z\u00e4hlen zum Beispiel Lieferrechte, aber auch Zahlungsanspr\u00fcche.<\/p>\n<p>Wenn dies der Fall war, m\u00fcssen Sie detaillierte Angaben zur katasterm\u00e4\u00dfigen Bezeichnung des Gutes, ggf. der Fl\u00e4che, dem Tag der Ver\u00e4u\u00dferung, dem erzielten Erl\u00f6s, den entstandenen Kosten und den Anschaffungskosten machen.<\/p>\n<h3>Seite 3 (Zeilen 67 bis 86) \u2013 Tierhaltung<\/h3>\n<p>Wenn in Ihrem Betrieb Tierhaltung stattgefunden hat, sind detaillierte Angaben hierzu in den Zeilen 67 bis 86 zu machen.<\/p>\n<p>Dabei geben Sie zu jeder Tierart an, wie viele Tiere sich im Veranlagungsjahr in Ihrem Bestand befunden haben. Auch Tierbest\u00e4nde aus der Pensionstierhaltung (Zeile 86) und der Lohnaufzucht sind hierbei hinzuzuz\u00e4hlen.<\/p>\n<p>Ansonsten beziehen sich die Zeilen 67 bis 76 auf den Jahresdurchschnittsbestand und die Zeilen 77 bis 86 auf die Jahreserzeugung.<\/p>\n<h3>Seite 4 (Zeilen 101 bis 105) \u2013 Ermittlung der Gewinne aus der Forstwirtschaft<\/h3>\n<p>Die Zeilen 101 bis 105 haben Sie nur dann auszuf\u00fcllen, wenn Sie auch tats\u00e4chlich Eink\u00fcnfte aus der Forstwirtschaft erzielt haben.<\/p>\n<p>F\u00fcr die Holznutzung kann dabei in Zeile 101 eine pauschale Abgeltung der Betriebsausgaben beantragt werden. Dies ist m\u00f6glich bei kleinen forstwirtschaftlichen Fl\u00e4chen bis 50 ha.<\/p>\n<p>In Zeile 102 sind Ihre Einnahmen einzutragen, aufgeteilt nach Art der Einnahme, in jeweils andere Spalten. Es wird differenziert zwischen:<\/p>\n<ul>\n<li>Verwertung von Holz aus dem Stamm<\/li>\n<li>Verwertung von eingeschlagenem Holz<\/li>\n<li>\u00dcbrige Forstwirtschaft<\/li>\n<\/ul>\n<p>In Zeile 103 sind ggf. (Antrag in Zeile 101) f\u00fcr Einnahmen aus der Verwertung von Holz aus dem Stamm pauschale Betriebskosten von 20% anzusetzen. Bei Verwertung von eingeschlagenem Holz sind hingegen, falls Sie die Pauschale absetzen (Antrag in Zeile 101), Betriebskosten in H\u00f6he von 55% anzugeben.<\/p>\n<p>Gesondert abziehbare Betriebsausgaben werden in Zeile 104 angegeben und sind in Bezug zu setzen mit den Gesamteinnahmen aus der Holznutzung oder der \u00fcbrigen Forstwirtschaft.<\/p>\n<p>Die eigentliche Ermittlung des gesamten Gewinns aus der Forstwirtschaft ist in Zeile 105 einzutragen.<\/p>\n<h3>Seite 4 (Zeilen 106 bis 124) \u2013 Eink\u00fcnfte aus au\u00dferordentlichen Holznutzungen nach \u00a7 34b EStG<\/h3>\n<h4>\u00c4hnliche Beitr\u00e4ge:<\/h4>\n<ul>\n<li><a title=\"Anlage E\u00dcR \u2013 Ausf\u00fcllhilfe\" href=\"https:\/\/www.smartsteuer.de\/online\/ausfuellhilfen\/anlage-euer-ausfuellhilfe\/\" rel=\"bookmark\">Anlage E\u00dcR \u2013 Ausf\u00fcllhilfe<\/a><\/li>\n<li><a title=\"Anlage N (Eink\u00fcnfte aus nichtselbstst\u00e4ndiger Arbeit) \u2013 Ausf\u00fcllhilfe\" href=\"https:\/\/www.smartsteuer.de\/online\/ausfuellhilfen\/anlage-n-ausfuellhilfe\/\" rel=\"bookmark\">Anlage N (Eink\u00fcnfte aus nichtselbstst\u00e4ndiger Arbeit) \u2013 Ausf\u00fcllhilfe<\/a><\/li>\n<li><a title=\"Anlage V (Eink\u00fcnfte aus Vermietung und Verpachtung) \u2013 Ausf\u00fcllhilfe\" href=\"https:\/\/www.smartsteuer.de\/online\/ausfuellhilfen\/anlage-v-ausfuellhilfe\/\" rel=\"bookmark\">Anlage V (Eink\u00fcnfte aus Vermietung und Verpachtung) \u2013 Ausf\u00fcllhilfe<\/a><\/li>\n<li><a title=\"Hauptvordruck der Einkommensteuererkl\u00e4rung (ESt 1 A) \u2013 Ausf\u00fcllhilfe\" href=\"https:\/\/www.smartsteuer.de\/online\/ausfuellhilfen\/hauptvordruck-steuererklaerung-ausfuellhilfe\/\" rel=\"bookmark\">Hauptvordruck der Einkommensteuererkl\u00e4rung (ESt 1 A) \u2013 Ausf\u00fcllhilfe<\/a><\/li>\n<li><a href=\"https:\/\/www.smartsteuer.de\/online\/ausfuellhilfen\/anlage-k-ausfuellhilfe\/\">Anlage K (Kinderfreibetrag) &#8211; Ausf\u00fcllhilfe<\/a><\/li>\n<\/ul>\n","protected":false},"excerpt":{"rendered":"<p>Auf dieser Seite bieten wir Ihnen eine kostenfreie Ausf\u00fcllhilfe zur Anlage L \u2013 Eink\u00fcnfte aus Land- und Forstwirtschaft. Hier sind Sie also richtig, wenn Sie wissen m\u00f6chten, wie Sie die Anlage L richtig ausf\u00fcllen und auf welche Dinge Sie dabei zu achten haben. Auch wenn Sie sich die Frage stellen, wer die Anlage L \u00fcberhaupt [&hellip;]<\/p>\n","protected":false},"author":47,"featured_media":0,"parent":83992,"menu_order":0,"comment_status":"closed","ping_status":"closed","template":"","meta":{"_acf_changed":false,"footnotes":""},"class_list":["post-83743","page","type-page","status-publish","hentry"],"acf":[],"yoast_head":"<!-- This site is optimized with the Yoast SEO Premium plugin v27.5 (Yoast SEO v27.5) - https:\/\/yoast.com\/product\/yoast-seo-premium-wordpress\/ -->\n<title>Anlage L (Eink\u00fcnfte aus Land- und Forstwirtschaft) \u2013 Ausf\u00fcllhilfe<\/title>\n<meta name=\"description\" content=\"Anlage L (Eink\u00fcnfte aus Land- und Forstwirtschaft) \u2013 Ausf\u00fcllhilfe \ud83d\udca1 Hinweise und Tipps f\u00fcr Dich leicht erkl\u00e4rt!\" \/>\n<meta name=\"robots\" content=\"index, follow, max-snippet:-1, max-image-preview:large, max-video-preview:-1\" \/>\n<link rel=\"canonical\" href=\"https:\/\/www.smartsteuer.de\/online\/ausfuellhilfen\/anlage-l-ausfuellhilfe\/\" \/>\n<meta property=\"og:locale\" content=\"de_DE\" \/>\n<meta property=\"og:type\" content=\"article\" \/>\n<meta property=\"og:title\" content=\"Anlage L (Eink\u00fcnfte aus Land- und Forstwirtschaft) \u2013 Ausf\u00fcllhilfe\" \/>\n<meta property=\"og:description\" content=\"Anlage L (Eink\u00fcnfte aus Land- und Forstwirtschaft) \u2013 Ausf\u00fcllhilfe \ud83d\udca1 Hinweise und Tipps f\u00fcr Dich leicht erkl\u00e4rt!\" \/>\n<meta property=\"og:url\" content=\"https:\/\/www.smartsteuer.de\/online\/ausfuellhilfen\/anlage-l-ausfuellhilfe\/\" \/>\n<meta property=\"og:site_name\" content=\"smartsteuer\" \/>\n<meta property=\"article:publisher\" content=\"https:\/\/de-de.facebook.com\/smartsteuer\/\" \/>\n<meta property=\"article:modified_time\" content=\"2025-11-19T07:30:46+00:00\" \/>\n<meta name=\"twitter:card\" content=\"summary_large_image\" \/>\n<meta name=\"twitter:site\" content=\"@smartsteuer\" \/>\n<meta name=\"twitter:label1\" content=\"Gesch\u00e4tzte Lesezeit\" \/>\n\t<meta name=\"twitter:data1\" content=\"8\u00a0Minuten\" \/>\n<script type=\"application\/ld+json\" class=\"yoast-schema-graph\">{\"@context\":\"https:\\\/\\\/schema.org\",\"@graph\":[{\"@type\":\"WebPage\",\"@id\":\"https:\\\/\\\/www.smartsteuer.de\\\/online\\\/ausfuellhilfen\\\/anlage-l-ausfuellhilfe\\\/\",\"url\":\"https:\\\/\\\/www.smartsteuer.de\\\/online\\\/ausfuellhilfen\\\/anlage-l-ausfuellhilfe\\\/\",\"name\":\"Anlage L (Eink\u00fcnfte aus Land- und Forstwirtschaft) \u2013 Ausf\u00fcllhilfe\",\"isPartOf\":{\"@id\":\"https:\\\/\\\/www.smartsteuer.de\\\/online\\\/#website\"},\"datePublished\":\"2025-11-03T12:06:32+00:00\",\"dateModified\":\"2025-11-19T07:30:46+00:00\",\"description\":\"Anlage L (Eink\u00fcnfte aus Land- und Forstwirtschaft) \u2013 Ausf\u00fcllhilfe \ud83d\udca1 Hinweise und Tipps f\u00fcr Dich leicht erkl\u00e4rt!\",\"breadcrumb\":{\"@id\":\"https:\\\/\\\/www.smartsteuer.de\\\/online\\\/ausfuellhilfen\\\/anlage-l-ausfuellhilfe\\\/#breadcrumb\"},\"inLanguage\":\"de\",\"potentialAction\":[{\"@type\":\"ReadAction\",\"target\":[\"https:\\\/\\\/www.smartsteuer.de\\\/online\\\/ausfuellhilfen\\\/anlage-l-ausfuellhilfe\\\/\"]}]},{\"@type\":\"BreadcrumbList\",\"@id\":\"https:\\\/\\\/www.smartsteuer.de\\\/online\\\/ausfuellhilfen\\\/anlage-l-ausfuellhilfe\\\/#breadcrumb\",\"itemListElement\":[{\"@type\":\"ListItem\",\"position\":1,\"name\":\"Home\",\"item\":\"https:\\\/\\\/www.smartsteuer.de\\\/online\\\/\"},{\"@type\":\"ListItem\",\"position\":2,\"name\":\"ausfuellhilfen\",\"item\":\"https:\\\/\\\/www.smartsteuer.de\\\/online\\\/ausfuellhilfen\\\/\"},{\"@type\":\"ListItem\",\"position\":3,\"name\":\"Anlage L (Eink\u00fcnfte aus Land- und Forstwirtschaft) \u2013 Ausf\u00fcllhilfe\"}]},{\"@type\":\"WebSite\",\"@id\":\"https:\\\/\\\/www.smartsteuer.de\\\/online\\\/#website\",\"url\":\"https:\\\/\\\/www.smartsteuer.de\\\/online\\\/\",\"name\":\"smartsteuer\",\"description\":\"Steuererkl\u00e4rung 2024 online machen &amp; Steuern sparen\",\"publisher\":{\"@id\":\"https:\\\/\\\/www.smartsteuer.de\\\/online\\\/#organization\"},\"potentialAction\":[{\"@type\":\"SearchAction\",\"target\":{\"@type\":\"EntryPoint\",\"urlTemplate\":\"https:\\\/\\\/www.smartsteuer.de\\\/online\\\/?s={search_term_string}\"},\"query-input\":{\"@type\":\"PropertyValueSpecification\",\"valueRequired\":true,\"valueName\":\"search_term_string\"}}],\"inLanguage\":\"de\"},{\"@type\":\"Organization\",\"@id\":\"https:\\\/\\\/www.smartsteuer.de\\\/online\\\/#organization\",\"name\":\"smartsteuer GmbH\",\"url\":\"https:\\\/\\\/www.smartsteuer.de\\\/online\\\/\",\"logo\":{\"@type\":\"ImageObject\",\"inLanguage\":\"de\",\"@id\":\"https:\\\/\\\/www.smartsteuer.de\\\/online\\\/#\\\/schema\\\/logo\\\/image\\\/\",\"url\":\"https:\\\/\\\/www.smartsteuer.de\\\/online\\\/wp-content\\\/uploads\\\/2024\\\/11\\\/Favicon-smartsteuer.png\",\"contentUrl\":\"https:\\\/\\\/www.smartsteuer.de\\\/online\\\/wp-content\\\/uploads\\\/2024\\\/11\\\/Favicon-smartsteuer.png\",\"width\":512,\"height\":512,\"caption\":\"smartsteuer GmbH\"},\"image\":{\"@id\":\"https:\\\/\\\/www.smartsteuer.de\\\/online\\\/#\\\/schema\\\/logo\\\/image\\\/\"},\"sameAs\":[\"https:\\\/\\\/de-de.facebook.com\\\/smartsteuer\\\/\",\"https:\\\/\\\/x.com\\\/smartsteuer\",\"https:\\\/\\\/www.youtube.com\\\/channel\\\/UCu02GkFNrMRzwysT2SEmNrQ\"]}]}<\/script>\n<!-- \/ Yoast SEO Premium plugin. -->","yoast_head_json":{"title":"Anlage L (Eink\u00fcnfte aus Land- und Forstwirtschaft) \u2013 Ausf\u00fcllhilfe","description":"Anlage L (Eink\u00fcnfte aus Land- und Forstwirtschaft) \u2013 Ausf\u00fcllhilfe \ud83d\udca1 Hinweise und Tipps f\u00fcr Dich leicht erkl\u00e4rt!","robots":{"index":"index","follow":"follow","max-snippet":"max-snippet:-1","max-image-preview":"max-image-preview:large","max-video-preview":"max-video-preview:-1"},"canonical":"https:\/\/www.smartsteuer.de\/online\/ausfuellhilfen\/anlage-l-ausfuellhilfe\/","og_locale":"de_DE","og_type":"article","og_title":"Anlage L (Eink\u00fcnfte aus Land- und Forstwirtschaft) \u2013 Ausf\u00fcllhilfe","og_description":"Anlage L (Eink\u00fcnfte aus Land- und Forstwirtschaft) \u2013 Ausf\u00fcllhilfe \ud83d\udca1 Hinweise und Tipps f\u00fcr Dich leicht erkl\u00e4rt!","og_url":"https:\/\/www.smartsteuer.de\/online\/ausfuellhilfen\/anlage-l-ausfuellhilfe\/","og_site_name":"smartsteuer","article_publisher":"https:\/\/de-de.facebook.com\/smartsteuer\/","article_modified_time":"2025-11-19T07:30:46+00:00","twitter_card":"summary_large_image","twitter_site":"@smartsteuer","twitter_misc":{"Gesch\u00e4tzte Lesezeit":"8\u00a0Minuten"},"schema":{"@context":"https:\/\/schema.org","@graph":[{"@type":"WebPage","@id":"https:\/\/www.smartsteuer.de\/online\/ausfuellhilfen\/anlage-l-ausfuellhilfe\/","url":"https:\/\/www.smartsteuer.de\/online\/ausfuellhilfen\/anlage-l-ausfuellhilfe\/","name":"Anlage L (Eink\u00fcnfte aus Land- und Forstwirtschaft) \u2013 Ausf\u00fcllhilfe","isPartOf":{"@id":"https:\/\/www.smartsteuer.de\/online\/#website"},"datePublished":"2025-11-03T12:06:32+00:00","dateModified":"2025-11-19T07:30:46+00:00","description":"Anlage L (Eink\u00fcnfte aus Land- und Forstwirtschaft) \u2013 Ausf\u00fcllhilfe \ud83d\udca1 Hinweise und Tipps f\u00fcr Dich leicht erkl\u00e4rt!","breadcrumb":{"@id":"https:\/\/www.smartsteuer.de\/online\/ausfuellhilfen\/anlage-l-ausfuellhilfe\/#breadcrumb"},"inLanguage":"de","potentialAction":[{"@type":"ReadAction","target":["https:\/\/www.smartsteuer.de\/online\/ausfuellhilfen\/anlage-l-ausfuellhilfe\/"]}]},{"@type":"BreadcrumbList","@id":"https:\/\/www.smartsteuer.de\/online\/ausfuellhilfen\/anlage-l-ausfuellhilfe\/#breadcrumb","itemListElement":[{"@type":"ListItem","position":1,"name":"Home","item":"https:\/\/www.smartsteuer.de\/online\/"},{"@type":"ListItem","position":2,"name":"ausfuellhilfen","item":"https:\/\/www.smartsteuer.de\/online\/ausfuellhilfen\/"},{"@type":"ListItem","position":3,"name":"Anlage L (Eink\u00fcnfte aus Land- und Forstwirtschaft) \u2013 Ausf\u00fcllhilfe"}]},{"@type":"WebSite","@id":"https:\/\/www.smartsteuer.de\/online\/#website","url":"https:\/\/www.smartsteuer.de\/online\/","name":"smartsteuer","description":"Steuererkl\u00e4rung 2024 online machen &amp; Steuern sparen","publisher":{"@id":"https:\/\/www.smartsteuer.de\/online\/#organization"},"potentialAction":[{"@type":"SearchAction","target":{"@type":"EntryPoint","urlTemplate":"https:\/\/www.smartsteuer.de\/online\/?s={search_term_string}"},"query-input":{"@type":"PropertyValueSpecification","valueRequired":true,"valueName":"search_term_string"}}],"inLanguage":"de"},{"@type":"Organization","@id":"https:\/\/www.smartsteuer.de\/online\/#organization","name":"smartsteuer GmbH","url":"https:\/\/www.smartsteuer.de\/online\/","logo":{"@type":"ImageObject","inLanguage":"de","@id":"https:\/\/www.smartsteuer.de\/online\/#\/schema\/logo\/image\/","url":"https:\/\/www.smartsteuer.de\/online\/wp-content\/uploads\/2024\/11\/Favicon-smartsteuer.png","contentUrl":"https:\/\/www.smartsteuer.de\/online\/wp-content\/uploads\/2024\/11\/Favicon-smartsteuer.png","width":512,"height":512,"caption":"smartsteuer GmbH"},"image":{"@id":"https:\/\/www.smartsteuer.de\/online\/#\/schema\/logo\/image\/"},"sameAs":["https:\/\/de-de.facebook.com\/smartsteuer\/","https:\/\/x.com\/smartsteuer","https:\/\/www.youtube.com\/channel\/UCu02GkFNrMRzwysT2SEmNrQ"]}]}},"_links":{"self":[{"href":"https:\/\/www.smartsteuer.de\/online\/wp-json\/wp\/v2\/pages\/83743","targetHints":{"allow":["GET"]}}],"collection":[{"href":"https:\/\/www.smartsteuer.de\/online\/wp-json\/wp\/v2\/pages"}],"about":[{"href":"https:\/\/www.smartsteuer.de\/online\/wp-json\/wp\/v2\/types\/page"}],"author":[{"embeddable":true,"href":"https:\/\/www.smartsteuer.de\/online\/wp-json\/wp\/v2\/users\/47"}],"replies":[{"embeddable":true,"href":"https:\/\/www.smartsteuer.de\/online\/wp-json\/wp\/v2\/comments?post=83743"}],"version-history":[{"count":5,"href":"https:\/\/www.smartsteuer.de\/online\/wp-json\/wp\/v2\/pages\/83743\/revisions"}],"predecessor-version":[{"id":84509,"href":"https:\/\/www.smartsteuer.de\/online\/wp-json\/wp\/v2\/pages\/83743\/revisions\/84509"}],"up":[{"embeddable":true,"href":"https:\/\/www.smartsteuer.de\/online\/wp-json\/wp\/v2\/pages\/83992"}],"wp:attachment":[{"href":"https:\/\/www.smartsteuer.de\/online\/wp-json\/wp\/v2\/media?parent=83743"}],"curies":[{"name":"wp","href":"https:\/\/api.w.org\/{rel}","templated":true}]}}