{"id":83878,"date":"2025-11-03T14:17:27","date_gmt":"2025-11-03T12:17:27","guid":{"rendered":"https:\/\/www.smartsteuer.de\/online\/?page_id=83878"},"modified":"2025-11-19T09:06:05","modified_gmt":"2025-11-19T07:06:05","slug":"anlage-g-ausfuellhilfe","status":"publish","type":"page","link":"https:\/\/www.smartsteuer.de\/online\/ausfuellhilfen\/anlage-g-ausfuellhilfe\/","title":{"rendered":"Anlage G \u2013 Ausf\u00fcllhilfe"},"content":{"rendered":"<p>Auf dieser Seite zeigen erhalten Sie von uns eine Ausf\u00fcllhilfe zur Anlage G der Einkommensteuererkl\u00e4rung. Wir helfen Ihnen dabei, das Steuerformular richtig auszuf\u00fcllen und zeigen Ihnen dabei was Sie beim Ausf\u00fcllen dieser Anlage unbedingt beachten sollten.<\/p>\n<p>Zusammengefasst werden wir uns den folgenden Themen widmen:<\/p>\n\n<h2>Ausf\u00fcllhilfe zur Anlage G<\/h2>\n<h3>\u00dcberblick der Formularinhalte der Anlage G<\/h3>\n<table class=\"table\">\n<tbody>\n<tr>\n<td><strong>Seite 1<\/strong><\/td>\n<td><strong>Zeilen 4 bis 11\u00a0\u2013 Gewinn<\/strong><\/p>\n<p>Hier ist der Gewinn zu erkl\u00e4ren, welcher durch Buchf\u00fchrung bzw. E\u00dcR ermittelt wurde. Bei Beteiligungen an Personengesellschaften (wie beispielsweise einer GbR) ist der anteilige Gewinn anzugeben.<\/p>\n<p><strong>Zeile 15\u00a0\u2013 Erm\u00e4\u00dfigte Besteuerung f\u00fcr im Betrieb verbleibende Gewinne<\/strong><\/p>\n<p>Um eine erm\u00e4\u00dfigte Besteuerung f\u00fcr \u201ethesaurierte\u201c Gewinne zu beantragen, nutzen Sie die Anlage 34a.<\/p>\n<p><strong>Zeilen 16 bis 21 \u2013 Steuererm\u00e4\u00dfigung nach \u00a7 35 EStG<\/strong><\/p>\n<p>In diesen Zeilen k\u00f6nnen Sie eine Steuererm\u00e4\u00dfigung auf die Einkommensteuer beantragen, wenn Sie auf Ihre Betriebsgewinne Gewerbesteuer zahlen.<\/td>\n<\/tr>\n<tr>\n<td><strong>Seite 2<\/strong><\/td>\n<td><strong>Zeilen 31 bis 44 \u2013 Ver\u00e4u\u00dferungsgewinn<\/strong><\/p>\n<p>Sollten Sie Ihren Betrieb ver\u00e4u\u00dfert oder aufgegeben haben, dann m\u00fcssen Sie in diesen Zeilen den ggf. eingetretenen Gewinn angeben.<\/p>\n<p><strong>Zeilen 45 bis 56 \u2013 Sonstiges<\/strong><\/td>\n<\/tr>\n<\/tbody>\n<\/table>\n<div class=\"lb-inline-tipp p-4 my-4 my-sm-5\">\n\t<div class=\"lb-inline-tipp-title\">\n\t\t<i class=\"fa-solid fa-lightbulb\" aria-hidden=\"true\"><\/i>Unser Tipp: Lexware Office Angebot\n\t<\/div>\n\t<div class=\"lb-inline-tipp-content\">\n\t\t<br \/>\nSpar jetzt Zeit &amp; Geld! Buchhaltung &amp; Steuererkl\u00e4rung clever kombinieren! Sichere dir 50 % Neukunden-Rabatt f\u00fcr smartsteuer und nutze Lexware Office 6 Monate kostenfrei.<br \/>\n<a class=\"lb-link sui-button-ghost\" href=\"https:\/\/www.smartsteuer.de\/online\/produkt-kombi-lexware-office-smartsteuer\/\">Angebot<i class=\"fa-solid fa-chevron-right\" aria-hidden=\"true\"><\/i><\/a><br \/>\n\n\t<\/div>\n<\/div>\t       \n<h3>Seite 1 \u2013 Gewinn und zus\u00e4tzliche Angaben bei Steuererm\u00e4\u00dfigung nach \u00a7 35 EStG<\/h3>\n<p><strong>Zeilen 4 bis 6 \u2013 Gewinn\/Verlust bei Einzelunternehmern<\/strong><\/p>\n<p>In diese Zeilen ist der Gewinn oder Verlust von Einzelunternehmen einzutragen, welcher durch Buchf\u00fchrung bzw. E\u00dcR ermittelt wird. Verluste sind mit einem Minuszeichen zu kennzeichnen. Die zur Gewinnermittlung verwendeten Unterlagen m\u00fcssen der Anlage G beigef\u00fcgt werden.<\/p>\n<p>Sollten Gewinne durch die Aufgabe oder Ver\u00e4u\u00dferung eines Betriebs entstanden sein, so ist dies auf Seite 2 gesondert zu erkl\u00e4ren.<\/p>\n<p><strong>Zeile 7 \u2013 Gesonderte Gewinnfeststellung<\/strong><\/p>\n<p>Sollte sich der Betriebssitz im Zust\u00e4ndigkeitsbereich eines anderen Finanzamts befinden, so m\u00fcssen alle Unterlagen f\u00fcr den Betrieb sowie eine \u201eErkl\u00e4rung zur gesonderten Feststellung der Eink\u00fcnfte\u201c beim Finanzamt des Betriebs abgegeben werden.<\/p>\n<p><strong>Zeilen 8 bis 11 \u2013 Beteiligungen<\/strong><\/p>\n<p>Diese Zeilen sind f\u00fcr Sie relevant, wenn Sie oder Ihr Ehegatte Gesellschafter einer Personengesellschaft (beispielsweise einer GbR oder OHG) sind. Der einheitlich und gesondert festgestellte Gewinn ist in diesen Zeilen anzugeben.<\/p>\n<p><strong>Zeile 13 \u2013 Teileink\u00fcnfteverfahren<\/strong><\/p>\n<p>Halten Sie im Betriebsverm\u00f6gen Ihres Unternehmens Anteile an Kapitalgesellschaft, dann sind die Anteile am Gewinn oder auch Gewinne oder Verluste an Ver\u00e4u\u00dferungen lediglich mit 60% zu versteuern.<\/p>\n<p>Der steuerpflichtige Teil flie\u00dft dabei in die Gewinnermittlung (Zeilen 4 bis 6) ein, der steuerfreie Teil kommt in Zeile 13. Beachten Sie, dass in Zeile 13 ausschlie\u00dflich Eink\u00fcnfte einzutragen sind. Die Betriebsausgaben werden hierzu nicht abgezogen.<\/p>\n<p><strong>Zeilen 16 bis 21 \u2013 Steuererm\u00e4\u00dfigung wegen Gewerbesteuer<\/strong><\/p>\n<p>Wenn Ihr Betrieb Gewerbesteuert zahlt, sind Sie f\u00fcr eine Steuererm\u00e4\u00dfigung qualifiziert. Tragen Sie hierzu in Zeile 16 den Gewerbesteuermessbetrag und in Zeile 17 die tats\u00e4chlich zu zahlende Gewerbesteuer ein.<\/p>\n<p>Bei weiteren Betrieben, nutzen Sie die nachfolgenden Zeilen.<\/p>\n<p>&nbsp;<br \/>\n<strong>Hinweis:<\/strong> Die Steuererm\u00e4\u00dfigung wegen Gewerbesteuer kann maximal die H\u00f6he der im Veranlagungsjahr angefallenen Gewerbesteuer betragen<\/p>\n<div role=\"alert\"><\/div>\n<h3>Seite 2 \u2013 Ver\u00e4u\u00dferungsgewinn und Sonstiges<\/h3>\n<p><strong>Zeilen 31 bis 44 \u2013 Ver\u00e4u\u00dferungsgewinn<\/strong><\/p>\n<p>Wenn Sie einen Betrieb ver\u00e4u\u00dfert oder aufgegeben haben, sind in diesen Zeilen Gewinne zu erkl\u00e4ren, welche bei der Aufdeckung stiller Reserven angefallen sind. Ein etwaiger Verlust bei der Ver\u00e4u\u00dferung wird in Zeile 40 eingetragen.<\/p>\n<p>Sollten Sie dabei mindestens 1 Prozent der Anteile einer Kapitalgesellschaft gehalten haben, so muss der Gewinn nach Abzug des Freibetrags erfasst werden. Der Verlust kommt in diesem Fall in Zeile 43.<\/p>\n<p>Bei einem Anteil von weniger als 1 Prozent geht das Finanzamt bei der Ver\u00e4u\u00dferung von Eink\u00fcnften aus Kapitalverm\u00f6gen aus, welche in der Anlage KAP angegeben werden m\u00fcssen.<\/p>\n<p><strong>Zeilen 45 bis 56 \u2013 Sonstige Zeilen<\/strong><\/p>\n<p>Sollten Ihre Privatentnahmen gr\u00f6\u00dfer sein als der Betriebsgewinn und die Privateinlagen, k\u00f6nnen betriebliche Schuldzinsen ggf. nicht in voller H\u00f6he abgezogen werden. Zur Pr\u00fcfung ben\u00f6tigt das Finanzamt die Summe aller Entnahmen und Einlagen. Relevant sind hierf\u00fcr die Zeilen 47 und 48.<\/p>\n<p>Die Zeilen 50 bis 55 befassen sich mit Eink\u00fcnften aus der gewerblichen Eink\u00fcnfte sowie mit gewerblichen Termingesch\u00e4ften und Verlusten aus Beteiligungen und sind auch nur in diesen F\u00e4llen f\u00fcr Ihre Einkommensteuererkl\u00e4rung relevant.<\/p>\n<h4>\u00c4hnliche Beitr\u00e4ge:<\/h4>\n<ul>\n<li><a title=\"Anlage E\u00dcR \u2013 Ausf\u00fcllhilfe\" href=\"https:\/\/www.smartsteuer.de\/online\/ausfuellhilfen\/anlage-euer-ausfuellhilfe\/\" rel=\"bookmark\">Anlage E\u00dcR \u2013 Ausf\u00fcllhilfe<\/a><\/li>\n<li><a title=\"Anlage N (Eink\u00fcnfte aus nichtselbstst\u00e4ndiger Arbeit) \u2013 Ausf\u00fcllhilfe\" href=\"https:\/\/www.smartsteuer.de\/online\/ausfuellhilfen\/anlage-n-ausfuellhilfe\/\" rel=\"bookmark\">Anlage N (Eink\u00fcnfte aus nichtselbstst\u00e4ndiger Arbeit) \u2013 Ausf\u00fcllhilfe<\/a><\/li>\n<li><a title=\"Hauptvordruck der Einkommensteuererkl\u00e4rung (ESt 1 A) \u2013 Ausf\u00fcllhilfe\" href=\"https:\/\/www.smartsteuer.de\/online\/ausfuellhilfen\/hauptvordruck-steuererklaerung-ausfuellhilfe\/\" rel=\"bookmark\">Hauptvordruck der Einkommensteuererkl\u00e4rung (ESt 1 A) \u2013 Ausf\u00fcllhilfe<\/a><\/li>\n<li><a title=\"Anlage V (Eink\u00fcnfte aus Vermietung und Verpachtung) \u2013 Ausf\u00fcllhilfe\" href=\"https:\/\/www.smartsteuer.de\/online\/ausfuellhilfen\/anlage-v-ausfuellhilfe\/\" rel=\"bookmark\">Anlage V (Eink\u00fcnfte aus Vermietung und Verpachtung) \u2013 Ausf\u00fcllhilfe<\/a><\/li>\n<\/ul>\n","protected":false},"excerpt":{"rendered":"<p>Auf dieser Seite zeigen erhalten Sie von uns eine Ausf\u00fcllhilfe zur Anlage G der Einkommensteuererkl\u00e4rung. Wir helfen Ihnen dabei, das Steuerformular richtig auszuf\u00fcllen und zeigen Ihnen dabei was Sie beim Ausf\u00fcllen dieser Anlage unbedingt beachten sollten. Zusammengefasst werden wir uns den folgenden Themen widmen: Ausf\u00fcllhilfe zur Anlage G \u00dcberblick der Formularinhalte der Anlage G Seite [&hellip;]<\/p>\n","protected":false},"author":47,"featured_media":0,"parent":83992,"menu_order":0,"comment_status":"closed","ping_status":"closed","template":"","meta":{"_acf_changed":false,"footnotes":""},"class_list":["post-83878","page","type-page","status-publish","hentry"],"acf":[],"yoast_head":"<!-- This site is optimized with the Yoast SEO Premium plugin v27.5 (Yoast SEO v27.5) - https:\/\/yoast.com\/product\/yoast-seo-premium-wordpress\/ -->\n<title>Anlage G \u2013 Ausf\u00fcllhilfe<\/title>\n<meta name=\"description\" content=\"Anlage G \u2013 Ausf\u00fcllhilfe f\u00fcr Formulare - Eink\u00fcnfte aus Gewerbebetriebe\ud83d\udca1 Hinweise und Tipps f\u00fcr Dich leicht erkl\u00e4rt!\" \/>\n<meta name=\"robots\" content=\"index, follow, max-snippet:-1, max-image-preview:large, max-video-preview:-1\" \/>\n<link rel=\"canonical\" href=\"https:\/\/www.smartsteuer.de\/online\/ausfuellhilfen\/anlage-g-ausfuellhilfe\/\" \/>\n<meta property=\"og:locale\" content=\"de_DE\" \/>\n<meta property=\"og:type\" content=\"article\" \/>\n<meta property=\"og:title\" content=\"Anlage G \u2013 Ausf\u00fcllhilfe\" \/>\n<meta property=\"og:description\" content=\"Anlage G \u2013 Ausf\u00fcllhilfe f\u00fcr Formulare - Eink\u00fcnfte aus Gewerbebetriebe\ud83d\udca1 Hinweise und Tipps f\u00fcr Dich leicht erkl\u00e4rt!\" \/>\n<meta property=\"og:url\" content=\"https:\/\/www.smartsteuer.de\/online\/ausfuellhilfen\/anlage-g-ausfuellhilfe\/\" \/>\n<meta property=\"og:site_name\" content=\"smartsteuer\" \/>\n<meta property=\"article:publisher\" content=\"https:\/\/de-de.facebook.com\/smartsteuer\/\" \/>\n<meta property=\"article:modified_time\" content=\"2025-11-19T07:06:05+00:00\" \/>\n<meta name=\"twitter:card\" content=\"summary_large_image\" \/>\n<meta name=\"twitter:site\" content=\"@smartsteuer\" \/>\n<meta name=\"twitter:label1\" content=\"Gesch\u00e4tzte Lesezeit\" \/>\n\t<meta name=\"twitter:data1\" content=\"4\u00a0Minuten\" \/>\n<script type=\"application\/ld+json\" class=\"yoast-schema-graph\">{\"@context\":\"https:\\\/\\\/schema.org\",\"@graph\":[{\"@type\":\"WebPage\",\"@id\":\"https:\\\/\\\/www.smartsteuer.de\\\/online\\\/ausfuellhilfen\\\/anlage-g-ausfuellhilfe\\\/\",\"url\":\"https:\\\/\\\/www.smartsteuer.de\\\/online\\\/ausfuellhilfen\\\/anlage-g-ausfuellhilfe\\\/\",\"name\":\"Anlage G \u2013 Ausf\u00fcllhilfe\",\"isPartOf\":{\"@id\":\"https:\\\/\\\/www.smartsteuer.de\\\/online\\\/#website\"},\"datePublished\":\"2025-11-03T12:17:27+00:00\",\"dateModified\":\"2025-11-19T07:06:05+00:00\",\"description\":\"Anlage G \u2013 Ausf\u00fcllhilfe f\u00fcr Formulare - Eink\u00fcnfte aus Gewerbebetriebe\ud83d\udca1 Hinweise und Tipps f\u00fcr Dich leicht erkl\u00e4rt!\",\"breadcrumb\":{\"@id\":\"https:\\\/\\\/www.smartsteuer.de\\\/online\\\/ausfuellhilfen\\\/anlage-g-ausfuellhilfe\\\/#breadcrumb\"},\"inLanguage\":\"de\",\"potentialAction\":[{\"@type\":\"ReadAction\",\"target\":[\"https:\\\/\\\/www.smartsteuer.de\\\/online\\\/ausfuellhilfen\\\/anlage-g-ausfuellhilfe\\\/\"]}]},{\"@type\":\"BreadcrumbList\",\"@id\":\"https:\\\/\\\/www.smartsteuer.de\\\/online\\\/ausfuellhilfen\\\/anlage-g-ausfuellhilfe\\\/#breadcrumb\",\"itemListElement\":[{\"@type\":\"ListItem\",\"position\":1,\"name\":\"Home\",\"item\":\"https:\\\/\\\/www.smartsteuer.de\\\/online\\\/\"},{\"@type\":\"ListItem\",\"position\":2,\"name\":\"ausfuellhilfen\",\"item\":\"https:\\\/\\\/www.smartsteuer.de\\\/online\\\/ausfuellhilfen\\\/\"},{\"@type\":\"ListItem\",\"position\":3,\"name\":\"Anlage G \u2013 Ausf\u00fcllhilfe\"}]},{\"@type\":\"WebSite\",\"@id\":\"https:\\\/\\\/www.smartsteuer.de\\\/online\\\/#website\",\"url\":\"https:\\\/\\\/www.smartsteuer.de\\\/online\\\/\",\"name\":\"smartsteuer\",\"description\":\"Steuererkl\u00e4rung 2024 online machen &amp; Steuern sparen\",\"publisher\":{\"@id\":\"https:\\\/\\\/www.smartsteuer.de\\\/online\\\/#organization\"},\"potentialAction\":[{\"@type\":\"SearchAction\",\"target\":{\"@type\":\"EntryPoint\",\"urlTemplate\":\"https:\\\/\\\/www.smartsteuer.de\\\/online\\\/?s={search_term_string}\"},\"query-input\":{\"@type\":\"PropertyValueSpecification\",\"valueRequired\":true,\"valueName\":\"search_term_string\"}}],\"inLanguage\":\"de\"},{\"@type\":\"Organization\",\"@id\":\"https:\\\/\\\/www.smartsteuer.de\\\/online\\\/#organization\",\"name\":\"smartsteuer GmbH\",\"url\":\"https:\\\/\\\/www.smartsteuer.de\\\/online\\\/\",\"logo\":{\"@type\":\"ImageObject\",\"inLanguage\":\"de\",\"@id\":\"https:\\\/\\\/www.smartsteuer.de\\\/online\\\/#\\\/schema\\\/logo\\\/image\\\/\",\"url\":\"https:\\\/\\\/www.smartsteuer.de\\\/online\\\/wp-content\\\/uploads\\\/2024\\\/11\\\/Favicon-smartsteuer.png\",\"contentUrl\":\"https:\\\/\\\/www.smartsteuer.de\\\/online\\\/wp-content\\\/uploads\\\/2024\\\/11\\\/Favicon-smartsteuer.png\",\"width\":512,\"height\":512,\"caption\":\"smartsteuer GmbH\"},\"image\":{\"@id\":\"https:\\\/\\\/www.smartsteuer.de\\\/online\\\/#\\\/schema\\\/logo\\\/image\\\/\"},\"sameAs\":[\"https:\\\/\\\/de-de.facebook.com\\\/smartsteuer\\\/\",\"https:\\\/\\\/x.com\\\/smartsteuer\",\"https:\\\/\\\/www.youtube.com\\\/channel\\\/UCu02GkFNrMRzwysT2SEmNrQ\"]}]}<\/script>\n<!-- \/ Yoast SEO Premium plugin. -->","yoast_head_json":{"title":"Anlage G \u2013 Ausf\u00fcllhilfe","description":"Anlage G \u2013 Ausf\u00fcllhilfe f\u00fcr Formulare - Eink\u00fcnfte aus Gewerbebetriebe\ud83d\udca1 Hinweise und Tipps f\u00fcr Dich leicht erkl\u00e4rt!","robots":{"index":"index","follow":"follow","max-snippet":"max-snippet:-1","max-image-preview":"max-image-preview:large","max-video-preview":"max-video-preview:-1"},"canonical":"https:\/\/www.smartsteuer.de\/online\/ausfuellhilfen\/anlage-g-ausfuellhilfe\/","og_locale":"de_DE","og_type":"article","og_title":"Anlage G \u2013 Ausf\u00fcllhilfe","og_description":"Anlage G \u2013 Ausf\u00fcllhilfe f\u00fcr Formulare - Eink\u00fcnfte aus Gewerbebetriebe\ud83d\udca1 Hinweise und Tipps f\u00fcr Dich leicht erkl\u00e4rt!","og_url":"https:\/\/www.smartsteuer.de\/online\/ausfuellhilfen\/anlage-g-ausfuellhilfe\/","og_site_name":"smartsteuer","article_publisher":"https:\/\/de-de.facebook.com\/smartsteuer\/","article_modified_time":"2025-11-19T07:06:05+00:00","twitter_card":"summary_large_image","twitter_site":"@smartsteuer","twitter_misc":{"Gesch\u00e4tzte Lesezeit":"4\u00a0Minuten"},"schema":{"@context":"https:\/\/schema.org","@graph":[{"@type":"WebPage","@id":"https:\/\/www.smartsteuer.de\/online\/ausfuellhilfen\/anlage-g-ausfuellhilfe\/","url":"https:\/\/www.smartsteuer.de\/online\/ausfuellhilfen\/anlage-g-ausfuellhilfe\/","name":"Anlage G \u2013 Ausf\u00fcllhilfe","isPartOf":{"@id":"https:\/\/www.smartsteuer.de\/online\/#website"},"datePublished":"2025-11-03T12:17:27+00:00","dateModified":"2025-11-19T07:06:05+00:00","description":"Anlage G \u2013 Ausf\u00fcllhilfe f\u00fcr Formulare - Eink\u00fcnfte aus Gewerbebetriebe\ud83d\udca1 Hinweise und Tipps f\u00fcr Dich leicht erkl\u00e4rt!","breadcrumb":{"@id":"https:\/\/www.smartsteuer.de\/online\/ausfuellhilfen\/anlage-g-ausfuellhilfe\/#breadcrumb"},"inLanguage":"de","potentialAction":[{"@type":"ReadAction","target":["https:\/\/www.smartsteuer.de\/online\/ausfuellhilfen\/anlage-g-ausfuellhilfe\/"]}]},{"@type":"BreadcrumbList","@id":"https:\/\/www.smartsteuer.de\/online\/ausfuellhilfen\/anlage-g-ausfuellhilfe\/#breadcrumb","itemListElement":[{"@type":"ListItem","position":1,"name":"Home","item":"https:\/\/www.smartsteuer.de\/online\/"},{"@type":"ListItem","position":2,"name":"ausfuellhilfen","item":"https:\/\/www.smartsteuer.de\/online\/ausfuellhilfen\/"},{"@type":"ListItem","position":3,"name":"Anlage G \u2013 Ausf\u00fcllhilfe"}]},{"@type":"WebSite","@id":"https:\/\/www.smartsteuer.de\/online\/#website","url":"https:\/\/www.smartsteuer.de\/online\/","name":"smartsteuer","description":"Steuererkl\u00e4rung 2024 online machen &amp; Steuern sparen","publisher":{"@id":"https:\/\/www.smartsteuer.de\/online\/#organization"},"potentialAction":[{"@type":"SearchAction","target":{"@type":"EntryPoint","urlTemplate":"https:\/\/www.smartsteuer.de\/online\/?s={search_term_string}"},"query-input":{"@type":"PropertyValueSpecification","valueRequired":true,"valueName":"search_term_string"}}],"inLanguage":"de"},{"@type":"Organization","@id":"https:\/\/www.smartsteuer.de\/online\/#organization","name":"smartsteuer GmbH","url":"https:\/\/www.smartsteuer.de\/online\/","logo":{"@type":"ImageObject","inLanguage":"de","@id":"https:\/\/www.smartsteuer.de\/online\/#\/schema\/logo\/image\/","url":"https:\/\/www.smartsteuer.de\/online\/wp-content\/uploads\/2024\/11\/Favicon-smartsteuer.png","contentUrl":"https:\/\/www.smartsteuer.de\/online\/wp-content\/uploads\/2024\/11\/Favicon-smartsteuer.png","width":512,"height":512,"caption":"smartsteuer GmbH"},"image":{"@id":"https:\/\/www.smartsteuer.de\/online\/#\/schema\/logo\/image\/"},"sameAs":["https:\/\/de-de.facebook.com\/smartsteuer\/","https:\/\/x.com\/smartsteuer","https:\/\/www.youtube.com\/channel\/UCu02GkFNrMRzwysT2SEmNrQ"]}]}},"_links":{"self":[{"href":"https:\/\/www.smartsteuer.de\/online\/wp-json\/wp\/v2\/pages\/83878","targetHints":{"allow":["GET"]}}],"collection":[{"href":"https:\/\/www.smartsteuer.de\/online\/wp-json\/wp\/v2\/pages"}],"about":[{"href":"https:\/\/www.smartsteuer.de\/online\/wp-json\/wp\/v2\/types\/page"}],"author":[{"embeddable":true,"href":"https:\/\/www.smartsteuer.de\/online\/wp-json\/wp\/v2\/users\/47"}],"replies":[{"embeddable":true,"href":"https:\/\/www.smartsteuer.de\/online\/wp-json\/wp\/v2\/comments?post=83878"}],"version-history":[{"count":3,"href":"https:\/\/www.smartsteuer.de\/online\/wp-json\/wp\/v2\/pages\/83878\/revisions"}],"predecessor-version":[{"id":84488,"href":"https:\/\/www.smartsteuer.de\/online\/wp-json\/wp\/v2\/pages\/83878\/revisions\/84488"}],"up":[{"embeddable":true,"href":"https:\/\/www.smartsteuer.de\/online\/wp-json\/wp\/v2\/pages\/83992"}],"wp:attachment":[{"href":"https:\/\/www.smartsteuer.de\/online\/wp-json\/wp\/v2\/media?parent=83878"}],"curies":[{"name":"wp","href":"https:\/\/api.w.org\/{rel}","templated":true}]}}