{"id":83887,"date":"2025-11-03T14:22:19","date_gmt":"2025-11-03T12:22:19","guid":{"rendered":"https:\/\/www.smartsteuer.de\/online\/?page_id=83887"},"modified":"2025-11-19T08:50:49","modified_gmt":"2025-11-19T06:50:49","slug":"anlage-av-ausfuellhilfe","status":"publish","type":"page","link":"https:\/\/www.smartsteuer.de\/online\/ausfuellhilfen\/anlage-av-ausfuellhilfe\/","title":{"rendered":"Anlage AV \u2013 Ausf\u00fcllhilfe"},"content":{"rendered":"<p>Die Anlage AV (Altersvorsorge) der Einkommenssteuererkl\u00e4rung ben\u00f6tigen Sie, wenn Sie einen zus\u00e4tzlichen Sonderausgabenabzug f\u00fcr Altersvorsorgebeitr\u00e4ge beantragen m\u00f6chten.<\/p>\n<p>Auf dieser Seite zeigen wir Ihnen, wie Sie die Anlage AV richtig ausf\u00fcllen und gehen auf die wichtigsten Fragen rund um dieses Steuerformular ein.<\/p>\n\n<h2>Ausf\u00fcllhinweise zur Anlage Altersvorsorge<\/h2>\n<h3>\u00dcberblick der Formularinhalte der Anlage AV<\/h3>\n<table class=\"table\">\n<tbody>\n<tr>\n<td><strong>Seite 1<\/strong><\/td>\n<td><strong>Zeilen 6 bis 11 \u2013 Altersvorsorgebeitr\u00e4ge<\/strong><\/p>\n<p>Hier geht es im Wesentlichen darum, Ihre Vorjahreseink\u00fcnfte anzugeben, damit die Finanzbeh\u00f6rden Ihre Anspr\u00fcche \u00fcberpr\u00fcfen k\u00f6nnen.<\/p>\n<p>Zudem gilt es zu kl\u00e4ren, ob Sie steuerlich gesehen eine mittelbar oder unmittelbar beg\u00fcnstigte Person sind.<\/p>\n<p><strong>Zeilen 20 bis 23 \u2013 Angaben zu Kindern<\/strong><\/p>\n<p>Hier machen Sie die notwendigen Angaben f\u00fcr die Kinderzulage.<\/p>\n<p>Beispielsweise geht es hier um die Anzahl an Kindern, in welchem Zeitraum diese geboren wurden und welchem Ehegatten oder Lebenspartner diese steuerlich angerechnet werden.<\/td>\n<\/tr>\n<\/tbody>\n<\/table>\n<h3>Seite 1 (Zeilen 1 bis 5) \u2013 Grundangaben<\/h3>\n<p>Bei den Grundangaben tragen Sie \u2013 wie in allen anderen Anlagen Ihrer Steuererkl\u00e4rung auch \u2013 Ihren Namen, Vornamen sowie Ihre Steuernummer ein.<\/p>\n<p>Ihre Sozialversicherungsnummer\/Zulagenummer und ggf. die Mitgliedsnummer der landwirtschaftlichen Alterskasse kommen in die Zeilen 4 und 5.<\/p>\n<h3>Seite 1 (Zeilen 6 bis 19) \u2013 Altersvorsorgebeitr\u00e4ge<\/h3>\n<p><strong>Zeilen 6 bis 8 \u2013 Sonderausgabenabzug<\/strong><\/p>\n<p>Sie k\u00f6nnen \u00fcber Ihren Versicherer eine sogenannte Altersvorsorgezulage beantragen \u2013 vorausgesetzt Sie haben einen anerkannten (zertifizierten) Riester-Vertrag abgeschlossen. Diese Zulage besteht aus der Grundzulage und unter Umst\u00e4nden auch noch einer Kinderzulage. Der Antrag kann auch von Ihrer Versicherungsgesellschaft gestellt werden, wenn Sie diese diesbez\u00fcglich bevollm\u00e4chtigen.<\/p>\n<p>M\u00f6chten Sie \u00fcber die eingezahlten Beitr\u00e4ge und die Zulage hinaus einen Sonderausgabenabzug pr\u00fcfen lassen, ben\u00f6tigen Sie die Anlage AV. Der Sonderausgabenabzug ist dabei f\u00fcr alle Vertr\u00e4ge m\u00f6glich und nicht etwa nur f\u00fcr bis zu zwei Vertr\u00e4ge wie die besagte Zulage.<\/p>\n<p>Damit die Finanzverwaltung \u00fcberpr\u00fcfen kann, ob ein Sonderausgabenabzug f\u00fcr Sie zu einem g\u00fcnstigeren Ergebnis f\u00fchrt als die Zulage alleine, ist eine elektronische Daten\u00fcbermittlung n\u00f6tig, die Sie Ihrer Versicherungsgesellschaft gestatten m\u00fcssen. Gegebenenfalls wird nach der Pr\u00fcfung die zus\u00e4tzliche Steuerersparnis durch den Sonderausgabenabzug im Steuerbescheid gesondert ausgewiesen und ber\u00fccksichtigt.<\/p>\n<p>Die ben\u00f6tigten Angaben f\u00fcr diese Daten\u00fcbermittlung kommen in die Zeilen 6 bis 8. In Zeile 6 geben Sie an, f\u00fcr wie viele Vertr\u00e4ge die Daten \u00fcbermittelt werden. In Zeile 7 tragen Sie au\u00dferdem die H\u00f6he der geleisteten Altersvorsorgebeitr\u00e4ge zu den Vertr\u00e4gen aus Zeile 6 ein. Sollte sich an den Vertragsdaten eines Vertrages aus Zeile 6 seit der letzten Einkommensteuererkl\u00e4rung etwas ge\u00e4ndert haben, so ist dies in Zeile 8 anzugeben.<\/p>\n<div class=\"lb-inline-tipp p-4 my-4 my-sm-5\">\n\t<div class=\"lb-inline-tipp-title\">\n\t\t<i class=\"fa-solid fa-lightbulb\" aria-hidden=\"true\"><\/i>Unser Tipp:\n\t<\/div>\n\t<div class=\"lb-inline-tipp-content\">\n\t\tSie sollten in der Regel nur dann auf den Sonderausgabenabzug verzichten, wenn Sie keine Altersvorsorgezulage vom Versicherungsinstitut bekommen k\u00f6nnen oder definitiv nicht m\u00f6chten. Ein Verzicht auf die staatliche F\u00f6rderung sorgt daf\u00fcr, dass die ausgezahlte Rente sp\u00e4ter nur teilweise steuerpflichtig ist. In der Praxis lohnt sich dieses Vorgehen in der Regel jedoch nicht, da der erzielte Steuervorteil bis zur Rentenzahlung normalerweise gr\u00f6\u00dfer ist.<\/p>\n<p>\n\t<\/div>\n<\/div>\t       \n<p><strong>Zeilen 9 bis 18 \u2013 Unmittelbar beg\u00fcnstigte Personen<\/strong><\/p>\n<p>Bei unmittelbar beg\u00fcnstigten Personen handelt es sich im Allgemeinen vor allem um Personen, die in der gesetzlichen Rentenversicherung pflichtversichert sind, Beamte oder Personen, die Lohnersatz beziehen. Wenn Sie im Bezugsjahr unmittelbar beg\u00fcnstigt waren, geben Sie dies in Zeile 9 an.<\/p>\n<p>Um die volle Zulage zu erhalten zu k\u00f6nnen, muss ein Mindesteigenbeitrag eingezahlt werden. Daf\u00fcr ma\u00dfgebend sind jeweils Ihre Eink\u00fcnfte oder Bez\u00fcge aus dem Vorjahr.<\/p>\n<p>Gegebenenfalls geben Sie in Zeile 10 Ihre beitragspflichtigen Einnahmen an, in Zeile 11 die inl\u00e4ndische Besoldung, Amtsbez\u00fcge oder Einnahmen beurlaubter Rentner.<\/p>\n<p>Entgeltersatzleistungen kommen in die Zeile 12. Hierzu z\u00e4hlen beispielsweise Arbeitslosengeld, Arbeitslosenhilfe oder auch Kurzzeitarbeitergeld. Wenn das der inl\u00e4ndischen Rentenversicherung zugrundeliegende Entgelt gr\u00f6\u00dfer als das tats\u00e4chlich erzielte Entgelt, dann wird das tats\u00e4chliche Entgelt, das auch bei 0 Euro liegen kann, f\u00fcr die Berechnung der Grundzulage ber\u00fccksichtigt. Die entsprechende Eintragung erfolgt in Zeile 13.<\/p>\n<p>Geben Sie au\u00dferdem \u2013 wenn relevant \u2013 in Zeile 14 die M\u00f6glichkeit Rentenbetr\u00e4ge wegen voller Erwerbsminderung oder \u2013unf\u00e4higkeit an. Inl\u00e4ndische Versorgungsbez\u00fcge wegen Dienstunf\u00e4higkeit werden in Zeile 15 eingetragen, Eink\u00fcnfte aus Land- und Forstwirtschaft in Zeile 16. Auch die Zeile 17 bezieht sich auf die Land- und Forstwirtschaft \u2013 dieses Mal auf ausgezahlte Renten nach dem Gesetz \u00fcber die Alterssicherung der Land- und Forstwirte.<\/p>\n<p>Wenn Sie Eink\u00fcnfte aus einer Besch\u00e4ftigung erzielt haben, die einer ausl\u00e4ndischen gesetzlichen Rentenversicherungspflicht unterlag, tragen Sie diese in Zeile 18 ein. Auch ausgezahlte Renten wegen Erwerbsminderung oder \u2013unf\u00e4higkeit aus einer ausl\u00e4ndischen gesetzlichen Rentenversicherung sind hier einzutragen.<\/p>\n<p><strong>Zeile 19 \u2013 Mittelbar beg\u00fcnstigte Personen<\/strong><\/p>\n<p>Auch eine nicht unmittelbar beg\u00fcnstigte Person hat die M\u00f6glichkeit, einen beg\u00fcnstigten Altersvorsorgevertrag auf ihren eigenen Namen abzuschlie\u00dfen. Man spricht dann von einer mittelbar beg\u00fcnstigten Person.<\/p>\n<p>M\u00f6glich ist dies bei Eheleuten oder Lebenspartnern, bei denen es sich bei einem der beiden Partner um eine unmittelbar beg\u00fcnstigte Person handelt. Die Partner d\u00fcrfen hierzu nicht dauerhaft getrennt leben und der unmittelbar beg\u00fcnstigte Partner muss ebenfalls einen Vertrag abgeschlossen haben.<\/p>\n<p>Die mittelbar beg\u00fcnstigte Person muss j\u00e4hrlich mindestens 60 Euro an eigenen Beitr\u00e4gen in ihren Vertrag einzahlen, damit die Zulage bzw. der Sonderausgabenabzug beantragt werden kann.<\/p>\n<p>Waren Sie im Bezugsjahr mittelbar beg\u00fcnstigt, so geben Sie dies in Zeile 19 an.<\/p>\n<h3>Seite 1 (Zeilen 20 bis 23) \u2013 Angaben zu Kindern<\/h3>\n<p>Wenn Sie Kinder haben, erhalten Sie zus\u00e4tzlich eine Kinderzulage, die f\u00fcr Kinder die nach 2007 geboren wurden, noch einmal h\u00f6her ist. Die erste Spalte im Steuerformular bezieht sich dabei auf Kinder, die vor dem Jahr 2008 geboren wurden. Die zweite Spalte auf Kinder, die ab dem Jahr 2008 zur Welt kamen.<\/p>\n<p>Wenn Sie verheiratet sind, zusammenleben, zusammenveranlagt werden und beide einen Riester-Vertrag abgeschlossen haben, werden die steuerlich zu ber\u00fccksichtigenden Kinder grunds\u00e4tzlich bei der Mutter ber\u00fccksichtigt. Auf Antrag kann die Zulage aber auch auf den Vater \u00fcbertragen werden. Die hierzu jeweils notwendigen Angaben machen Sie in den Zeilen 20 und 21.<\/p>\n<p>Wenn Sie eine der obengenannten Bedingungen nicht erf\u00fcllen \u2013 also beispielsweise geschieden sind, dauerhaft getrennt voneinander leben oder nicht zusammenveranlagt werden \u2013 erh\u00e4lt der Elternteil die Zulage, welche im Monat Januar das Kindergeld ausgezahlt wurde. Machen Sie die entsprechenden Angaben hierzu in den Zeilen 22 und 23.<\/p>\n<h4>\u00c4hnliche Beitr\u00e4ge:<\/h4>\n<ul>\n<li><a title=\"Anlage E\u00dcR \u2013 Ausf\u00fcllhilfe\" href=\"https:\/\/www.smartsteuer.de\/online\/ausfuellhilfen\/anlage-euer-ausfuellhilfe\/\" rel=\"bookmark\">Anlage E\u00dcR \u2013 Ausf\u00fcllhilfe<\/a><\/li>\n<li><a title=\"Anlage N (Eink\u00fcnfte aus nichtselbstst\u00e4ndiger Arbeit) \u2013 Ausf\u00fcllhilfe\" href=\"https:\/\/www.smartsteuer.de\/online\/ausfuellhilfen\/anlage-n-ausfuellhilfe\/\" rel=\"bookmark\">Anlage N (Eink\u00fcnfte aus nichtselbstst\u00e4ndiger Arbeit) \u2013 Ausf\u00fcllhilfe<\/a><\/li>\n<li><a title=\"Anlage V (Eink\u00fcnfte aus Vermietung und Verpachtung) \u2013 Ausf\u00fcllhilfe\" href=\"https:\/\/www.smartsteuer.de\/online\/ausfuellhilfen\/anlage-v-ausfuellhilfe\/\" rel=\"bookmark\">Anlage V (Eink\u00fcnfte aus Vermietung und Verpachtung) \u2013 Ausf\u00fcllhilfe<\/a><\/li>\n<li><a title=\"Hauptvordruck der Einkommensteuererkl\u00e4rung (ESt 1 A) \u2013 Ausf\u00fcllhilfe\" href=\"https:\/\/www.smartsteuer.de\/online\/ausfuellhilfen\/hauptvordruck-steuererklaerung-ausfuellhilfe\/\" rel=\"bookmark\">Hauptvordruck der Einkommensteuererkl\u00e4rung (ESt 1 A) \u2013 Ausf\u00fcllhilfe<\/a><\/li>\n<\/ul>\n","protected":false},"excerpt":{"rendered":"<p>Die Anlage AV (Altersvorsorge) der Einkommenssteuererkl\u00e4rung ben\u00f6tigen Sie, wenn Sie einen zus\u00e4tzlichen Sonderausgabenabzug f\u00fcr Altersvorsorgebeitr\u00e4ge beantragen m\u00f6chten. Auf dieser Seite zeigen wir Ihnen, wie Sie die Anlage AV richtig ausf\u00fcllen und gehen auf die wichtigsten Fragen rund um dieses Steuerformular ein. Ausf\u00fcllhinweise zur Anlage Altersvorsorge \u00dcberblick der Formularinhalte der Anlage AV Seite 1 Zeilen 6 [&hellip;]<\/p>\n","protected":false},"author":47,"featured_media":0,"parent":83992,"menu_order":0,"comment_status":"closed","ping_status":"closed","template":"","meta":{"_acf_changed":false,"footnotes":""},"class_list":["post-83887","page","type-page","status-publish","hentry"],"acf":[],"yoast_head":"<!-- This site is optimized with the Yoast SEO Premium plugin v27.1 (Yoast SEO v27.1.1) - https:\/\/yoast.com\/product\/yoast-seo-premium-wordpress\/ -->\n<title>Anlage AV \u2013 Ausf\u00fcllhilfe<\/title>\n<meta name=\"description\" content=\"Anlage AV \u2013 Ausf\u00fcllhilfe f\u00fcr Formulare der Altersvorsorge\ud83d\udca1 Hinweise und Tipps f\u00fcr Dich leicht erkl\u00e4rt!\" \/>\n<meta name=\"robots\" content=\"index, follow, max-snippet:-1, max-image-preview:large, max-video-preview:-1\" \/>\n<link rel=\"canonical\" href=\"https:\/\/www.smartsteuer.de\/online\/ausfuellhilfen\/anlage-av-ausfuellhilfe\/\" \/>\n<meta property=\"og:locale\" content=\"de_DE\" \/>\n<meta property=\"og:type\" content=\"article\" \/>\n<meta property=\"og:title\" content=\"Anlage AV \u2013 Ausf\u00fcllhilfe\" \/>\n<meta property=\"og:description\" content=\"Anlage AV \u2013 Ausf\u00fcllhilfe f\u00fcr Formulare der Altersvorsorge\ud83d\udca1 Hinweise und Tipps f\u00fcr Dich leicht erkl\u00e4rt!\" \/>\n<meta property=\"og:url\" content=\"https:\/\/www.smartsteuer.de\/online\/ausfuellhilfen\/anlage-av-ausfuellhilfe\/\" \/>\n<meta property=\"og:site_name\" content=\"smartsteuer\" \/>\n<meta property=\"article:publisher\" content=\"https:\/\/de-de.facebook.com\/smartsteuer\/\" \/>\n<meta property=\"article:modified_time\" content=\"2025-11-19T06:50:49+00:00\" \/>\n<meta name=\"twitter:card\" content=\"summary_large_image\" \/>\n<meta name=\"twitter:site\" content=\"@smartsteuer\" \/>\n<meta name=\"twitter:label1\" content=\"Gesch\u00e4tzte Lesezeit\" \/>\n\t<meta name=\"twitter:data1\" content=\"6\u00a0Minuten\" \/>\n<script type=\"application\/ld+json\" class=\"yoast-schema-graph\">{\"@context\":\"https:\/\/schema.org\",\"@graph\":[{\"@type\":\"WebPage\",\"@id\":\"https:\/\/www.smartsteuer.de\/online\/ausfuellhilfen\/anlage-av-ausfuellhilfe\/\",\"url\":\"https:\/\/www.smartsteuer.de\/online\/ausfuellhilfen\/anlage-av-ausfuellhilfe\/\",\"name\":\"Anlage AV \u2013 Ausf\u00fcllhilfe\",\"isPartOf\":{\"@id\":\"https:\/\/www.smartsteuer.de\/online\/#website\"},\"datePublished\":\"2025-11-03T12:22:19+00:00\",\"dateModified\":\"2025-11-19T06:50:49+00:00\",\"description\":\"Anlage AV \u2013 Ausf\u00fcllhilfe f\u00fcr Formulare der Altersvorsorge\ud83d\udca1 Hinweise und Tipps f\u00fcr Dich leicht erkl\u00e4rt!\",\"breadcrumb\":{\"@id\":\"https:\/\/www.smartsteuer.de\/online\/ausfuellhilfen\/anlage-av-ausfuellhilfe\/#breadcrumb\"},\"inLanguage\":\"de\",\"potentialAction\":[{\"@type\":\"ReadAction\",\"target\":[\"https:\/\/www.smartsteuer.de\/online\/ausfuellhilfen\/anlage-av-ausfuellhilfe\/\"]}]},{\"@type\":\"BreadcrumbList\",\"@id\":\"https:\/\/www.smartsteuer.de\/online\/ausfuellhilfen\/anlage-av-ausfuellhilfe\/#breadcrumb\",\"itemListElement\":[{\"@type\":\"ListItem\",\"position\":1,\"name\":\"Home\",\"item\":\"https:\/\/www.smartsteuer.de\/online\/\"},{\"@type\":\"ListItem\",\"position\":2,\"name\":\"ausfuellhilfen\",\"item\":\"https:\/\/www.smartsteuer.de\/online\/ausfuellhilfen\/\"},{\"@type\":\"ListItem\",\"position\":3,\"name\":\"Anlage AV \u2013 Ausf\u00fcllhilfe\"}]},{\"@type\":\"WebSite\",\"@id\":\"https:\/\/www.smartsteuer.de\/online\/#website\",\"url\":\"https:\/\/www.smartsteuer.de\/online\/\",\"name\":\"smartsteuer\",\"description\":\"Steuererkl\u00e4rung 2024 online machen &amp; Steuern sparen\",\"publisher\":{\"@id\":\"https:\/\/www.smartsteuer.de\/online\/#organization\"},\"potentialAction\":[{\"@type\":\"SearchAction\",\"target\":{\"@type\":\"EntryPoint\",\"urlTemplate\":\"https:\/\/www.smartsteuer.de\/online\/?s={search_term_string}\"},\"query-input\":{\"@type\":\"PropertyValueSpecification\",\"valueRequired\":true,\"valueName\":\"search_term_string\"}}],\"inLanguage\":\"de\"},{\"@type\":\"Organization\",\"@id\":\"https:\/\/www.smartsteuer.de\/online\/#organization\",\"name\":\"smartsteuer GmbH\",\"url\":\"https:\/\/www.smartsteuer.de\/online\/\",\"logo\":{\"@type\":\"ImageObject\",\"inLanguage\":\"de\",\"@id\":\"https:\/\/www.smartsteuer.de\/online\/#\/schema\/logo\/image\/\",\"url\":\"https:\/\/www.smartsteuer.de\/online\/wp-content\/uploads\/2024\/11\/Favicon-smartsteuer.png\",\"contentUrl\":\"https:\/\/www.smartsteuer.de\/online\/wp-content\/uploads\/2024\/11\/Favicon-smartsteuer.png\",\"width\":512,\"height\":512,\"caption\":\"smartsteuer GmbH\"},\"image\":{\"@id\":\"https:\/\/www.smartsteuer.de\/online\/#\/schema\/logo\/image\/\"},\"sameAs\":[\"https:\/\/de-de.facebook.com\/smartsteuer\/\",\"https:\/\/x.com\/smartsteuer\",\"https:\/\/www.youtube.com\/channel\/UCu02GkFNrMRzwysT2SEmNrQ\"]}]}<\/script>\n<!-- \/ Yoast SEO Premium plugin. -->","yoast_head_json":{"title":"Anlage AV \u2013 Ausf\u00fcllhilfe","description":"Anlage AV \u2013 Ausf\u00fcllhilfe f\u00fcr Formulare der Altersvorsorge\ud83d\udca1 Hinweise und Tipps f\u00fcr Dich leicht erkl\u00e4rt!","robots":{"index":"index","follow":"follow","max-snippet":"max-snippet:-1","max-image-preview":"max-image-preview:large","max-video-preview":"max-video-preview:-1"},"canonical":"https:\/\/www.smartsteuer.de\/online\/ausfuellhilfen\/anlage-av-ausfuellhilfe\/","og_locale":"de_DE","og_type":"article","og_title":"Anlage AV \u2013 Ausf\u00fcllhilfe","og_description":"Anlage AV \u2013 Ausf\u00fcllhilfe f\u00fcr Formulare der Altersvorsorge\ud83d\udca1 Hinweise und Tipps f\u00fcr Dich leicht erkl\u00e4rt!","og_url":"https:\/\/www.smartsteuer.de\/online\/ausfuellhilfen\/anlage-av-ausfuellhilfe\/","og_site_name":"smartsteuer","article_publisher":"https:\/\/de-de.facebook.com\/smartsteuer\/","article_modified_time":"2025-11-19T06:50:49+00:00","twitter_card":"summary_large_image","twitter_site":"@smartsteuer","twitter_misc":{"Gesch\u00e4tzte Lesezeit":"6\u00a0Minuten"},"schema":{"@context":"https:\/\/schema.org","@graph":[{"@type":"WebPage","@id":"https:\/\/www.smartsteuer.de\/online\/ausfuellhilfen\/anlage-av-ausfuellhilfe\/","url":"https:\/\/www.smartsteuer.de\/online\/ausfuellhilfen\/anlage-av-ausfuellhilfe\/","name":"Anlage AV \u2013 Ausf\u00fcllhilfe","isPartOf":{"@id":"https:\/\/www.smartsteuer.de\/online\/#website"},"datePublished":"2025-11-03T12:22:19+00:00","dateModified":"2025-11-19T06:50:49+00:00","description":"Anlage AV \u2013 Ausf\u00fcllhilfe f\u00fcr Formulare der Altersvorsorge\ud83d\udca1 Hinweise und Tipps f\u00fcr Dich leicht erkl\u00e4rt!","breadcrumb":{"@id":"https:\/\/www.smartsteuer.de\/online\/ausfuellhilfen\/anlage-av-ausfuellhilfe\/#breadcrumb"},"inLanguage":"de","potentialAction":[{"@type":"ReadAction","target":["https:\/\/www.smartsteuer.de\/online\/ausfuellhilfen\/anlage-av-ausfuellhilfe\/"]}]},{"@type":"BreadcrumbList","@id":"https:\/\/www.smartsteuer.de\/online\/ausfuellhilfen\/anlage-av-ausfuellhilfe\/#breadcrumb","itemListElement":[{"@type":"ListItem","position":1,"name":"Home","item":"https:\/\/www.smartsteuer.de\/online\/"},{"@type":"ListItem","position":2,"name":"ausfuellhilfen","item":"https:\/\/www.smartsteuer.de\/online\/ausfuellhilfen\/"},{"@type":"ListItem","position":3,"name":"Anlage AV \u2013 Ausf\u00fcllhilfe"}]},{"@type":"WebSite","@id":"https:\/\/www.smartsteuer.de\/online\/#website","url":"https:\/\/www.smartsteuer.de\/online\/","name":"smartsteuer","description":"Steuererkl\u00e4rung 2024 online machen &amp; Steuern sparen","publisher":{"@id":"https:\/\/www.smartsteuer.de\/online\/#organization"},"potentialAction":[{"@type":"SearchAction","target":{"@type":"EntryPoint","urlTemplate":"https:\/\/www.smartsteuer.de\/online\/?s={search_term_string}"},"query-input":{"@type":"PropertyValueSpecification","valueRequired":true,"valueName":"search_term_string"}}],"inLanguage":"de"},{"@type":"Organization","@id":"https:\/\/www.smartsteuer.de\/online\/#organization","name":"smartsteuer GmbH","url":"https:\/\/www.smartsteuer.de\/online\/","logo":{"@type":"ImageObject","inLanguage":"de","@id":"https:\/\/www.smartsteuer.de\/online\/#\/schema\/logo\/image\/","url":"https:\/\/www.smartsteuer.de\/online\/wp-content\/uploads\/2024\/11\/Favicon-smartsteuer.png","contentUrl":"https:\/\/www.smartsteuer.de\/online\/wp-content\/uploads\/2024\/11\/Favicon-smartsteuer.png","width":512,"height":512,"caption":"smartsteuer GmbH"},"image":{"@id":"https:\/\/www.smartsteuer.de\/online\/#\/schema\/logo\/image\/"},"sameAs":["https:\/\/de-de.facebook.com\/smartsteuer\/","https:\/\/x.com\/smartsteuer","https:\/\/www.youtube.com\/channel\/UCu02GkFNrMRzwysT2SEmNrQ"]}]}},"_links":{"self":[{"href":"https:\/\/www.smartsteuer.de\/online\/wp-json\/wp\/v2\/pages\/83887","targetHints":{"allow":["GET"]}}],"collection":[{"href":"https:\/\/www.smartsteuer.de\/online\/wp-json\/wp\/v2\/pages"}],"about":[{"href":"https:\/\/www.smartsteuer.de\/online\/wp-json\/wp\/v2\/types\/page"}],"author":[{"embeddable":true,"href":"https:\/\/www.smartsteuer.de\/online\/wp-json\/wp\/v2\/users\/47"}],"replies":[{"embeddable":true,"href":"https:\/\/www.smartsteuer.de\/online\/wp-json\/wp\/v2\/comments?post=83887"}],"version-history":[{"count":3,"href":"https:\/\/www.smartsteuer.de\/online\/wp-json\/wp\/v2\/pages\/83887\/revisions"}],"predecessor-version":[{"id":84479,"href":"https:\/\/www.smartsteuer.de\/online\/wp-json\/wp\/v2\/pages\/83887\/revisions\/84479"}],"up":[{"embeddable":true,"href":"https:\/\/www.smartsteuer.de\/online\/wp-json\/wp\/v2\/pages\/83992"}],"wp:attachment":[{"href":"https:\/\/www.smartsteuer.de\/online\/wp-json\/wp\/v2\/media?parent=83887"}],"curies":[{"name":"wp","href":"https:\/\/api.w.org\/{rel}","templated":true}]}}