{"id":83914,"date":"2025-11-03T15:11:56","date_gmt":"2025-11-03T13:11:56","guid":{"rendered":"https:\/\/www.smartsteuer.de\/online\/?page_id=83914"},"modified":"2025-11-19T09:59:43","modified_gmt":"2025-11-19T07:59:43","slug":"vereinfachte-einkommensteuererklaerung-ausfuellhilfe","status":"publish","type":"page","link":"https:\/\/www.smartsteuer.de\/online\/ausfuellhilfen\/vereinfachte-einkommensteuererklaerung-ausfuellhilfe\/","title":{"rendered":"Vereinfachte Einkommensteuererkl\u00e4rung (ESt 1 V) \u2013 Ausf\u00fcllhilfe"},"content":{"rendered":"<p>Die vereinfachte Einkommenssteuererkl\u00e4rung ist geeignet f\u00fcr alle Arbeitnehmer ohne Nebeneink\u00fcnfte oder komplizierte Steuererm\u00e4\u00dfigungen \u2013 einzig Werbungskosten, Sonderausgaben und au\u00dfergew\u00f6hnliche Belastungen k\u00f6nnen im Formular ESt 1 V angegeben werden. Bei verheirateten Arbeitnehmern darf die vereinfachte Steuererkl\u00e4rung nur dann genutzt werden, wenn die Ehegatten gemeinsam veranlagt werden.<\/p>\n<p>Auf dieser Seite zeigen wir Ihnen wie Sie die vereinfachte Einkommensteuererkl\u00e4rung richtig ausf\u00fcllen und was Sie dabei unbedingt beachten sollten.<\/p>\n\n<h2>Ausf\u00fcllhilfe zur vereinfachten Einkommensteuererkl\u00e4rung<\/h2>\n<h3>\u00dcberblick der Formularinhalte der\u00a0ESt 1 V<\/h3>\n<table class=\"table\">\n<tbody>\n<tr>\n<td><strong>Seite 1<\/strong><\/td>\n<td><strong>Zeilen 5 bis 24 \u2013 Allgemeine Angaben<\/strong><\/p>\n<p>In diese Zeilen kommen allgemeine Angaben zu Ihnen und bei Zusammenveranlagung auch zu Ihrem Ehepartner.<\/p>\n<p><strong>Zeilen 25 bis 27 \u2013 Eink\u00fcnfte aus nichtselbstst\u00e4ndiger Arbeit<\/strong><\/p>\n<p>Hier geben Sie Ihre Eink\u00fcnfte aus nichtselbst\u00e4ndiger Arbeit an.<\/td>\n<\/tr>\n<tr>\n<td><strong>Seite 2<\/strong><\/td>\n<td><strong>Zeilen 31 bis 38 \u2013 Werbungskosten<\/strong><\/p>\n<p>In den Zeilen 31 bis 38 geben Sie f\u00fcr sich selbst und Ihren Partner angefallene Werbungskosten an. Hierzu z\u00e4hlen zum Beispiel die Entfernungspauschale und weitere anerkannte Werbungskosten.<\/p>\n<p><strong>Zeilen 39 bis 41 \u2013 Sonderausgaben<\/strong><\/p>\n<p>Bei den hier erkl\u00e4rbaren Sonderausgaben handelt es sich um die Kirchensteuer sowie um Ausgaben f\u00fcr Spenden und Mitgliedsbeitr\u00e4ge.<\/p>\n<p><strong>Zeilen 42 und 43 \u2013 Au\u00dfergew\u00f6hnliche Belastungen<\/strong><\/p>\n<p>Au\u00dfergew\u00f6hnliche Belastungen sind Kosten, die zum Beispiel durch Krankheiten oder behinderte Menschen entstanden sind \u2013 die Angaben hierzu machen Sie in den Zeilen 42 und 43.<\/p>\n<p><strong>Zeilen 44 bis 48 \u2013 Haushaltsnahe Dienstleistungen und Handwerkerleistungen<\/strong><\/p>\n<p>Wenn im Bezugsjahr jemand in Ihrem Haushalt angestellt war oder Sie anderweitige Kosten hatten, beispielsweise durch Renovierungsarbeiten oder Modernisierung, k\u00f6nnen Sie diese Kosten hier angeben.<\/td>\n<\/tr>\n<\/tbody>\n<\/table>\n<h3>Seite 1 (Zeilen 1 bis 4) \u2013 Grundangaben<\/h3>\n<p>Geben Sie bei den Grundangaben in der ersten Zeile an, ob Sie lediglich die vereinfachte Einkommenssteuererkl\u00e4rung f\u00fcr Arbeitnehmer abgeben m\u00f6chten oder ob es sich um einen Antrag auf Festsetzung der Arbeitnehmer-Sparzulage handelt.<\/p>\n<p>In der zweiten Zeile geben Sie Ihre Steuernummer an, in der dritten Zeile Ihr Finanzamt. Bei Wohnsitzwechsel geben Sie in Zeile 4 au\u00dferdem Ihr bisheriges Finanzamt an.<\/p>\n<h3>Seite 1 (Zeilen 5 bis 24) \u2013 Allgemeine Angaben<\/h3>\n<p>In den Zeilen 5 bis 24 m\u00fcssen Sie einige allgemeine Angaben zu sich machen \u2013 hier geht es beispielsweise um Ihren Namen, Ihre Anschrift, Ihre Konfession und um den Beruf, den Sie aus\u00fcben.<\/p>\n<p>Die Zeilen 13 bis 20 sind f\u00fcr Sie nur dann relevant, wenn Sie verheiratet sind. Bei Zusammenveranlagung sind au\u00dferdem die Zeilen 14 bis 20 auszuf\u00fcllen. Sollte dieser Teil nicht auf Sie zutreffen, k\u00f6nnen Sie ihn einfach unausgef\u00fcllt lassen.<\/p>\n<p>In den Zeilen 21 bis 24 geben Sie Informationen zu Ihrer Bankverbindung an. Das ist wichtig, weil das Finanzamt keine Barzahlungen vornimmt und es hier bei unvollst\u00e4ndigen Angaben zu Verz\u00f6gerungen bei Ihrer Steuererstattung kommen kann.<\/p>\n<h3>Seite 1 (Zeilen 25 bis 27) \u2013 Eink\u00fcnfte aus nichtselbstst\u00e4ndiger Arbeit<\/h3>\n<p>Die in Zeile 25 gefragte eTIN-Nummer finden Sie auf Ihrer Lohnsteuerbescheinigung. Die Nummer hat 14 Stellen und besteht sowohl aus Gro\u00dfbuchstaben als auch aus Zahlen. Falls Sie keine eTIN-Nummer, sondern eine Steuer-Identifikationsnummer haben, nutzen Sie diese f\u00fcr Ihre vereinfachte Steuererkl\u00e4rung. Gegebenenfalls ist in derselben Zeile auch noch die eTIN des Ehegatten anzugeben.<\/p>\n<p>Bezogene Lohn- bzw. Entgeltersatzleistungen sind in den Zeilen 26 und 27 zu erkl\u00e4ren. Eine Liste aller hier relevanten Leistungen finden Sie auf <a href=\"http:\/\/www.steuernetz.de\/aav_steuernetz\/lexikon\/K-33329.xhtml?currentModule=home\" target=\"_blank\" rel=\"noopener\">dieser Seite<\/a>. Sollten Sie keine dieser Leistungen bezogen haben, m\u00fcssen die Zeilen nicht ausgef\u00fcllt werden.<\/p>\n<h3>Seite 2 (Zeilen 31 bis 34) \u2013 Werbungskosten der steuerpflichtigen Person \/ Ehemann \/ Lebenspartner(in) A<\/h3>\n<p>Die Angaben zur Ermittlung der Entfernungspauschale in Zeile 31 sind f\u00fcr Sie dann relevant, wenn Ihnen ein Auto geh\u00f6rt und Sie mit diesem zur Arbeit gefahren sind. Auch Fahrten mit den \u00f6ffentlichen Verkehrsmitteln k\u00f6nnen angegeben werden \u2013 wichtig hierf\u00fcr sind die Zeilen 32 und 33.<\/p>\n<p>Zudem haben Sie die M\u00f6glichkeit weitere Werbungskosten geltend zu machen. Einige Beispiele f\u00fcr Posten, die vom Finanzamt in der Regel als <a href=\"\/online\/steuerwissen\/werbungskosten\/#Werbungskosten_von_A_Z\">Werbungskosten<\/a> anerkannt werden, finden Sich in unserem Steuerwissen-Artikel..<\/p>\n<h3>Seite 2 (Zeilen 35 bis 38) \u2013 Werbungskosten Ehefrau \/ Lebenspartner(in) B<\/h3>\n<p>In den Zeilen 35 bis 38 folgen die gleichen Angaben wie in den Zeilen 31 bis 34, dieses Mal allerdings bezogen auf den Ehe- oder Lebenspartner, wenn Sie gemeinsam veranlagt werden.<\/p>\n<h3>Seite 2 (Zeilen 39 bis 41) \u2013 Sonderausgaben<\/h3>\n<p>Bei den Sonderausgaben geben Sie Ihre Ausgaben f\u00fcr Kirchensteuer (Zeile 39) sowie f\u00fcr Spenden und Mitgliedsbeitr\u00e4ge an.<\/p>\n<p>Bei den Spenden und Mitgliedsbeitr\u00e4gen ist zu differenzieren zwischen Aufwendungen, bei denen die Daten elektronisch an die Finanzverwaltung \u00fcbermittelt wurden (Zeile 41) und Aufwendungen, bei denen eine Best\u00e4tigung angeh\u00e4ngt werden muss (Zeile 40).<\/p>\n<h3>Seite 2 (Zeilen 42 und 43) \u2013 Au\u00dfergew\u00f6hnliche Belastungen<\/h3>\n<p>Au\u00dfergew\u00f6hnliche Belastungen sind relevant, wenn Sie Verpflichtungen gegen\u00fcber behinderten Menschen wahrgenommen haben, Kosten durch Krankheiten entstanden sind oder Sie die Kosten f\u00fcr die Beerdigung eines nahen Verwandten zu tragen hatten.<\/p>\n<p>Informieren Sie sich gegebenenfalls hier nochmals im Detail, welche Belastungen zu welchem Grad und unter welchen Bedingungen anerkannt werden.<\/p>\n<h3>Seite 2 (Zeilen 44 bis 48) \u2013 Haushaltsnahe Dienstleistungen und Handwerkerleistungen<\/h3>\n<p>Wenn im Bezugsjahr jemand bei Ihnen angestellt war, der Ihnen in irgendeiner Weise im Haushalt geholfen hat, so k\u00f6nnen Sie die entsprechenden Angaben hierzu in der Zeile 44 machen. Genauere Informationen dar\u00fcber, was hier genau angegeben werden kann, befinden sich auch auf dem Steuerformular.<\/p>\n<p>In der Zeile 45 k\u00f6nnen Sie dar\u00fcber hinaus Kosten auff\u00fchren, die durch Renovierungs-, Erhaltungs- und Modernisierungsma\u00dfnahmen im eigenen Haushalt entstanden sind.<\/p>\n<p><strong>Hinweis: <\/strong>Anerkannt werden jeweils nur die Kosten der Dienstleistung, beispielsweise also nicht die Materialkosten. Achten Sie gegebenenfalls darauf, sich die jeweiligen Posten auf der Handwerkerrechnung gesondert ausweisen zu lassen. Die Rechnungen m\u00fcssen nicht mit der Steuererkl\u00e4rung eingereicht werden, Sie m\u00fcssen diese aber auf Verlangen des Finanzamts hin vorzeigen k\u00f6nnen.<\/p>\n<h3>Seite 2 (Zeile 49) \u2013 Unterschrift<\/h3>\n<p>Unterschreiben Sie an dieser Stelle die Steuererkl\u00e4rung und geben Sie ggf. auch an, wenn Ihnen ein Steuerberater bei der Anfertigung der Steuererkl\u00e4rung geholfen hat.<\/p>\n<h4>\u00c4hnliche Beitr\u00e4ge:<\/h4>\n<ul>\n<li><a title=\"Anlage E\u00dcR \u2013 Ausf\u00fcllhilfe\" href=\"https:\/\/www.smartsteuer.de\/online\/ausfuellhilfen\/anlage-euer-ausfuellhilfe\/\" rel=\"bookmark\">Anlage E\u00dcR \u2013 Ausf\u00fcllhilfe<\/a><\/li>\n<li><a title=\"Anlage N (Eink\u00fcnfte aus nichtselbstst\u00e4ndiger Arbeit) \u2013 Ausf\u00fcllhilfe\" href=\"https:\/\/www.smartsteuer.de\/online\/ausfuellhilfen\/anlage-n-ausfuellhilfe\/\" rel=\"bookmark\">Anlage N (Eink\u00fcnfte aus nichtselbstst\u00e4ndiger Arbeit) \u2013 Ausf\u00fcllhilfe<\/a><\/li>\n<li><a title=\"Hauptvordruck der Einkommensteuererkl\u00e4rung (ESt 1 A) \u2013 Ausf\u00fcllhilfe\" href=\"https:\/\/www.smartsteuer.de\/online\/ausfuellhilfen\/hauptvordruck-steuererklaerung-ausfuellhilfe\/\" rel=\"bookmark\">Hauptvordruck der Einkommensteuererkl\u00e4rung (ESt 1 A) \u2013 Ausf\u00fcllhilfe<\/a><\/li>\n<li><a title=\"Anlage V (Eink\u00fcnfte aus Vermietung und Verpachtung) \u2013 Ausf\u00fcllhilfe\" href=\"https:\/\/www.smartsteuer.de\/online\/ausfuellhilfen\/anlage-v-ausfuellhilfe\/\" rel=\"bookmark\">Anlage V (Eink\u00fcnfte aus Vermietung und Verpachtung) \u2013 Ausf\u00fcllhilfe<\/a><\/li>\n<\/ul>\n","protected":false},"excerpt":{"rendered":"<p>Die vereinfachte Einkommenssteuererkl\u00e4rung ist geeignet f\u00fcr alle Arbeitnehmer ohne Nebeneink\u00fcnfte oder komplizierte Steuererm\u00e4\u00dfigungen \u2013 einzig Werbungskosten, Sonderausgaben und au\u00dfergew\u00f6hnliche Belastungen k\u00f6nnen im Formular ESt 1 V angegeben werden. Bei verheirateten Arbeitnehmern darf die vereinfachte Steuererkl\u00e4rung nur dann genutzt werden, wenn die Ehegatten gemeinsam veranlagt werden. Auf dieser Seite zeigen wir Ihnen wie Sie die vereinfachte [&hellip;]<\/p>\n","protected":false},"author":47,"featured_media":0,"parent":83992,"menu_order":0,"comment_status":"closed","ping_status":"closed","template":"","meta":{"_acf_changed":false,"footnotes":""},"class_list":["post-83914","page","type-page","status-publish","hentry"],"acf":[],"yoast_head":"<!-- This site is optimized with the Yoast SEO Premium plugin v27.1 (Yoast SEO v27.1.1) - https:\/\/yoast.com\/product\/yoast-seo-premium-wordpress\/ -->\n<title>Vereinfachte Einkommensteuererkl\u00e4rung (ESt 1 V) \u2013 Ausf\u00fcllhilfe<\/title>\n<meta name=\"description\" content=\"Vereinfachte Einkommensteuererkl\u00e4rung (ESt 1 V) \u2013 Ausf\u00fcllhilfe \ud83d\udca1 Hinweise und Tipps f\u00fcr Dich leicht erkl\u00e4rt!\" \/>\n<meta name=\"robots\" content=\"index, follow, max-snippet:-1, max-image-preview:large, max-video-preview:-1\" \/>\n<link rel=\"canonical\" href=\"https:\/\/www.smartsteuer.de\/online\/ausfuellhilfen\/vereinfachte-einkommensteuererklaerung-ausfuellhilfe\/\" \/>\n<meta property=\"og:locale\" content=\"de_DE\" \/>\n<meta property=\"og:type\" content=\"article\" \/>\n<meta property=\"og:title\" content=\"Vereinfachte Einkommensteuererkl\u00e4rung (ESt 1 V) \u2013 Ausf\u00fcllhilfe\" \/>\n<meta property=\"og:description\" content=\"Vereinfachte Einkommensteuererkl\u00e4rung (ESt 1 V) \u2013 Ausf\u00fcllhilfe \ud83d\udca1 Hinweise und Tipps f\u00fcr Dich leicht erkl\u00e4rt!\" \/>\n<meta property=\"og:url\" content=\"https:\/\/www.smartsteuer.de\/online\/ausfuellhilfen\/vereinfachte-einkommensteuererklaerung-ausfuellhilfe\/\" \/>\n<meta property=\"og:site_name\" content=\"smartsteuer\" \/>\n<meta property=\"article:publisher\" content=\"https:\/\/de-de.facebook.com\/smartsteuer\/\" \/>\n<meta property=\"article:modified_time\" content=\"2025-11-19T07:59:43+00:00\" \/>\n<meta name=\"twitter:card\" content=\"summary_large_image\" \/>\n<meta name=\"twitter:site\" content=\"@smartsteuer\" \/>\n<meta name=\"twitter:label1\" content=\"Gesch\u00e4tzte Lesezeit\" \/>\n\t<meta name=\"twitter:data1\" content=\"6\u00a0Minuten\" \/>\n<script type=\"application\/ld+json\" class=\"yoast-schema-graph\">{\"@context\":\"https:\/\/schema.org\",\"@graph\":[{\"@type\":\"WebPage\",\"@id\":\"https:\/\/www.smartsteuer.de\/online\/ausfuellhilfen\/vereinfachte-einkommensteuererklaerung-ausfuellhilfe\/\",\"url\":\"https:\/\/www.smartsteuer.de\/online\/ausfuellhilfen\/vereinfachte-einkommensteuererklaerung-ausfuellhilfe\/\",\"name\":\"Vereinfachte Einkommensteuererkl\u00e4rung (ESt 1 V) \u2013 Ausf\u00fcllhilfe\",\"isPartOf\":{\"@id\":\"https:\/\/www.smartsteuer.de\/online\/#website\"},\"datePublished\":\"2025-11-03T13:11:56+00:00\",\"dateModified\":\"2025-11-19T07:59:43+00:00\",\"description\":\"Vereinfachte Einkommensteuererkl\u00e4rung (ESt 1 V) \u2013 Ausf\u00fcllhilfe \ud83d\udca1 Hinweise und Tipps f\u00fcr Dich leicht erkl\u00e4rt!\",\"breadcrumb\":{\"@id\":\"https:\/\/www.smartsteuer.de\/online\/ausfuellhilfen\/vereinfachte-einkommensteuererklaerung-ausfuellhilfe\/#breadcrumb\"},\"inLanguage\":\"de\",\"potentialAction\":[{\"@type\":\"ReadAction\",\"target\":[\"https:\/\/www.smartsteuer.de\/online\/ausfuellhilfen\/vereinfachte-einkommensteuererklaerung-ausfuellhilfe\/\"]}]},{\"@type\":\"BreadcrumbList\",\"@id\":\"https:\/\/www.smartsteuer.de\/online\/ausfuellhilfen\/vereinfachte-einkommensteuererklaerung-ausfuellhilfe\/#breadcrumb\",\"itemListElement\":[{\"@type\":\"ListItem\",\"position\":1,\"name\":\"Home\",\"item\":\"https:\/\/www.smartsteuer.de\/online\/\"},{\"@type\":\"ListItem\",\"position\":2,\"name\":\"ausfuellhilfen\",\"item\":\"https:\/\/www.smartsteuer.de\/online\/ausfuellhilfen\/\"},{\"@type\":\"ListItem\",\"position\":3,\"name\":\"Vereinfachte Einkommensteuererkl\u00e4rung (ESt 1 V) \u2013 Ausf\u00fcllhilfe\"}]},{\"@type\":\"WebSite\",\"@id\":\"https:\/\/www.smartsteuer.de\/online\/#website\",\"url\":\"https:\/\/www.smartsteuer.de\/online\/\",\"name\":\"smartsteuer\",\"description\":\"Steuererkl\u00e4rung 2024 online machen &amp; Steuern sparen\",\"publisher\":{\"@id\":\"https:\/\/www.smartsteuer.de\/online\/#organization\"},\"potentialAction\":[{\"@type\":\"SearchAction\",\"target\":{\"@type\":\"EntryPoint\",\"urlTemplate\":\"https:\/\/www.smartsteuer.de\/online\/?s={search_term_string}\"},\"query-input\":{\"@type\":\"PropertyValueSpecification\",\"valueRequired\":true,\"valueName\":\"search_term_string\"}}],\"inLanguage\":\"de\"},{\"@type\":\"Organization\",\"@id\":\"https:\/\/www.smartsteuer.de\/online\/#organization\",\"name\":\"smartsteuer GmbH\",\"url\":\"https:\/\/www.smartsteuer.de\/online\/\",\"logo\":{\"@type\":\"ImageObject\",\"inLanguage\":\"de\",\"@id\":\"https:\/\/www.smartsteuer.de\/online\/#\/schema\/logo\/image\/\",\"url\":\"https:\/\/www.smartsteuer.de\/online\/wp-content\/uploads\/2024\/11\/Favicon-smartsteuer.png\",\"contentUrl\":\"https:\/\/www.smartsteuer.de\/online\/wp-content\/uploads\/2024\/11\/Favicon-smartsteuer.png\",\"width\":512,\"height\":512,\"caption\":\"smartsteuer GmbH\"},\"image\":{\"@id\":\"https:\/\/www.smartsteuer.de\/online\/#\/schema\/logo\/image\/\"},\"sameAs\":[\"https:\/\/de-de.facebook.com\/smartsteuer\/\",\"https:\/\/x.com\/smartsteuer\",\"https:\/\/www.youtube.com\/channel\/UCu02GkFNrMRzwysT2SEmNrQ\"]}]}<\/script>\n<!-- \/ Yoast SEO Premium plugin. -->","yoast_head_json":{"title":"Vereinfachte Einkommensteuererkl\u00e4rung (ESt 1 V) \u2013 Ausf\u00fcllhilfe","description":"Vereinfachte Einkommensteuererkl\u00e4rung (ESt 1 V) \u2013 Ausf\u00fcllhilfe \ud83d\udca1 Hinweise und Tipps f\u00fcr Dich leicht erkl\u00e4rt!","robots":{"index":"index","follow":"follow","max-snippet":"max-snippet:-1","max-image-preview":"max-image-preview:large","max-video-preview":"max-video-preview:-1"},"canonical":"https:\/\/www.smartsteuer.de\/online\/ausfuellhilfen\/vereinfachte-einkommensteuererklaerung-ausfuellhilfe\/","og_locale":"de_DE","og_type":"article","og_title":"Vereinfachte Einkommensteuererkl\u00e4rung (ESt 1 V) \u2013 Ausf\u00fcllhilfe","og_description":"Vereinfachte Einkommensteuererkl\u00e4rung (ESt 1 V) \u2013 Ausf\u00fcllhilfe \ud83d\udca1 Hinweise und Tipps f\u00fcr Dich leicht erkl\u00e4rt!","og_url":"https:\/\/www.smartsteuer.de\/online\/ausfuellhilfen\/vereinfachte-einkommensteuererklaerung-ausfuellhilfe\/","og_site_name":"smartsteuer","article_publisher":"https:\/\/de-de.facebook.com\/smartsteuer\/","article_modified_time":"2025-11-19T07:59:43+00:00","twitter_card":"summary_large_image","twitter_site":"@smartsteuer","twitter_misc":{"Gesch\u00e4tzte Lesezeit":"6\u00a0Minuten"},"schema":{"@context":"https:\/\/schema.org","@graph":[{"@type":"WebPage","@id":"https:\/\/www.smartsteuer.de\/online\/ausfuellhilfen\/vereinfachte-einkommensteuererklaerung-ausfuellhilfe\/","url":"https:\/\/www.smartsteuer.de\/online\/ausfuellhilfen\/vereinfachte-einkommensteuererklaerung-ausfuellhilfe\/","name":"Vereinfachte Einkommensteuererkl\u00e4rung (ESt 1 V) \u2013 Ausf\u00fcllhilfe","isPartOf":{"@id":"https:\/\/www.smartsteuer.de\/online\/#website"},"datePublished":"2025-11-03T13:11:56+00:00","dateModified":"2025-11-19T07:59:43+00:00","description":"Vereinfachte Einkommensteuererkl\u00e4rung (ESt 1 V) \u2013 Ausf\u00fcllhilfe \ud83d\udca1 Hinweise und Tipps f\u00fcr Dich leicht erkl\u00e4rt!","breadcrumb":{"@id":"https:\/\/www.smartsteuer.de\/online\/ausfuellhilfen\/vereinfachte-einkommensteuererklaerung-ausfuellhilfe\/#breadcrumb"},"inLanguage":"de","potentialAction":[{"@type":"ReadAction","target":["https:\/\/www.smartsteuer.de\/online\/ausfuellhilfen\/vereinfachte-einkommensteuererklaerung-ausfuellhilfe\/"]}]},{"@type":"BreadcrumbList","@id":"https:\/\/www.smartsteuer.de\/online\/ausfuellhilfen\/vereinfachte-einkommensteuererklaerung-ausfuellhilfe\/#breadcrumb","itemListElement":[{"@type":"ListItem","position":1,"name":"Home","item":"https:\/\/www.smartsteuer.de\/online\/"},{"@type":"ListItem","position":2,"name":"ausfuellhilfen","item":"https:\/\/www.smartsteuer.de\/online\/ausfuellhilfen\/"},{"@type":"ListItem","position":3,"name":"Vereinfachte Einkommensteuererkl\u00e4rung (ESt 1 V) \u2013 Ausf\u00fcllhilfe"}]},{"@type":"WebSite","@id":"https:\/\/www.smartsteuer.de\/online\/#website","url":"https:\/\/www.smartsteuer.de\/online\/","name":"smartsteuer","description":"Steuererkl\u00e4rung 2024 online machen &amp; Steuern sparen","publisher":{"@id":"https:\/\/www.smartsteuer.de\/online\/#organization"},"potentialAction":[{"@type":"SearchAction","target":{"@type":"EntryPoint","urlTemplate":"https:\/\/www.smartsteuer.de\/online\/?s={search_term_string}"},"query-input":{"@type":"PropertyValueSpecification","valueRequired":true,"valueName":"search_term_string"}}],"inLanguage":"de"},{"@type":"Organization","@id":"https:\/\/www.smartsteuer.de\/online\/#organization","name":"smartsteuer GmbH","url":"https:\/\/www.smartsteuer.de\/online\/","logo":{"@type":"ImageObject","inLanguage":"de","@id":"https:\/\/www.smartsteuer.de\/online\/#\/schema\/logo\/image\/","url":"https:\/\/www.smartsteuer.de\/online\/wp-content\/uploads\/2024\/11\/Favicon-smartsteuer.png","contentUrl":"https:\/\/www.smartsteuer.de\/online\/wp-content\/uploads\/2024\/11\/Favicon-smartsteuer.png","width":512,"height":512,"caption":"smartsteuer GmbH"},"image":{"@id":"https:\/\/www.smartsteuer.de\/online\/#\/schema\/logo\/image\/"},"sameAs":["https:\/\/de-de.facebook.com\/smartsteuer\/","https:\/\/x.com\/smartsteuer","https:\/\/www.youtube.com\/channel\/UCu02GkFNrMRzwysT2SEmNrQ"]}]}},"_links":{"self":[{"href":"https:\/\/www.smartsteuer.de\/online\/wp-json\/wp\/v2\/pages\/83914","targetHints":{"allow":["GET"]}}],"collection":[{"href":"https:\/\/www.smartsteuer.de\/online\/wp-json\/wp\/v2\/pages"}],"about":[{"href":"https:\/\/www.smartsteuer.de\/online\/wp-json\/wp\/v2\/types\/page"}],"author":[{"embeddable":true,"href":"https:\/\/www.smartsteuer.de\/online\/wp-json\/wp\/v2\/users\/47"}],"replies":[{"embeddable":true,"href":"https:\/\/www.smartsteuer.de\/online\/wp-json\/wp\/v2\/comments?post=83914"}],"version-history":[{"count":4,"href":"https:\/\/www.smartsteuer.de\/online\/wp-json\/wp\/v2\/pages\/83914\/revisions"}],"predecessor-version":[{"id":84554,"href":"https:\/\/www.smartsteuer.de\/online\/wp-json\/wp\/v2\/pages\/83914\/revisions\/84554"}],"up":[{"embeddable":true,"href":"https:\/\/www.smartsteuer.de\/online\/wp-json\/wp\/v2\/pages\/83992"}],"wp:attachment":[{"href":"https:\/\/www.smartsteuer.de\/online\/wp-json\/wp\/v2\/media?parent=83914"}],"curies":[{"name":"wp","href":"https:\/\/api.w.org\/{rel}","templated":true}]}}