{"id":83992,"date":"2025-11-03T13:55:09","date_gmt":"2025-11-03T11:55:09","guid":{"rendered":"https:\/\/www.smartsteuer.de\/online\/?page_id=83992"},"modified":"2026-03-17T17:04:22","modified_gmt":"2026-03-17T15:04:22","slug":"ausfuellhilfen","status":"publish","type":"page","link":"https:\/\/www.smartsteuer.de\/online\/ausfuellhilfen\/","title":{"rendered":"ausfuellhilfen"},"content":{"rendered":"<h1 style=\"text-align: center;\">Kategorie: Ausf\u00fcllhilfen<\/h1>\n<div class=\"sui-sheet-wrapper\"><section class=\"sui-sheet--up-flat\"><div class=\"d-flex flex-column flex-md-row m-0\"><div class=\"sui-split-half sui-theme-bright\"><div class=\"sui-split-inner\"><\/p>\n<h4><a href=\"https:\/\/www.smartsteuer.de\/online\/ausfuellhilfen\/anlage-aus-ausfuellhilfe\/\">Anlage AUS \u2013 Ausf\u00fcllhilfe<\/a><\/h4>\n<p>Hinweis: Alle Steuererkl\u00e4rungen m\u00fcssen ab 01.01.2025 digital eingereicht werden. Ausnahmen gelten f\u00fcr Rentner und Angestellte, die keine weiteren steuerpflichtigen Einnahmen neben Lohn oder Rente haben. Auf dieser Seite erkl\u00e4ren wir Ihnen, wer die Anlage AUS (Ausl\u00e4ndische Eink\u00fcnfte) ausf\u00fcllen muss, wie Sie die Anlage AUS richtig ausf\u00fcllen und was Sie dabei unbedingt beachten sollten. Nachfolgend wird [\u2026]<\/p>\n<h4><a href=\"https:\/\/www.smartsteuer.de\/online\/ausfuellhilfen\/anlage-l-ausfuellhilfe\/\">Anlage L (Eink\u00fcnfte aus Land- und Forstwirtschaft) \u2013 Ausf\u00fcllhilfe<\/a><\/h4>\n<p>Hinweis: Alle Steuererkl\u00e4rungen m\u00fcssen ab 01.01.2025 digital eingereicht werden. Ausnahmen gelten f\u00fcr Rentner und Angestellte, die keine weiteren steuerpflichtigen Einnahmen neben Lohn oder Rente haben. Auf dieser Seite bieten wir Ihnen eine kostenfreie Ausf\u00fcllhilfe zur Anlage L \u2013 Eink\u00fcnfte aus Land- und Forstwirtschaft. Hier sind Sie also richtig, wenn Sie wissen m\u00f6chten, wie Sie die [\u2026]<\/p>\n<h4><a href=\"https:\/\/www.smartsteuer.de\/online\/ausfuellhilfen\/anlage-kap-ausfuellhilfe\/\">Anlage KAP (Eink\u00fcnfte aus Kapitalverm\u00f6gen) \u2013 Ausf\u00fcllhilfe<\/a><\/h4>\n<p>Hinweis: Alle Steuererkl\u00e4rungen m\u00fcssen ab 01.01.2025 digital eingereicht werden. Ausnahmen gelten f\u00fcr Rentner und Angestellte, die keine weiteren steuerpflichtigen Einnahmen neben Lohn oder Rente haben. Auf dieser Seite zeigen wir Ihnen, wann Sie die Anlage KAP ausf\u00fcllen m\u00fcssen, wie Sie die Anlage KAP richtig ausf\u00fcllen und worauf Sie dabei unbedingt achten sollten. Dabei werden [\u2026]<\/p>\n<h4><a href=\"https:\/\/www.smartsteuer.de\/online\/ausfuellhilfen\/anlage-v-ausfuellhilfe\/\">Anlage V (Eink\u00fcnfte aus Vermietung und Verpachtung) \u2013 Ausf\u00fcllhilfe<\/a><\/h4>\n<p>Hinweis: Alle Steuererkl\u00e4rungen m\u00fcssen ab 01.01.2025 digital eingereicht werden. Ausnahmen gelten f\u00fcr Rentner und Angestellte, die keine weiteren steuerpflichtigen Einnahmen neben Lohn oder Rente haben. In dieser Ausf\u00fcllhilfe zur Anlage V (Eink\u00fcnfte aus Vermietung und Verpachtung) zeigen wir Ihnen, wie Sie die Anlage V richtig ausf\u00fcllen und auf welche Dinge Sie dabei unbedingt achten sollten. [\u2026]<\/p>\n<h4><a href=\"https:\/\/www.smartsteuer.de\/online\/ausfuellhilfen\/anlage-so-ausfuellhilfe\/\">Anlage SO \u2013 Ausf\u00fcllhilfe<\/a><\/h4>\n<p>Hinweis: Alle Steuererkl\u00e4rungen m\u00fcssen ab 01.01.2025 digital eingereicht werden. Ausnahmen gelten f\u00fcr Rentner und Angestellte, die keine weiteren steuerpflichtigen Einnahmen neben Lohn oder Rente haben. Die Anlage SO (\u201eSonstige Eink\u00fcnfte\u201c) der Einkommensteuer m\u00fcssen Sie ausf\u00fcllen, wenn Sie Unterhaltszahlungen von einem geschiedenen oder dauerhaft getrenntlebenden Ehegatten oder Lebenspartner erhalten haben oder Sie sonstige Eink\u00fcnfte, beispielsweise aus [\u2026]<\/p>\n<p><\/div><\/div><br \/>\n<div class=\"sui-split-half sui-theme-bright\"><div class=\"sui-split-inner\"><\/p>\n<h4><a href=\"https:\/\/www.smartsteuer.de\/online\/ausfuellhilfen\/anlage-euer-ausfuellhilfe\/\">Anlage E\u00dcR \u2013 Ausf\u00fcllhilfe<\/a><\/h4>\n<p>Hinweis: Alle Steuererkl\u00e4rungen m\u00fcssen ab 01.01.2025 digital eingereicht werden. Ausnahmen gelten f\u00fcr Rentner und Angestellte, die keine weiteren steuerpflichtigen Einnahmen neben Lohn oder Rente haben. Auf dieser Seite finden Sie eine Ausf\u00fcllhilfe zur Anlage E\u00dcR (Einnahmen-\u00dcberschuss-Rechnung). Nachfolgenden erkl\u00e4ren wir Ihnen, wann Sie die Anlage E\u00dcR ausf\u00fcllen m\u00fcssen, wie Sie die Anlage E\u00dcR richtig ausf\u00fcllen und [\u2026]<\/p>\n<h4><a href=\"https:\/\/www.smartsteuer.de\/online\/ausfuellhilfen\/anlage-s-ausfuellhilfe\/\">Anlage S (Eink\u00fcnfte aus selbstst\u00e4ndiger Arbeit) \u2013 Ausf\u00fcllhilfe<\/a><\/h4>\n<p>Hinweis: Alle Steuererkl\u00e4rungen m\u00fcssen ab 01.01.2025 digital eingereicht werden. Ausnahmen gelten f\u00fcr Rentner und Angestellte, die keine weiteren steuerpflichtigen Einnahmen neben Lohn oder Rente haben. Auf dieser Seite finden Sie eine kostenlose Ausf\u00fcllhilfe zur Anlage S der Einkommensteuererkl\u00e4rung. In dieser zeigen wir Ihnen nachfolgend, wie Sie die Anlage S richtig ausf\u00fcllen, wann Sie die Anlage [\u2026]<\/p>\n<h4><a href=\"https:\/\/www.smartsteuer.de\/online\/ausfuellhilfen\/anlage-r-ausfuellhilfe\/\">Anlage R (Renten) \u2013 Ausf\u00fcllhilfe<\/a><\/h4>\n<p>Auf dieser Seite zeigen wir Ihnen, wie Sie die Anlage R (Renten) richtig ausf\u00fcllen, wann Sie die Anlage R ausf\u00fcllen m\u00fcssen und was Sie dabei unbedingt beachten sollten. Im Folgenden wird diesen Themen Beachtung geschenkt: Wer muss die Anlage R ausf\u00fcllen? Die Anlage R ist auszuf\u00fcllen, wenn Sie im Veranlagungsjahr mindestens eine Rente bezogen haben. [\u2026]<\/p>\n<h4><a href=\"https:\/\/www.smartsteuer.de\/online\/ausfuellhilfen\/anlage-n-ausfuellhilfe\/\">Anlage N (Eink\u00fcnfte aus nichtselbstst\u00e4ndiger Arbeit) \u2013 Ausf\u00fcllhilfe<\/a><\/h4>\n<p>Bei der Anlage N (Eink\u00fcnfte aus nichtselbstst\u00e4ndiger Arbeit) der Einkommensteuererkl\u00e4rung handelt es sich um eines der wichtigsten Steuerformulare f\u00fcr Arbeitnehmer. Auf dieser Seite stellen wir Ihnen die Formularinhalte der Anlage N vor und zeigen Ihnen, wie Sie die Anlage N richtig ausf\u00fcllen. Zudem gehen wir auf einige wichtige Aspekte ein, auf die Sie dabei unbedingt [\u2026]<\/p>\n<h4><a href=\"https:\/\/www.smartsteuer.de\/online\/ausfuellhilfen\/anlage-unterhalt-ausfuellhilfe\/\">Anlage Unterhalt \u2013 Ausf\u00fcllhilfe<\/a><\/h4>\n<p>Auf dieser Seite helfen wir Ihnen dabei, die Anlage Unterhalt (Angaben zu Unterhaltsleistungen an bed\u00fcrftige Personen) richtig auszuf\u00fcllen. Au\u00dferdem beantworten wir Ihnen im Rahmen dieser Ausf\u00fcllhilfe die am h\u00e4ufigsten gestellten Fragen rund um die Anlage Unterhalt der Einkommensteuererkl\u00e4rung. Nachfolgenden werden wir uns den folgenden Themen widmen: Ausf\u00fcllhilfe zur Anlage Unterhalt \u00dcberblick der Formularinhalte der Anlage [\u2026]<\/p>\n<p><\/div><\/div><br \/>\n<\/div><\/section><\/div>\n","protected":false},"excerpt":{"rendered":"<p>Kategorie: Ausf\u00fcllhilfen<\/p>\n","protected":false},"author":47,"featured_media":0,"parent":0,"menu_order":0,"comment_status":"closed","ping_status":"closed","template":"landingpage-template.php","meta":{"_acf_changed":false,"footnotes":""},"class_list":["post-83992","page","type-page","status-publish","hentry"],"acf":[],"yoast_head":"<!-- This site is optimized with the Yoast SEO Premium plugin v27.5 (Yoast SEO v27.5) - https:\/\/yoast.com\/product\/yoast-seo-premium-wordpress\/ -->\n<title>Ausf\u00fcllhilfe Steuererkl\u00e4rung<\/title>\n<meta name=\"description\" content=\"Die perfekte Ausf\u00fcllhilfe f\u00fcr die Steuererkl\u00e4rung mit Formularen. Anleitungen f\u00fcr verschiedene Formulare wie Anlage N oder Anlage Kap.\" \/>\n<meta name=\"robots\" content=\"index, follow, max-snippet:-1, max-image-preview:large, max-video-preview:-1\" \/>\n<link rel=\"canonical\" href=\"https:\/\/www.smartsteuer.de\/online\/ausfuellhilfen\/\" \/>\n<meta property=\"og:locale\" content=\"de_DE\" \/>\n<meta property=\"og:type\" content=\"article\" \/>\n<meta property=\"og:title\" content=\"ausfuellhilfen\" \/>\n<meta property=\"og:description\" content=\"Die perfekte Ausf\u00fcllhilfe f\u00fcr die Steuererkl\u00e4rung mit Formularen. Anleitungen f\u00fcr verschiedene Formulare wie Anlage N oder Anlage Kap.\" \/>\n<meta property=\"og:url\" content=\"https:\/\/www.smartsteuer.de\/online\/ausfuellhilfen\/\" \/>\n<meta property=\"og:site_name\" content=\"smartsteuer\" \/>\n<meta property=\"article:publisher\" content=\"https:\/\/de-de.facebook.com\/smartsteuer\/\" \/>\n<meta property=\"article:modified_time\" content=\"2026-03-17T15:04:22+00:00\" \/>\n<meta name=\"twitter:card\" content=\"summary_large_image\" \/>\n<meta name=\"twitter:site\" content=\"@smartsteuer\" \/>\n<meta name=\"twitter:label1\" content=\"Gesch\u00e4tzte Lesezeit\" \/>\n\t<meta name=\"twitter:data1\" content=\"4\u00a0Minuten\" \/>\n<script type=\"application\/ld+json\" class=\"yoast-schema-graph\">{\"@context\":\"https:\\\/\\\/schema.org\",\"@graph\":[{\"@type\":\"WebPage\",\"@id\":\"https:\\\/\\\/www.smartsteuer.de\\\/online\\\/ausfuellhilfen\\\/\",\"url\":\"https:\\\/\\\/www.smartsteuer.de\\\/online\\\/ausfuellhilfen\\\/\",\"name\":\"Ausf\u00fcllhilfe Steuererkl\u00e4rung\",\"isPartOf\":{\"@id\":\"https:\\\/\\\/www.smartsteuer.de\\\/online\\\/#website\"},\"datePublished\":\"2025-11-03T11:55:09+00:00\",\"dateModified\":\"2026-03-17T15:04:22+00:00\",\"description\":\"Die perfekte Ausf\u00fcllhilfe f\u00fcr die Steuererkl\u00e4rung mit Formularen. Anleitungen f\u00fcr verschiedene Formulare wie Anlage N oder Anlage Kap.\",\"breadcrumb\":{\"@id\":\"https:\\\/\\\/www.smartsteuer.de\\\/online\\\/ausfuellhilfen\\\/#breadcrumb\"},\"inLanguage\":\"de\",\"potentialAction\":[{\"@type\":\"ReadAction\",\"target\":[\"https:\\\/\\\/www.smartsteuer.de\\\/online\\\/ausfuellhilfen\\\/\"]}]},{\"@type\":\"BreadcrumbList\",\"@id\":\"https:\\\/\\\/www.smartsteuer.de\\\/online\\\/ausfuellhilfen\\\/#breadcrumb\",\"itemListElement\":[{\"@type\":\"ListItem\",\"position\":1,\"name\":\"Home\",\"item\":\"https:\\\/\\\/www.smartsteuer.de\\\/online\\\/\"},{\"@type\":\"ListItem\",\"position\":2,\"name\":\"ausfuellhilfen\"}]},{\"@type\":\"WebSite\",\"@id\":\"https:\\\/\\\/www.smartsteuer.de\\\/online\\\/#website\",\"url\":\"https:\\\/\\\/www.smartsteuer.de\\\/online\\\/\",\"name\":\"smartsteuer\",\"description\":\"Steuererkl\u00e4rung 2024 online machen &amp; Steuern sparen\",\"publisher\":{\"@id\":\"https:\\\/\\\/www.smartsteuer.de\\\/online\\\/#organization\"},\"potentialAction\":[{\"@type\":\"SearchAction\",\"target\":{\"@type\":\"EntryPoint\",\"urlTemplate\":\"https:\\\/\\\/www.smartsteuer.de\\\/online\\\/?s={search_term_string}\"},\"query-input\":{\"@type\":\"PropertyValueSpecification\",\"valueRequired\":true,\"valueName\":\"search_term_string\"}}],\"inLanguage\":\"de\"},{\"@type\":\"Organization\",\"@id\":\"https:\\\/\\\/www.smartsteuer.de\\\/online\\\/#organization\",\"name\":\"smartsteuer GmbH\",\"url\":\"https:\\\/\\\/www.smartsteuer.de\\\/online\\\/\",\"logo\":{\"@type\":\"ImageObject\",\"inLanguage\":\"de\",\"@id\":\"https:\\\/\\\/www.smartsteuer.de\\\/online\\\/#\\\/schema\\\/logo\\\/image\\\/\",\"url\":\"https:\\\/\\\/www.smartsteuer.de\\\/online\\\/wp-content\\\/uploads\\\/2024\\\/11\\\/Favicon-smartsteuer.png\",\"contentUrl\":\"https:\\\/\\\/www.smartsteuer.de\\\/online\\\/wp-content\\\/uploads\\\/2024\\\/11\\\/Favicon-smartsteuer.png\",\"width\":512,\"height\":512,\"caption\":\"smartsteuer GmbH\"},\"image\":{\"@id\":\"https:\\\/\\\/www.smartsteuer.de\\\/online\\\/#\\\/schema\\\/logo\\\/image\\\/\"},\"sameAs\":[\"https:\\\/\\\/de-de.facebook.com\\\/smartsteuer\\\/\",\"https:\\\/\\\/x.com\\\/smartsteuer\",\"https:\\\/\\\/www.youtube.com\\\/channel\\\/UCu02GkFNrMRzwysT2SEmNrQ\"]}]}<\/script>\n<!-- \/ Yoast SEO Premium plugin. -->","yoast_head_json":{"title":"Ausf\u00fcllhilfe Steuererkl\u00e4rung","description":"Die perfekte Ausf\u00fcllhilfe f\u00fcr die Steuererkl\u00e4rung mit Formularen. Anleitungen f\u00fcr verschiedene Formulare wie Anlage N oder Anlage Kap.","robots":{"index":"index","follow":"follow","max-snippet":"max-snippet:-1","max-image-preview":"max-image-preview:large","max-video-preview":"max-video-preview:-1"},"canonical":"https:\/\/www.smartsteuer.de\/online\/ausfuellhilfen\/","og_locale":"de_DE","og_type":"article","og_title":"ausfuellhilfen","og_description":"Die perfekte Ausf\u00fcllhilfe f\u00fcr die Steuererkl\u00e4rung mit Formularen. Anleitungen f\u00fcr verschiedene Formulare wie Anlage N oder Anlage Kap.","og_url":"https:\/\/www.smartsteuer.de\/online\/ausfuellhilfen\/","og_site_name":"smartsteuer","article_publisher":"https:\/\/de-de.facebook.com\/smartsteuer\/","article_modified_time":"2026-03-17T15:04:22+00:00","twitter_card":"summary_large_image","twitter_site":"@smartsteuer","twitter_misc":{"Gesch\u00e4tzte Lesezeit":"4\u00a0Minuten"},"schema":{"@context":"https:\/\/schema.org","@graph":[{"@type":"WebPage","@id":"https:\/\/www.smartsteuer.de\/online\/ausfuellhilfen\/","url":"https:\/\/www.smartsteuer.de\/online\/ausfuellhilfen\/","name":"Ausf\u00fcllhilfe Steuererkl\u00e4rung","isPartOf":{"@id":"https:\/\/www.smartsteuer.de\/online\/#website"},"datePublished":"2025-11-03T11:55:09+00:00","dateModified":"2026-03-17T15:04:22+00:00","description":"Die perfekte Ausf\u00fcllhilfe f\u00fcr die Steuererkl\u00e4rung mit Formularen. Anleitungen f\u00fcr verschiedene Formulare wie Anlage N oder Anlage Kap.","breadcrumb":{"@id":"https:\/\/www.smartsteuer.de\/online\/ausfuellhilfen\/#breadcrumb"},"inLanguage":"de","potentialAction":[{"@type":"ReadAction","target":["https:\/\/www.smartsteuer.de\/online\/ausfuellhilfen\/"]}]},{"@type":"BreadcrumbList","@id":"https:\/\/www.smartsteuer.de\/online\/ausfuellhilfen\/#breadcrumb","itemListElement":[{"@type":"ListItem","position":1,"name":"Home","item":"https:\/\/www.smartsteuer.de\/online\/"},{"@type":"ListItem","position":2,"name":"ausfuellhilfen"}]},{"@type":"WebSite","@id":"https:\/\/www.smartsteuer.de\/online\/#website","url":"https:\/\/www.smartsteuer.de\/online\/","name":"smartsteuer","description":"Steuererkl\u00e4rung 2024 online machen &amp; Steuern sparen","publisher":{"@id":"https:\/\/www.smartsteuer.de\/online\/#organization"},"potentialAction":[{"@type":"SearchAction","target":{"@type":"EntryPoint","urlTemplate":"https:\/\/www.smartsteuer.de\/online\/?s={search_term_string}"},"query-input":{"@type":"PropertyValueSpecification","valueRequired":true,"valueName":"search_term_string"}}],"inLanguage":"de"},{"@type":"Organization","@id":"https:\/\/www.smartsteuer.de\/online\/#organization","name":"smartsteuer GmbH","url":"https:\/\/www.smartsteuer.de\/online\/","logo":{"@type":"ImageObject","inLanguage":"de","@id":"https:\/\/www.smartsteuer.de\/online\/#\/schema\/logo\/image\/","url":"https:\/\/www.smartsteuer.de\/online\/wp-content\/uploads\/2024\/11\/Favicon-smartsteuer.png","contentUrl":"https:\/\/www.smartsteuer.de\/online\/wp-content\/uploads\/2024\/11\/Favicon-smartsteuer.png","width":512,"height":512,"caption":"smartsteuer GmbH"},"image":{"@id":"https:\/\/www.smartsteuer.de\/online\/#\/schema\/logo\/image\/"},"sameAs":["https:\/\/de-de.facebook.com\/smartsteuer\/","https:\/\/x.com\/smartsteuer","https:\/\/www.youtube.com\/channel\/UCu02GkFNrMRzwysT2SEmNrQ"]}]}},"_links":{"self":[{"href":"https:\/\/www.smartsteuer.de\/online\/wp-json\/wp\/v2\/pages\/83992","targetHints":{"allow":["GET"]}}],"collection":[{"href":"https:\/\/www.smartsteuer.de\/online\/wp-json\/wp\/v2\/pages"}],"about":[{"href":"https:\/\/www.smartsteuer.de\/online\/wp-json\/wp\/v2\/types\/page"}],"author":[{"embeddable":true,"href":"https:\/\/www.smartsteuer.de\/online\/wp-json\/wp\/v2\/users\/47"}],"replies":[{"embeddable":true,"href":"https:\/\/www.smartsteuer.de\/online\/wp-json\/wp\/v2\/comments?post=83992"}],"version-history":[{"count":20,"href":"https:\/\/www.smartsteuer.de\/online\/wp-json\/wp\/v2\/pages\/83992\/revisions"}],"predecessor-version":[{"id":89269,"href":"https:\/\/www.smartsteuer.de\/online\/wp-json\/wp\/v2\/pages\/83992\/revisions\/89269"}],"wp:attachment":[{"href":"https:\/\/www.smartsteuer.de\/online\/wp-json\/wp\/v2\/media?parent=83992"}],"curies":[{"name":"wp","href":"https:\/\/api.w.org\/{rel}","templated":true}]}}