{"id":84265,"date":"2025-11-24T15:14:04","date_gmt":"2025-11-24T13:14:04","guid":{"rendered":"https:\/\/www.smartsteuer.de\/online\/?page_id=84265"},"modified":"2025-12-02T09:20:16","modified_gmt":"2025-12-02T07:20:16","slug":"lexware-euer-daten-zu-smartsteuer-importieren","status":"publish","type":"page","link":"https:\/\/www.smartsteuer.de\/online\/lexware-euer-daten-zu-smartsteuer-importieren\/","title":{"rendered":"Lexware E\u00dcR Daten zu smartsteuer importieren"},"content":{"rendered":"<div class=\"sui-sheet-wrapper\">\n\t<section class=\"lb-section sui-sheet--up-flat sui-sheet-padding-flat sui-theme-bright\">\n\t\t<div class=\"sui-container text-left\">\n\t\t\t<\/p>\n<h1>Lexware E\u00dcR Schnittstelle zu smartsteuer<\/h1>\n<p>Profitiere von den Vorteilen der Daten\u00fcbertragung von Lewxware Office zu smartsteuer. Lass Dir Deine E\u00dcR Daten einfach automatisch in die Steuererkl\u00e4rung eintragen.<\/p>\n<ul>\n<li>Spare Zeit<\/li>\n<li>Vermeide Tippfehler<\/li>\n<li>Alles am richtigen Platz in Deiner Steuererkl\u00e4rung<\/li>\n<li>Steuerberater-Kosten sparen<\/li>\n<\/ul>\n<p>Wenn Du bereits Lexware und smartsteuer Kunde bist, dann leg sofort los. Hier findest Du die <a href=\"https:\/\/www.smartsteuer.de\/online\/faq\/du-wie-uebermittle-ich-meine-euer-von-lexoffice-an-smartsteuer-bestandskunden\/\">Anleitung<\/a> und notfalls hilft Dir unser Support-Team.<\/p>\n<p><div class=\"sui-swiper\"><\/p>\n<p><div class=\"sui-swiper-slide\"><\/p>\n<p><a href=\"https:\/\/www.smartsteuer.de\/online\/wp-content\/uploads\/2025\/11\/lexware-office-smartsteuer-import.webp\"><img loading=\"lazy\" decoding=\"async\" class=\"alignnone wp-image-84277 size-full\" src=\"https:\/\/www.smartsteuer.de\/online\/wp-content\/uploads\/2025\/11\/lexware-office-smartsteuer-import.webp\" alt=\"Lexware Office smartsteuer\" width=\"906\" height=\"760\" srcset=\"https:\/\/www.smartsteuer.de\/online\/wp-content\/uploads\/2025\/11\/lexware-office-smartsteuer-import.webp 906w, https:\/\/www.smartsteuer.de\/online\/wp-content\/uploads\/2025\/11\/lexware-office-smartsteuer-import-300x252.webp 300w, https:\/\/www.smartsteuer.de\/online\/wp-content\/uploads\/2025\/11\/lexware-office-smartsteuer-import-768x644.webp 768w\" sizes=\"auto, (max-width: 906px) 100vw, 906px\" \/><\/a><\/p>\n<p><\/div><\/p>\n<p><div class=\"sui-swiper-slide\"><\/p>\n<p><a href=\"https:\/\/www.smartsteuer.de\/online\/wp-content\/uploads\/2025\/11\/Anlage-EUeR-importieren.webp\"><img loading=\"lazy\" decoding=\"async\" class=\"alignnone wp-image-84292 size-full\" src=\"https:\/\/www.smartsteuer.de\/online\/wp-content\/uploads\/2025\/11\/Anlage-EUeR-importieren.webp\" alt=\"Anlage E\u00dcR importieren\" width=\"768\" height=\"591\" srcset=\"https:\/\/www.smartsteuer.de\/online\/wp-content\/uploads\/2025\/11\/Anlage-EUeR-importieren.webp 768w, https:\/\/www.smartsteuer.de\/online\/wp-content\/uploads\/2025\/11\/Anlage-EUeR-importieren-300x231.webp 300w\" sizes=\"auto, (max-width: 768px) 100vw, 768px\" \/><\/a><\/p>\n<p><\/div><\/p>\n<p><div class=\"sui-swiper-slide\"><\/p>\n<p><a href=\"https:\/\/www.smartsteuer.de\/online\/wp-content\/uploads\/2025\/11\/lexoffice-import-erfolgreich.png\"><img loading=\"lazy\" decoding=\"async\" class=\"alignnone wp-image-84295 size-full\" src=\"https:\/\/www.smartsteuer.de\/online\/wp-content\/uploads\/2025\/11\/lexoffice-import-erfolgreich.png\" alt=\"lexoffice import erfolgreich\" width=\"768\" height=\"370\" srcset=\"https:\/\/www.smartsteuer.de\/online\/wp-content\/uploads\/2025\/11\/lexoffice-import-erfolgreich.png 768w, https:\/\/www.smartsteuer.de\/online\/wp-content\/uploads\/2025\/11\/lexoffice-import-erfolgreich-300x145.png 300w\" sizes=\"auto, (max-width: 768px) 100vw, 768px\" \/><\/a><\/p>\n<p><\/div><\/p>\n<p><div class=\"sui-swiper-slide\"><\/p>\n<p><a href=\"https:\/\/www.smartsteuer.de\/online\/wp-content\/uploads\/2025\/11\/lexoffice-import-eintrag-smartsteuer.png\"><img loading=\"lazy\" decoding=\"async\" class=\"alignnone wp-image-84298 size-full\" src=\"https:\/\/www.smartsteuer.de\/online\/wp-content\/uploads\/2025\/11\/lexoffice-import-eintrag-smartsteuer.png\" alt=\"lexoffice imort Eintrag smartsteuer\" width=\"768\" height=\"422\" srcset=\"https:\/\/www.smartsteuer.de\/online\/wp-content\/uploads\/2025\/11\/lexoffice-import-eintrag-smartsteuer.png 768w, https:\/\/www.smartsteuer.de\/online\/wp-content\/uploads\/2025\/11\/lexoffice-import-eintrag-smartsteuer-300x165.png 300w\" sizes=\"auto, (max-width: 768px) 100vw, 768px\" \/><\/a><\/p>\n<p><\/div><\/p>\n<p><\/div><\/p>\n<p>Du nutzt noch keine Buchhaltungssoftware? Du nutzt noch Excel oder andere Office-Programme? Diese sind wahrscheinlich nicht GoBD-konform und damit nicht rechtssicher.<\/p>\n<p>Die Kombination der Buchhaltungssoftware Lexware Office und der Online Steuererkl\u00e4rung smartsteuer hilft Dir bei der rechtskonformen Umsetzung von Buchhaltung und Steuer.<\/p>\n<p>Du bist noch kein Kunde? Dann schau Dir unser gemeinsames <a href=\"https:\/\/www.smartsteuer.de\/online\/produkt-kombi-lexware-office-smartsteuer\/\">Angebot mit Lexware an<\/a>. So sparst Du Zeit und die Kosten f\u00fcr den Steuerberater.<\/p>\n<p>\n\t\t<\/div>\n\t<\/section>\n<\/div>\n","protected":false},"excerpt":{"rendered":"","protected":false},"author":47,"featured_media":0,"parent":0,"menu_order":0,"comment_status":"closed","ping_status":"closed","template":"landingpage-template.php","meta":{"_acf_changed":false,"footnotes":""},"class_list":["post-84265","page","type-page","status-publish","hentry"],"acf":[],"yoast_head":"<!-- This site is optimized with the Yoast SEO Premium plugin v27.5 (Yoast SEO v27.5) - https:\/\/yoast.com\/product\/yoast-seo-premium-wordpress\/ -->\n<title>Lexware E\u00dcR Daten zu smartsteuer importieren<\/title>\n<meta name=\"description\" content=\"Lexware E\u00dcR Daten zu smartsteuer importieren - smartsteuer Lexware E\u00dcR direkt in smartsteuer \u00fcbernehmen, spart Zeit und Geld.\" \/>\n<meta name=\"robots\" content=\"index, follow, max-snippet:-1, max-image-preview:large, max-video-preview:-1\" \/>\n<link rel=\"canonical\" href=\"https:\/\/www.smartsteuer.de\/online\/lexware-euer-daten-zu-smartsteuer-importieren\/\" \/>\n<meta property=\"og:locale\" content=\"de_DE\" \/>\n<meta property=\"og:type\" content=\"article\" \/>\n<meta property=\"og:title\" content=\"Lexware E\u00dcR Daten zu smartsteuer importieren\" \/>\n<meta property=\"og:description\" content=\"Lexware E\u00dcR Daten zu smartsteuer importieren - smartsteuer Lexware E\u00dcR direkt in smartsteuer \u00fcbernehmen, spart Zeit und Geld.\" \/>\n<meta property=\"og:url\" content=\"https:\/\/www.smartsteuer.de\/online\/lexware-euer-daten-zu-smartsteuer-importieren\/\" \/>\n<meta property=\"og:site_name\" content=\"smartsteuer\" \/>\n<meta property=\"article:publisher\" content=\"https:\/\/de-de.facebook.com\/smartsteuer\/\" \/>\n<meta property=\"article:modified_time\" content=\"2025-12-02T07:20:16+00:00\" \/>\n<meta property=\"og:image\" content=\"https:\/\/www.smartsteuer.de\/online\/wp-content\/uploads\/2025\/11\/lexware-office-smartsteuer-import.webp\" \/>\n<meta name=\"twitter:card\" content=\"summary_large_image\" \/>\n<meta name=\"twitter:site\" content=\"@smartsteuer\" \/>\n<meta name=\"twitter:label1\" content=\"Gesch\u00e4tzte Lesezeit\" \/>\n\t<meta name=\"twitter:data1\" content=\"2\u00a0Minuten\" \/>\n<script type=\"application\/ld+json\" class=\"yoast-schema-graph\">{\"@context\":\"https:\\\/\\\/schema.org\",\"@graph\":[{\"@type\":\"WebPage\",\"@id\":\"https:\\\/\\\/www.smartsteuer.de\\\/online\\\/lexware-euer-daten-zu-smartsteuer-importieren\\\/\",\"url\":\"https:\\\/\\\/www.smartsteuer.de\\\/online\\\/lexware-euer-daten-zu-smartsteuer-importieren\\\/\",\"name\":\"Lexware E\u00dcR Daten zu smartsteuer importieren\",\"isPartOf\":{\"@id\":\"https:\\\/\\\/www.smartsteuer.de\\\/online\\\/#website\"},\"primaryImageOfPage\":{\"@id\":\"https:\\\/\\\/www.smartsteuer.de\\\/online\\\/lexware-euer-daten-zu-smartsteuer-importieren\\\/#primaryimage\"},\"image\":{\"@id\":\"https:\\\/\\\/www.smartsteuer.de\\\/online\\\/lexware-euer-daten-zu-smartsteuer-importieren\\\/#primaryimage\"},\"thumbnailUrl\":\"https:\\\/\\\/www.smartsteuer.de\\\/online\\\/wp-content\\\/uploads\\\/2025\\\/11\\\/lexware-office-smartsteuer-import.webp\",\"datePublished\":\"2025-11-24T13:14:04+00:00\",\"dateModified\":\"2025-12-02T07:20:16+00:00\",\"description\":\"Lexware E\u00dcR Daten zu smartsteuer importieren - smartsteuer Lexware E\u00dcR direkt in smartsteuer \u00fcbernehmen, spart Zeit und Geld.\",\"breadcrumb\":{\"@id\":\"https:\\\/\\\/www.smartsteuer.de\\\/online\\\/lexware-euer-daten-zu-smartsteuer-importieren\\\/#breadcrumb\"},\"inLanguage\":\"de\",\"potentialAction\":[{\"@type\":\"ReadAction\",\"target\":[\"https:\\\/\\\/www.smartsteuer.de\\\/online\\\/lexware-euer-daten-zu-smartsteuer-importieren\\\/\"]}]},{\"@type\":\"ImageObject\",\"inLanguage\":\"de\",\"@id\":\"https:\\\/\\\/www.smartsteuer.de\\\/online\\\/lexware-euer-daten-zu-smartsteuer-importieren\\\/#primaryimage\",\"url\":\"https:\\\/\\\/www.smartsteuer.de\\\/online\\\/wp-content\\\/uploads\\\/2025\\\/11\\\/lexware-office-smartsteuer-import.webp\",\"contentUrl\":\"https:\\\/\\\/www.smartsteuer.de\\\/online\\\/wp-content\\\/uploads\\\/2025\\\/11\\\/lexware-office-smartsteuer-import.webp\"},{\"@type\":\"BreadcrumbList\",\"@id\":\"https:\\\/\\\/www.smartsteuer.de\\\/online\\\/lexware-euer-daten-zu-smartsteuer-importieren\\\/#breadcrumb\",\"itemListElement\":[{\"@type\":\"ListItem\",\"position\":1,\"name\":\"Home\",\"item\":\"https:\\\/\\\/www.smartsteuer.de\\\/online\\\/\"},{\"@type\":\"ListItem\",\"position\":2,\"name\":\"Lexware E\u00dcR Daten zu smartsteuer importieren\"}]},{\"@type\":\"WebSite\",\"@id\":\"https:\\\/\\\/www.smartsteuer.de\\\/online\\\/#website\",\"url\":\"https:\\\/\\\/www.smartsteuer.de\\\/online\\\/\",\"name\":\"smartsteuer\",\"description\":\"Steuererkl\u00e4rung 2024 online machen &amp; Steuern sparen\",\"publisher\":{\"@id\":\"https:\\\/\\\/www.smartsteuer.de\\\/online\\\/#organization\"},\"potentialAction\":[{\"@type\":\"SearchAction\",\"target\":{\"@type\":\"EntryPoint\",\"urlTemplate\":\"https:\\\/\\\/www.smartsteuer.de\\\/online\\\/?s={search_term_string}\"},\"query-input\":{\"@type\":\"PropertyValueSpecification\",\"valueRequired\":true,\"valueName\":\"search_term_string\"}}],\"inLanguage\":\"de\"},{\"@type\":\"Organization\",\"@id\":\"https:\\\/\\\/www.smartsteuer.de\\\/online\\\/#organization\",\"name\":\"smartsteuer GmbH\",\"url\":\"https:\\\/\\\/www.smartsteuer.de\\\/online\\\/\",\"logo\":{\"@type\":\"ImageObject\",\"inLanguage\":\"de\",\"@id\":\"https:\\\/\\\/www.smartsteuer.de\\\/online\\\/#\\\/schema\\\/logo\\\/image\\\/\",\"url\":\"https:\\\/\\\/www.smartsteuer.de\\\/online\\\/wp-content\\\/uploads\\\/2024\\\/11\\\/Favicon-smartsteuer.png\",\"contentUrl\":\"https:\\\/\\\/www.smartsteuer.de\\\/online\\\/wp-content\\\/uploads\\\/2024\\\/11\\\/Favicon-smartsteuer.png\",\"width\":512,\"height\":512,\"caption\":\"smartsteuer GmbH\"},\"image\":{\"@id\":\"https:\\\/\\\/www.smartsteuer.de\\\/online\\\/#\\\/schema\\\/logo\\\/image\\\/\"},\"sameAs\":[\"https:\\\/\\\/de-de.facebook.com\\\/smartsteuer\\\/\",\"https:\\\/\\\/x.com\\\/smartsteuer\",\"https:\\\/\\\/www.youtube.com\\\/channel\\\/UCu02GkFNrMRzwysT2SEmNrQ\"]}]}<\/script>\n<!-- \/ Yoast SEO Premium plugin. -->","yoast_head_json":{"title":"Lexware E\u00dcR Daten zu smartsteuer importieren","description":"Lexware E\u00dcR Daten zu smartsteuer importieren - smartsteuer Lexware E\u00dcR direkt in smartsteuer \u00fcbernehmen, spart Zeit und Geld.","robots":{"index":"index","follow":"follow","max-snippet":"max-snippet:-1","max-image-preview":"max-image-preview:large","max-video-preview":"max-video-preview:-1"},"canonical":"https:\/\/www.smartsteuer.de\/online\/lexware-euer-daten-zu-smartsteuer-importieren\/","og_locale":"de_DE","og_type":"article","og_title":"Lexware E\u00dcR Daten zu smartsteuer importieren","og_description":"Lexware E\u00dcR Daten zu smartsteuer importieren - smartsteuer Lexware E\u00dcR direkt in smartsteuer \u00fcbernehmen, spart Zeit und Geld.","og_url":"https:\/\/www.smartsteuer.de\/online\/lexware-euer-daten-zu-smartsteuer-importieren\/","og_site_name":"smartsteuer","article_publisher":"https:\/\/de-de.facebook.com\/smartsteuer\/","article_modified_time":"2025-12-02T07:20:16+00:00","og_image":[{"url":"https:\/\/www.smartsteuer.de\/online\/wp-content\/uploads\/2025\/11\/lexware-office-smartsteuer-import.webp","type":"","width":"","height":""}],"twitter_card":"summary_large_image","twitter_site":"@smartsteuer","twitter_misc":{"Gesch\u00e4tzte Lesezeit":"2\u00a0Minuten"},"schema":{"@context":"https:\/\/schema.org","@graph":[{"@type":"WebPage","@id":"https:\/\/www.smartsteuer.de\/online\/lexware-euer-daten-zu-smartsteuer-importieren\/","url":"https:\/\/www.smartsteuer.de\/online\/lexware-euer-daten-zu-smartsteuer-importieren\/","name":"Lexware E\u00dcR Daten zu smartsteuer importieren","isPartOf":{"@id":"https:\/\/www.smartsteuer.de\/online\/#website"},"primaryImageOfPage":{"@id":"https:\/\/www.smartsteuer.de\/online\/lexware-euer-daten-zu-smartsteuer-importieren\/#primaryimage"},"image":{"@id":"https:\/\/www.smartsteuer.de\/online\/lexware-euer-daten-zu-smartsteuer-importieren\/#primaryimage"},"thumbnailUrl":"https:\/\/www.smartsteuer.de\/online\/wp-content\/uploads\/2025\/11\/lexware-office-smartsteuer-import.webp","datePublished":"2025-11-24T13:14:04+00:00","dateModified":"2025-12-02T07:20:16+00:00","description":"Lexware E\u00dcR Daten zu smartsteuer importieren - smartsteuer Lexware E\u00dcR direkt in smartsteuer \u00fcbernehmen, spart Zeit und Geld.","breadcrumb":{"@id":"https:\/\/www.smartsteuer.de\/online\/lexware-euer-daten-zu-smartsteuer-importieren\/#breadcrumb"},"inLanguage":"de","potentialAction":[{"@type":"ReadAction","target":["https:\/\/www.smartsteuer.de\/online\/lexware-euer-daten-zu-smartsteuer-importieren\/"]}]},{"@type":"ImageObject","inLanguage":"de","@id":"https:\/\/www.smartsteuer.de\/online\/lexware-euer-daten-zu-smartsteuer-importieren\/#primaryimage","url":"https:\/\/www.smartsteuer.de\/online\/wp-content\/uploads\/2025\/11\/lexware-office-smartsteuer-import.webp","contentUrl":"https:\/\/www.smartsteuer.de\/online\/wp-content\/uploads\/2025\/11\/lexware-office-smartsteuer-import.webp"},{"@type":"BreadcrumbList","@id":"https:\/\/www.smartsteuer.de\/online\/lexware-euer-daten-zu-smartsteuer-importieren\/#breadcrumb","itemListElement":[{"@type":"ListItem","position":1,"name":"Home","item":"https:\/\/www.smartsteuer.de\/online\/"},{"@type":"ListItem","position":2,"name":"Lexware E\u00dcR Daten zu smartsteuer importieren"}]},{"@type":"WebSite","@id":"https:\/\/www.smartsteuer.de\/online\/#website","url":"https:\/\/www.smartsteuer.de\/online\/","name":"smartsteuer","description":"Steuererkl\u00e4rung 2024 online machen &amp; Steuern sparen","publisher":{"@id":"https:\/\/www.smartsteuer.de\/online\/#organization"},"potentialAction":[{"@type":"SearchAction","target":{"@type":"EntryPoint","urlTemplate":"https:\/\/www.smartsteuer.de\/online\/?s={search_term_string}"},"query-input":{"@type":"PropertyValueSpecification","valueRequired":true,"valueName":"search_term_string"}}],"inLanguage":"de"},{"@type":"Organization","@id":"https:\/\/www.smartsteuer.de\/online\/#organization","name":"smartsteuer GmbH","url":"https:\/\/www.smartsteuer.de\/online\/","logo":{"@type":"ImageObject","inLanguage":"de","@id":"https:\/\/www.smartsteuer.de\/online\/#\/schema\/logo\/image\/","url":"https:\/\/www.smartsteuer.de\/online\/wp-content\/uploads\/2024\/11\/Favicon-smartsteuer.png","contentUrl":"https:\/\/www.smartsteuer.de\/online\/wp-content\/uploads\/2024\/11\/Favicon-smartsteuer.png","width":512,"height":512,"caption":"smartsteuer GmbH"},"image":{"@id":"https:\/\/www.smartsteuer.de\/online\/#\/schema\/logo\/image\/"},"sameAs":["https:\/\/de-de.facebook.com\/smartsteuer\/","https:\/\/x.com\/smartsteuer","https:\/\/www.youtube.com\/channel\/UCu02GkFNrMRzwysT2SEmNrQ"]}]}},"_links":{"self":[{"href":"https:\/\/www.smartsteuer.de\/online\/wp-json\/wp\/v2\/pages\/84265","targetHints":{"allow":["GET"]}}],"collection":[{"href":"https:\/\/www.smartsteuer.de\/online\/wp-json\/wp\/v2\/pages"}],"about":[{"href":"https:\/\/www.smartsteuer.de\/online\/wp-json\/wp\/v2\/types\/page"}],"author":[{"embeddable":true,"href":"https:\/\/www.smartsteuer.de\/online\/wp-json\/wp\/v2\/users\/47"}],"replies":[{"embeddable":true,"href":"https:\/\/www.smartsteuer.de\/online\/wp-json\/wp\/v2\/comments?post=84265"}],"version-history":[{"count":14,"href":"https:\/\/www.smartsteuer.de\/online\/wp-json\/wp\/v2\/pages\/84265\/revisions"}],"predecessor-version":[{"id":84648,"href":"https:\/\/www.smartsteuer.de\/online\/wp-json\/wp\/v2\/pages\/84265\/revisions\/84648"}],"wp:attachment":[{"href":"https:\/\/www.smartsteuer.de\/online\/wp-json\/wp\/v2\/media?parent=84265"}],"curies":[{"name":"wp","href":"https:\/\/api.w.org\/{rel}","templated":true}]}}