{"id":84615,"date":"2025-11-26T10:27:19","date_gmt":"2025-11-26T08:27:19","guid":{"rendered":"https:\/\/www.smartsteuer.de\/online\/?page_id=84615"},"modified":"2026-04-15T08:54:07","modified_gmt":"2026-04-15T06:54:07","slug":"deine-erste-steuererklaerung","status":"publish","type":"page","link":"https:\/\/www.smartsteuer.de\/online\/deine-erste-steuererklaerung\/","title":{"rendered":"Deine erste Steuererkl\u00e4rung"},"content":{"rendered":"<div class=\"sui-sheet-wrapper\"><section class=\"sui-sheet--up-flat\"><div class=\"d-flex flex-column flex-md-row m-0\"><\/p>\n<p><div class=\"sui-split-half sui-theme-bright\"><div class=\"sui-split-inner\"><\/p>\n<p><a href=\"https:\/\/www.smartsteuer.de\/online\/wp-content\/uploads\/2025\/12\/sst_mes_schatzkiste.webp\"><img loading=\"lazy\" decoding=\"async\" class=\"alignnone wp-image-84963\" src=\"https:\/\/www.smartsteuer.de\/online\/wp-content\/uploads\/2025\/12\/sst_mes_schatzkiste.webp\" alt=\"Illustration Deine erste Steuererkl\u00e4rung\" width=\"441\" height=\"401\" srcset=\"https:\/\/www.smartsteuer.de\/online\/wp-content\/uploads\/2025\/12\/sst_mes_schatzkiste.webp 524w, https:\/\/www.smartsteuer.de\/online\/wp-content\/uploads\/2025\/12\/sst_mes_schatzkiste-300x273.webp 300w\" sizes=\"auto, (max-width: 441px) 100vw, 441px\" \/><\/a><\/p>\n<p>&nbsp;<\/p>\n<p><\/div><\/div><\/p>\n<p><div class=\"sui-split-half sui-theme-bright\"><div class=\"sui-split-inner\"><\/p>\n<h2>Ahoi, Matrose! Das erste Mal Steuern machen<\/h2>\n<p>Deine erste Steuererkl\u00e4rung steht an? Dann f\u00fchlst Du Dich vielleicht gerade wie auf offener See lauter Begriffe, Zahlen und Regeln, und kein Land in Sicht? Keine Sorge, wir hissen die Segel mit Dir!<\/p>\n<p>Mit <strong>smartsteuer<\/strong> wird die Steuerreise klar, einfach und sicher und am Ende wartet vielleicht sogar eine ordentliche R\u00fcckzahlung in Deiner Schatzkiste.<\/p>\n<p><a class='sui-button-cta mt-2 sui-button-xlarge' href='https:\/\/profil.smartsteuer.de\/service-redirect.html?myExternal=lb_default' role='button'>\n\tJetzt starten\t\n<\/a><\/p>\n<p><\/div><\/div><\/p>\n<p><\/div><\/section><\/div>\n<div class=\"sui-sheet-wrapper\">\n\t<section class=\"lb-section sui-sheet--up-flat sui-sheet-padding-flat sui-theme-bright\">\n\t\t<div class=\"sui-container \">\n\t\t\t<\/p>\n<h2 style=\"text-align: left;\">Schritt 1: Warum sich die erste Steuererkl\u00e4rung lohnt \u2013 Kurs setzen auf R\u00fcckzahlung<\/h2>\n<p style=\"text-align: left;\">Viele denken: \u201eIch muss doch gar keine Steuererkl\u00e4rung machen!\u201c \u2013 stimmt.<br class=\"yoast-text-mark\" \/>&gt;Aber wer den Anker lichtet und trotzdem in See sticht, wird oft reich belohnt.<br class=\"yoast-text-mark\" \/>&gt;Im Schnitt bekommen Arbeitnehmer in Deutschland \u00fcber <strong>1.000 \u20ac<\/strong> vom Finanzamt zur\u00fcck \u2013 smartsteuer-Nutzer sogar <strong>1.432 \u20ac<\/strong>!<\/p>\n<p style=\"text-align: left;\">Das ist Geld, das Dir eigentlich schon zusteht, Du musst es Dir nur zur\u00fcckholen.<br class=\"yoast-text-mark\" \/>&gt;Also: Segel setzen, denn die Steuererkl\u00e4rung ist Dein Ticket zur eigenen Schatzinsel.<\/p>\n<h3 style=\"text-align: left;\">Schritt 2: Mit smartsteuer in See stechen \u2013 Das erste Mal Steuern machen<\/h3>\n<p style=\"text-align: left;\">Bevor Du ausl\u00e4ufst, brauchst Du das richtige Schiff: smartsteuer. Registriere Dich ganz einfach kostenlos auf smartsteuer.de.<br class=\"yoast-text-mark\" \/>&gt;Nach der Registrierung landest Du auf Deiner pers\u00f6nlichen Steuer-\u00dcbersicht, also an Deck sozusagen. Dort kannst Du Deine erste Steuererkl\u00e4rung direkt anlegen und in See stechen, ganz ohne Papierkram.<\/p>\n<p style=\"text-align: left;\">Du kannst alles kostenlos ausprobieren und siehst schon beim Ausf\u00fcllen, wie hoch Deine R\u00fcckzahlung ausfallen k\u00f6nnte.<br class=\"yoast-text-mark\" \/>&gt;Erst, wenn Du wirklich beim Finanzamt \u201eanlegst\u201c, also die Erkl\u00e4rung abgibst, f\u00e4llt die Geb\u00fchr von 39,99 \u20ac an. Und das Beste: Im Preis sind bis zu 5 Abgaben enthalten \u2013 also genug Platz auf Deinem Steuer-Schiff f\u00fcr die ganze Crew: Partner, Eltern, Kinder.<\/p>\n<h3 style=\"text-align: left;\"><strong>Schritt 3: Logbuch f\u00fchren \u2013 Deine Steuerunterlagen<\/strong><\/h3>\n<p style=\"text-align: left;\">Bevor es richtig losgeht, pack Deine Seekarten und Ausr\u00fcstung zusammen, sprich: Deine wichtigsten Unterlagen.<\/p>\n<ul style=\"text-align: left;\">\n<li>Lohnsteuerbescheinigung<\/li>\n<li>Nachweise \u00fcber Fahrtkosten, Arbeitsmittel, Fachb\u00fccher<\/li>\n<li>Miet- und Umzugskosten, wenn Du beruflich umgezogen bist<\/li>\n<li>Versicherungsbelege<\/li>\n<li>Studien- oder Ausbildungskosten<\/li>\n<\/ul>\n<p style=\"text-align: left;\">Sammle sie schon w\u00e4hrend des Jahres, so gehst Du sicher, dass Du auf Deinem Kurs keine Klippe \u00fcbersiehst.<\/p>\n<p style=\"text-align: left;\">Mit smartsteuer wirst Du dann wie mit einem Kompass durch Deine Angaben gef\u00fchrt. Du beantwortest einfache Fragen, bekommst hilfreiche Erkl\u00e4rungen und siehst \u00fcber den Live-Rechner, wie sich Deine R\u00fcckzahlung entwickelt.<\/p>\n<h3 style=\"text-align: left;\">Schritt 4: Versteckte Sch\u00e4tze heben \u2013 Werbungskosten &amp; Pauschalen<\/h3>\n<p style=\"text-align: left;\">Im weiten Meer der Steuerwelt gibt\u2019s viele kleine Schatzinseln und mit smartsteuer entdeckst Du sie alle.<\/p>\n<p style=\"text-align: left;\">Die Werbungskostenpauschale von 1.230 \u20ac (Stand 2025) gilt automatisch.<br class=\"yoast-text-mark\" \/>&gt;Aber wenn Du mehr ausgegeben hast, etwa f\u00fcr Deinen Laptop, Fachb\u00fccher, Bewerbungen oder die t\u00e4gliche Fahrt zur Arbeit, kannst Du diese Kosten einfach angeben.<\/p>\n<p style=\"text-align: left;\">Beispiel:<br \/>\n0,30 \u20ac pro Kilometer (einfache Strecke)<br \/>\nAb dem 21. Kilometer: 0,38 \u20ac<\/p>\n<p style=\"text-align: left;\">Alles, was Du eingibst, wird von smartsteuer automatisch korrekt eingetragen.<br class=\"yoast-text-mark\" \/>&gt;Du hebst also jeden Schatz, ohne Dich auf See zu verirren.<\/p>\n<h3 style=\"text-align: left;\">Schritt 5: Sicher in den Hafen \u2013\u00a0 Erste Steuererkl\u00e4rung online abgeben<\/h3>\n<p style=\"text-align: left;\">Jetzt hei\u00dft es: Kurs halten und sicher in den Hafen steuern.<br \/>\nMit smartsteuer brauchst Du kein kompliziertes Navigationshandbuch.<br \/>\nDu beantwortest einfache Fragen, wie etwa:<\/p>\n<ul style=\"text-align: left;\">\n<li>\u201eGab es Ausgaben f\u00fcr Deine Arbeit?\u201c<\/li>\n<li>\u201eBist Du gependelt oder umgezogen?\u201c<\/li>\n<\/ul>\n<p style=\"text-align: left;\">smartsteuer erledigt den Rest automatisch, pr\u00fcft, ob alles stimmt, und zeigt Dir live Deine Erstattung an. Mit einem Klick \u00fcbermittelst Du Deine Steuererkl\u00e4rung digital ans Finanzamt \u2013 schnell, sicher, papierlos.<\/p>\n<p style=\"text-align: left;\">Und f\u00fcrs n\u00e4chste Jahr? Dann nimm einfach die alte Route wieder auf: smartsteuer \u00fcbernimmt Deine Daten automatisch.<\/p>\n<h3 style=\"text-align: left;\">Schritt 6: Steuerfristen im Blick \u2013 damit Du nicht vom Kurs abkommst<\/h3>\n<p style=\"text-align: left;\">Damit Du rechtzeitig im Hafen einl\u00e4ufst, hier Deine Navigationsdaten:<\/p>\n<p><div class=\"lb-inline-tipp p-4 my-4 my-sm-5\">\n\t<div class=\"lb-inline-tipp-title\">\n\t\t<i class=\"fa-solid fa-lightbulb\" aria-hidden=\"true\"><\/i>Unser Tipp: Fristen beachten\n\t<\/div>\n\t<div class=\"lb-inline-tipp-content\">\n\t\tPflicht zur Abgabe: bis 31. Juli 2026 (f\u00fcr 2025)<br \/>\nFreiwillige Abgabe: bis 31. Dezember 2029\n\t<\/div>\n<\/div>\t       <\/p>\n<p style=\"text-align: left;\">Je fr\u00fcher Du abgibst, desto schneller landet die R\u00fcckzahlung in Deiner Bordkasse.<\/p>\n<p style=\"text-align: left;\">Checkliste \u2013 Dein Steuer-Gep\u00e4ck f\u00fcr die Reise:<\/p>\n<ol style=\"text-align: left;\">\n<li>Lohnsteuerbescheinigung<\/li>\n<li>Versicherungsbelege<\/li>\n<li>Kontoausz\u00fcge (Zinsen, Spenden etc.)<\/li>\n<li>Fahrten zur Arbeit\/Uni<\/li>\n<li>Arbeitsmittel (Laptop, B\u00fccher, Schreibtisch)<\/li>\n<li>Studien- oder Ausbildungskosten<\/li>\n<\/ol>\n<p style=\"text-align: left;\">Wenn alles gepackt ist, kann die Reise beginnen \u2013 Leinen los!<\/p>\n<p><a href=\"https:\/\/www.smartsteuer.de\/online\/wp-content\/uploads\/2025\/12\/sst_mes_kompass.webp\"><img loading=\"lazy\" decoding=\"async\" class=\"alignright wp-image-84978\" src=\"https:\/\/www.smartsteuer.de\/online\/wp-content\/uploads\/2025\/12\/sst_mes_kompass.webp\" alt=\"Illustration Steuer-Kompass zur ersten Steuererkl\u00e4rung\" width=\"263\" height=\"288\" srcset=\"https:\/\/www.smartsteuer.de\/online\/wp-content\/uploads\/2025\/12\/sst_mes_kompass.webp 357w, https:\/\/www.smartsteuer.de\/online\/wp-content\/uploads\/2025\/12\/sst_mes_kompass-274x300.webp 274w\" sizes=\"auto, (max-width: 263px) 100vw, 263px\" \/><\/a><br \/>\n<span style=\"font-size: xx-large;\"><strong>Mit smartsteuer sicher durch die Steuersee<\/strong><\/span><\/p>\n<p>Deine erste Steuererkl\u00e4rung ist kein Sturm auf hoher See, jedenfalls nicht, wenn Du den richtigen Kurs kennst. Mit <strong>smartsteuer<\/strong> navigierst Du einfach und sicher durchs Steuerjahr, ohne Fachbegriffe oder Papierchaos.<\/p>\n<p><a class='sui-button-cta mt-2 sui-button-xlarge' href='https:\/\/profil.smartsteuer.de\/service-redirect.html?myExternal=lb_default' role='button'>\n\tJetzt starten\t\n<\/a><\/p>\n<p><div class=\"sui-accordion\" id=\"sui-accordion-169f51d29484ce\"><\/p>\n<p><h3 class=\"sui-accordion-title\">Was braucht man f\u00fcr die erste Steuererkl\u00e4rung?<\/h3><div class=\"sui-accordion-item \"><\/p>\n<p>Die Lohnsteuerbescheinigung ist das wichtigste Dokument, da dort alle wichtigen Infos gesammelt zu finden sind.<\/p>\n<p><\/div><\/p>\n<p><h3 class=\"sui-accordion-title\">Wieviele Jahre r\u00fcckwirkend Steuern beim ersten mal?<\/h3><div class=\"sui-accordion-item \"><\/p>\n<p>Du kannst bis zu 4 Jahre r\u00fcckirkend Deine Steuer machen, wenn Du freiwilliger Abgeber bist. Ansonsten gelten immer die Frist bis zum 31.07. des Folgejahres. Gerade als Student macht es Sinn die Steuererkl\u00e4rung r\u00fcckwirkend zu machen, da Du die Verluste aus dem Studium anrechnen lassen kannst.<\/p>\n<p><\/div><\/p>\n<p><h3 class=\"sui-accordion-title\">Kann man eine Steuererkl\u00e4rung erst ab 18 Jahren machen?<\/h3><div class=\"sui-accordion-item \"><\/p>\n<p>Die Vollj\u00e4hrigkeit ist keine Grenze f\u00fcr die Steuererkl\u00e4rung. Du kannst Deine erste Steuer auch schon unter 18 Jahren machen.<\/p>\n<p><\/div><br \/>\n<h3 class=\"sui-accordion-title\">Meine erste Steuererkl\u00e4rung mit Elster selber machen?<\/h3><div class=\"sui-accordion-item \"><\/p>\n<p>Die erste Steuer mit Elster zu machen ist eine echte Herausforderung. Anbieter wie smartsteuer helfen die mit vielen Infos und einfacher Steuererkl\u00e4rung das erste mal alleine die Steuer zu machen. Du bist nicht verpflichtet einen STeuerberater zu beauftragen oder \u00fcber Elster Deine Steuererkl\u00e4rung an das Finanzamt zu senden.<\/p>\n<p><\/div><\/p>\n<p><\/div><\/p>\n<p>\n\t\t<\/div>\n\t<\/section>\n<\/div>\n<div class=\"sui-sheet-wrapper\">\n\t<section class=\"lb-section sui-sheet--up-flat sui-sheet-padding-flat sui-theme-electric sui-pattern\">\n\t\t<div class=\"sui-container \">\n\t\t\t<\/p>\n<h2>Deine Erste Steuererkl\u00e4rung: Einfach. Verst\u00e4ndlich. Digital.<\/h2>\n<p>Du siehst sofort, wie viel Du zur\u00fcckbekommst, und kannst Deine erste Erkl\u00e4rung direkt online abgeben \u2013 f\u00fcr Dich und Deine Crew.<\/p>\n<p><strong><br \/>\n<\/strong> <a class='sui-button-cta mt-2 sui-button-xlarge' href='https:\/\/profil.smartsteuer.de\/service-redirect.html?myExternal=lb_default' role='button'>\n\tJetzt starten\t\n<\/a><\/p>\n<p>\n\t\t<\/div>\n\t<\/section>\n<\/div>\n","protected":false},"excerpt":{"rendered":"","protected":false},"author":55,"featured_media":0,"parent":0,"menu_order":0,"comment_status":"closed","ping_status":"closed","template":"landingpage-template.php","meta":{"_acf_changed":false,"footnotes":""},"class_list":["post-84615","page","type-page","status-publish","hentry"],"acf":[],"yoast_head":"<!-- This site is optimized with the Yoast SEO Premium plugin v27.5 (Yoast SEO v27.5) - https:\/\/yoast.com\/product\/yoast-seo-premium-wordpress\/ -->\n<title>Deine erste Steuererkl\u00e4rung -smartsteuer<\/title>\n<meta name=\"description\" content=\"Deine erste Steuererkl\u00e4rung. Schritt f\u00fcr Schritt Anleitung f\u00fcr absolute Steuer-Neulinge. So gelingt dir die Steuer als Anf\u00e4nger sehr leicht.\" \/>\n<meta name=\"robots\" content=\"index, follow, max-snippet:-1, max-image-preview:large, max-video-preview:-1\" \/>\n<link rel=\"canonical\" href=\"https:\/\/www.smartsteuer.de\/online\/deine-erste-steuererklaerung\/\" \/>\n<meta property=\"og:locale\" content=\"de_DE\" \/>\n<meta property=\"og:type\" content=\"article\" \/>\n<meta property=\"og:title\" content=\"Deine erste Steuererkl\u00e4rung\" \/>\n<meta property=\"og:description\" content=\"Deine erste Steuererkl\u00e4rung. Schritt f\u00fcr Schritt Anleitung f\u00fcr absolute Steuer-Neulinge. So gelingt dir die Steuer als Anf\u00e4nger sehr leicht.\" \/>\n<meta property=\"og:url\" content=\"https:\/\/www.smartsteuer.de\/online\/deine-erste-steuererklaerung\/\" \/>\n<meta property=\"og:site_name\" content=\"smartsteuer\" \/>\n<meta property=\"article:publisher\" content=\"https:\/\/de-de.facebook.com\/smartsteuer\/\" \/>\n<meta property=\"article:modified_time\" content=\"2026-04-15T06:54:07+00:00\" \/>\n<meta property=\"og:image\" content=\"https:\/\/www.smartsteuer.de\/online\/wp-content\/uploads\/2025\/12\/sst_mes_schatzkiste.webp\" \/>\n\t<meta property=\"og:image:width\" content=\"524\" \/>\n\t<meta property=\"og:image:height\" content=\"477\" \/>\n\t<meta property=\"og:image:type\" content=\"image\/webp\" \/>\n<meta name=\"twitter:card\" content=\"summary_large_image\" \/>\n<meta name=\"twitter:site\" content=\"@smartsteuer\" \/>\n<meta name=\"twitter:label1\" content=\"Gesch\u00e4tzte Lesezeit\" \/>\n\t<meta name=\"twitter:data1\" content=\"6\u00a0Minuten\" \/>\n<script type=\"application\/ld+json\" class=\"yoast-schema-graph\">{\"@context\":\"https:\\\/\\\/schema.org\",\"@graph\":[{\"@type\":\"WebPage\",\"@id\":\"https:\\\/\\\/www.smartsteuer.de\\\/online\\\/deine-erste-steuererklaerung\\\/\",\"url\":\"https:\\\/\\\/www.smartsteuer.de\\\/online\\\/deine-erste-steuererklaerung\\\/\",\"name\":\"Deine erste Steuererkl\u00e4rung -smartsteuer\",\"isPartOf\":{\"@id\":\"https:\\\/\\\/www.smartsteuer.de\\\/online\\\/#website\"},\"primaryImageOfPage\":{\"@id\":\"https:\\\/\\\/www.smartsteuer.de\\\/online\\\/deine-erste-steuererklaerung\\\/#primaryimage\"},\"image\":{\"@id\":\"https:\\\/\\\/www.smartsteuer.de\\\/online\\\/deine-erste-steuererklaerung\\\/#primaryimage\"},\"thumbnailUrl\":\"https:\\\/\\\/www.smartsteuer.de\\\/online\\\/wp-content\\\/uploads\\\/2025\\\/12\\\/sst_mes_schatzkiste.webp\",\"datePublished\":\"2025-11-26T08:27:19+00:00\",\"dateModified\":\"2026-04-15T06:54:07+00:00\",\"description\":\"Deine erste Steuererkl\u00e4rung. Schritt f\u00fcr Schritt Anleitung f\u00fcr absolute Steuer-Neulinge. So gelingt dir die Steuer als Anf\u00e4nger sehr leicht.\",\"breadcrumb\":{\"@id\":\"https:\\\/\\\/www.smartsteuer.de\\\/online\\\/deine-erste-steuererklaerung\\\/#breadcrumb\"},\"inLanguage\":\"de\",\"potentialAction\":[{\"@type\":\"ReadAction\",\"target\":[\"https:\\\/\\\/www.smartsteuer.de\\\/online\\\/deine-erste-steuererklaerung\\\/\"]}]},{\"@type\":\"ImageObject\",\"inLanguage\":\"de\",\"@id\":\"https:\\\/\\\/www.smartsteuer.de\\\/online\\\/deine-erste-steuererklaerung\\\/#primaryimage\",\"url\":\"https:\\\/\\\/www.smartsteuer.de\\\/online\\\/wp-content\\\/uploads\\\/2025\\\/12\\\/sst_mes_schatzkiste.webp\",\"contentUrl\":\"https:\\\/\\\/www.smartsteuer.de\\\/online\\\/wp-content\\\/uploads\\\/2025\\\/12\\\/sst_mes_schatzkiste.webp\"},{\"@type\":\"BreadcrumbList\",\"@id\":\"https:\\\/\\\/www.smartsteuer.de\\\/online\\\/deine-erste-steuererklaerung\\\/#breadcrumb\",\"itemListElement\":[{\"@type\":\"ListItem\",\"position\":1,\"name\":\"Home\",\"item\":\"https:\\\/\\\/www.smartsteuer.de\\\/online\\\/\"},{\"@type\":\"ListItem\",\"position\":2,\"name\":\"Deine erste Steuererkl\u00e4rung\"}]},{\"@type\":\"WebSite\",\"@id\":\"https:\\\/\\\/www.smartsteuer.de\\\/online\\\/#website\",\"url\":\"https:\\\/\\\/www.smartsteuer.de\\\/online\\\/\",\"name\":\"smartsteuer\",\"description\":\"Steuererkl\u00e4rung 2024 online machen &amp; Steuern sparen\",\"publisher\":{\"@id\":\"https:\\\/\\\/www.smartsteuer.de\\\/online\\\/#organization\"},\"potentialAction\":[{\"@type\":\"SearchAction\",\"target\":{\"@type\":\"EntryPoint\",\"urlTemplate\":\"https:\\\/\\\/www.smartsteuer.de\\\/online\\\/?s={search_term_string}\"},\"query-input\":{\"@type\":\"PropertyValueSpecification\",\"valueRequired\":true,\"valueName\":\"search_term_string\"}}],\"inLanguage\":\"de\"},{\"@type\":\"Organization\",\"@id\":\"https:\\\/\\\/www.smartsteuer.de\\\/online\\\/#organization\",\"name\":\"smartsteuer GmbH\",\"url\":\"https:\\\/\\\/www.smartsteuer.de\\\/online\\\/\",\"logo\":{\"@type\":\"ImageObject\",\"inLanguage\":\"de\",\"@id\":\"https:\\\/\\\/www.smartsteuer.de\\\/online\\\/#\\\/schema\\\/logo\\\/image\\\/\",\"url\":\"https:\\\/\\\/www.smartsteuer.de\\\/online\\\/wp-content\\\/uploads\\\/2024\\\/11\\\/Favicon-smartsteuer.png\",\"contentUrl\":\"https:\\\/\\\/www.smartsteuer.de\\\/online\\\/wp-content\\\/uploads\\\/2024\\\/11\\\/Favicon-smartsteuer.png\",\"width\":512,\"height\":512,\"caption\":\"smartsteuer GmbH\"},\"image\":{\"@id\":\"https:\\\/\\\/www.smartsteuer.de\\\/online\\\/#\\\/schema\\\/logo\\\/image\\\/\"},\"sameAs\":[\"https:\\\/\\\/de-de.facebook.com\\\/smartsteuer\\\/\",\"https:\\\/\\\/x.com\\\/smartsteuer\",\"https:\\\/\\\/www.youtube.com\\\/channel\\\/UCu02GkFNrMRzwysT2SEmNrQ\"]}]}<\/script>\n<!-- \/ Yoast SEO Premium plugin. -->","yoast_head_json":{"title":"Deine erste Steuererkl\u00e4rung -smartsteuer","description":"Deine erste Steuererkl\u00e4rung. Schritt f\u00fcr Schritt Anleitung f\u00fcr absolute Steuer-Neulinge. So gelingt dir die Steuer als Anf\u00e4nger sehr leicht.","robots":{"index":"index","follow":"follow","max-snippet":"max-snippet:-1","max-image-preview":"max-image-preview:large","max-video-preview":"max-video-preview:-1"},"canonical":"https:\/\/www.smartsteuer.de\/online\/deine-erste-steuererklaerung\/","og_locale":"de_DE","og_type":"article","og_title":"Deine erste Steuererkl\u00e4rung","og_description":"Deine erste Steuererkl\u00e4rung. Schritt f\u00fcr Schritt Anleitung f\u00fcr absolute Steuer-Neulinge. So gelingt dir die Steuer als Anf\u00e4nger sehr leicht.","og_url":"https:\/\/www.smartsteuer.de\/online\/deine-erste-steuererklaerung\/","og_site_name":"smartsteuer","article_publisher":"https:\/\/de-de.facebook.com\/smartsteuer\/","article_modified_time":"2026-04-15T06:54:07+00:00","og_image":[{"width":524,"height":477,"url":"https:\/\/www.smartsteuer.de\/online\/wp-content\/uploads\/2025\/12\/sst_mes_schatzkiste.webp","type":"image\/webp"}],"twitter_card":"summary_large_image","twitter_site":"@smartsteuer","twitter_misc":{"Gesch\u00e4tzte Lesezeit":"6\u00a0Minuten"},"schema":{"@context":"https:\/\/schema.org","@graph":[{"@type":"WebPage","@id":"https:\/\/www.smartsteuer.de\/online\/deine-erste-steuererklaerung\/","url":"https:\/\/www.smartsteuer.de\/online\/deine-erste-steuererklaerung\/","name":"Deine erste Steuererkl\u00e4rung -smartsteuer","isPartOf":{"@id":"https:\/\/www.smartsteuer.de\/online\/#website"},"primaryImageOfPage":{"@id":"https:\/\/www.smartsteuer.de\/online\/deine-erste-steuererklaerung\/#primaryimage"},"image":{"@id":"https:\/\/www.smartsteuer.de\/online\/deine-erste-steuererklaerung\/#primaryimage"},"thumbnailUrl":"https:\/\/www.smartsteuer.de\/online\/wp-content\/uploads\/2025\/12\/sst_mes_schatzkiste.webp","datePublished":"2025-11-26T08:27:19+00:00","dateModified":"2026-04-15T06:54:07+00:00","description":"Deine erste Steuererkl\u00e4rung. Schritt f\u00fcr Schritt Anleitung f\u00fcr absolute Steuer-Neulinge. So gelingt dir die Steuer als Anf\u00e4nger sehr leicht.","breadcrumb":{"@id":"https:\/\/www.smartsteuer.de\/online\/deine-erste-steuererklaerung\/#breadcrumb"},"inLanguage":"de","potentialAction":[{"@type":"ReadAction","target":["https:\/\/www.smartsteuer.de\/online\/deine-erste-steuererklaerung\/"]}]},{"@type":"ImageObject","inLanguage":"de","@id":"https:\/\/www.smartsteuer.de\/online\/deine-erste-steuererklaerung\/#primaryimage","url":"https:\/\/www.smartsteuer.de\/online\/wp-content\/uploads\/2025\/12\/sst_mes_schatzkiste.webp","contentUrl":"https:\/\/www.smartsteuer.de\/online\/wp-content\/uploads\/2025\/12\/sst_mes_schatzkiste.webp"},{"@type":"BreadcrumbList","@id":"https:\/\/www.smartsteuer.de\/online\/deine-erste-steuererklaerung\/#breadcrumb","itemListElement":[{"@type":"ListItem","position":1,"name":"Home","item":"https:\/\/www.smartsteuer.de\/online\/"},{"@type":"ListItem","position":2,"name":"Deine erste Steuererkl\u00e4rung"}]},{"@type":"WebSite","@id":"https:\/\/www.smartsteuer.de\/online\/#website","url":"https:\/\/www.smartsteuer.de\/online\/","name":"smartsteuer","description":"Steuererkl\u00e4rung 2024 online machen &amp; Steuern sparen","publisher":{"@id":"https:\/\/www.smartsteuer.de\/online\/#organization"},"potentialAction":[{"@type":"SearchAction","target":{"@type":"EntryPoint","urlTemplate":"https:\/\/www.smartsteuer.de\/online\/?s={search_term_string}"},"query-input":{"@type":"PropertyValueSpecification","valueRequired":true,"valueName":"search_term_string"}}],"inLanguage":"de"},{"@type":"Organization","@id":"https:\/\/www.smartsteuer.de\/online\/#organization","name":"smartsteuer GmbH","url":"https:\/\/www.smartsteuer.de\/online\/","logo":{"@type":"ImageObject","inLanguage":"de","@id":"https:\/\/www.smartsteuer.de\/online\/#\/schema\/logo\/image\/","url":"https:\/\/www.smartsteuer.de\/online\/wp-content\/uploads\/2024\/11\/Favicon-smartsteuer.png","contentUrl":"https:\/\/www.smartsteuer.de\/online\/wp-content\/uploads\/2024\/11\/Favicon-smartsteuer.png","width":512,"height":512,"caption":"smartsteuer GmbH"},"image":{"@id":"https:\/\/www.smartsteuer.de\/online\/#\/schema\/logo\/image\/"},"sameAs":["https:\/\/de-de.facebook.com\/smartsteuer\/","https:\/\/x.com\/smartsteuer","https:\/\/www.youtube.com\/channel\/UCu02GkFNrMRzwysT2SEmNrQ"]}]}},"_links":{"self":[{"href":"https:\/\/www.smartsteuer.de\/online\/wp-json\/wp\/v2\/pages\/84615","targetHints":{"allow":["GET"]}}],"collection":[{"href":"https:\/\/www.smartsteuer.de\/online\/wp-json\/wp\/v2\/pages"}],"about":[{"href":"https:\/\/www.smartsteuer.de\/online\/wp-json\/wp\/v2\/types\/page"}],"author":[{"embeddable":true,"href":"https:\/\/www.smartsteuer.de\/online\/wp-json\/wp\/v2\/users\/55"}],"replies":[{"embeddable":true,"href":"https:\/\/www.smartsteuer.de\/online\/wp-json\/wp\/v2\/comments?post=84615"}],"version-history":[{"count":46,"href":"https:\/\/www.smartsteuer.de\/online\/wp-json\/wp\/v2\/pages\/84615\/revisions"}],"predecessor-version":[{"id":90349,"href":"https:\/\/www.smartsteuer.de\/online\/wp-json\/wp\/v2\/pages\/84615\/revisions\/90349"}],"wp:attachment":[{"href":"https:\/\/www.smartsteuer.de\/online\/wp-json\/wp\/v2\/media?parent=84615"}],"curies":[{"name":"wp","href":"https:\/\/api.w.org\/{rel}","templated":true}]}}