{"id":84657,"date":"2025-12-02T13:44:52","date_gmt":"2025-12-02T11:44:52","guid":{"rendered":"https:\/\/www.smartsteuer.de\/online\/?page_id=84657"},"modified":"2026-01-14T15:49:44","modified_gmt":"2026-01-14T13:49:44","slug":"smartcheck-keine-fehler-bei-der-steuererklaerung","status":"publish","type":"page","link":"https:\/\/www.smartsteuer.de\/online\/smartcheck-keine-fehler-bei-der-steuererklaerung\/","title":{"rendered":"smartCheck"},"content":{"rendered":"<div class=\"sui-sheet-wrapper\">\n\t<section class=\"lb-section sui-sheet--up-flat sui-sheet-padding-flat sui-theme-electric sui-theme-box-2\">\n\t\t<div class=\"sui-container text-left\">\n\t\t\t\n<h1>smartCheck: Deine Steuererkl\u00e4rung einfach &amp; sicher pr\u00fcfen<\/h1>\n<p><strong>Was ist der smartCheck?<\/strong><\/p>\n<p>Bevor Du Deine Steuererkl\u00e4rung abschickst, wird sie von unserem smartCheck gepr\u00fcft.\u00a0 Das hilft Dir, Fehler zu vermeiden und Deine Steuererstattung mit smartsteuer zu optimieren.<\/p>\n<p><strong>Das pr\u00fcft der smartCheck:<\/strong><\/p>\n<ul>\n<li><strong>Unbearbeitete Bereiche:<\/strong> Wir zeigen Dir, welche Angaben Du noch erg\u00e4nzen musst.<\/li>\n<li><strong>Plausibilit\u00e4t:<\/strong> Wir pr\u00fcfen, ob Deine Angaben logisch und vollst\u00e4ndig sind.<\/li>\n<li><strong>Steuertipps:<\/strong> Wir geben Dir Hinweise, wie Du Deine Steuererstattung erh\u00f6hen kannst.<\/li>\n<li><strong>Veranlagungsart f\u00fcr Ehepaare:<\/strong> Wir empfehlen Dir die g\u00fcnstigste Option, wenn Du verheiratet bist.<\/li>\n<\/ul>\n<p><a href=\"https:\/\/www.smartsteuer.de\/online\/wp-content\/uploads\/2025\/12\/smartscheck-01.webp\"><img loading=\"lazy\" decoding=\"async\" class=\"alignnone size-large wp-image-84897\" src=\"https:\/\/www.smartsteuer.de\/online\/wp-content\/uploads\/2025\/12\/smartscheck-01-1024x503.webp\" alt=\"\" width=\"1024\" height=\"503\" srcset=\"https:\/\/www.smartsteuer.de\/online\/wp-content\/uploads\/2025\/12\/smartscheck-01-1024x503.webp 1024w, https:\/\/www.smartsteuer.de\/online\/wp-content\/uploads\/2025\/12\/smartscheck-01-300x147.webp 300w, https:\/\/www.smartsteuer.de\/online\/wp-content\/uploads\/2025\/12\/smartscheck-01-768x377.webp 768w, https:\/\/www.smartsteuer.de\/online\/wp-content\/uploads\/2025\/12\/smartscheck-01-1536x755.webp 1536w, https:\/\/www.smartsteuer.de\/online\/wp-content\/uploads\/2025\/12\/smartscheck-01.webp 1958w\" sizes=\"auto, (max-width: 1024px) 100vw, 1024px\" \/><\/a><\/p>\n<p>&nbsp;<\/p>\n<p>&nbsp;<\/p>\n<p>\n\t\t<\/div>\n\t<\/section>\n<\/div><div class=\"sui-sheet-wrapper\">\n\t<section class=\"lb-section sui-sheet--up-flat sui-sheet-padding-flat sui-theme-bright\">\n\t\t<div class=\"sui-container text-left\">\n\t\t\t<\/p>\n<h2>Die smartCheck-Ampel: So funktioniert die Pr\u00fcfung<\/h2>\n<p>Damit Du direkt verstehst, wo Verbesserungen n\u00f6tig sind, nutzen wir ein Ampelsystem:<\/p>\n<ul>\n<li><strong>Rot (Probleme):<\/strong><br \/>\nHier fehlen wichtige Angaben oder etwas ist unlogisch. Du musst diese Punkte korrigieren, bevor Du die Steuererkl\u00e4rung abschicken kannst.<\/li>\n<li><strong>Gelb (m\u00f6gliche Probleme):<\/strong><br \/>\nEs sieht so aus, als h\u00e4ttest Du etwas vergessen. Pr\u00fcfe diese Punkte noch einmal genau.<\/li>\n<li><strong>Gr\u00fcn (Empfehlungen):\u00a0<\/strong><br \/>\nDu hast Bereiche ausgelassen, die Deine Steuererstattung erh\u00f6hen k\u00f6nnen. Schau Dir diese Steuertipps an!<\/li>\n<\/ul>\n<p><a href=\"https:\/\/www.smartsteuer.de\/online\/wp-content\/uploads\/2025\/12\/smartscheck-02.webp\"><img loading=\"lazy\" decoding=\"async\" class=\"alignnone size-large wp-image-84906\" src=\"https:\/\/www.smartsteuer.de\/online\/wp-content\/uploads\/2025\/12\/smartscheck-02-1024x807.webp\" alt=\"\" width=\"1024\" height=\"807\" srcset=\"https:\/\/www.smartsteuer.de\/online\/wp-content\/uploads\/2025\/12\/smartscheck-02-1024x807.webp 1024w, https:\/\/www.smartsteuer.de\/online\/wp-content\/uploads\/2025\/12\/smartscheck-02-300x236.webp 300w, https:\/\/www.smartsteuer.de\/online\/wp-content\/uploads\/2025\/12\/smartscheck-02-768x605.webp 768w, https:\/\/www.smartsteuer.de\/online\/wp-content\/uploads\/2025\/12\/smartscheck-02-1536x1210.webp 1536w, https:\/\/www.smartsteuer.de\/online\/wp-content\/uploads\/2025\/12\/smartscheck-02.webp 1956w\" sizes=\"auto, (max-width: 1024px) 100vw, 1024px\" \/><\/a><\/p>\n<p>&nbsp;<\/p>\n<p>\n\t\t<\/div>\n\t<\/section>\n<\/div><div class=\"sui-sheet-wrapper\">\n\t<section class=\"lb-section sui-sheet--up-flat sui-sheet-padding-flat sui-theme-electric sui-theme-box-2\">\n\t\t<div class=\"sui-container text-left\">\n\t\t\t<\/p>\n<h2>So arbeitest Du mit dem smartCheck<\/h2>\n<p>Wir machen es Dir einfach: Jeder kritische Punkt ist im smartCheck verlinkt. Du gehst die Punkte Schritt f\u00fcr Schritt durch und korrigierst sie. So bist Du sicher, dass Deine Steuererkl\u00e4rung fehlerfrei und vollst\u00e4ndig ist.<\/p>\n<p>\n\t\t<\/div>\n\t<\/section>\n<\/div><div class=\"sui-sheet-wrapper\">\n\t<section class=\"lb-section sui-sheet--up-flat sui-sheet-padding-flat sui-theme-bright\">\n\t\t<div class=\"sui-container text-left\">\n\t\t\t<\/p>\n<h2>Weitere Hilfe, um Fehler zu vermeiden!<\/h2>\n<ul>\n<li><strong>Daten\u00fcbertragung aus dem Vorjahr:\u00a0<\/strong>Du musst nicht alles neu eingeben. \u00dcbertrage einfach Deine Daten aus dem letzten Jahr und spare Zeit.<\/li>\n<li><strong>Vorausgef\u00fcllte Steuererkl\u00e4rung (VaSt): <\/strong>Hol\u00a0Dir die Steuerdaten direkt vom Finanzamt. So vermeidest Du Tippfehler und hast alle wichtigen Infos direkt parat.<\/li>\n<\/ul>\n<p><div class=\"lb-inline-box p-4 p-lg-5 my-4 my-sm-5 sui-rounded-corners lb-bg-lightblue\"><br \/>\nMit smartCheck wird Deine Steuererkl\u00e4rung einfacher, schneller und sicherer!<br \/>\n<a class='sui-button-cta mt-2 sui-button-xlarge' href='https:\/\/profil.smartsteuer.de\/service-redirect.html?myExternal=lb_default' role='button'>\n\tJetzt starten\t\n<\/a><\/div><br \/>\n\n\t\t<\/div>\n\t<\/section>\n<\/div><\/p>\n","protected":false},"excerpt":{"rendered":"","protected":false},"author":47,"featured_media":0,"parent":0,"menu_order":0,"comment_status":"closed","ping_status":"closed","template":"landingpage-template.php","meta":{"_acf_changed":false,"footnotes":""},"class_list":["post-84657","page","type-page","status-publish","hentry"],"acf":[],"yoast_head":"<!-- This site is optimized with the Yoast SEO Premium plugin v27.5 (Yoast SEO v27.5) - https:\/\/yoast.com\/product\/yoast-seo-premium-wordpress\/ -->\n<title>smartCheck - keine Fehler bei der Steuererkl\u00e4rung<\/title>\n<meta name=\"description\" content=\"Unser smartcheck pr\u00fcft Deine Steuererkl\u00e4rung vor der Abgabe auf Fehler und gibt dir Tipps wie Du mehr Steuern zur\u00fcckbekommst.\" \/>\n<meta name=\"robots\" content=\"index, follow, max-snippet:-1, max-image-preview:large, max-video-preview:-1\" \/>\n<link rel=\"canonical\" href=\"https:\/\/www.smartsteuer.de\/online\/smartcheck-keine-fehler-bei-der-steuererklaerung\/\" \/>\n<meta property=\"og:locale\" content=\"de_DE\" \/>\n<meta property=\"og:type\" content=\"article\" \/>\n<meta property=\"og:title\" content=\"smartCheck\" \/>\n<meta property=\"og:description\" content=\"Unser smartcheck pr\u00fcft Deine Steuererkl\u00e4rung vor der Abgabe auf Fehler und gibt dir Tipps wie Du mehr Steuern zur\u00fcckbekommst.\" \/>\n<meta property=\"og:url\" content=\"https:\/\/www.smartsteuer.de\/online\/smartcheck-keine-fehler-bei-der-steuererklaerung\/\" \/>\n<meta property=\"og:site_name\" content=\"smartsteuer\" \/>\n<meta property=\"article:publisher\" content=\"https:\/\/de-de.facebook.com\/smartsteuer\/\" \/>\n<meta property=\"article:modified_time\" content=\"2026-01-14T13:49:44+00:00\" \/>\n<meta property=\"og:image\" content=\"https:\/\/www.smartsteuer.de\/online\/wp-content\/uploads\/2025\/12\/smartscheck-01-1024x503.webp\" \/>\n<meta name=\"twitter:card\" content=\"summary_large_image\" \/>\n<meta name=\"twitter:site\" content=\"@smartsteuer\" \/>\n<meta name=\"twitter:label1\" content=\"Gesch\u00e4tzte Lesezeit\" \/>\n\t<meta name=\"twitter:data1\" content=\"2\u00a0Minuten\" \/>\n<script type=\"application\/ld+json\" class=\"yoast-schema-graph\">{\"@context\":\"https:\\\/\\\/schema.org\",\"@graph\":[{\"@type\":\"WebPage\",\"@id\":\"https:\\\/\\\/www.smartsteuer.de\\\/online\\\/smartcheck-keine-fehler-bei-der-steuererklaerung\\\/\",\"url\":\"https:\\\/\\\/www.smartsteuer.de\\\/online\\\/smartcheck-keine-fehler-bei-der-steuererklaerung\\\/\",\"name\":\"smartCheck - keine Fehler bei der Steuererkl\u00e4rung\",\"isPartOf\":{\"@id\":\"https:\\\/\\\/www.smartsteuer.de\\\/online\\\/#website\"},\"primaryImageOfPage\":{\"@id\":\"https:\\\/\\\/www.smartsteuer.de\\\/online\\\/smartcheck-keine-fehler-bei-der-steuererklaerung\\\/#primaryimage\"},\"image\":{\"@id\":\"https:\\\/\\\/www.smartsteuer.de\\\/online\\\/smartcheck-keine-fehler-bei-der-steuererklaerung\\\/#primaryimage\"},\"thumbnailUrl\":\"https:\\\/\\\/www.smartsteuer.de\\\/online\\\/wp-content\\\/uploads\\\/2025\\\/12\\\/smartscheck-01-1024x503.webp\",\"datePublished\":\"2025-12-02T11:44:52+00:00\",\"dateModified\":\"2026-01-14T13:49:44+00:00\",\"description\":\"Unser smartcheck pr\u00fcft Deine Steuererkl\u00e4rung vor der Abgabe auf Fehler und gibt dir Tipps wie Du mehr Steuern zur\u00fcckbekommst.\",\"breadcrumb\":{\"@id\":\"https:\\\/\\\/www.smartsteuer.de\\\/online\\\/smartcheck-keine-fehler-bei-der-steuererklaerung\\\/#breadcrumb\"},\"inLanguage\":\"de\",\"potentialAction\":[{\"@type\":\"ReadAction\",\"target\":[\"https:\\\/\\\/www.smartsteuer.de\\\/online\\\/smartcheck-keine-fehler-bei-der-steuererklaerung\\\/\"]}]},{\"@type\":\"ImageObject\",\"inLanguage\":\"de\",\"@id\":\"https:\\\/\\\/www.smartsteuer.de\\\/online\\\/smartcheck-keine-fehler-bei-der-steuererklaerung\\\/#primaryimage\",\"url\":\"https:\\\/\\\/www.smartsteuer.de\\\/online\\\/wp-content\\\/uploads\\\/2025\\\/12\\\/smartscheck-01.webp\",\"contentUrl\":\"https:\\\/\\\/www.smartsteuer.de\\\/online\\\/wp-content\\\/uploads\\\/2025\\\/12\\\/smartscheck-01.webp\",\"width\":1958,\"height\":962,\"caption\":\"Ge\u00f6ffnetes Dialogfeld mit Erl\u00e4uterung zu smartcheck und einem Button, der den smartcheck startet\"},{\"@type\":\"BreadcrumbList\",\"@id\":\"https:\\\/\\\/www.smartsteuer.de\\\/online\\\/smartcheck-keine-fehler-bei-der-steuererklaerung\\\/#breadcrumb\",\"itemListElement\":[{\"@type\":\"ListItem\",\"position\":1,\"name\":\"Home\",\"item\":\"https:\\\/\\\/www.smartsteuer.de\\\/online\\\/\"},{\"@type\":\"ListItem\",\"position\":2,\"name\":\"smartCheck\"}]},{\"@type\":\"WebSite\",\"@id\":\"https:\\\/\\\/www.smartsteuer.de\\\/online\\\/#website\",\"url\":\"https:\\\/\\\/www.smartsteuer.de\\\/online\\\/\",\"name\":\"smartsteuer\",\"description\":\"Steuererkl\u00e4rung 2024 online machen &amp; Steuern sparen\",\"publisher\":{\"@id\":\"https:\\\/\\\/www.smartsteuer.de\\\/online\\\/#organization\"},\"potentialAction\":[{\"@type\":\"SearchAction\",\"target\":{\"@type\":\"EntryPoint\",\"urlTemplate\":\"https:\\\/\\\/www.smartsteuer.de\\\/online\\\/?s={search_term_string}\"},\"query-input\":{\"@type\":\"PropertyValueSpecification\",\"valueRequired\":true,\"valueName\":\"search_term_string\"}}],\"inLanguage\":\"de\"},{\"@type\":\"Organization\",\"@id\":\"https:\\\/\\\/www.smartsteuer.de\\\/online\\\/#organization\",\"name\":\"smartsteuer GmbH\",\"url\":\"https:\\\/\\\/www.smartsteuer.de\\\/online\\\/\",\"logo\":{\"@type\":\"ImageObject\",\"inLanguage\":\"de\",\"@id\":\"https:\\\/\\\/www.smartsteuer.de\\\/online\\\/#\\\/schema\\\/logo\\\/image\\\/\",\"url\":\"https:\\\/\\\/www.smartsteuer.de\\\/online\\\/wp-content\\\/uploads\\\/2024\\\/11\\\/Favicon-smartsteuer.png\",\"contentUrl\":\"https:\\\/\\\/www.smartsteuer.de\\\/online\\\/wp-content\\\/uploads\\\/2024\\\/11\\\/Favicon-smartsteuer.png\",\"width\":512,\"height\":512,\"caption\":\"smartsteuer GmbH\"},\"image\":{\"@id\":\"https:\\\/\\\/www.smartsteuer.de\\\/online\\\/#\\\/schema\\\/logo\\\/image\\\/\"},\"sameAs\":[\"https:\\\/\\\/de-de.facebook.com\\\/smartsteuer\\\/\",\"https:\\\/\\\/x.com\\\/smartsteuer\",\"https:\\\/\\\/www.youtube.com\\\/channel\\\/UCu02GkFNrMRzwysT2SEmNrQ\"]}]}<\/script>\n<!-- \/ Yoast SEO Premium plugin. -->","yoast_head_json":{"title":"smartCheck - keine Fehler bei der Steuererkl\u00e4rung","description":"Unser smartcheck pr\u00fcft Deine Steuererkl\u00e4rung vor der Abgabe auf Fehler und gibt dir Tipps wie Du mehr Steuern zur\u00fcckbekommst.","robots":{"index":"index","follow":"follow","max-snippet":"max-snippet:-1","max-image-preview":"max-image-preview:large","max-video-preview":"max-video-preview:-1"},"canonical":"https:\/\/www.smartsteuer.de\/online\/smartcheck-keine-fehler-bei-der-steuererklaerung\/","og_locale":"de_DE","og_type":"article","og_title":"smartCheck","og_description":"Unser smartcheck pr\u00fcft Deine Steuererkl\u00e4rung vor der Abgabe auf Fehler und gibt dir Tipps wie Du mehr Steuern zur\u00fcckbekommst.","og_url":"https:\/\/www.smartsteuer.de\/online\/smartcheck-keine-fehler-bei-der-steuererklaerung\/","og_site_name":"smartsteuer","article_publisher":"https:\/\/de-de.facebook.com\/smartsteuer\/","article_modified_time":"2026-01-14T13:49:44+00:00","og_image":[{"url":"https:\/\/www.smartsteuer.de\/online\/wp-content\/uploads\/2025\/12\/smartscheck-01-1024x503.webp","type":"","width":"","height":""}],"twitter_card":"summary_large_image","twitter_site":"@smartsteuer","twitter_misc":{"Gesch\u00e4tzte Lesezeit":"2\u00a0Minuten"},"schema":{"@context":"https:\/\/schema.org","@graph":[{"@type":"WebPage","@id":"https:\/\/www.smartsteuer.de\/online\/smartcheck-keine-fehler-bei-der-steuererklaerung\/","url":"https:\/\/www.smartsteuer.de\/online\/smartcheck-keine-fehler-bei-der-steuererklaerung\/","name":"smartCheck - keine Fehler bei der Steuererkl\u00e4rung","isPartOf":{"@id":"https:\/\/www.smartsteuer.de\/online\/#website"},"primaryImageOfPage":{"@id":"https:\/\/www.smartsteuer.de\/online\/smartcheck-keine-fehler-bei-der-steuererklaerung\/#primaryimage"},"image":{"@id":"https:\/\/www.smartsteuer.de\/online\/smartcheck-keine-fehler-bei-der-steuererklaerung\/#primaryimage"},"thumbnailUrl":"https:\/\/www.smartsteuer.de\/online\/wp-content\/uploads\/2025\/12\/smartscheck-01-1024x503.webp","datePublished":"2025-12-02T11:44:52+00:00","dateModified":"2026-01-14T13:49:44+00:00","description":"Unser smartcheck pr\u00fcft Deine Steuererkl\u00e4rung vor der Abgabe auf Fehler und gibt dir Tipps wie Du mehr Steuern zur\u00fcckbekommst.","breadcrumb":{"@id":"https:\/\/www.smartsteuer.de\/online\/smartcheck-keine-fehler-bei-der-steuererklaerung\/#breadcrumb"},"inLanguage":"de","potentialAction":[{"@type":"ReadAction","target":["https:\/\/www.smartsteuer.de\/online\/smartcheck-keine-fehler-bei-der-steuererklaerung\/"]}]},{"@type":"ImageObject","inLanguage":"de","@id":"https:\/\/www.smartsteuer.de\/online\/smartcheck-keine-fehler-bei-der-steuererklaerung\/#primaryimage","url":"https:\/\/www.smartsteuer.de\/online\/wp-content\/uploads\/2025\/12\/smartscheck-01.webp","contentUrl":"https:\/\/www.smartsteuer.de\/online\/wp-content\/uploads\/2025\/12\/smartscheck-01.webp","width":1958,"height":962,"caption":"Ge\u00f6ffnetes Dialogfeld mit Erl\u00e4uterung zu smartcheck und einem Button, der den smartcheck startet"},{"@type":"BreadcrumbList","@id":"https:\/\/www.smartsteuer.de\/online\/smartcheck-keine-fehler-bei-der-steuererklaerung\/#breadcrumb","itemListElement":[{"@type":"ListItem","position":1,"name":"Home","item":"https:\/\/www.smartsteuer.de\/online\/"},{"@type":"ListItem","position":2,"name":"smartCheck"}]},{"@type":"WebSite","@id":"https:\/\/www.smartsteuer.de\/online\/#website","url":"https:\/\/www.smartsteuer.de\/online\/","name":"smartsteuer","description":"Steuererkl\u00e4rung 2024 online machen &amp; Steuern sparen","publisher":{"@id":"https:\/\/www.smartsteuer.de\/online\/#organization"},"potentialAction":[{"@type":"SearchAction","target":{"@type":"EntryPoint","urlTemplate":"https:\/\/www.smartsteuer.de\/online\/?s={search_term_string}"},"query-input":{"@type":"PropertyValueSpecification","valueRequired":true,"valueName":"search_term_string"}}],"inLanguage":"de"},{"@type":"Organization","@id":"https:\/\/www.smartsteuer.de\/online\/#organization","name":"smartsteuer GmbH","url":"https:\/\/www.smartsteuer.de\/online\/","logo":{"@type":"ImageObject","inLanguage":"de","@id":"https:\/\/www.smartsteuer.de\/online\/#\/schema\/logo\/image\/","url":"https:\/\/www.smartsteuer.de\/online\/wp-content\/uploads\/2024\/11\/Favicon-smartsteuer.png","contentUrl":"https:\/\/www.smartsteuer.de\/online\/wp-content\/uploads\/2024\/11\/Favicon-smartsteuer.png","width":512,"height":512,"caption":"smartsteuer GmbH"},"image":{"@id":"https:\/\/www.smartsteuer.de\/online\/#\/schema\/logo\/image\/"},"sameAs":["https:\/\/de-de.facebook.com\/smartsteuer\/","https:\/\/x.com\/smartsteuer","https:\/\/www.youtube.com\/channel\/UCu02GkFNrMRzwysT2SEmNrQ"]}]}},"_links":{"self":[{"href":"https:\/\/www.smartsteuer.de\/online\/wp-json\/wp\/v2\/pages\/84657","targetHints":{"allow":["GET"]}}],"collection":[{"href":"https:\/\/www.smartsteuer.de\/online\/wp-json\/wp\/v2\/pages"}],"about":[{"href":"https:\/\/www.smartsteuer.de\/online\/wp-json\/wp\/v2\/types\/page"}],"author":[{"embeddable":true,"href":"https:\/\/www.smartsteuer.de\/online\/wp-json\/wp\/v2\/users\/47"}],"replies":[{"embeddable":true,"href":"https:\/\/www.smartsteuer.de\/online\/wp-json\/wp\/v2\/comments?post=84657"}],"version-history":[{"count":28,"href":"https:\/\/www.smartsteuer.de\/online\/wp-json\/wp\/v2\/pages\/84657\/revisions"}],"predecessor-version":[{"id":84912,"href":"https:\/\/www.smartsteuer.de\/online\/wp-json\/wp\/v2\/pages\/84657\/revisions\/84912"}],"wp:attachment":[{"href":"https:\/\/www.smartsteuer.de\/online\/wp-json\/wp\/v2\/media?parent=84657"}],"curies":[{"name":"wp","href":"https:\/\/api.w.org\/{rel}","templated":true}]}}